{"id":67741,"date":"2025-04-30T15:31:49","date_gmt":"2025-04-30T13:31:49","guid":{"rendered":"https:\/\/marinatextil.com\/libros-electronicos-sobre-tejidos-de-proteccion"},"modified":"2026-01-28T11:44:12","modified_gmt":"2026-01-28T10:44:12","slug":"libros-electronicos-sobre-tejidos-de-proteccion","status":"publish","type":"page","link":"https:\/\/marinatextil.com\/es\/libros-electronicos-sobre-tejidos-de-proteccion\/","title":{"rendered":"Libros electr\u00f3nicos sobre tejidos de protecci\u00f3n"},"content":{"rendered":"\t\t<div data-elementor-type=\"wp-page\" data-elementor-id=\"67741\" class=\"elementor elementor-67741 elementor-9451\" data-elementor-post-type=\"page\">\n\t\t\t\t<div class=\"elementor-element elementor-element-fd9f38d e-flex e-con-boxed e-con e-parent\" data-id=\"fd9f38d\" data-element_type=\"container\" data-e-type=\"container\" data-settings=\"{&quot;background_background&quot;:&quot;classic&quot;,&quot;jet_parallax_layout_list&quot;:[]}\">\n\t\t\t\t\t<div class=\"e-con-inner\">\n\t\t\t\t<div class=\"elementor-element elementor-element-1420469 elementor-widget elementor-widget-heading\" data-id=\"1420469\" data-element_type=\"widget\" data-e-type=\"widget\" data-widget_type=\"heading.default\">\n\t\t\t\t<div class=\"elementor-widget-container\">\n\t\t\t\t\t<h1 class=\"elementor-heading-title elementor-size-default\">Libros electr\u00f3nicos sobre tejidos de protecci\u00f3n<\/h1>\t\t\t\t<\/div>\n\t\t\t\t<\/div>\n\t\t\t\t\t<\/div>\n\t\t\t\t<\/div>\n\t\t<div class=\"elementor-element elementor-element-e4888c6 cust-no-padding-bottom e-flex e-con-boxed e-con e-parent\" data-id=\"e4888c6\" data-element_type=\"container\" data-e-type=\"container\" data-settings=\"{&quot;jet_parallax_layout_list&quot;:[]}\">\n\t\t\t\t\t<div class=\"e-con-inner\">\n\t\t<div class=\"elementor-element elementor-element-7b108fd e-con-full e-flex e-con e-child\" data-id=\"7b108fd\" data-element_type=\"container\" data-e-type=\"container\" data-settings=\"{&quot;jet_parallax_layout_list&quot;:[]}\">\n\t\t\t\t<div class=\"elementor-element elementor-element-7d69c5c elementor-widget elementor-widget-text-editor\" data-id=\"7d69c5c\" data-element_type=\"widget\" data-e-type=\"widget\" data-widget_type=\"text-editor.default\">\n\t\t\t\t<div class=\"elementor-widget-container\">\n\t\t\t\t\t\t\t\t\t<p>C\u00f3mo elegir mejor la ropa de protecci\u00f3n para los trabajadores<\/p>\n\t\t\t\t\t\t\t\t<\/div>\n\t\t\t\t<\/div>\n\t\t\t\t<\/div>\n\t\t<div class=\"elementor-element elementor-element-06a5280 e-con-full e-flex e-con e-child\" data-id=\"06a5280\" data-element_type=\"container\" data-e-type=\"container\" data-settings=\"{&quot;jet_parallax_layout_list&quot;:[]}\">\n\t\t\t\t<div class=\"elementor-element elementor-element-d5bfd55 elementor-widget elementor-widget-text-editor\" data-id=\"d5bfd55\" data-element_type=\"widget\" data-e-type=\"widget\" data-widget_type=\"text-editor.default\">\n\t\t\t\t<div class=\"elementor-widget-container\">\n\t\t\t\t\t\t\t\t\t<p>Marina Textil, fabricante especializado en tejidos t\u00e9cnicos, ha lanzado unos ebooks informativos sobre los tejidos con los que se confeccionan las prendas de los empleados de diferentes sectores profesionales.<\/p>\n<p>Las respuestas a todas sus preguntas las encontrar\u00e1 en nuestros <strong>ebooks<\/strong>, adem\u00e1s de otros datos relacionados con la <strong>seguridad y protecci\u00f3n<\/strong>, la normativa que debe cumplir el tejido y la <strong>comodidad y durabilidad<\/strong> de las prendas confeccionadas con estos tejidos.<\/p>\n\t\t\t\t\t\t\t\t<\/div>\n\t\t\t\t<\/div>\n\t\t\t\t<\/div>\n\t\t\t\t\t<\/div>\n\t\t\t\t<\/div>\n\t\t<div class=\"elementor-element elementor-element-7b5cf35 cust-no-padding-bottom e-flex e-con-boxed e-con e-parent\" data-id=\"7b5cf35\" data-element_type=\"container\" data-e-type=\"container\" data-settings=\"{&quot;jet_parallax_layout_list&quot;:[]}\">\n\t\t\t\t\t<div class=\"e-con-inner\">\n\t\t<div class=\"elementor-element elementor-element-2f85950 e-con-full e-flex e-con e-child\" data-id=\"2f85950\" data-element_type=\"container\" data-e-type=\"container\" data-settings=\"{&quot;jet_parallax_layout_list&quot;:[]}\">\n\t\t\t\t<div class=\"elementor-element elementor-element-54a6300 event-pdf-download_ebook elementor-widget elementor-widget-image\" data-id=\"54a6300\" data-element_type=\"widget\" data-e-type=\"widget\" data-widget_type=\"image.default\">\n\t\t\t\t<div class=\"elementor-widget-container\">\n\t\t\t\t\t\t\t\t\t\t\t\t\t\t\t<img fetchpriority=\"high\" decoding=\"async\" width=\"272\" height=\"384\" src=\"https:\/\/marinatextil.com\/wp-content\/uploads\/2024\/07\/ebook-electrical-companies.webp\" class=\"attachment-large size-large wp-image-67743\" alt=\"\" srcset=\"https:\/\/marinatextil.com\/wp-content\/uploads\/2024\/07\/ebook-electrical-companies.webp 272w, https:\/\/marinatextil.com\/wp-content\/uploads\/2024\/07\/ebook-electrical-companies-213x300.webp 213w\" sizes=\"(max-width: 272px) 100vw, 272px\" \/>\t\t\t\t\t\t\t\t\t\t\t\t\t\t\t<\/div>\n\t\t\t\t<\/div>\n\t\t\t\t<\/div>\n\t\t<div class=\"elementor-element elementor-element-c880e76 e-con-full e-flex e-con e-child\" data-id=\"c880e76\" data-element_type=\"container\" data-e-type=\"container\" data-settings=\"{&quot;jet_parallax_layout_list&quot;:[]}\">\n\t\t\t\t<div class=\"elementor-element elementor-element-799f57c elementor-widget elementor-widget-heading\" data-id=\"799f57c\" data-element_type=\"widget\" data-e-type=\"widget\" data-widget_type=\"heading.default\">\n\t\t\t\t<div class=\"elementor-widget-container\">\n\t\t\t\t\t<h2 class=\"elementor-heading-title elementor-size-default\">C\u00f3mo elegir mejor la ropa de protecci\u00f3n para las empresas el\u00e9ctricas<\/h2>\t\t\t\t<\/div>\n\t\t\t\t<\/div>\n\t\t\t\t<div class=\"elementor-element elementor-element-d1b53cc elementor-widget elementor-widget-text-editor\" data-id=\"d1b53cc\" data-element_type=\"widget\" data-e-type=\"widget\" data-widget_type=\"text-editor.default\">\n\t\t\t\t<div class=\"elementor-widget-container\">\n\t\t\t\t\t\t\t\t\t<p><span style=\"color: #af172b;\" data-mce-style=\"color: #af172b;\">Publicado: Enero de 2017<\/span><br \/><span style=\"color: #af172b;\" data-mce-style=\"color: #af172b;\">P\u00e1ginas: 33<br \/>Idioma: Ingl\u00e9s<\/span><\/p>\n<ul>\n<li>\u00bfConoces las normas <a href=\"\/?page_id=1111\" data-mce-href=\"https:\/\/marinatextil.com\/es\/normativa-textil\/iec-61482-2\/\">ISO EN 61482-1-2<\/a> y <a href=\"\/?page_id=67914\" data-mce-href=\"https:\/\/marinatextil.com\/es\/normativa-textil\/astm-f1959f\/\">ASTM F1959<\/a>?<\/li>\n<li>\u00bfQu\u00e9 queremos decir cuando hablamos de un <a href=\"\/?page_id=67891\" data-mce-href=\"https:\/\/marinatextil.com\/es\/tejido-tecnico\/tejidos-segun-riesgo\/arco-electrico\/\"><strong>arco el\u00e9ctrico<\/strong><\/a>?<\/li>\n<li>\u00bfC\u00f3mo reconocer si un tejido est\u00e1 expuesto al riesgo de arco el\u00e9ctrico?<\/li>\n<\/ul>\n<p>Las principales consecuencias del <strong>arco el\u00e9ctrico<\/strong> son: llamas, calor, salpicaduras de metal fundido, luz ultravioleta, y requieren que el personal que trabaja con \u00e9l utilice un <strong>Equipo de Protecci\u00f3n Individual (EPI)<\/strong> muy t\u00e9cnico para reducir el riesgo de lesiones&#8230;<\/p>\n\t\t\t\t\t\t\t\t<\/div>\n\t\t\t\t<\/div>\n\t\t\t\t<div class=\"elementor-element elementor-element-a3a2c81 elementor-align-center elementor-widget elementor-widget-button\" data-id=\"a3a2c81\" data-element_type=\"widget\" data-e-type=\"widget\" data-widget_type=\"button.default\">\n\t\t\t\t<div class=\"elementor-widget-container\">\n\t\t\t\t\t\t\t\t\t<div class=\"elementor-button-wrapper\">\n\t\t\t\t\t<a class=\"elementor-button elementor-button-link elementor-size-sm\" href=\"#elementor-action%3Aaction%3Dpopup%3Aopen%26settings%3DeyJpZCI6Njg3ODcsInRvZ2dsZSI6ZmFsc2V9\">\n\t\t\t\t\t\t<span class=\"elementor-button-content-wrapper\">\n\t\t\t\t\t\t\t\t\t<span class=\"elementor-button-text\">DESCARGAR E-BOOK<\/span>\n\t\t\t\t\t<\/span>\n\t\t\t\t\t<\/a>\n\t\t\t\t<\/div>\n\t\t\t\t\t\t\t\t<\/div>\n\t\t\t\t<\/div>\n\t\t\t\t<\/div>\n\t\t\t\t\t<\/div>\n\t\t\t\t<\/div>\n\t\t<div class=\"elementor-element elementor-element-40d90a6 e-flex e-con-boxed e-con e-parent\" data-id=\"40d90a6\" data-element_type=\"container\" data-e-type=\"container\" data-settings=\"{&quot;jet_parallax_layout_list&quot;:[]}\">\n\t\t\t\t\t<div class=\"e-con-inner\">\n\t\t<div class=\"elementor-element elementor-element-10a355e e-con-full e-flex e-con e-child\" data-id=\"10a355e\" data-element_type=\"container\" data-e-type=\"container\" data-settings=\"{&quot;jet_parallax_layout_list&quot;:[]}\">\n\t\t\t\t<div class=\"elementor-element elementor-element-6075526 elementor-widget-divider--view-line elementor-widget elementor-widget-divider\" data-id=\"6075526\" data-element_type=\"widget\" data-e-type=\"widget\" data-widget_type=\"divider.default\">\n\t\t\t\t<div class=\"elementor-widget-container\">\n\t\t\t\t\t\t\t<div class=\"elementor-divider\">\n\t\t\t<span class=\"elementor-divider-separator\">\n\t\t\t\t\t\t<\/span>\n\t\t<\/div>\n\t\t\t\t\t\t<\/div>\n\t\t\t\t<\/div>\n\t\t\t\t<\/div>\n\t\t\t\t\t<\/div>\n\t\t\t\t<\/div>\n\t\t<div class=\"elementor-element elementor-element-c8ddeb7 cust-no-padding-bottom e-flex e-con-boxed e-con e-parent\" data-id=\"c8ddeb7\" data-element_type=\"container\" data-e-type=\"container\" data-settings=\"{&quot;jet_parallax_layout_list&quot;:[]}\">\n\t\t\t\t\t<div class=\"e-con-inner\">\n\t\t<div class=\"elementor-element elementor-element-c2443cd e-con-full e-flex e-con e-child\" data-id=\"c2443cd\" data-element_type=\"container\" data-e-type=\"container\" data-settings=\"{&quot;jet_parallax_layout_list&quot;:[]}\">\n\t\t\t\t<div class=\"elementor-element elementor-element-0e47e60 elementor-widget elementor-widget-heading\" data-id=\"0e47e60\" data-element_type=\"widget\" data-e-type=\"widget\" data-widget_type=\"heading.default\">\n\t\t\t\t<div class=\"elementor-widget-container\">\n\t\t\t\t\t<h2 class=\"elementor-heading-title elementor-size-default\">C\u00f3mo elegir mejor la ropa de protecci\u00f3n para las fundiciones de aluminio<\/h2>\t\t\t\t<\/div>\n\t\t\t\t<\/div>\n\t\t\t\t<div class=\"elementor-element elementor-element-6270115 elementor-widget elementor-widget-text-editor\" data-id=\"6270115\" data-element_type=\"widget\" data-e-type=\"widget\" data-widget_type=\"text-editor.default\">\n\t\t\t\t<div class=\"elementor-widget-container\">\n\t\t\t\t\t\t\t\t\t<p><span style=\"color: #af172b;\" data-mce-style=\"color: #af172b;\">Publicado: Diciembre de 2016<\/span><br \/><span style=\"color: #af172b;\" data-mce-style=\"color: #af172b;\">P\u00e1ginas: 28<br \/>Idioma: Ingl\u00e9s<\/span><\/p>\n<ul>\n<li>\u00bfConoces la norma <a href=\"\/?page_id=68003\" data-mce-href=\"https:\/\/marinatextil.com\/es\/normativa-textil\/en-iso-9185\/\">ISO 9185<\/a>?<\/li>\n<li>\u00bfQu\u00e9 queremos decir cuando hablamos de <a href=\"\/?page_id=67902\" data-mce-href=\"https:\/\/marinatextil.com\/es\/tejido-tecnico\/tejidos-segun-riesgo\/salpicadura-de-metal-fundido\/\"><strong>grandes salpicaduras de metal fundido<\/strong><\/a>?<\/li>\n<li>\u00bfC\u00f3mo podemos reconocer si un tejido est\u00e1 expuesto al riesgo de salpicaduras de aluminio fundido?<\/li>\n<\/ul>\n<p>El&nbsp;<strong data-start=\"277\" data-end=\"314\">sector de la fundici\u00f3n de metales<\/strong>&nbsp;es uno de los \u00e1mbitos industriales con&nbsp;<strong data-start=\"354\" data-end=\"389\">riesgos m\u00e1s reales y frecuentes<\/strong> en el trabajo diario. En otros sectores industriales, donde tambi\u00e9n se recomienda el uso de&nbsp;<strong data-start=\"484\" data-end=\"526\">Equipos de Protecci\u00f3n Individual (EPI)<\/strong>, su funci\u00f3n principal es&nbsp;<strong data-start=\"552\" data-end=\"596\">proteger \u00fanicamente en caso de accidente<\/strong>&#8230;<\/p>\n\t\t\t\t\t\t\t\t<\/div>\n\t\t\t\t<\/div>\n\t\t\t\t<div class=\"elementor-element elementor-element-878cf85 elementor-align-center elementor-widget elementor-widget-button\" data-id=\"878cf85\" data-element_type=\"widget\" data-e-type=\"widget\" data-widget_type=\"button.default\">\n\t\t\t\t<div class=\"elementor-widget-container\">\n\t\t\t\t\t\t\t\t\t<div class=\"elementor-button-wrapper\">\n\t\t\t\t\t<a class=\"elementor-button elementor-button-link elementor-size-sm\" href=\"#elementor-action%3Aaction%3Dpopup%3Aopen%26settings%3DeyJpZCI6MTAzOTY3LCJ0b2dnbGUiOmZhbHNlfQ%3D%3D\">\n\t\t\t\t\t\t<span class=\"elementor-button-content-wrapper\">\n\t\t\t\t\t\t\t\t\t<span class=\"elementor-button-text\">DESCARGAR E-BOOK<\/span>\n\t\t\t\t\t<\/span>\n\t\t\t\t\t<\/a>\n\t\t\t\t<\/div>\n\t\t\t\t\t\t\t\t<\/div>\n\t\t\t\t<\/div>\n\t\t\t\t<\/div>\n\t\t<div class=\"elementor-element elementor-element-01f043c e-con-full e-flex e-con e-child\" data-id=\"01f043c\" data-element_type=\"container\" data-e-type=\"container\" data-settings=\"{&quot;jet_parallax_layout_list&quot;:[]}\">\n\t\t\t\t<div class=\"elementor-element elementor-element-4bd2579 event-pdf-download_ebook elementor-widget elementor-widget-image\" data-id=\"4bd2579\" data-element_type=\"widget\" data-e-type=\"widget\" data-widget_type=\"image.default\">\n\t\t\t\t<div class=\"elementor-widget-container\">\n\t\t\t\t\t\t\t\t\t\t\t\t\t\t\t<img decoding=\"async\" width=\"272\" height=\"384\" src=\"https:\/\/marinatextil.com\/wp-content\/uploads\/2024\/07\/Protective-clothing-aluminium-foundries-1.webp\" class=\"attachment-large size-large wp-image-67745\" alt=\"\" srcset=\"https:\/\/marinatextil.com\/wp-content\/uploads\/2024\/07\/Protective-clothing-aluminium-foundries-1.webp 272w, https:\/\/marinatextil.com\/wp-content\/uploads\/2024\/07\/Protective-clothing-aluminium-foundries-1-213x300.webp 213w\" sizes=\"(max-width: 272px) 100vw, 272px\" \/>\t\t\t\t\t\t\t\t\t\t\t\t\t\t\t<\/div>\n\t\t\t\t<\/div>\n\t\t\t\t<\/div>\n\t\t\t\t\t<\/div>\n\t\t\t\t<\/div>\n\t\t<div class=\"elementor-element elementor-element-65e6963 e-con-full e-flex e-con e-child\" data-id=\"65e6963\" data-element_type=\"container\" data-e-type=\"container\" data-settings=\"{&quot;jet_parallax_layout_list&quot;:[]}\">\n\t\t\t\t<div class=\"elementor-element elementor-element-39a24ce elementor-align-center elementor-widget elementor-widget-button\" data-id=\"39a24ce\" data-element_type=\"widget\" data-e-type=\"widget\" data-widget_type=\"button.default\">\n\t\t\t\t<div class=\"elementor-widget-container\">\n\t\t\t\t\t\t\t\t\t<div class=\"elementor-button-wrapper\">\n\t\t\t\t\t<a class=\"elementor-button elementor-button-link elementor-size-sm\" href=\"#elementor-action%3Aaction%3Dpopup%3Aopen%26settings%3DeyJpZCI6NzA0NzIsInRvZ2dsZSI6ZmFsc2V9\">\n\t\t\t\t\t\t<span class=\"elementor-button-content-wrapper\">\n\t\t\t\t\t\t\t\t\t<span class=\"elementor-button-text\">Solicitar informaci\u00f3n<\/span>\n\t\t\t\t\t<\/span>\n\t\t\t\t\t<\/a>\n\t\t\t\t<\/div>\n\t\t\t\t\t\t\t\t<\/div>\n\t\t\t\t<\/div>\n\t\t\t\t<\/div>\n\t\t\t\t<\/div>\n\t\t","protected":false},"excerpt":{"rendered":"<p>Libros electr\u00f3nicos sobre tejidos de protecci\u00f3n C\u00f3mo elegir mejor la ropa de protecci\u00f3n para los trabajadores Marina Textil, fabricante especializado en tejidos t\u00e9cnicos, ha lanzado unos ebooks informativos sobre los tejidos con los que se confeccionan las prendas de los empleados de diferentes sectores profesionales. Las respuestas a todas sus preguntas las encontrar\u00e1 en nuestros [&hellip;]<\/p>\n","protected":false},"author":31,"featured_media":0,"parent":0,"menu_order":0,"comment_status":"closed","ping_status":"closed","template":"","meta":{"footnotes":""},"class_list":["post-67741","page","type-page","status-publish","hentry"],"_links":{"self":[{"href":"https:\/\/marinatextil.com\/es\/wp-json\/wp\/v2\/pages\/67741","targetHints":{"allow":["GET"]}}],"collection":[{"href":"https:\/\/marinatextil.com\/es\/wp-json\/wp\/v2\/pages"}],"about":[{"href":"https:\/\/marinatextil.com\/es\/wp-json\/wp\/v2\/types\/page"}],"author":[{"embeddable":true,"href":"https:\/\/marinatextil.com\/es\/wp-json\/wp\/v2\/users\/31"}],"replies":[{"embeddable":true,"href":"https:\/\/marinatextil.com\/es\/wp-json\/wp\/v2\/comments?post=67741"}],"version-history":[{"count":0,"href":"https:\/\/marinatextil.com\/es\/wp-json\/wp\/v2\/pages\/67741\/revisions"}],"wp:attachment":[{"href":"https:\/\/marinatextil.com\/es\/wp-json\/wp\/v2\/media?parent=67741"}],"curies":[{"name":"wp","href":"https:\/\/api.w.org\/{rel}","templated":true}]}}