{"id":67749,"date":"2025-04-30T15:36:54","date_gmt":"2025-04-30T13:36:54","guid":{"rendered":"https:\/\/marinatextil.com\/libros-electronicos-sobre-tejidos-de-proteccion\/como-elegir-mejor-la-ropa-de-proteccion-para-las-empresas-electricas"},"modified":"2025-12-18T14:11:13","modified_gmt":"2025-12-18T13:11:13","slug":"como-elegir-mejor-la-ropa-de-proteccion-para-las-empresas-electricas","status":"publish","type":"page","link":"https:\/\/marinatextil.com\/es\/libros-electronicos-sobre-tejidos-de-proteccion\/como-elegir-mejor-la-ropa-de-proteccion-para-las-empresas-electricas\/","title":{"rendered":"C\u00f3mo elegir mejor la ropa de protecci\u00f3n para las empresas el\u00e9ctricas"},"content":{"rendered":"\t\t<div data-elementor-type=\"wp-page\" data-elementor-id=\"67749\" class=\"elementor elementor-67749 elementor-35451\" data-elementor-post-type=\"page\">\n\t\t\t\t<div class=\"elementor-element elementor-element-e272144 e-con-full cust-no-padding-bottom e-flex e-con e-parent\" data-id=\"e272144\" data-element_type=\"container\" data-e-type=\"container\" data-settings=\"{&quot;background_background&quot;:&quot;classic&quot;,&quot;jet_parallax_layout_list&quot;:[]}\">\n\t\t<div class=\"elementor-element elementor-element-369aeda e-con-full e-flex e-con e-child\" data-id=\"369aeda\" data-element_type=\"container\" data-e-type=\"container\" data-settings=\"{&quot;background_background&quot;:&quot;classic&quot;,&quot;jet_parallax_layout_list&quot;:[]}\">\n\t\t\t\t<div class=\"elementor-element elementor-element-70f8954 elementor-widget elementor-widget-heading\" data-id=\"70f8954\" data-element_type=\"widget\" data-e-type=\"widget\" data-widget_type=\"heading.default\">\n\t\t\t\t<div class=\"elementor-widget-container\">\n\t\t\t\t\t<h2 class=\"elementor-heading-title elementor-size-default\">Libros electr\u00f3nicos<\/h2>\t\t\t\t<\/div>\n\t\t\t\t<\/div>\n\t\t\t\t<\/div>\n\t\t<div class=\"elementor-element elementor-element-792bb87 e-con-full e-flex e-con e-child\" data-id=\"792bb87\" data-element_type=\"container\" data-e-type=\"container\" data-settings=\"{&quot;background_background&quot;:&quot;classic&quot;,&quot;jet_parallax_layout_list&quot;:[]}\">\n\t\t\t\t<div class=\"elementor-element elementor-element-f7fccbf cust-no-padding-bottom elementor-widget elementor-widget-text-editor\" data-id=\"f7fccbf\" data-element_type=\"widget\" data-e-type=\"widget\" data-widget_type=\"text-editor.default\">\n\t\t\t\t<div class=\"elementor-widget-container\">\n\t\t\t\t\t\t\t\t\t<p>Ebook sobre tejidos de protecci\u00f3n para empresas el\u00e9ctricas<\/p>\n\t\t\t\t\t\t\t\t<\/div>\n\t\t\t\t<\/div>\n\t\t\t\t<\/div>\n\t\t\t\t<\/div>\n\t\t<div class=\"elementor-element elementor-element-0f2cd90 cust-no-padding-bottom e-flex e-con-boxed e-con e-parent\" data-id=\"0f2cd90\" data-element_type=\"container\" data-e-type=\"container\" data-settings=\"{&quot;jet_parallax_layout_list&quot;:[]}\">\n\t\t\t\t\t<div class=\"e-con-inner\">\n\t\t<div class=\"elementor-element elementor-element-5d7f1f4 e-con-full e-flex e-con e-child\" data-id=\"5d7f1f4\" data-element_type=\"container\" data-e-type=\"container\" data-settings=\"{&quot;jet_parallax_layout_list&quot;:[]}\">\n\t\t\t\t<div class=\"elementor-element elementor-element-8c5cbec event-pdf-download_ebook elementor-widget elementor-widget-image\" data-id=\"8c5cbec\" data-element_type=\"widget\" data-e-type=\"widget\" data-widget_type=\"image.default\">\n\t\t\t\t<div class=\"elementor-widget-container\">\n\t\t\t\t\t\t\t\t\t\t\t\t\t\t\t<img fetchpriority=\"high\" decoding=\"async\" width=\"272\" height=\"384\" src=\"https:\/\/marinatextil.com\/wp-content\/uploads\/2024\/07\/ebook-electrical-companies.webp\" class=\"attachment-large size-large wp-image-67743\" alt=\"\" srcset=\"https:\/\/marinatextil.com\/wp-content\/uploads\/2024\/07\/ebook-electrical-companies.webp 272w, https:\/\/marinatextil.com\/wp-content\/uploads\/2024\/07\/ebook-electrical-companies-213x300.webp 213w\" sizes=\"(max-width: 272px) 100vw, 272px\" \/>\t\t\t\t\t\t\t\t\t\t\t\t\t\t\t<\/div>\n\t\t\t\t<\/div>\n\t\t\t\t<\/div>\n\t\t<div class=\"elementor-element elementor-element-65294bc e-con-full e-flex e-con e-child\" data-id=\"65294bc\" data-element_type=\"container\" data-e-type=\"container\" data-settings=\"{&quot;jet_parallax_layout_list&quot;:[]}\">\n\t\t\t\t<div class=\"elementor-element elementor-element-ee5662a cust-h2-format elementor-widget elementor-widget-heading\" data-id=\"ee5662a\" data-element_type=\"widget\" data-e-type=\"widget\" data-widget_type=\"heading.default\">\n\t\t\t\t<div class=\"elementor-widget-container\">\n\t\t\t\t\t<h1 class=\"elementor-heading-title elementor-size-default\">C\u00f3mo elegir mejor la ropa de protecci\u00f3n para las empresas el\u00e9ctricas<\/h1>\t\t\t\t<\/div>\n\t\t\t\t<\/div>\n\t\t\t\t<div class=\"elementor-element elementor-element-6b0e79c elementor-widget elementor-widget-text-editor\" data-id=\"6b0e79c\" data-element_type=\"widget\" data-e-type=\"widget\" data-widget_type=\"text-editor.default\">\n\t\t\t\t<div class=\"elementor-widget-container\">\n\t\t\t\t\t\t\t\t\t<p><span style=\"color: #af172b;\">Publicado: Enero de 2017<\/span><br \/><span style=\"color: #af172b;\">P\u00e1ginas: 33<br \/>\nIdioma: Ingl\u00e9s<\/span><\/p>\n<p>Marina Textil, fabricante especializado en tejidos t\u00e9cnicos, ha lanzado una serie de libros electr\u00f3nicos informativos sobre los tejidos con los que se confeccionan las prendas de los empleados de diferentes sectores profesionales.<\/p>\n<p>Las respuestas a todas sus preguntas las encontrar\u00e1 en nuestros\u00a0<strong>ebooks<\/strong>, adem\u00e1s de otros datos relacionados con la\u00a0<strong>seguridad y protecci\u00f3n<\/strong>, la normativa que debe cumplir el tejido y la\u00a0<strong>comodidad y durabilidad<\/strong>\u00a0de las prendas confeccionadas con estos tejidos.<\/p>\n<ul>\n<li>\u00bfConoces las normas\u00a0<a href=\"https:\/\/marinatextil.com\/es\/normativa-textil\/iec-61482-2\/\">ISO EN 61482-1-2<\/a>\u00a0y\u00a0<a href=\"https:\/\/marinatextil.com\/es\/normativa-textil\/astm-f1959f\/\">ASTM F1959<\/a>?<\/li>\n<li>\u00bfQu\u00e9 queremos decir cuando hablamos de un\u00a0<a href=\"https:\/\/marinatextil.com\/es\/tejido-tecnico\/tejidos-segun-riesgo\/arco-electrico\/\"><strong>arco el\u00e9ctrico<\/strong><\/a>?<\/li>\n<li>\u00bfC\u00f3mo reconocer si un tejido est\u00e1 expuesto al riesgo de arco el\u00e9ctrico?<\/li>\n<\/ul>\n<p>Las principales consecuencias del\u00a0<strong>arco el\u00e9ctrico<\/strong>\u00a0son: llamas, calor, salpicaduras de metal fundido, luz ultravioleta, y requieren que el personal que trabaja con \u00e9l utilice un\u00a0<strong>Equipo de Protecci\u00f3n Individual (EPI)<\/strong>\u00a0muy t\u00e9cnico para reducir el riesgo de lesiones\u2026<\/p>\n\t\t\t\t\t\t\t\t<\/div>\n\t\t\t\t<\/div>\n\t\t\t\t<div class=\"elementor-element elementor-element-57e2820 elementor-align-center elementor-widget elementor-widget-button\" data-id=\"57e2820\" data-element_type=\"widget\" data-e-type=\"widget\" data-widget_type=\"button.default\">\n\t\t\t\t<div class=\"elementor-widget-container\">\n\t\t\t\t\t\t\t\t\t<div class=\"elementor-button-wrapper\">\n\t\t\t\t\t<a class=\"elementor-button elementor-button-link elementor-size-sm\" href=\"#elementor-action%3Aaction%3Dpopup%3Aopen%26settings%3DeyJpZCI6Njg3ODcsInRvZ2dsZSI6ZmFsc2V9\">\n\t\t\t\t\t\t<span class=\"elementor-button-content-wrapper\">\n\t\t\t\t\t\t\t\t\t<span class=\"elementor-button-text\">DESCARGAR E-BOOK<\/span>\n\t\t\t\t\t<\/span>\n\t\t\t\t\t<\/a>\n\t\t\t\t<\/div>\n\t\t\t\t\t\t\t\t<\/div>\n\t\t\t\t<\/div>\n\t\t\t\t<\/div>\n\t\t\t\t\t<\/div>\n\t\t\t\t<\/div>\n\t\t\t\t<\/div>\n\t\t","protected":false},"excerpt":{"rendered":"<p>Libros electr\u00f3nicos Ebook sobre tejidos de protecci\u00f3n para empresas el\u00e9ctricas C\u00f3mo elegir mejor la ropa de protecci\u00f3n para las empresas el\u00e9ctricas Publicado: Enero de 2017P\u00e1ginas: 33 Idioma: Ingl\u00e9s Marina Textil, fabricante especializado en tejidos t\u00e9cnicos, ha lanzado una serie de libros electr\u00f3nicos informativos sobre los tejidos con los que se confeccionan las prendas de los [&hellip;]<\/p>\n","protected":false},"author":31,"featured_media":0,"parent":67741,"menu_order":0,"comment_status":"closed","ping_status":"closed","template":"","meta":{"footnotes":""},"class_list":["post-67749","page","type-page","status-publish","hentry"],"_links":{"self":[{"href":"https:\/\/marinatextil.com\/es\/wp-json\/wp\/v2\/pages\/67749","targetHints":{"allow":["GET"]}}],"collection":[{"href":"https:\/\/marinatextil.com\/es\/wp-json\/wp\/v2\/pages"}],"about":[{"href":"https:\/\/marinatextil.com\/es\/wp-json\/wp\/v2\/types\/page"}],"author":[{"embeddable":true,"href":"https:\/\/marinatextil.com\/es\/wp-json\/wp\/v2\/users\/31"}],"replies":[{"embeddable":true,"href":"https:\/\/marinatextil.com\/es\/wp-json\/wp\/v2\/comments?post=67749"}],"version-history":[{"count":0,"href":"https:\/\/marinatextil.com\/es\/wp-json\/wp\/v2\/pages\/67749\/revisions"}],"up":[{"embeddable":true,"href":"https:\/\/marinatextil.com\/es\/wp-json\/wp\/v2\/pages\/67741"}],"wp:attachment":[{"href":"https:\/\/marinatextil.com\/es\/wp-json\/wp\/v2\/media?parent=67749"}],"curies":[{"name":"wp","href":"https:\/\/api.w.org\/{rel}","templated":true}]}}