{"id":67773,"date":"2025-04-30T16:27:07","date_gmt":"2025-04-30T14:27:07","guid":{"rendered":"https:\/\/marinatextil.com\/sectores\/tejido-protector-antiestatico"},"modified":"2026-02-13T10:55:20","modified_gmt":"2026-02-13T09:55:20","slug":"tejido-protector-antiestatico","status":"publish","type":"page","link":"https:\/\/marinatextil.com\/es\/sectores\/tejido-protector-antiestatico\/","title":{"rendered":"Tejido protector antiest\u00e1tico"},"content":{"rendered":"\t\t<div data-elementor-type=\"wp-post\" data-elementor-id=\"67773\" class=\"elementor elementor-67773 elementor-2815\" data-elementor-post-type=\"page\">\n\t\t\t\t<div class=\"elementor-element elementor-element-0d5106e e-flex e-con-boxed e-con e-parent\" data-id=\"0d5106e\" data-element_type=\"container\" data-e-type=\"container\" data-settings=\"{&quot;background_background&quot;:&quot;classic&quot;,&quot;jet_parallax_layout_list&quot;:[]}\">\n\t\t\t\t\t<div class=\"e-con-inner\">\n\t\t\t\t<div class=\"elementor-element elementor-element-cb59db6 elementor-widget elementor-widget-heading\" data-id=\"cb59db6\" data-element_type=\"widget\" data-e-type=\"widget\" data-widget_type=\"heading.default\">\n\t\t\t\t<div class=\"elementor-widget-container\">\n\t\t\t\t\t<h1 class=\"elementor-heading-title elementor-size-default\">Tejidos de protecci\u00f3n para el control de la est\u00e1tica<\/h1>\t\t\t\t<\/div>\n\t\t\t\t<\/div>\n\t\t\t\t\t<\/div>\n\t\t\t\t<\/div>\n\t\t<div class=\"elementor-element elementor-element-feea546 cust-no-padding-bottom e-flex e-con-boxed e-con e-parent\" data-id=\"feea546\" data-element_type=\"container\" data-e-type=\"container\" data-settings=\"{&quot;jet_parallax_layout_list&quot;:[]}\">\n\t\t\t\t\t<div class=\"e-con-inner\">\n\t\t<div class=\"elementor-element elementor-element-f9e6cf2 e-con-full e-flex e-con e-child\" data-id=\"f9e6cf2\" data-element_type=\"container\" data-e-type=\"container\" data-settings=\"{&quot;jet_parallax_layout_list&quot;:[]}\">\n\t\t\t\t<div class=\"elementor-element elementor-element-0e8cb01 elementor-widget elementor-widget-text-editor\" data-id=\"0e8cb01\" data-element_type=\"widget\" data-e-type=\"widget\" data-widget_type=\"text-editor.default\">\n\t\t\t\t<div class=\"elementor-widget-container\">\n\t\t\t\t\t\t\t\t\t<p>Los tejidos antiest\u00e1ticos est\u00e1n dise\u00f1ados para controlar la electricidad est\u00e1tica y proteger el producto fabricado.<\/p>\n\t\t\t\t\t\t\t\t<\/div>\n\t\t\t\t<\/div>\n\t\t\t\t<\/div>\n\t\t<div class=\"elementor-element elementor-element-7cf97b1 e-con-full e-flex e-con e-child\" data-id=\"7cf97b1\" data-element_type=\"container\" data-e-type=\"container\" data-settings=\"{&quot;jet_parallax_layout_list&quot;:[]}\">\n\t\t\t\t<div class=\"elementor-element elementor-element-5245424 elementor-widget elementor-widget-text-editor\" data-id=\"5245424\" data-element_type=\"widget\" data-e-type=\"widget\" data-widget_type=\"text-editor.default\">\n\t\t\t\t<div class=\"elementor-widget-container\">\n\t\t\t\t\t\t\t\t\t<div class=\"flex flex-col text-sm pb-25\">\n<article class=\"text-token-text-primary w-full focus:outline-none [--shadow-height:45px] has-data-writing-block:pointer-events-none has-data-writing-block:-mt-(--shadow-height) has-data-writing-block:pt-(--shadow-height) [&amp;:has([data-writing-block])&gt;*]:pointer-events-auto scroll-mt-[calc(var(--header-height)+min(200px,max(70px,20svh)))]\" dir=\"auto\" tabindex=\"-1\" data-turn-id=\"request-WEB:b0444089-240d-4243-8518-93aebfdfaf2f-10\" data-testid=\"conversation-turn-22\" data-scroll-anchor=\"true\" data-turn=\"assistant\">\n<div class=\"text-base my-auto mx-auto pb-10 [--thread-content-margin:--spacing(4)] @w-sm\/main:[--thread-content-margin:--spacing(6)] @w-lg\/main:[--thread-content-margin:--spacing(16)] px-(--thread-content-margin)\">\n<div class=\"[--thread-content-max-width:40rem] @w-lg\/main:[--thread-content-max-width:48rem] mx-auto max-w-(--thread-content-max-width) flex-1 group\/turn-messages focus-visible:outline-hidden relative flex w-full min-w-0 flex-col agent-turn\" tabindex=\"-1\">\n<div class=\"flex max-w-full flex-col grow\">\n<div class=\"min-h-8 text-message relative flex w-full flex-col items-end gap-2 text-start break-words whitespace-normal [.text-message+&amp;]:mt-1\" dir=\"auto\" data-message-author-role=\"assistant\" data-message-id=\"9cd29c9f-af45-4f84-8313-dfc8faeda897\" data-message-model-slug=\"gpt-5-2\">\n<div class=\"flex w-full flex-col gap-1 empty:hidden first:pt-[1px]\">\n<div class=\"markdown prose dark:prose-invert w-full wrap-break-word light markdown-new-styling\">\n<p data-start=\"0\" data-end=\"375\">Los sectores en los que las<a href=\"https:\/\/marinatextil.com\/es\/tejido-tecnico\/tejidos-segun-riesgo\/arco-electrico\/\"> cargas est\u00e1ticas<\/a> son un riesgo, debido a las caracter\u00edsticas de cada puesto de trabajo, pueden ser motivo de generaci\u00f3n de incidentes que pueden afectar el producto resultante.<\/p>\n<\/div>\n<p>Mal funcionamiento de dispositivos electr\u00f3nicos o circuitos en l\u00edneas de montaje o alteraci\u00f3n de las part\u00edculas de la atm\u00f3sfera en funci\u00f3n de sus cargas el\u00e9ctricas.<\/p>\n<p>En las zonas <a href=\"https:\/\/marinatextil.com\/es\/sectores\/tejido-protector-antiestatico\/areas-atex\/\">ATEX<\/a> as\u00ed como en el sector de las pinturas del sector automotriz, podr\u00edan requerir tambi\u00e9n de protecci\u00f3n ign\u00edfuga. Esto lo conseguimos por mediaci\u00f3n del control o la disipaci\u00f3n de las cargas electrost\u00e1ticas.<\/p>\n<\/div>\n<p><\/div>\n<p><\/div>\n<p><\/div>\n<p><\/div>\n<p><\/article>\n<\/div>\n\t\t\t\t\t\t\t\t<\/div>\n\t\t\t\t<\/div>\n\t\t\t\t<\/div>\n\t\t\t\t\t<\/div>\n\t\t\t\t<\/div>\n\t\t<div class=\"elementor-element elementor-element-41b4ced e-con-full e-flex e-con e-parent\" data-id=\"41b4ced\" data-element_type=\"container\" data-e-type=\"container\" data-settings=\"{&quot;background_background&quot;:&quot;classic&quot;,&quot;jet_parallax_layout_list&quot;:[]}\">\n\t\t<div class=\"elementor-element elementor-element-cfb251b e-con-full e-flex e-con e-child\" data-id=\"cfb251b\" data-element_type=\"container\" data-e-type=\"container\" data-settings=\"{&quot;jet_parallax_layout_list&quot;:[]}\">\n\t\t\t\t<div class=\"elementor-element elementor-element-7a9b73e elementor-cta--skin-cover elementor-cta--valign-middle cta-content-image-75-75 cust-title-shadow-dark elementor-widget elementor-widget-call-to-action\" data-id=\"7a9b73e\" data-element_type=\"widget\" data-e-type=\"widget\" data-widget_type=\"call-to-action.default\">\n\t\t\t\t<div class=\"elementor-widget-container\">\n\t\t\t\t\t\t\t<a class=\"elementor-cta\" href=\"https:\/\/marinatextil.com\/sectors\/anti-static-protective-fabrics\/electronic-laboratory\/\" target=\"_blank\">\n\t\t\t\t\t<div class=\"elementor-cta__bg-wrapper\">\n\t\t\t\t<div class=\"elementor-cta__bg elementor-bg\" style=\"background-image: url();\" role=\"img\" aria-label=\"\"><\/div>\n\t\t\t\t<div class=\"elementor-cta__bg-overlay\"><\/div>\n\t\t\t<\/div>\n\t\t\t\t\t\t\t<div class=\"elementor-cta__content\">\n\t\t\t\t\t\t\t\t\t<div class=\"elementor-content-item elementor-cta__content-item elementor-cta__image\">\n\t\t\t\t\t\t<img decoding=\"async\" width=\"150\" height=\"150\" src=\"https:\/\/marinatextil.com\/wp-content\/uploads\/2024\/04\/sectors-w_electronic-laboratories-150x150.webp\" class=\"attachment-thumbnail size-thumbnail wp-image-57365\" alt=\"\" srcset=\"https:\/\/marinatextil.com\/wp-content\/uploads\/2024\/04\/sectors-w_electronic-laboratories-150x150.webp 150w, https:\/\/marinatextil.com\/wp-content\/uploads\/2024\/04\/sectors-w_electronic-laboratories-300x300.webp 300w, https:\/\/marinatextil.com\/wp-content\/uploads\/2024\/04\/sectors-w_electronic-laboratories-600x600.webp 600w, https:\/\/marinatextil.com\/wp-content\/uploads\/2024\/04\/sectors-w_electronic-laboratories-1024x1024.webp 1024w, https:\/\/marinatextil.com\/wp-content\/uploads\/2024\/04\/sectors-w_electronic-laboratories-768x768.webp 768w, https:\/\/marinatextil.com\/wp-content\/uploads\/2024\/04\/sectors-w_electronic-laboratories.webp 1188w\" sizes=\"(max-width: 150px) 100vw, 150px\" \/>\t\t\t\t\t<\/div>\n\t\t\t\t\n\t\t\t\t\t\t\t\t\t<h2 class=\"elementor-cta__title elementor-cta__content-item elementor-content-item\">\n\t\t\t\t\t\tLABORATIORIOS ELECTR\u00d3NICOS\t\t\t\t\t<\/h2>\n\t\t\t\t\n\t\t\t\t\n\t\t\t\t\t\t\t\t\t<div class=\"elementor-cta__button-wrapper elementor-cta__content-item elementor-content-item \">\n\t\t\t\t\t<span class=\"elementor-cta__button elementor-button elementor-size-\">\n\t\t\t\t\t\tM\u00e1s informaci\u00f3n.\t\t\t\t\t<\/span>\n\t\t\t\t\t<\/div>\n\t\t\t\t\t\t\t<\/div>\n\t\t\t\t\t\t<\/a>\n\t\t\t\t\t\t<\/div>\n\t\t\t\t<\/div>\n\t\t\t\t<div class=\"elementor-element elementor-element-6783bc6 elementor-cta--skin-cover elementor-cta--valign-middle cta-content-image-75-75 cust-title-shadow-dark elementor-widget elementor-widget-call-to-action\" data-id=\"6783bc6\" data-element_type=\"widget\" data-e-type=\"widget\" data-widget_type=\"call-to-action.default\">\n\t\t\t\t<div class=\"elementor-widget-container\">\n\t\t\t\t\t\t\t<a class=\"elementor-cta\" href=\"https:\/\/marinatextil.com\/sectors\/anti-static-protective-fabrics\/atex-areas\/\" target=\"_blank\">\n\t\t\t\t\t<div class=\"elementor-cta__bg-wrapper\">\n\t\t\t\t<div class=\"elementor-cta__bg elementor-bg\" style=\"background-image: url();\" role=\"img\" aria-label=\"\"><\/div>\n\t\t\t\t<div class=\"elementor-cta__bg-overlay\"><\/div>\n\t\t\t<\/div>\n\t\t\t\t\t\t\t<div class=\"elementor-cta__content\">\n\t\t\t\t\t\t\t\t\t<div class=\"elementor-content-item elementor-cta__content-item elementor-cta__image\">\n\t\t\t\t\t\t<img decoding=\"async\" width=\"150\" height=\"150\" src=\"https:\/\/marinatextil.com\/wp-content\/uploads\/2024\/04\/sectors-w_danger-explosion-150x150.webp\" class=\"attachment-thumbnail size-thumbnail wp-image-57366\" alt=\"\" srcset=\"https:\/\/marinatextil.com\/wp-content\/uploads\/2024\/04\/sectors-w_danger-explosion-150x150.webp 150w, https:\/\/marinatextil.com\/wp-content\/uploads\/2024\/04\/sectors-w_danger-explosion-300x300.webp 300w, https:\/\/marinatextil.com\/wp-content\/uploads\/2024\/04\/sectors-w_danger-explosion-600x600.webp 600w, https:\/\/marinatextil.com\/wp-content\/uploads\/2024\/04\/sectors-w_danger-explosion-1024x1024.webp 1024w, https:\/\/marinatextil.com\/wp-content\/uploads\/2024\/04\/sectors-w_danger-explosion-768x768.webp 768w, https:\/\/marinatextil.com\/wp-content\/uploads\/2024\/04\/sectors-w_danger-explosion.webp 1188w\" sizes=\"(max-width: 150px) 100vw, 150px\" \/>\t\t\t\t\t<\/div>\n\t\t\t\t\n\t\t\t\t\t\t\t\t\t<h2 class=\"elementor-cta__title elementor-cta__content-item elementor-content-item\">\n\t\t\t\t\t\tZONAS ATEX\t\t\t\t\t<\/h2>\n\t\t\t\t\n\t\t\t\t\n\t\t\t\t\t\t\t\t\t<div class=\"elementor-cta__button-wrapper elementor-cta__content-item elementor-content-item \">\n\t\t\t\t\t<span class=\"elementor-cta__button elementor-button elementor-size-\">\n\t\t\t\t\t\tM\u00e1s informaci\u00f3n.\t\t\t\t\t<\/span>\n\t\t\t\t\t<\/div>\n\t\t\t\t\t\t\t<\/div>\n\t\t\t\t\t\t<\/a>\n\t\t\t\t\t\t<\/div>\n\t\t\t\t<\/div>\n\t\t\t\t<\/div>\n\t\t<div class=\"elementor-element elementor-element-613af6c e-con-full e-flex e-con e-child\" data-id=\"613af6c\" data-element_type=\"container\" data-e-type=\"container\" data-settings=\"{&quot;jet_parallax_layout_list&quot;:[]}\">\n\t\t\t\t<div class=\"elementor-element elementor-element-253bf64 elementor-cta--skin-cover elementor-cta--valign-middle cta-content-image-75-75 cust-title-shadow-dark  elementor-widget elementor-widget-call-to-action\" data-id=\"253bf64\" data-element_type=\"widget\" data-e-type=\"widget\" data-widget_type=\"call-to-action.default\">\n\t\t\t\t<div class=\"elementor-widget-container\">\n\t\t\t\t\t\t\t<a class=\"elementor-cta\" href=\"https:\/\/marinatextil.com\/sectors\/anti-static-protective-fabrics\/clean-rooms\/\" target=\"_blank\">\n\t\t\t\t\t<div class=\"elementor-cta__bg-wrapper\">\n\t\t\t\t<div class=\"elementor-cta__bg elementor-bg\" style=\"background-image: url();\" role=\"img\" aria-label=\"\"><\/div>\n\t\t\t\t<div class=\"elementor-cta__bg-overlay\"><\/div>\n\t\t\t<\/div>\n\t\t\t\t\t\t\t<div class=\"elementor-cta__content\">\n\t\t\t\t\t\t\t\t\t<div class=\"elementor-content-item elementor-cta__content-item elementor-cta__image\">\n\t\t\t\t\t\t<img decoding=\"async\" width=\"150\" height=\"150\" src=\"https:\/\/marinatextil.com\/wp-content\/uploads\/2024\/04\/sectors-w_clean-rooms-150x150.webp\" class=\"attachment-thumbnail size-thumbnail wp-image-57367\" alt=\"\" srcset=\"https:\/\/marinatextil.com\/wp-content\/uploads\/2024\/04\/sectors-w_clean-rooms-150x150.webp 150w, https:\/\/marinatextil.com\/wp-content\/uploads\/2024\/04\/sectors-w_clean-rooms-300x300.webp 300w, https:\/\/marinatextil.com\/wp-content\/uploads\/2024\/04\/sectors-w_clean-rooms-600x600.webp 600w, https:\/\/marinatextil.com\/wp-content\/uploads\/2024\/04\/sectors-w_clean-rooms-1024x1024.webp 1024w, https:\/\/marinatextil.com\/wp-content\/uploads\/2024\/04\/sectors-w_clean-rooms-768x768.webp 768w, https:\/\/marinatextil.com\/wp-content\/uploads\/2024\/04\/sectors-w_clean-rooms.webp 1188w\" sizes=\"(max-width: 150px) 100vw, 150px\" \/>\t\t\t\t\t<\/div>\n\t\t\t\t\n\t\t\t\t\t\t\t\t\t<h2 class=\"elementor-cta__title elementor-cta__content-item elementor-content-item\">\n\t\t\t\t\t\tSALAS LIMPIAS\t\t\t\t\t<\/h2>\n\t\t\t\t\n\t\t\t\t\n\t\t\t\t\t\t\t\t\t<div class=\"elementor-cta__button-wrapper elementor-cta__content-item elementor-content-item \">\n\t\t\t\t\t<span class=\"elementor-cta__button elementor-button elementor-size-\">\n\t\t\t\t\t\tM\u00e1s informaci\u00f3n.\t\t\t\t\t<\/span>\n\t\t\t\t\t<\/div>\n\t\t\t\t\t\t\t<\/div>\n\t\t\t\t\t\t<\/a>\n\t\t\t\t\t\t<\/div>\n\t\t\t\t<\/div>\n\t\t\t\t<div class=\"elementor-element elementor-element-39c123f elementor-cta--skin-cover elementor-cta--valign-middle cta-content-image-75-75 cust-title-shadow-dark elementor-widget elementor-widget-call-to-action\" data-id=\"39c123f\" data-element_type=\"widget\" data-e-type=\"widget\" data-widget_type=\"call-to-action.default\">\n\t\t\t\t<div class=\"elementor-widget-container\">\n\t\t\t\t\t\t\t<a class=\"elementor-cta\" href=\"https:\/\/marinatextil.com\/sectors\/anti-static-protective-fabrics\/technical-fabrics-automotive\/\" target=\"_blank\">\n\t\t\t\t\t<div class=\"elementor-cta__bg-wrapper\">\n\t\t\t\t<div class=\"elementor-cta__bg elementor-bg\" style=\"background-image: url();\" role=\"img\" aria-label=\"\"><\/div>\n\t\t\t\t<div class=\"elementor-cta__bg-overlay\"><\/div>\n\t\t\t<\/div>\n\t\t\t\t\t\t\t<div class=\"elementor-cta__content\">\n\t\t\t\t\t\t\t\t\t<div class=\"elementor-content-item elementor-cta__content-item elementor-cta__image\">\n\t\t\t\t\t\t<img loading=\"lazy\" decoding=\"async\" width=\"150\" height=\"150\" src=\"https:\/\/marinatextil.com\/wp-content\/uploads\/2024\/04\/sectors-w_automotive-150x150.webp\" class=\"attachment-thumbnail size-thumbnail wp-image-57368\" alt=\"\" srcset=\"https:\/\/marinatextil.com\/wp-content\/uploads\/2024\/04\/sectors-w_automotive-150x150.webp 150w, https:\/\/marinatextil.com\/wp-content\/uploads\/2024\/04\/sectors-w_automotive-300x300.webp 300w, https:\/\/marinatextil.com\/wp-content\/uploads\/2024\/04\/sectors-w_automotive-600x600.webp 600w, https:\/\/marinatextil.com\/wp-content\/uploads\/2024\/04\/sectors-w_automotive-1024x1024.webp 1024w, https:\/\/marinatextil.com\/wp-content\/uploads\/2024\/04\/sectors-w_automotive-768x768.webp 768w, https:\/\/marinatextil.com\/wp-content\/uploads\/2024\/04\/sectors-w_automotive.webp 1188w\" sizes=\"(max-width: 150px) 100vw, 150px\" \/>\t\t\t\t\t<\/div>\n\t\t\t\t\n\t\t\t\t\t\t\t\t\t<h2 class=\"elementor-cta__title elementor-cta__content-item elementor-content-item\">\n\t\t\t\t\t\tAUTOMOTRICES\t\t\t\t\t<\/h2>\n\t\t\t\t\n\t\t\t\t\n\t\t\t\t\t\t\t\t\t<div class=\"elementor-cta__button-wrapper elementor-cta__content-item elementor-content-item \">\n\t\t\t\t\t<span class=\"elementor-cta__button elementor-button elementor-size-\">\n\t\t\t\t\t\tM\u00e1s informaci\u00f3n.\t\t\t\t\t<\/span>\n\t\t\t\t\t<\/div>\n\t\t\t\t\t\t\t<\/div>\n\t\t\t\t\t\t<\/a>\n\t\t\t\t\t\t<\/div>\n\t\t\t\t<\/div>\n\t\t\t\t<\/div>\n\t\t\t\t<\/div>\n\t\t<div class=\"elementor-element elementor-element-25aaa63 e-flex e-con-boxed e-con e-parent\" data-id=\"25aaa63\" data-element_type=\"container\" data-e-type=\"container\" data-settings=\"{&quot;jet_parallax_layout_list&quot;:[]}\">\n\t\t\t\t\t<div class=\"e-con-inner\">\n\t\t\t\t<div class=\"elementor-element elementor-element-3b875d8 elementor-align-center elementor-widget elementor-widget-button\" data-id=\"3b875d8\" data-element_type=\"widget\" data-e-type=\"widget\" data-widget_type=\"button.default\">\n\t\t\t\t<div class=\"elementor-widget-container\">\n\t\t\t\t\t\t\t\t\t<div class=\"elementor-button-wrapper\">\n\t\t\t\t\t<a class=\"elementor-button elementor-button-link elementor-size-sm\" href=\"#elementor-action%3Aaction%3Dpopup%3Aopen%26settings%3DeyJpZCI6NzA0NzIsInRvZ2dsZSI6ZmFsc2V9\">\n\t\t\t\t\t\t<span class=\"elementor-button-content-wrapper\">\n\t\t\t\t\t\t\t\t\t<span class=\"elementor-button-text\">Solicitar informaci\u00f3n<\/span>\n\t\t\t\t\t<\/span>\n\t\t\t\t\t<\/a>\n\t\t\t\t<\/div>\n\t\t\t\t\t\t\t\t<\/div>\n\t\t\t\t<\/div>\n\t\t\t\t\t<\/div>\n\t\t\t\t<\/div>\n\t\t\t\t<\/div>\n\t\t","protected":false},"excerpt":{"rendered":"<p>Tejidos de protecci\u00f3n para el control de la est\u00e1tica Los tejidos antiest\u00e1ticos est\u00e1n dise\u00f1ados para controlar la electricidad est\u00e1tica y proteger el producto fabricado. Los sectores en los que las cargas est\u00e1ticas son un riesgo, debido a las caracter\u00edsticas de cada puesto de trabajo, pueden ser motivo de generaci\u00f3n de incidentes que pueden afectar el [&hellip;]<\/p>\n","protected":false},"author":11,"featured_media":0,"parent":67771,"menu_order":0,"comment_status":"closed","ping_status":"closed","template":"","meta":{"footnotes":""},"class_list":["post-67773","page","type-page","status-publish","hentry"],"_links":{"self":[{"href":"https:\/\/marinatextil.com\/es\/wp-json\/wp\/v2\/pages\/67773","targetHints":{"allow":["GET"]}}],"collection":[{"href":"https:\/\/marinatextil.com\/es\/wp-json\/wp\/v2\/pages"}],"about":[{"href":"https:\/\/marinatextil.com\/es\/wp-json\/wp\/v2\/types\/page"}],"author":[{"embeddable":true,"href":"https:\/\/marinatextil.com\/es\/wp-json\/wp\/v2\/users\/11"}],"replies":[{"embeddable":true,"href":"https:\/\/marinatextil.com\/es\/wp-json\/wp\/v2\/comments?post=67773"}],"version-history":[{"count":0,"href":"https:\/\/marinatextil.com\/es\/wp-json\/wp\/v2\/pages\/67773\/revisions"}],"up":[{"embeddable":true,"href":"https:\/\/marinatextil.com\/es\/wp-json\/wp\/v2\/pages\/67771"}],"wp:attachment":[{"href":"https:\/\/marinatextil.com\/es\/wp-json\/wp\/v2\/media?parent=67773"}],"curies":[{"name":"wp","href":"https:\/\/api.w.org\/{rel}","templated":true}]}}