{"id":67784,"date":"2025-04-30T16:37:10","date_gmt":"2025-04-30T14:37:10","guid":{"rendered":"https:\/\/marinatextil.com\/sectores\/tejido-de-proteccion-contra-arco-electrico"},"modified":"2026-02-11T12:31:00","modified_gmt":"2026-02-11T11:31:00","slug":"tejido-de-proteccion-contra-arco-electrico","status":"publish","type":"page","link":"https:\/\/marinatextil.com\/es\/sectores\/tejido-de-proteccion-contra-arco-electrico\/","title":{"rendered":"Tejido de protecci\u00f3n contra arco el\u00e9ctrico"},"content":{"rendered":"\t\t<div data-elementor-type=\"wp-post\" data-elementor-id=\"67784\" class=\"elementor elementor-67784 elementor-6300\" data-elementor-post-type=\"page\">\n\t\t\t\t<div class=\"elementor-element elementor-element-d653232 e-flex e-con-boxed e-con e-parent\" data-id=\"d653232\" data-element_type=\"container\" data-e-type=\"container\" data-settings=\"{&quot;background_background&quot;:&quot;classic&quot;,&quot;jet_parallax_layout_list&quot;:[]}\">\n\t\t\t\t\t<div class=\"e-con-inner\">\n\t\t\t\t<div class=\"elementor-element elementor-element-fc4a6d5 elementor-widget elementor-widget-heading\" data-id=\"fc4a6d5\" data-element_type=\"widget\" data-e-type=\"widget\" data-widget_type=\"heading.default\">\n\t\t\t\t<div class=\"elementor-widget-container\">\n\t\t\t\t\t<h1 class=\"elementor-heading-title elementor-size-default\">Tejido de protecci\u00f3n contra arco el\u00e9ctrico<\/h1>\t\t\t\t<\/div>\n\t\t\t\t<\/div>\n\t\t\t\t\t<\/div>\n\t\t\t\t<\/div>\n\t\t<div class=\"elementor-element elementor-element-58059b5 cust-no-padding-bottom e-flex e-con-boxed e-con e-parent\" data-id=\"58059b5\" data-element_type=\"container\" data-e-type=\"container\" data-settings=\"{&quot;jet_parallax_layout_list&quot;:[]}\">\n\t\t\t\t\t<div class=\"e-con-inner\">\n\t\t<div class=\"elementor-element elementor-element-b104beb e-con-full e-flex e-con e-child\" data-id=\"b104beb\" data-element_type=\"container\" data-e-type=\"container\" data-settings=\"{&quot;jet_parallax_layout_list&quot;:[]}\">\n\t\t\t\t<div class=\"elementor-element elementor-element-453fa95 elementor-widget elementor-widget-text-editor\" data-id=\"453fa95\" data-element_type=\"widget\" data-e-type=\"widget\" data-widget_type=\"text-editor.default\">\n\t\t\t\t<div class=\"elementor-widget-container\">\n\t\t\t\t\t\t\t\t\t<p>Las llamas, el calor, las salpicaduras de metal fundido y la luz ultravioleta son algunos de los riesgos que acompa\u00f1an al arco el\u00e9ctrico.<\/p>\n\t\t\t\t\t\t\t\t<\/div>\n\t\t\t\t<\/div>\n\t\t\t\t<\/div>\n\t\t<div class=\"elementor-element elementor-element-be415c9 e-con-full e-flex e-con e-child\" data-id=\"be415c9\" data-element_type=\"container\" data-e-type=\"container\" data-settings=\"{&quot;jet_parallax_layout_list&quot;:[]}\">\n\t\t\t\t<div class=\"elementor-element elementor-element-2250bdb elementor-widget elementor-widget-text-editor\" data-id=\"2250bdb\" data-element_type=\"widget\" data-e-type=\"widget\" data-widget_type=\"text-editor.default\">\n\t\t\t\t<div class=\"elementor-widget-container\">\n\t\t\t\t\t\t\t\t\tExisten varios sectores donde el principal riesgo en el \u00e1rea de trabajo es el arco el\u00e9ctrico, y donde los trabajadores deben usar tela de protecci\u00f3n. Las principales consecuencias son las llamas, el calor, las salpicaduras de metal fundido y la luz ultravioleta. Por lo tanto, los trabajadores deben usar Equipo de Protecci\u00f3n Individual (EPI).<br><br>Si un trabajador se ve afectado por un arco el\u00e9ctrico, puede sufrir quemaduras, lesiones graves o incluso la muerte. <strong>El uso adecuado de Equipo de Protecci\u00f3n Individual (EPI) puede reducir considerablemente la gravedad de las quemaduras.<\/strong> Estos EPI est\u00e1n clasificados como CAT 3 y se utilizan en compa\u00f1\u00edas el\u00e9ctricas (en producci\u00f3n, generaci\u00f3n, renovables y distribuci\u00f3n), incluyendo subcontratistas.<br><br>Marina Textil estudia exhaustivamente cada una de las zonas consideradas cr\u00edticas en el sector el\u00e9ctrico para desarrollar telas de protecci\u00f3n contra arco el\u00e9ctrico seguras y c\u00f3modas.\t\t\t\t\t\t\t\t<\/div>\n\t\t\t\t<\/div>\n\t\t\t\t<\/div>\n\t\t\t\t\t<\/div>\n\t\t\t\t<\/div>\n\t\t<div class=\"elementor-element elementor-element-41a635b e-con-full e-flex e-con e-parent\" data-id=\"41a635b\" data-element_type=\"container\" data-e-type=\"container\" data-settings=\"{&quot;background_background&quot;:&quot;classic&quot;,&quot;jet_parallax_layout_list&quot;:[]}\">\n\t\t<div class=\"elementor-element elementor-element-3045a8a e-con-full e-flex e-con e-child\" data-id=\"3045a8a\" data-element_type=\"container\" data-e-type=\"container\" data-settings=\"{&quot;jet_parallax_layout_list&quot;:[]}\">\n\t\t\t\t<div class=\"elementor-element elementor-element-de53635 elementor-cta--skin-cover elementor-cta--valign-middle cta-content-image-75-75 cust-title-shadow-dark elementor-widget elementor-widget-call-to-action\" data-id=\"de53635\" data-element_type=\"widget\" data-e-type=\"widget\" data-widget_type=\"call-to-action.default\">\n\t\t\t\t<div class=\"elementor-widget-container\">\n\t\t\t\t\t\t\t<a class=\"elementor-cta\" href=\"https:\/\/marinatextil.com\/sectors\/arc-flash-protection-fabric\/electric-companies\/\" target=\"_blank\">\n\t\t\t\t\t<div class=\"elementor-cta__bg-wrapper\">\n\t\t\t\t<div class=\"elementor-cta__bg elementor-bg\" style=\"background-image: url();\" role=\"img\" aria-label=\"\"><\/div>\n\t\t\t\t<div class=\"elementor-cta__bg-overlay\"><\/div>\n\t\t\t<\/div>\n\t\t\t\t\t\t\t<div class=\"elementor-cta__content\">\n\t\t\t\t\t\t\t\t\t<div class=\"elementor-content-item elementor-cta__content-item elementor-cta__image\">\n\t\t\t\t\t\t<img decoding=\"async\" width=\"150\" height=\"150\" src=\"https:\/\/marinatextil.com\/wp-content\/uploads\/2024\/04\/sectors-w_electric-company-150x150.webp\" class=\"attachment-thumbnail size-thumbnail wp-image-57354\" alt=\"\" srcset=\"https:\/\/marinatextil.com\/wp-content\/uploads\/2024\/04\/sectors-w_electric-company-150x150.webp 150w, https:\/\/marinatextil.com\/wp-content\/uploads\/2024\/04\/sectors-w_electric-company-300x300.webp 300w, https:\/\/marinatextil.com\/wp-content\/uploads\/2024\/04\/sectors-w_electric-company-600x600.webp 600w, https:\/\/marinatextil.com\/wp-content\/uploads\/2024\/04\/sectors-w_electric-company-1024x1024.webp 1024w, https:\/\/marinatextil.com\/wp-content\/uploads\/2024\/04\/sectors-w_electric-company-768x768.webp 768w, https:\/\/marinatextil.com\/wp-content\/uploads\/2024\/04\/sectors-w_electric-company.webp 1188w\" sizes=\"(max-width: 150px) 100vw, 150px\" \/>\t\t\t\t\t<\/div>\n\t\t\t\t\n\t\t\t\t\t\t\t\t\t<h2 class=\"elementor-cta__title elementor-cta__content-item elementor-content-item\">\n\t\t\t\t\t\tcompa\u00f1ias el\u00e9ctricas\t\t\t\t\t<\/h2>\n\t\t\t\t\n\t\t\t\t\n\t\t\t\t\t\t\t\t\t<div class=\"elementor-cta__button-wrapper elementor-cta__content-item elementor-content-item \">\n\t\t\t\t\t<span class=\"elementor-cta__button elementor-button elementor-size-\">\n\t\t\t\t\t\tM\u00e1s informaci\u00f3n.\t\t\t\t\t<\/span>\n\t\t\t\t\t<\/div>\n\t\t\t\t\t\t\t<\/div>\n\t\t\t\t\t\t<\/a>\n\t\t\t\t\t\t<\/div>\n\t\t\t\t<\/div>\n\t\t\t\t<\/div>\n\t\t<div class=\"elementor-element elementor-element-dad08fb e-con-full e-flex e-con e-child\" data-id=\"dad08fb\" data-element_type=\"container\" data-e-type=\"container\" data-settings=\"{&quot;jet_parallax_layout_list&quot;:[]}\">\n\t\t\t\t<div class=\"elementor-element elementor-element-4a57209 elementor-cta--skin-cover elementor-cta--valign-middle cta-content-image-75-75 cust-title-shadow-dark elementor-widget elementor-widget-call-to-action\" data-id=\"4a57209\" data-element_type=\"widget\" data-e-type=\"widget\" data-widget_type=\"call-to-action.default\">\n\t\t\t\t<div class=\"elementor-widget-container\">\n\t\t\t\t\t\t\t<a class=\"elementor-cta\" href=\"https:\/\/marinatextil.com\/sectors\/arc-flash-protection-fabric\/renewable-energy-companies\/\" target=\"_blank\">\n\t\t\t\t\t<div class=\"elementor-cta__bg-wrapper\">\n\t\t\t\t<div class=\"elementor-cta__bg elementor-bg\" style=\"background-image: url();\" role=\"img\" aria-label=\"\"><\/div>\n\t\t\t\t<div class=\"elementor-cta__bg-overlay\"><\/div>\n\t\t\t<\/div>\n\t\t\t\t\t\t\t<div class=\"elementor-cta__content\">\n\t\t\t\t\t\t\t\t\t<div class=\"elementor-content-item elementor-cta__content-item elementor-cta__image\">\n\t\t\t\t\t\t<img decoding=\"async\" width=\"150\" height=\"150\" src=\"https:\/\/marinatextil.com\/wp-content\/uploads\/2024\/04\/sectors-w_renewable-energy-150x150.webp\" class=\"attachment-thumbnail size-thumbnail wp-image-57355\" alt=\"\" srcset=\"https:\/\/marinatextil.com\/wp-content\/uploads\/2024\/04\/sectors-w_renewable-energy-150x150.webp 150w, https:\/\/marinatextil.com\/wp-content\/uploads\/2024\/04\/sectors-w_renewable-energy-300x300.webp 300w, https:\/\/marinatextil.com\/wp-content\/uploads\/2024\/04\/sectors-w_renewable-energy-600x600.webp 600w, https:\/\/marinatextil.com\/wp-content\/uploads\/2024\/04\/sectors-w_renewable-energy-1024x1024.webp 1024w, https:\/\/marinatextil.com\/wp-content\/uploads\/2024\/04\/sectors-w_renewable-energy-768x768.webp 768w, https:\/\/marinatextil.com\/wp-content\/uploads\/2024\/04\/sectors-w_renewable-energy.webp 1188w\" sizes=\"(max-width: 150px) 100vw, 150px\" \/>\t\t\t\t\t<\/div>\n\t\t\t\t\n\t\t\t\t\t\t\t\t\t<h2 class=\"elementor-cta__title elementor-cta__content-item elementor-content-item\">\n\t\t\t\t\t\tEnerg\u00eda renovable\t\t\t\t\t<\/h2>\n\t\t\t\t\n\t\t\t\t\n\t\t\t\t\t\t\t\t\t<div class=\"elementor-cta__button-wrapper elementor-cta__content-item elementor-content-item \">\n\t\t\t\t\t<span class=\"elementor-cta__button elementor-button elementor-size-\">\n\t\t\t\t\t\tM\u00e1s informaci\u00f3n.\t\t\t\t\t<\/span>\n\t\t\t\t\t<\/div>\n\t\t\t\t\t\t\t<\/div>\n\t\t\t\t\t\t<\/a>\n\t\t\t\t\t\t<\/div>\n\t\t\t\t<\/div>\n\t\t\t\t<\/div>\n\t\t\t\t<\/div>\n\t\t<div class=\"elementor-element elementor-element-6ca28bc e-flex e-con-boxed e-con e-parent\" data-id=\"6ca28bc\" data-element_type=\"container\" data-e-type=\"container\" data-settings=\"{&quot;jet_parallax_layout_list&quot;:[]}\">\n\t\t\t\t\t<div class=\"e-con-inner\">\n\t\t\t\t<div class=\"elementor-element elementor-element-4d4fe0b elementor-mobile-align-center elementor-hidden-tablet elementor-hidden-mobile elementor-align-center elementor-widget elementor-widget-button\" data-id=\"4d4fe0b\" data-element_type=\"widget\" data-e-type=\"widget\" data-widget_type=\"button.default\">\n\t\t\t\t<div class=\"elementor-widget-container\">\n\t\t\t\t\t\t\t\t\t<div class=\"elementor-button-wrapper\">\n\t\t\t\t\t<a class=\"elementor-button elementor-button-link elementor-size-sm\" href=\"#elementor-action%3Aaction%3Dpopup%3Aopen%26settings%3DeyJpZCI6NzA0NzIsInRvZ2dsZSI6ZmFsc2V9\">\n\t\t\t\t\t\t<span class=\"elementor-button-content-wrapper\">\n\t\t\t\t\t\t\t\t\t<span class=\"elementor-button-text\">Solicitar informaci\u00f3n<\/span>\n\t\t\t\t\t<\/span>\n\t\t\t\t\t<\/a>\n\t\t\t\t<\/div>\n\t\t\t\t\t\t\t\t<\/div>\n\t\t\t\t<\/div>\n\t\t\t\t\t<\/div>\n\t\t\t\t<\/div>\n\t\t\t\t<\/div>\n\t\t","protected":false},"excerpt":{"rendered":"<p>Tejido de protecci\u00f3n contra arco el\u00e9ctrico Las llamas, el calor, las salpicaduras de metal fundido y la luz ultravioleta son algunos de los riesgos que acompa\u00f1an al arco el\u00e9ctrico. Existen varios sectores donde el principal riesgo en el \u00e1rea de trabajo es el arco el\u00e9ctrico, y donde los trabajadores deben usar tela de protecci\u00f3n. Las [&hellip;]<\/p>\n","protected":false},"author":11,"featured_media":0,"parent":67771,"menu_order":0,"comment_status":"closed","ping_status":"closed","template":"","meta":{"footnotes":""},"class_list":["post-67784","page","type-page","status-publish","hentry"],"_links":{"self":[{"href":"https:\/\/marinatextil.com\/es\/wp-json\/wp\/v2\/pages\/67784","targetHints":{"allow":["GET"]}}],"collection":[{"href":"https:\/\/marinatextil.com\/es\/wp-json\/wp\/v2\/pages"}],"about":[{"href":"https:\/\/marinatextil.com\/es\/wp-json\/wp\/v2\/types\/page"}],"author":[{"embeddable":true,"href":"https:\/\/marinatextil.com\/es\/wp-json\/wp\/v2\/users\/11"}],"replies":[{"embeddable":true,"href":"https:\/\/marinatextil.com\/es\/wp-json\/wp\/v2\/comments?post=67784"}],"version-history":[{"count":0,"href":"https:\/\/marinatextil.com\/es\/wp-json\/wp\/v2\/pages\/67784\/revisions"}],"up":[{"embeddable":true,"href":"https:\/\/marinatextil.com\/es\/wp-json\/wp\/v2\/pages\/67771"}],"wp:attachment":[{"href":"https:\/\/marinatextil.com\/es\/wp-json\/wp\/v2\/media?parent=67784"}],"curies":[{"name":"wp","href":"https:\/\/api.w.org\/{rel}","templated":true}]}}