{"id":67790,"date":"2025-04-30T16:41:54","date_gmt":"2025-04-30T14:41:54","guid":{"rendered":"https:\/\/marinatextil.com\/sectores\/tejidos-industriales-lavanderia"},"modified":"2025-12-19T15:29:42","modified_gmt":"2025-12-19T14:29:42","slug":"tejidos-industriales-lavanderia","status":"publish","type":"page","link":"https:\/\/marinatextil.com\/es\/sectores\/tejidos-industriales-lavanderia\/","title":{"rendered":"Tejidos aptos para lavander\u00eda industrial"},"content":{"rendered":"\t\t<div data-elementor-type=\"wp-post\" data-elementor-id=\"67790\" class=\"elementor elementor-67790 elementor-3963\" data-elementor-post-type=\"page\">\n\t\t\t\t<div class=\"elementor-element elementor-element-47d0490 e-flex e-con-boxed e-con e-parent\" data-id=\"47d0490\" data-element_type=\"container\" data-e-type=\"container\" data-settings=\"{&quot;background_background&quot;:&quot;classic&quot;,&quot;jet_parallax_layout_list&quot;:[]}\">\n\t\t\t\t\t<div class=\"e-con-inner\">\n\t\t\t\t<div class=\"elementor-element elementor-element-1ec3773 elementor-widget elementor-widget-heading\" data-id=\"1ec3773\" data-element_type=\"widget\" data-e-type=\"widget\" data-widget_type=\"heading.default\">\n\t\t\t\t<div class=\"elementor-widget-container\">\n\t\t\t\t\t<h1 class=\"elementor-heading-title elementor-size-default\">Tejidos aptos para lavander\u00eda industrial<\/h1>\t\t\t\t<\/div>\n\t\t\t\t<\/div>\n\t\t\t\t\t<\/div>\n\t\t\t\t<\/div>\n\t\t<div class=\"elementor-element elementor-element-4797b35 e-flex e-con-boxed e-con e-parent\" data-id=\"4797b35\" data-element_type=\"container\" data-e-type=\"container\" data-settings=\"{&quot;jet_parallax_layout_list&quot;:[]}\">\n\t\t\t\t\t<div class=\"e-con-inner\">\n\t\t<div class=\"elementor-element elementor-element-f85c6db e-con-full e-flex e-con e-child\" data-id=\"f85c6db\" data-element_type=\"container\" data-e-type=\"container\" data-settings=\"{&quot;jet_parallax_layout_list&quot;:[]}\">\n\t\t\t\t<div class=\"elementor-element elementor-element-c73cb0f elementor-widget elementor-widget-text-editor\" data-id=\"c73cb0f\" data-element_type=\"widget\" data-e-type=\"widget\" data-widget_type=\"text-editor.default\">\n\t\t\t\t<div class=\"elementor-widget-container\">\n\t\t\t\t\t\t\t\t\tEn el mundo de los tejidos de protecci\u00f3n individual, las lavander\u00edas industriales tienen cada vez un papel m\u00e1s importante debido a su nivel de especializaci\u00f3n y al alivio que supone para las empresas la externalizaci\u00f3n de este tipo de servicios.<br><br><strong>Trabajar con lavander\u00edas industriales supone casi siempre alargar la vida \u00fatil de la prenda<\/strong>, ya que estas lavander\u00edas siguen los par\u00e1metros adecuados dados por los fabricantes de tejidos.<br><br>Marina Textil trabaja en colaboraci\u00f3n con algunas lavander\u00edas industriales para escuchar y resolver sus dudas. El resultado es una gu\u00eda de instrucciones de lavado para cada uno de los tejidos t\u00e9cnicos, que eval\u00faa los siguientes aspectos:<br><ul>\r\n \t<li>Evaluaci\u00f3n del entorno, la atm\u00f3sfera, la ubicaci\u00f3n y el espacio de trabajo donde se utiliza la prenda.<\/li>\r\n \t<li>Par\u00e1metros t\u00e9cnicos de los tejidos: composici\u00f3n, construcci\u00f3n, gramaje y procesos de te\u00f1ido empleados para tratar cada tejido.<\/li>\r\n \t<li>Aceptaci\u00f3n de una amplia gama de detergentes universales, suavizantes, tensioactivos y productos qu\u00edmicos.<\/li>\r\n<\/ul><br><strong>Las propiedades protectoras de los tejidos t\u00e9cnicos de Marina Textil son inherentes<\/strong>, lo que significa que los niveles de protecci\u00f3n se mantienen inalterados durante toda la vida \u00fatil de los tejidos, independientemente del n\u00famero de lavados.<br><br>Marina Textil, en varias ocasiones, tambi\u00e9n ha participado en el proceso de selecci\u00f3n y evaluaci\u00f3n de tejidos, colaborando con las lavander\u00edas:<br><ul>\r\n \t<li>Servicio de evaluaci\u00f3n de la selecci\u00f3n de tejidos de acuerdo con\u00a0<span style=\"color: #af172b; text-decoration: underline;\"><a style=\"color: #af172b; text-decoration: underline;\" href=\"https:\/\/marinatextil.com\/es\/normativa-textil\/\">Normas ISO y ASTM<\/a><\/span>.<\/li>\r\n \t<li>Servicio posventa para resolver cualquier imprevisto o implementar mejoras en los tejidos.<\/li>\r\n \t<li>Adem\u00e1s, desarrollamos todos nuestros tejidos bas\u00e1ndonos en par\u00e1metros anti-pilling y de resistencia al lavado para prolongar al m\u00e1ximo la vida \u00fatil de las prendas.<\/li>\r\n \t<li>Construcciones de tejidos para mantener bajos niveles de encogimiento.<\/li>\r\n<\/ul><br>Para m\u00e1s informaci\u00f3n sobre tejidos aptos para lavander\u00eda industrial, cont\u00e1ctenos.\t\t\t\t\t\t\t\t<\/div>\n\t\t\t\t<\/div>\n\t\t\t\t<\/div>\n\t\t<div class=\"elementor-element elementor-element-5cca6cc e-con-full e-flex e-con e-child\" data-id=\"5cca6cc\" data-element_type=\"container\" data-e-type=\"container\" data-settings=\"{&quot;background_background&quot;:&quot;classic&quot;,&quot;jet_parallax_layout_list&quot;:[]}\">\n\t\t\t\t<\/div>\n\t\t\t\t\t<\/div>\n\t\t\t\t<\/div>\n\t\t<div class=\"elementor-element elementor-element-48db686 e-flex e-con-boxed e-con e-parent\" data-id=\"48db686\" data-element_type=\"container\" data-e-type=\"container\" data-settings=\"{&quot;jet_parallax_layout_list&quot;:[]}\">\n\t\t\t\t\t<div class=\"e-con-inner\">\n\t\t\t\t<div class=\"elementor-element elementor-element-faa4253 elementor-mobile-align-center elementor-hidden-tablet elementor-hidden-mobile elementor-widget elementor-widget-button\" data-id=\"faa4253\" data-element_type=\"widget\" data-e-type=\"widget\" data-widget_type=\"button.default\">\n\t\t\t\t<div class=\"elementor-widget-container\">\n\t\t\t\t\t\t\t\t\t<div class=\"elementor-button-wrapper\">\n\t\t\t\t\t<a class=\"elementor-button elementor-button-link elementor-size-sm\" href=\"#elementor-action%3Aaction%3Dpopup%3Aopen%26settings%3DeyJpZCI6NzA0NzIsInRvZ2dsZSI6ZmFsc2V9\">\n\t\t\t\t\t\t<span class=\"elementor-button-content-wrapper\">\n\t\t\t\t\t\t\t\t\t<span class=\"elementor-button-text\">Solicitar informaci\u00f3n<\/span>\n\t\t\t\t\t<\/span>\n\t\t\t\t\t<\/a>\n\t\t\t\t<\/div>\n\t\t\t\t\t\t\t\t<\/div>\n\t\t\t\t<\/div>\n\t\t\t\t\t<\/div>\n\t\t\t\t<\/div>\n\t\t\t\t<\/div>\n\t\t","protected":false},"excerpt":{"rendered":"<p>Tejidos aptos para lavander\u00eda industrial En el mundo de los tejidos de protecci\u00f3n individual, las lavander\u00edas industriales tienen cada vez un papel m\u00e1s importante debido a su nivel de especializaci\u00f3n y al alivio que supone para las empresas la externalizaci\u00f3n de este tipo de servicios. Trabajar con lavander\u00edas industriales supone casi siempre alargar la vida [&hellip;]<\/p>\n","protected":false},"author":11,"featured_media":0,"parent":67771,"menu_order":0,"comment_status":"closed","ping_status":"closed","template":"","meta":{"footnotes":""},"class_list":["post-67790","page","type-page","status-publish","hentry"],"_links":{"self":[{"href":"https:\/\/marinatextil.com\/es\/wp-json\/wp\/v2\/pages\/67790","targetHints":{"allow":["GET"]}}],"collection":[{"href":"https:\/\/marinatextil.com\/es\/wp-json\/wp\/v2\/pages"}],"about":[{"href":"https:\/\/marinatextil.com\/es\/wp-json\/wp\/v2\/types\/page"}],"author":[{"embeddable":true,"href":"https:\/\/marinatextil.com\/es\/wp-json\/wp\/v2\/users\/11"}],"replies":[{"embeddable":true,"href":"https:\/\/marinatextil.com\/es\/wp-json\/wp\/v2\/comments?post=67790"}],"version-history":[{"count":0,"href":"https:\/\/marinatextil.com\/es\/wp-json\/wp\/v2\/pages\/67790\/revisions"}],"up":[{"embeddable":true,"href":"https:\/\/marinatextil.com\/es\/wp-json\/wp\/v2\/pages\/67771"}],"wp:attachment":[{"href":"https:\/\/marinatextil.com\/es\/wp-json\/wp\/v2\/media?parent=67790"}],"curies":[{"name":"wp","href":"https:\/\/api.w.org\/{rel}","templated":true}]}}