{"id":67801,"date":"2025-04-30T16:50:10","date_gmt":"2025-04-30T14:50:10","guid":{"rendered":"https:\/\/marinatextil.com\/sectores\/fundiciones-de-tejidos-protectores"},"modified":"2025-12-19T15:59:26","modified_gmt":"2025-12-19T14:59:26","slug":"fundiciones-de-tejidos-protectores","status":"publish","type":"page","link":"https:\/\/marinatextil.com\/es\/sectores\/fundiciones-de-tejidos-protectores\/","title":{"rendered":"Tejido protector para fundiciones"},"content":{"rendered":"\t\t<div data-elementor-type=\"wp-post\" data-elementor-id=\"67801\" class=\"elementor elementor-67801 elementor-2774\" data-elementor-post-type=\"page\">\n\t\t\t\t<div class=\"elementor-element elementor-element-9ac78e4 e-flex e-con-boxed e-con e-parent\" data-id=\"9ac78e4\" data-element_type=\"container\" data-e-type=\"container\" data-settings=\"{&quot;background_background&quot;:&quot;classic&quot;,&quot;jet_parallax_layout_list&quot;:[]}\">\n\t\t\t\t\t<div class=\"e-con-inner\">\n\t\t\t\t<div class=\"elementor-element elementor-element-9b0d66e elementor-widget elementor-widget-heading\" data-id=\"9b0d66e\" data-element_type=\"widget\" data-e-type=\"widget\" data-widget_type=\"heading.default\">\n\t\t\t\t<div class=\"elementor-widget-container\">\n\t\t\t\t\t<h1 class=\"elementor-heading-title elementor-size-default\">Tejido protector para fundiciones<\/h1>\t\t\t\t<\/div>\n\t\t\t\t<\/div>\n\t\t\t\t\t<\/div>\n\t\t\t\t<\/div>\n\t\t<div class=\"elementor-element elementor-element-7af9d84 cust-no-padding-bottom e-flex e-con-boxed e-con e-parent\" data-id=\"7af9d84\" data-element_type=\"container\" data-e-type=\"container\" data-settings=\"{&quot;jet_parallax_layout_list&quot;:[]}\">\n\t\t\t\t\t<div class=\"e-con-inner\">\n\t\t<div class=\"elementor-element elementor-element-2a8a8d4 e-con-full e-flex e-con e-child\" data-id=\"2a8a8d4\" data-element_type=\"container\" data-e-type=\"container\" data-settings=\"{&quot;jet_parallax_layout_list&quot;:[]}\">\n\t\t\t\t<div class=\"elementor-element elementor-element-12d24a8 elementor-widget elementor-widget-text-editor\" data-id=\"12d24a8\" data-element_type=\"widget\" data-e-type=\"widget\" data-widget_type=\"text-editor.default\">\n\t\t\t\t<div class=\"elementor-widget-container\">\n\t\t\t\t\t\t\t\t\t<p>Fabricamos tejidos de protecci\u00f3n ign\u00edfugos para fundiciones, espec\u00edficamente desarrollados para ofrecer la m\u00e1xima protecci\u00f3n ante cada riesgo.<\/p>\n\t\t\t\t\t\t\t\t<\/div>\n\t\t\t\t<\/div>\n\t\t\t\t<\/div>\n\t\t<div class=\"elementor-element elementor-element-48853ae e-con-full e-flex e-con e-child\" data-id=\"48853ae\" data-element_type=\"container\" data-e-type=\"container\" data-settings=\"{&quot;jet_parallax_layout_list&quot;:[]}\">\n\t\t\t\t<div class=\"elementor-element elementor-element-ab64bbe elementor-widget elementor-widget-text-editor\" data-id=\"ab64bbe\" data-element_type=\"widget\" data-e-type=\"widget\" data-widget_type=\"text-editor.default\">\n\t\t\t\t<div class=\"elementor-widget-container\">\n\t\t\t\t\t\t\t\t\t<p>En Marina Textil, <strong>estudiamos a fondo cada una de las zonas consideradas cr\u00edticas en las fundiciones<\/strong>. \u00c1reas como hornos de fusi\u00f3n, l\u00edneas de colada, trenes de laminaci\u00f3n, celdas electrol\u00edticas, etc., requieren tejidos t\u00e9cnicos espec\u00edficos que ofrezcan una protecci\u00f3n adecuada contra salpicaduras de metal fundido y calor radiante. Realizamos estudios y seguimientos para comprender los riesgos reales en un sector caracterizado por condiciones extremas. Como resultado, podemos desarrollar tejidos ign\u00edfugos para fundiciones con caracter\u00edsticas t\u00e9cnicas espec\u00edficas.<\/p>\n\t\t\t\t\t\t\t\t<\/div>\n\t\t\t\t<\/div>\n\t\t\t\t<\/div>\n\t\t\t\t\t<\/div>\n\t\t\t\t<\/div>\n\t\t<div class=\"elementor-element elementor-element-d4f4166 e-con-full e-flex e-con e-parent\" data-id=\"d4f4166\" data-element_type=\"container\" data-e-type=\"container\" data-settings=\"{&quot;background_background&quot;:&quot;classic&quot;,&quot;jet_parallax_layout_list&quot;:[]}\">\n\t\t<div class=\"elementor-element elementor-element-028a0cf cust-title-shadow-dark e-con-full e-flex e-con e-child\" data-id=\"028a0cf\" data-element_type=\"container\" data-e-type=\"container\" data-settings=\"{&quot;jet_parallax_layout_list&quot;:[]}\">\n\t\t\t\t<div class=\"elementor-element elementor-element-a2e662e elementor-cta--skin-cover elementor-cta--valign-middle cta-content-image-75-75 cust-title-shadow-dark elementor-widget elementor-widget-call-to-action\" data-id=\"a2e662e\" data-element_type=\"widget\" data-e-type=\"widget\" data-widget_type=\"call-to-action.default\">\n\t\t\t\t<div class=\"elementor-widget-container\">\n\t\t\t\t\t\t\t<a class=\"elementor-cta\" href=\"https:\/\/marinatextil.com\/sectors\/protective-fabric-foundries\/iron-steel\/\" target=\"_blank\">\n\t\t\t\t\t<div class=\"elementor-cta__bg-wrapper\">\n\t\t\t\t<div class=\"elementor-cta__bg elementor-bg\" style=\"background-image: url();\" role=\"img\" aria-label=\"\"><\/div>\n\t\t\t\t<div class=\"elementor-cta__bg-overlay\"><\/div>\n\t\t\t<\/div>\n\t\t\t\t\t\t\t<div class=\"elementor-cta__content\">\n\t\t\t\t\t\t\t\t\t<div class=\"elementor-content-item elementor-cta__content-item elementor-cta__image\">\n\t\t\t\t\t\t<img decoding=\"async\" width=\"150\" height=\"150\" src=\"https:\/\/marinatextil.com\/wp-content\/uploads\/2024\/04\/sectors-w_iron-and-steel-industry-150x150.webp\" class=\"attachment-thumbnail size-thumbnail wp-image-57336\" alt=\"\" srcset=\"https:\/\/marinatextil.com\/wp-content\/uploads\/2024\/04\/sectors-w_iron-and-steel-industry-150x150.webp 150w, https:\/\/marinatextil.com\/wp-content\/uploads\/2024\/04\/sectors-w_iron-and-steel-industry-300x300.webp 300w, https:\/\/marinatextil.com\/wp-content\/uploads\/2024\/04\/sectors-w_iron-and-steel-industry-600x600.webp 600w, https:\/\/marinatextil.com\/wp-content\/uploads\/2024\/04\/sectors-w_iron-and-steel-industry-1024x1024.webp 1024w, https:\/\/marinatextil.com\/wp-content\/uploads\/2024\/04\/sectors-w_iron-and-steel-industry-768x768.webp 768w, https:\/\/marinatextil.com\/wp-content\/uploads\/2024\/04\/sectors-w_iron-and-steel-industry.webp 1188w\" sizes=\"(max-width: 150px) 100vw, 150px\" \/>\t\t\t\t\t<\/div>\n\t\t\t\t\n\t\t\t\t\t\t\t\t\t<h2 class=\"elementor-cta__title elementor-cta__content-item elementor-content-item\">\n\t\t\t\t\t\tHierro y acero\t\t\t\t\t<\/h2>\n\t\t\t\t\n\t\t\t\t\n\t\t\t\t\t\t\t\t\t<div class=\"elementor-cta__button-wrapper elementor-cta__content-item elementor-content-item \">\n\t\t\t\t\t<span class=\"elementor-cta__button elementor-button elementor-size-\">\n\t\t\t\t\t\tM\u00e1s informaci\u00f3n\t\t\t\t\t<\/span>\n\t\t\t\t\t<\/div>\n\t\t\t\t\t\t\t<\/div>\n\t\t\t\t\t\t<\/a>\n\t\t\t\t\t\t<\/div>\n\t\t\t\t<\/div>\n\t\t\t\t<div class=\"elementor-element elementor-element-73c2621 elementor-cta--skin-cover elementor-cta--valign-middle cta-content-image-75-75 cust-title-shadow-dark elementor-widget elementor-widget-call-to-action\" data-id=\"73c2621\" data-element_type=\"widget\" data-e-type=\"widget\" data-widget_type=\"call-to-action.default\">\n\t\t\t\t<div class=\"elementor-widget-container\">\n\t\t\t\t\t\t\t<a class=\"elementor-cta\" href=\"https:\/\/marinatextil.com\/sectors\/protective-fabric-foundries\/zinc-foundries\/\" target=\"_blank\">\n\t\t\t\t\t<div class=\"elementor-cta__bg-wrapper\">\n\t\t\t\t<div class=\"elementor-cta__bg elementor-bg\" style=\"background-image: url();\" role=\"img\" aria-label=\"\"><\/div>\n\t\t\t\t<div class=\"elementor-cta__bg-overlay\"><\/div>\n\t\t\t<\/div>\n\t\t\t\t\t\t\t<div class=\"elementor-cta__content\">\n\t\t\t\t\t\t\t\t\t<div class=\"elementor-content-item elementor-cta__content-item elementor-cta__image\">\n\t\t\t\t\t\t<img decoding=\"async\" width=\"150\" height=\"150\" src=\"https:\/\/marinatextil.com\/wp-content\/uploads\/2024\/04\/sectors-w_zinc-casting-150x150.webp\" class=\"attachment-thumbnail size-thumbnail wp-image-57337\" alt=\"\" srcset=\"https:\/\/marinatextil.com\/wp-content\/uploads\/2024\/04\/sectors-w_zinc-casting-150x150.webp 150w, https:\/\/marinatextil.com\/wp-content\/uploads\/2024\/04\/sectors-w_zinc-casting-300x300.webp 300w, https:\/\/marinatextil.com\/wp-content\/uploads\/2024\/04\/sectors-w_zinc-casting-600x600.webp 600w, https:\/\/marinatextil.com\/wp-content\/uploads\/2024\/04\/sectors-w_zinc-casting-1024x1024.webp 1024w, https:\/\/marinatextil.com\/wp-content\/uploads\/2024\/04\/sectors-w_zinc-casting-768x768.webp 768w, https:\/\/marinatextil.com\/wp-content\/uploads\/2024\/04\/sectors-w_zinc-casting.webp 1188w\" sizes=\"(max-width: 150px) 100vw, 150px\" \/>\t\t\t\t\t<\/div>\n\t\t\t\t\n\t\t\t\t\t\t\t\t\t<h2 class=\"elementor-cta__title elementor-cta__content-item elementor-content-item\">\n\t\t\t\t\t\tFundici\u00f3n de Zinc\t\t\t\t\t<\/h2>\n\t\t\t\t\n\t\t\t\t\n\t\t\t\t\t\t\t\t\t<div class=\"elementor-cta__button-wrapper elementor-cta__content-item elementor-content-item \">\n\t\t\t\t\t<span class=\"elementor-cta__button elementor-button elementor-size-\">\n\t\t\t\t\t\tM\u00e1s informaci\u00f3n\t\t\t\t\t<\/span>\n\t\t\t\t\t<\/div>\n\t\t\t\t\t\t\t<\/div>\n\t\t\t\t\t\t<\/a>\n\t\t\t\t\t\t<\/div>\n\t\t\t\t<\/div>\n\t\t\t\t<\/div>\n\t\t<div class=\"elementor-element elementor-element-d8ea154 e-con-full e-flex e-con e-child\" data-id=\"d8ea154\" data-element_type=\"container\" data-e-type=\"container\" data-settings=\"{&quot;jet_parallax_layout_list&quot;:[]}\">\n\t\t\t\t<div class=\"elementor-element elementor-element-6cb5594 elementor-cta--skin-cover elementor-cta--valign-middle cta-content-image-75-75 cust-title-shadow-dark elementor-widget elementor-widget-call-to-action\" data-id=\"6cb5594\" data-element_type=\"widget\" data-e-type=\"widget\" data-widget_type=\"call-to-action.default\">\n\t\t\t\t<div class=\"elementor-widget-container\">\n\t\t\t\t\t\t\t<a class=\"elementor-cta\" href=\"https:\/\/marinatextil.com\/sectors\/protective-fabric-foundries\/copper-foundries\/\" target=\"_blank\">\n\t\t\t\t\t<div class=\"elementor-cta__bg-wrapper\">\n\t\t\t\t<div class=\"elementor-cta__bg elementor-bg\" style=\"background-image: url();\" role=\"img\" aria-label=\"\"><\/div>\n\t\t\t\t<div class=\"elementor-cta__bg-overlay\"><\/div>\n\t\t\t<\/div>\n\t\t\t\t\t\t\t<div class=\"elementor-cta__content\">\n\t\t\t\t\t\t\t\t\t<div class=\"elementor-content-item elementor-cta__content-item elementor-cta__image\">\n\t\t\t\t\t\t<img decoding=\"async\" width=\"150\" height=\"150\" src=\"https:\/\/marinatextil.com\/wp-content\/uploads\/2024\/04\/sectors-w_copper-foundry-150x150.webp\" class=\"attachment-thumbnail size-thumbnail wp-image-57338\" alt=\"\" srcset=\"https:\/\/marinatextil.com\/wp-content\/uploads\/2024\/04\/sectors-w_copper-foundry-150x150.webp 150w, https:\/\/marinatextil.com\/wp-content\/uploads\/2024\/04\/sectors-w_copper-foundry-300x300.webp 300w, https:\/\/marinatextil.com\/wp-content\/uploads\/2024\/04\/sectors-w_copper-foundry-600x600.webp 600w, https:\/\/marinatextil.com\/wp-content\/uploads\/2024\/04\/sectors-w_copper-foundry-1024x1024.webp 1024w, https:\/\/marinatextil.com\/wp-content\/uploads\/2024\/04\/sectors-w_copper-foundry-768x768.webp 768w, https:\/\/marinatextil.com\/wp-content\/uploads\/2024\/04\/sectors-w_copper-foundry.webp 1188w\" sizes=\"(max-width: 150px) 100vw, 150px\" \/>\t\t\t\t\t<\/div>\n\t\t\t\t\n\t\t\t\t\t\t\t\t\t<h2 class=\"elementor-cta__title elementor-cta__content-item elementor-content-item\">\n\t\t\t\t\t\tFundici\u00f3n de Cobre\t\t\t\t\t<\/h2>\n\t\t\t\t\n\t\t\t\t\n\t\t\t\t\t\t\t\t\t<div class=\"elementor-cta__button-wrapper elementor-cta__content-item elementor-content-item \">\n\t\t\t\t\t<span class=\"elementor-cta__button elementor-button elementor-size-\">\n\t\t\t\t\t\tM\u00e1s informaci\u00f3n\t\t\t\t\t<\/span>\n\t\t\t\t\t<\/div>\n\t\t\t\t\t\t\t<\/div>\n\t\t\t\t\t\t<\/a>\n\t\t\t\t\t\t<\/div>\n\t\t\t\t<\/div>\n\t\t\t\t<div class=\"elementor-element elementor-element-c62554b elementor-cta--skin-cover elementor-cta--valign-middle cta-content-image-75-75 cust-title-shadow-dark elementor-widget elementor-widget-call-to-action\" data-id=\"c62554b\" data-element_type=\"widget\" data-e-type=\"widget\" data-widget_type=\"call-to-action.default\">\n\t\t\t\t<div class=\"elementor-widget-container\">\n\t\t\t\t\t\t\t<a class=\"elementor-cta\" href=\"https:\/\/marinatextil.com\/sectors\/protective-fabric-foundries\/glass-foundries\/\" target=\"_blank\">\n\t\t\t\t\t<div class=\"elementor-cta__bg-wrapper\">\n\t\t\t\t<div class=\"elementor-cta__bg elementor-bg\" style=\"background-image: url();\" role=\"img\" aria-label=\"\"><\/div>\n\t\t\t\t<div class=\"elementor-cta__bg-overlay\"><\/div>\n\t\t\t<\/div>\n\t\t\t\t\t\t\t<div class=\"elementor-cta__content\">\n\t\t\t\t\t\t\t\t\t<div class=\"elementor-content-item elementor-cta__content-item elementor-cta__image\">\n\t\t\t\t\t\t<img loading=\"lazy\" decoding=\"async\" width=\"150\" height=\"150\" src=\"https:\/\/marinatextil.com\/wp-content\/uploads\/2024\/04\/sectors-w_smelting-of-glass-150x150.webp\" class=\"attachment-thumbnail size-thumbnail wp-image-57339\" alt=\"\" srcset=\"https:\/\/marinatextil.com\/wp-content\/uploads\/2024\/04\/sectors-w_smelting-of-glass-150x150.webp 150w, https:\/\/marinatextil.com\/wp-content\/uploads\/2024\/04\/sectors-w_smelting-of-glass-300x300.webp 300w, https:\/\/marinatextil.com\/wp-content\/uploads\/2024\/04\/sectors-w_smelting-of-glass-600x600.webp 600w, https:\/\/marinatextil.com\/wp-content\/uploads\/2024\/04\/sectors-w_smelting-of-glass-1024x1024.webp 1024w, https:\/\/marinatextil.com\/wp-content\/uploads\/2024\/04\/sectors-w_smelting-of-glass-768x768.webp 768w, https:\/\/marinatextil.com\/wp-content\/uploads\/2024\/04\/sectors-w_smelting-of-glass.webp 1188w\" sizes=\"(max-width: 150px) 100vw, 150px\" \/>\t\t\t\t\t<\/div>\n\t\t\t\t\n\t\t\t\t\t\t\t\t\t<h2 class=\"elementor-cta__title elementor-cta__content-item elementor-content-item\">\n\t\t\t\t\t\tFundici\u00f3n de vidrio\t\t\t\t\t<\/h2>\n\t\t\t\t\n\t\t\t\t\n\t\t\t\t\t\t\t\t\t<div class=\"elementor-cta__button-wrapper elementor-cta__content-item elementor-content-item \">\n\t\t\t\t\t<span class=\"elementor-cta__button elementor-button elementor-size-\">\n\t\t\t\t\t\tM\u00e1s informaci\u00f3n\t\t\t\t\t<\/span>\n\t\t\t\t\t<\/div>\n\t\t\t\t\t\t\t<\/div>\n\t\t\t\t\t\t<\/a>\n\t\t\t\t\t\t<\/div>\n\t\t\t\t<\/div>\n\t\t\t\t<\/div>\n\t\t<div class=\"elementor-element elementor-element-edeec46 e-con-full e-flex e-con e-child\" data-id=\"edeec46\" data-element_type=\"container\" data-e-type=\"container\" data-settings=\"{&quot;jet_parallax_layout_list&quot;:[]}\">\n\t\t\t\t<div class=\"elementor-element elementor-element-7165cf0 elementor-cta--skin-cover elementor-cta--valign-middle cta-content-image-75-75 cust-title-shadow-dark elementor-widget elementor-widget-call-to-action\" data-id=\"7165cf0\" data-element_type=\"widget\" data-e-type=\"widget\" data-widget_type=\"call-to-action.default\">\n\t\t\t\t<div class=\"elementor-widget-container\">\n\t\t\t\t\t\t\t<a class=\"elementor-cta\" href=\"https:\/\/marinatextil.com\/sectors\/protective-fabric-foundries\/aluminum-foundries\/\" target=\"_blank\">\n\t\t\t\t\t<div class=\"elementor-cta__bg-wrapper\">\n\t\t\t\t<div class=\"elementor-cta__bg elementor-bg\" style=\"background-image: url();\" role=\"img\" aria-label=\"\"><\/div>\n\t\t\t\t<div class=\"elementor-cta__bg-overlay\"><\/div>\n\t\t\t<\/div>\n\t\t\t\t\t\t\t<div class=\"elementor-cta__content\">\n\t\t\t\t\t\t\t\t\t<div class=\"elementor-content-item elementor-cta__content-item elementor-cta__image\">\n\t\t\t\t\t\t<img loading=\"lazy\" decoding=\"async\" width=\"150\" height=\"150\" src=\"https:\/\/marinatextil.com\/wp-content\/uploads\/2024\/04\/sectors-w_aluminium-foundry-150x150.webp\" class=\"attachment-thumbnail size-thumbnail wp-image-57340\" alt=\"\" srcset=\"https:\/\/marinatextil.com\/wp-content\/uploads\/2024\/04\/sectors-w_aluminium-foundry-150x150.webp 150w, https:\/\/marinatextil.com\/wp-content\/uploads\/2024\/04\/sectors-w_aluminium-foundry-300x300.webp 300w, https:\/\/marinatextil.com\/wp-content\/uploads\/2024\/04\/sectors-w_aluminium-foundry-600x600.webp 600w, https:\/\/marinatextil.com\/wp-content\/uploads\/2024\/04\/sectors-w_aluminium-foundry-1024x1024.webp 1024w, https:\/\/marinatextil.com\/wp-content\/uploads\/2024\/04\/sectors-w_aluminium-foundry-768x768.webp 768w, https:\/\/marinatextil.com\/wp-content\/uploads\/2024\/04\/sectors-w_aluminium-foundry.webp 1188w\" sizes=\"(max-width: 150px) 100vw, 150px\" \/>\t\t\t\t\t<\/div>\n\t\t\t\t\n\t\t\t\t\t\t\t\t\t<h2 class=\"elementor-cta__title elementor-cta__content-item elementor-content-item\">\n\t\t\t\t\t\tFundici\u00f3n de aluminio\t\t\t\t\t<\/h2>\n\t\t\t\t\n\t\t\t\t\n\t\t\t\t\t\t\t\t\t<div class=\"elementor-cta__button-wrapper elementor-cta__content-item elementor-content-item \">\n\t\t\t\t\t<span class=\"elementor-cta__button elementor-button elementor-size-\">\n\t\t\t\t\t\tM\u00e1s informaci\u00f3n\t\t\t\t\t<\/span>\n\t\t\t\t\t<\/div>\n\t\t\t\t\t\t\t<\/div>\n\t\t\t\t\t\t<\/a>\n\t\t\t\t\t\t<\/div>\n\t\t\t\t<\/div>\n\t\t\t\t<div class=\"elementor-element elementor-element-0f438ea elementor-cta--skin-cover elementor-cta--valign-middle cta-content-image-75-75 cust-title-shadow-dark elementor-widget elementor-widget-call-to-action\" data-id=\"0f438ea\" data-element_type=\"widget\" data-e-type=\"widget\" data-widget_type=\"call-to-action.default\">\n\t\t\t\t<div class=\"elementor-widget-container\">\n\t\t\t\t\t\t\t<a class=\"elementor-cta\" href=\"https:\/\/marinatextil.com\/sectors\/protective-fabric-foundries\/cement-plants\/\" target=\"_blank\">\n\t\t\t\t\t<div class=\"elementor-cta__bg-wrapper\">\n\t\t\t\t<div class=\"elementor-cta__bg elementor-bg\" style=\"background-image: url();\" role=\"img\" aria-label=\"\"><\/div>\n\t\t\t\t<div class=\"elementor-cta__bg-overlay\"><\/div>\n\t\t\t<\/div>\n\t\t\t\t\t\t\t<div class=\"elementor-cta__content\">\n\t\t\t\t\t\t\t\t\t<div class=\"elementor-content-item elementor-cta__content-item elementor-cta__image\">\n\t\t\t\t\t\t<img loading=\"lazy\" decoding=\"async\" width=\"150\" height=\"150\" src=\"https:\/\/marinatextil.com\/wp-content\/uploads\/2024\/04\/sectors-w_cement-150x150.webp\" class=\"attachment-thumbnail size-thumbnail wp-image-57341\" alt=\"\" srcset=\"https:\/\/marinatextil.com\/wp-content\/uploads\/2024\/04\/sectors-w_cement-150x150.webp 150w, https:\/\/marinatextil.com\/wp-content\/uploads\/2024\/04\/sectors-w_cement-300x300.webp 300w, https:\/\/marinatextil.com\/wp-content\/uploads\/2024\/04\/sectors-w_cement-600x600.webp 600w, https:\/\/marinatextil.com\/wp-content\/uploads\/2024\/04\/sectors-w_cement-1024x1024.webp 1024w, https:\/\/marinatextil.com\/wp-content\/uploads\/2024\/04\/sectors-w_cement-768x768.webp 768w, https:\/\/marinatextil.com\/wp-content\/uploads\/2024\/04\/sectors-w_cement.webp 1188w\" sizes=\"(max-width: 150px) 100vw, 150px\" \/>\t\t\t\t\t<\/div>\n\t\t\t\t\n\t\t\t\t\t\t\t\t\t<h2 class=\"elementor-cta__title elementor-cta__content-item elementor-content-item\">\n\t\t\t\t\t\tPlantas de cemento\t\t\t\t\t<\/h2>\n\t\t\t\t\n\t\t\t\t\n\t\t\t\t\t\t\t\t\t<div class=\"elementor-cta__button-wrapper elementor-cta__content-item elementor-content-item \">\n\t\t\t\t\t<span class=\"elementor-cta__button elementor-button elementor-size-\">\n\t\t\t\t\t\tM\u00e1s informaci\u00f3n\t\t\t\t\t<\/span>\n\t\t\t\t\t<\/div>\n\t\t\t\t\t\t\t<\/div>\n\t\t\t\t\t\t<\/a>\n\t\t\t\t\t\t<\/div>\n\t\t\t\t<\/div>\n\t\t\t\t<\/div>\n\t\t\t\t<\/div>\n\t\t<div class=\"elementor-element elementor-element-5519a40 e-con-full e-flex e-con e-child\" data-id=\"5519a40\" data-element_type=\"container\" data-e-type=\"container\" data-settings=\"{&quot;jet_parallax_layout_list&quot;:[]}\">\n\t\t\t\t<div class=\"elementor-element elementor-element-f6b8eac elementor-align-center elementor-widget elementor-widget-button\" data-id=\"f6b8eac\" data-element_type=\"widget\" data-e-type=\"widget\" data-widget_type=\"button.default\">\n\t\t\t\t<div class=\"elementor-widget-container\">\n\t\t\t\t\t\t\t\t\t<div class=\"elementor-button-wrapper\">\n\t\t\t\t\t<a class=\"elementor-button elementor-button-link elementor-size-sm\" href=\"#elementor-action%3Aaction%3Dpopup%3Aopen%26settings%3DeyJpZCI6NzA0NzIsInRvZ2dsZSI6ZmFsc2V9\">\n\t\t\t\t\t\t<span class=\"elementor-button-content-wrapper\">\n\t\t\t\t\t\t\t\t\t<span class=\"elementor-button-text\">Solicitar informaci\u00f3n<\/span>\n\t\t\t\t\t<\/span>\n\t\t\t\t\t<\/a>\n\t\t\t\t<\/div>\n\t\t\t\t\t\t\t\t<\/div>\n\t\t\t\t<\/div>\n\t\t\t\t<\/div>\n\t\t\t\t<\/div>\n\t\t","protected":false},"excerpt":{"rendered":"<p>Tejido protector para fundiciones Fabricamos tejidos de protecci\u00f3n ign\u00edfugos para fundiciones, espec\u00edficamente desarrollados para ofrecer la m\u00e1xima protecci\u00f3n ante cada riesgo. En Marina Textil, estudiamos a fondo cada una de las zonas consideradas cr\u00edticas en las fundiciones. \u00c1reas como hornos de fusi\u00f3n, l\u00edneas de colada, trenes de laminaci\u00f3n, celdas electrol\u00edticas, etc., requieren tejidos t\u00e9cnicos espec\u00edficos [&hellip;]<\/p>\n","protected":false},"author":11,"featured_media":0,"parent":67771,"menu_order":0,"comment_status":"closed","ping_status":"closed","template":"","meta":{"footnotes":""},"class_list":["post-67801","page","type-page","status-publish","hentry"],"_links":{"self":[{"href":"https:\/\/marinatextil.com\/es\/wp-json\/wp\/v2\/pages\/67801","targetHints":{"allow":["GET"]}}],"collection":[{"href":"https:\/\/marinatextil.com\/es\/wp-json\/wp\/v2\/pages"}],"about":[{"href":"https:\/\/marinatextil.com\/es\/wp-json\/wp\/v2\/types\/page"}],"author":[{"embeddable":true,"href":"https:\/\/marinatextil.com\/es\/wp-json\/wp\/v2\/users\/11"}],"replies":[{"embeddable":true,"href":"https:\/\/marinatextil.com\/es\/wp-json\/wp\/v2\/comments?post=67801"}],"version-history":[{"count":0,"href":"https:\/\/marinatextil.com\/es\/wp-json\/wp\/v2\/pages\/67801\/revisions"}],"up":[{"embeddable":true,"href":"https:\/\/marinatextil.com\/es\/wp-json\/wp\/v2\/pages\/67771"}],"wp:attachment":[{"href":"https:\/\/marinatextil.com\/es\/wp-json\/wp\/v2\/media?parent=67801"}],"curies":[{"name":"wp","href":"https:\/\/api.w.org\/{rel}","templated":true}]}}