{"id":67805,"date":"2025-04-30T16:52:49","date_gmt":"2025-04-30T14:52:49","guid":{"rendered":"https:\/\/marinatextil.com\/sectores\/fundiciones-de-tejidos-protectores\/fundiciones-de-vidrio"},"modified":"2026-02-10T17:25:40","modified_gmt":"2026-02-10T16:25:40","slug":"fundiciones-de-vidrio","status":"publish","type":"page","link":"https:\/\/marinatextil.com\/es\/sectores\/fundiciones-de-tejidos-protectores\/fundiciones-de-vidrio\/","title":{"rendered":"Tejidos resistentes al fuego para fundiciones de vidrio"},"content":{"rendered":"\t\t<div data-elementor-type=\"wp-post\" data-elementor-id=\"67805\" class=\"elementor elementor-67805 elementor-2782\" data-elementor-post-type=\"page\">\n\t\t\t\t<div class=\"elementor-element elementor-element-b95a947 e-flex e-con-boxed e-con e-parent\" data-id=\"b95a947\" data-element_type=\"container\" data-e-type=\"container\" data-settings=\"{&quot;background_background&quot;:&quot;classic&quot;,&quot;jet_parallax_layout_list&quot;:[]}\">\n\t\t\t\t\t<div class=\"e-con-inner\">\n\t\t\t\t<div class=\"elementor-element elementor-element-45e328e elementor-widget elementor-widget-heading\" data-id=\"45e328e\" data-element_type=\"widget\" data-e-type=\"widget\" data-widget_type=\"heading.default\">\n\t\t\t\t<div class=\"elementor-widget-container\">\n\t\t\t\t\t<h1 class=\"elementor-heading-title elementor-size-default\">Tejidos resistentes al fuego para fundiciones de vidrio<\/h1>\t\t\t\t<\/div>\n\t\t\t\t<\/div>\n\t\t\t\t\t<\/div>\n\t\t\t\t<\/div>\n\t\t<div class=\"elementor-element elementor-element-b36d122 cust-no-padding-bottom e-flex e-con-boxed e-con e-parent\" data-id=\"b36d122\" data-element_type=\"container\" data-e-type=\"container\" data-settings=\"{&quot;jet_parallax_layout_list&quot;:[]}\">\n\t\t\t\t\t<div class=\"e-con-inner\">\n\t\t<div class=\"elementor-element elementor-element-4a74cd3 e-con-full e-flex e-con e-child\" data-id=\"4a74cd3\" data-element_type=\"container\" data-e-type=\"container\" data-settings=\"{&quot;jet_parallax_layout_list&quot;:[]}\">\n\t\t\t\t<div class=\"elementor-element elementor-element-8ab1dce cust-img-100-100 elementor-widget elementor-widget-image\" data-id=\"8ab1dce\" data-element_type=\"widget\" data-e-type=\"widget\" data-widget_type=\"image.default\">\n\t\t\t\t<div class=\"elementor-widget-container\">\n\t\t\t\t\t\t\t\t\t\t\t\t\t\t\t<img decoding=\"async\" width=\"150\" height=\"150\" src=\"https:\/\/marinatextil.com\/wp-content\/uploads\/2024\/01\/picto_smelting-of-glass-150x150-1.webp\" class=\"attachment-thumbnail size-thumbnail wp-image-54577\" alt=\"\" srcset=\"https:\/\/marinatextil.com\/wp-content\/uploads\/2024\/01\/picto_smelting-of-glass-150x150-1.webp 150w, https:\/\/marinatextil.com\/wp-content\/uploads\/2024\/01\/picto_smelting-of-glass-150x150-1-100x100.webp 100w, https:\/\/marinatextil.com\/wp-content\/uploads\/2024\/01\/picto_smelting-of-glass-150x150-1-140x140.webp 140w\" sizes=\"(max-width: 150px) 100vw, 150px\" \/>\t\t\t\t\t\t\t\t\t\t\t\t\t\t\t<\/div>\n\t\t\t\t<\/div>\n\t\t\t\t<div class=\"elementor-element elementor-element-8316756 elementor-widget elementor-widget-text-editor\" data-id=\"8316756\" data-element_type=\"widget\" data-e-type=\"widget\" data-widget_type=\"text-editor.default\">\n\t\t\t\t<div class=\"elementor-widget-container\">\n\t\t\t\t\t\t\t\t\t<p>Los tejidos deben evitar quemaduras por contacto o calor radiante.<\/p>\n\t\t\t\t\t\t\t\t<\/div>\n\t\t\t\t<\/div>\n\t\t\t\t<\/div>\n\t\t<div class=\"elementor-element elementor-element-b764a8e e-con-full e-flex e-con e-child\" data-id=\"b764a8e\" data-element_type=\"container\" data-e-type=\"container\" data-settings=\"{&quot;jet_parallax_layout_list&quot;:[]}\">\n\t\t\t\t<div class=\"elementor-element elementor-element-175baa4 elementor-widget elementor-widget-text-editor\" data-id=\"175baa4\" data-element_type=\"widget\" data-e-type=\"widget\" data-widget_type=\"text-editor.default\">\n\t\t\t\t<div class=\"elementor-widget-container\">\n\t\t\t\t\t\t\t\t\t<p>Este tipo de fundici\u00f3n es menos arriesgado. Sin embargo, la exposici\u00f3n individual a las zonas del horno, as\u00ed como la fabricaci\u00f3n del producto en s\u00ed, siguen siendo significativas.\u00a0<strong>Los riesgos suelen ser quemaduras por contacto y calor radiante<\/strong>.<\/p>\n<p>Marina Textil trabaja en tejidos ign\u00edfugos para fundiciones de vidrio que soportan el contacto con gotas de vidrio en el caso de plantas de fabricaci\u00f3n de botellas o envases y, en el caso de plantas donde se fabrican l\u00e1minas de vidrio, parabrisas, etc., con las piezas en cuesti\u00f3n.<\/p>\n<p><strong>Otro riesgo es el calor radiante, que suele ser prolongado y muy intenso<\/strong>. Para ello, Marina cuenta con tejidos ign\u00edfugos para fundiciones de vidrio que garantizan una mayor protecci\u00f3n y durabilidad de las prendas. Estos tejidos tambi\u00e9n protegen contra otros riesgos que, en menor medida, tambi\u00e9n podr\u00edan surgir en las f\u00e1bricas de vidrio, como el calor convectivo, salpicaduras de <a href=\"https:\/\/marinatextil.com\/es\/tejido-tecnico\/tejidos-segun-riesgo\/materiales-peligrosos\/\" target=\"_blank\" rel=\"noopener\">productos qu\u00edmicos l\u00edquidos<\/a>\u00a0y\u00a0<a href=\"https:\/\/marinatextil.com\/es\/tejido-tecnico\/tejidos-segun-riesgo\/tejidos-de-alta-visibilidad\/\" target=\"_blank\" rel=\"noopener\">baja visibilidad<\/a>.<\/p>\n<p>Estos son los tejidos ign\u00edfugos que Marina Textil ha desarrollado para fundiciones de vidrio. Haga clic en cualquiera de ellos para obtener m\u00e1s informaci\u00f3n sobre sus especificaciones.<\/p>\n\t\t\t\t\t\t\t\t<\/div>\n\t\t\t\t<\/div>\n\t\t\t\t<\/div>\n\t\t\t\t\t<\/div>\n\t\t\t\t<\/div>\n\t\t<div class=\"elementor-element elementor-element-50ac55b row-ctas-tejidos e-flex e-con-boxed e-con e-child\" data-id=\"50ac55b\" data-element_type=\"container\" data-e-type=\"container\" data-settings=\"{&quot;jet_parallax_layout_list&quot;:[]}\">\n\t\t\t\t\t<div class=\"e-con-inner\">\n\t\t\t\t<div class=\"elementor-element elementor-element-537078b elementor-cta--valign-top cust-tpl-cta-product elementor-widget__width-initial elementor-cta--skin-classic elementor-animated-content elementor-invisible elementor-widget elementor-widget-call-to-action\" data-id=\"537078b\" data-element_type=\"widget\" data-e-type=\"widget\" data-settings=\"{&quot;_animation&quot;:&quot;fadeIn&quot;,&quot;_animation_delay&quot;:500}\" data-widget_type=\"call-to-action.default\">\n\t\t\t\t<div class=\"elementor-widget-container\">\n\t\t\t\t\t\t\t<a class=\"elementor-cta\" href=\"https:\/\/marinatextil.com\/technical-fabric\/marlan\/\" target=\"_blank\">\n\t\t\t\t\t\t\t<div class=\"elementor-cta__content\">\n\t\t\t\t\t\t\t\t\t<div class=\"elementor-content-item elementor-cta__content-item elementor-cta__image\">\n\t\t\t\t\t\t<img fetchpriority=\"high\" decoding=\"async\" width=\"674\" height=\"139\" src=\"https:\/\/marinatextil.com\/wp-content\/uploads\/2024\/01\/marlan-marina-textil.webp\" class=\"attachment-full size-full wp-image-53543\" alt=\"\" srcset=\"https:\/\/marinatextil.com\/wp-content\/uploads\/2024\/01\/marlan-marina-textil.webp 674w, https:\/\/marinatextil.com\/wp-content\/uploads\/2024\/01\/marlan-marina-textil-600x124.webp 600w, https:\/\/marinatextil.com\/wp-content\/uploads\/2024\/01\/marlan-marina-textil-300x62.webp 300w, https:\/\/marinatextil.com\/wp-content\/uploads\/2024\/01\/marlan-marina-textil-670x139.webp 670w\" sizes=\"(max-width: 674px) 100vw, 674px\" \/>\t\t\t\t\t<\/div>\n\t\t\t\t\n\t\t\t\t\n\t\t\t\t\t\t\t\t\t<div class=\"elementor-cta__description elementor-cta__content-item elementor-content-item\">\n\t\t\t\t\t\t<p>Tejido t\u00e9cnico ign\u00edfugo para protecci\u00f3n contra el calor radiante (aluminizado) y las llamas, capaz de repeler grandes salpicaduras de aluminio, hierro, acero, criolita, entre otros.<\/p>\n\t\t\t\t\t<\/div>\n\t\t\t\t\n\t\t\t\t\t\t\t\t\t<div class=\"elementor-cta__button-wrapper elementor-cta__content-item elementor-content-item \">\n\t\t\t\t\t<span class=\"elementor-cta__button elementor-button elementor-size-xs\">\n\t\t\t\t\t\tinfo\t\t\t\t\t<\/span>\n\t\t\t\t\t<\/div>\n\t\t\t\t\t\t\t<\/div>\n\t\t\t\t\t\t<\/a>\n\t\t\t\t\t\t<\/div>\n\t\t\t\t<\/div>\n\t\t\t\t<div class=\"elementor-element elementor-element-b5e7d75 elementor-cta--valign-top cust-tpl-cta-product elementor-widget__width-initial elementor-cta--skin-classic elementor-animated-content elementor-invisible elementor-widget elementor-widget-call-to-action\" data-id=\"b5e7d75\" data-element_type=\"widget\" data-e-type=\"widget\" data-settings=\"{&quot;_animation&quot;:&quot;fadeIn&quot;,&quot;_animation_delay&quot;:500}\" data-widget_type=\"call-to-action.default\">\n\t\t\t\t<div class=\"elementor-widget-container\">\n\t\t\t\t\t\t\t<a class=\"elementor-cta\" href=\"https:\/\/marinatextil.com\/technical-fabric\/marlan-plus\/\" target=\"_blank\">\n\t\t\t\t\t\t\t<div class=\"elementor-cta__content\">\n\t\t\t\t\t\t\t\t\t<div class=\"elementor-content-item elementor-cta__content-item elementor-cta__image\">\n\t\t\t\t\t\t<img decoding=\"async\" width=\"674\" height=\"139\" src=\"https:\/\/marinatextil.com\/wp-content\/uploads\/2024\/01\/marlanplus-marina-textil.webp\" class=\"attachment-full size-full wp-image-53548\" alt=\"\" srcset=\"https:\/\/marinatextil.com\/wp-content\/uploads\/2024\/01\/marlanplus-marina-textil.webp 674w, https:\/\/marinatextil.com\/wp-content\/uploads\/2024\/01\/marlanplus-marina-textil-600x124.webp 600w, https:\/\/marinatextil.com\/wp-content\/uploads\/2024\/01\/marlanplus-marina-textil-300x62.webp 300w, https:\/\/marinatextil.com\/wp-content\/uploads\/2024\/01\/marlanplus-marina-textil-670x139.webp 670w\" sizes=\"(max-width: 674px) 100vw, 674px\" \/>\t\t\t\t\t<\/div>\n\t\t\t\t\n\t\t\t\t\n\t\t\t\t\t\t\t\t\t<div class=\"elementor-cta__description elementor-cta__content-item elementor-content-item\">\n\t\t\t\t\t\t<p>Tejido inherentemente ign\u00edfugo y ligero para fundiciones, que ofrece una alta protecci\u00f3n frente a salpicaduras de aluminio fundido o aceros especiales, y certificado para protecci\u00f3n contra el arco el\u00e9ctrico.<\/p>\n\t\t\t\t\t<\/div>\n\t\t\t\t\n\t\t\t\t\t\t\t\t\t<div class=\"elementor-cta__button-wrapper elementor-cta__content-item elementor-content-item \">\n\t\t\t\t\t<span class=\"elementor-cta__button elementor-button elementor-size-xs\">\n\t\t\t\t\t\tinfo\t\t\t\t\t<\/span>\n\t\t\t\t\t<\/div>\n\t\t\t\t\t\t\t<\/div>\n\t\t\t\t\t\t<\/a>\n\t\t\t\t\t\t<\/div>\n\t\t\t\t<\/div>\n\t\t\t\t<div class=\"elementor-element elementor-element-d625886 elementor-cta--valign-top cust-tpl-cta-product elementor-widget__width-initial elementor-cta--skin-classic elementor-animated-content elementor-invisible elementor-widget elementor-widget-call-to-action\" data-id=\"d625886\" data-element_type=\"widget\" data-e-type=\"widget\" data-settings=\"{&quot;_animation&quot;:&quot;fadeIn&quot;,&quot;_animation_delay&quot;:500}\" data-widget_type=\"call-to-action.default\">\n\t\t\t\t<div class=\"elementor-widget-container\">\n\t\t\t\t\t\t\t<a class=\"elementor-cta\" href=\"https:\/\/marinatextil.com\/technical-fabric\/marlan-v\/\" target=\"_blank\">\n\t\t\t\t\t\t\t<div class=\"elementor-cta__content\">\n\t\t\t\t\t\t\t\t\t<div class=\"elementor-content-item elementor-cta__content-item elementor-cta__image\">\n\t\t\t\t\t\t<img loading=\"lazy\" decoding=\"async\" width=\"674\" height=\"139\" src=\"https:\/\/marinatextil.com\/wp-content\/uploads\/2024\/01\/marlanv-marina-textil.webp\" class=\"attachment-full size-full wp-image-53544\" alt=\"\" srcset=\"https:\/\/marinatextil.com\/wp-content\/uploads\/2024\/01\/marlanv-marina-textil.webp 674w, https:\/\/marinatextil.com\/wp-content\/uploads\/2024\/01\/marlanv-marina-textil-600x124.webp 600w, https:\/\/marinatextil.com\/wp-content\/uploads\/2024\/01\/marlanv-marina-textil-300x62.webp 300w, https:\/\/marinatextil.com\/wp-content\/uploads\/2024\/01\/marlanv-marina-textil-670x139.webp 670w\" sizes=\"(max-width: 674px) 100vw, 674px\" \/>\t\t\t\t\t<\/div>\n\t\t\t\t\n\t\t\t\t\n\t\t\t\t\t\t\t\t\t<div class=\"elementor-cta__description elementor-cta__content-item elementor-content-item\">\n\t\t\t\t\t\t<p>Variante de Marlan que supera las normas estadounidenses de inflamabilidad vertical ASTM D6413 y ASTM F955.<\/p>\n\t\t\t\t\t<\/div>\n\t\t\t\t\n\t\t\t\t\t\t\t\t\t<div class=\"elementor-cta__button-wrapper elementor-cta__content-item elementor-content-item \">\n\t\t\t\t\t<span class=\"elementor-cta__button elementor-button elementor-size-xs\">\n\t\t\t\t\t\tinfo\t\t\t\t\t<\/span>\n\t\t\t\t\t<\/div>\n\t\t\t\t\t\t\t<\/div>\n\t\t\t\t\t\t<\/a>\n\t\t\t\t\t\t<\/div>\n\t\t\t\t<\/div>\n\t\t\t\t<div class=\"elementor-element elementor-element-81d6d11 elementor-cta--valign-top cust-tpl-cta-product elementor-widget__width-initial elementor-cta--skin-classic elementor-animated-content elementor-invisible elementor-widget elementor-widget-call-to-action\" data-id=\"81d6d11\" data-element_type=\"widget\" data-e-type=\"widget\" data-settings=\"{&quot;_animation&quot;:&quot;fadeIn&quot;,&quot;_animation_delay&quot;:500}\" data-widget_type=\"call-to-action.default\">\n\t\t\t\t<div class=\"elementor-widget-container\">\n\t\t\t\t\t\t\t<a class=\"elementor-cta\" href=\"https:\/\/marinatextil.com\/technical-fabric\/marko-astm\/\" target=\"_blank\">\n\t\t\t\t\t\t\t<div class=\"elementor-cta__content\">\n\t\t\t\t\t\t\t\t\t<div class=\"elementor-content-item elementor-cta__content-item elementor-cta__image\">\n\t\t\t\t\t\t<img loading=\"lazy\" decoding=\"async\" width=\"674\" height=\"139\" src=\"https:\/\/marinatextil.com\/wp-content\/uploads\/2024\/01\/markoastm-marina-textil.webp\" class=\"attachment-full size-full wp-image-53553\" alt=\"\" srcset=\"https:\/\/marinatextil.com\/wp-content\/uploads\/2024\/01\/markoastm-marina-textil.webp 674w, https:\/\/marinatextil.com\/wp-content\/uploads\/2024\/01\/markoastm-marina-textil-600x124.webp 600w, https:\/\/marinatextil.com\/wp-content\/uploads\/2024\/01\/markoastm-marina-textil-300x62.webp 300w, https:\/\/marinatextil.com\/wp-content\/uploads\/2024\/01\/markoastm-marina-textil-670x139.webp 670w\" sizes=\"(max-width: 674px) 100vw, 674px\" \/>\t\t\t\t\t<\/div>\n\t\t\t\t\n\t\t\t\t\n\t\t\t\t\t\t\t\t\t<div class=\"elementor-cta__description elementor-cta__content-item elementor-content-item\">\n\t\t\t\t\t\t<p>Tejido ign\u00edfugo dise\u00f1ado para el mercado estadounidense, con protecci\u00f3n contra arco el\u00e9ctrico, fuego repentino (flash fire), riesgos electrost\u00e1ticos y salpicaduras qu\u00edmicas.<\/p>\n\t\t\t\t\t<\/div>\n\t\t\t\t\n\t\t\t\t\t\t\t\t\t<div class=\"elementor-cta__button-wrapper elementor-cta__content-item elementor-content-item \">\n\t\t\t\t\t<span class=\"elementor-cta__button elementor-button elementor-size-xs\">\n\t\t\t\t\t\tinfo\t\t\t\t\t<\/span>\n\t\t\t\t\t<\/div>\n\t\t\t\t\t\t\t<\/div>\n\t\t\t\t\t\t<\/a>\n\t\t\t\t\t\t<\/div>\n\t\t\t\t<\/div>\n\t\t\t\t<div class=\"elementor-element elementor-element-45d11db elementor-cta--valign-top cust-tpl-cta-product elementor-widget__width-initial elementor-cta--skin-classic elementor-animated-content elementor-invisible elementor-widget elementor-widget-call-to-action\" data-id=\"45d11db\" data-element_type=\"widget\" data-e-type=\"widget\" data-settings=\"{&quot;_animation&quot;:&quot;fadeIn&quot;,&quot;_animation_delay&quot;:500}\" data-widget_type=\"call-to-action.default\">\n\t\t\t\t<div class=\"elementor-widget-container\">\n\t\t\t\t\t\t\t<a class=\"elementor-cta\" href=\"https:\/\/marinatextil.com\/technical-fabric\/marko\/\" target=\"_blank\">\n\t\t\t\t\t\t\t<div class=\"elementor-cta__content\">\n\t\t\t\t\t\t\t\t\t<div class=\"elementor-content-item elementor-cta__content-item elementor-cta__image\">\n\t\t\t\t\t\t<img loading=\"lazy\" decoding=\"async\" width=\"674\" height=\"139\" src=\"https:\/\/marinatextil.com\/wp-content\/uploads\/2024\/01\/marko-marina-textil.webp\" class=\"attachment-full size-full wp-image-53554\" alt=\"\" srcset=\"https:\/\/marinatextil.com\/wp-content\/uploads\/2024\/01\/marko-marina-textil.webp 674w, https:\/\/marinatextil.com\/wp-content\/uploads\/2024\/01\/marko-marina-textil-600x124.webp 600w, https:\/\/marinatextil.com\/wp-content\/uploads\/2024\/01\/marko-marina-textil-300x62.webp 300w, https:\/\/marinatextil.com\/wp-content\/uploads\/2024\/01\/marko-marina-textil-670x139.webp 670w\" sizes=\"(max-width: 674px) 100vw, 674px\" \/>\t\t\t\t\t<\/div>\n\t\t\t\t\n\t\t\t\t\n\t\t\t\t\t\t\t\t\t<div class=\"elementor-cta__description elementor-cta__content-item elementor-content-item\">\n\t\t\t\t\t\t<p>Tejido multiest\u00e1ndar, disponible en versiones tejidas o de punto, con protecci\u00f3n inherente contra el fuego, el arco el\u00e9ctrico, la soldadura, la electricidad est\u00e1tica y las salpicaduras qu\u00edmicas.<\/p>\n\t\t\t\t\t<\/div>\n\t\t\t\t\n\t\t\t\t\t\t\t\t\t<div class=\"elementor-cta__button-wrapper elementor-cta__content-item elementor-content-item \">\n\t\t\t\t\t<span class=\"elementor-cta__button elementor-button elementor-size-xs\">\n\t\t\t\t\t\tinfo\t\t\t\t\t<\/span>\n\t\t\t\t\t<\/div>\n\t\t\t\t\t\t\t<\/div>\n\t\t\t\t\t\t<\/a>\n\t\t\t\t\t\t<\/div>\n\t\t\t\t<\/div>\n\t\t\t\t\t<\/div>\n\t\t\t\t<\/div>\n\t\t<div class=\"elementor-element elementor-element-a6055e4 e-flex e-con-boxed e-con e-parent\" data-id=\"a6055e4\" data-element_type=\"container\" data-e-type=\"container\" data-settings=\"{&quot;jet_parallax_layout_list&quot;:[]}\">\n\t\t\t\t\t<div class=\"e-con-inner\">\n\t\t<div class=\"elementor-element elementor-element-0024c93 e-con-full e-flex e-con e-child\" data-id=\"0024c93\" data-element_type=\"container\" data-e-type=\"container\" data-settings=\"{&quot;jet_parallax_layout_list&quot;:[]}\">\n\t\t\t\t<div class=\"elementor-element elementor-element-f2763ea elementor-widget-divider--view-line elementor-widget elementor-widget-divider\" data-id=\"f2763ea\" data-element_type=\"widget\" data-e-type=\"widget\" data-widget_type=\"divider.default\">\n\t\t\t\t<div class=\"elementor-widget-container\">\n\t\t\t\t\t\t\t<div class=\"elementor-divider\">\n\t\t\t<span class=\"elementor-divider-separator\">\n\t\t\t\t\t\t<\/span>\n\t\t<\/div>\n\t\t\t\t\t\t<\/div>\n\t\t\t\t<\/div>\n\t\t\t\t<div class=\"elementor-element elementor-element-ce1dcc7 elementor-widget elementor-widget-heading\" data-id=\"ce1dcc7\" data-element_type=\"widget\" data-e-type=\"widget\" data-widget_type=\"heading.default\">\n\t\t\t\t<div class=\"elementor-widget-container\">\n\t\t\t\t\t<h3 class=\"elementor-heading-title elementor-size-default\">NORMAS QUE DEBEN CUMPLIR LAS TELAS DE PROTECCI\u00d3N PARA FUNDICIONES DE VIDRIO<\/h3>\t\t\t\t<\/div>\n\t\t\t\t<\/div>\n\t\t\t\t<div class=\"elementor-element elementor-element-426398f elementor-widget-divider--view-line elementor-widget elementor-widget-divider\" data-id=\"426398f\" data-element_type=\"widget\" data-e-type=\"widget\" data-widget_type=\"divider.default\">\n\t\t\t\t<div class=\"elementor-widget-container\">\n\t\t\t\t\t\t\t<div class=\"elementor-divider\">\n\t\t\t<span class=\"elementor-divider-separator\">\n\t\t\t\t\t\t<\/span>\n\t\t<\/div>\n\t\t\t\t\t\t<\/div>\n\t\t\t\t<\/div>\n\t\t<div class=\"elementor-element elementor-element-5c9dfda e-con-full e-flex e-con e-child\" data-id=\"5c9dfda\" data-element_type=\"container\" data-e-type=\"container\" data-settings=\"{&quot;jet_parallax_layout_list&quot;:[]}\">\n\t\t<div class=\"elementor-element elementor-element-f6ee83d e-con-full e-flex e-con e-child\" data-id=\"f6ee83d\" data-element_type=\"container\" data-e-type=\"container\" data-settings=\"{&quot;jet_parallax_layout_list&quot;:[]}\">\n\t\t\t\t<div class=\"elementor-element elementor-element-e309a09 cust-img-75-75 elementor-widget elementor-widget-image\" data-id=\"e309a09\" data-element_type=\"widget\" data-e-type=\"widget\" data-widget_type=\"image.default\">\n\t\t\t\t<div class=\"elementor-widget-container\">\n\t\t\t\t\t\t\t\t\t\t\t\t\t\t\t\t<a href=\"https:\/\/marinatextil.com\/textile-standard\/en-iso-11612\/\" target=\"_blank\">\n\t\t\t\t\t\t\t<img loading=\"lazy\" decoding=\"async\" width=\"150\" height=\"150\" src=\"https:\/\/marinatextil.com\/wp-content\/uploads\/2024\/01\/EN-11612-1-150x150-1.webp\" class=\"attachment-thumbnail size-thumbnail wp-image-54698\" alt=\"\" srcset=\"https:\/\/marinatextil.com\/wp-content\/uploads\/2024\/01\/EN-11612-1-150x150-1.webp 150w, https:\/\/marinatextil.com\/wp-content\/uploads\/2024\/01\/EN-11612-1-150x150-1-100x100.webp 100w, https:\/\/marinatextil.com\/wp-content\/uploads\/2024\/01\/EN-11612-1-150x150-1-140x140.webp 140w\" sizes=\"(max-width: 150px) 100vw, 150px\" \/>\t\t\t\t\t\t\t\t<\/a>\n\t\t\t\t\t\t\t\t\t\t\t\t\t\t\t<\/div>\n\t\t\t\t<\/div>\n\t\t\t\t<\/div>\n\t\t<div class=\"elementor-element elementor-element-e9289df e-con-full e-flex e-con e-child\" data-id=\"e9289df\" data-element_type=\"container\" data-e-type=\"container\" data-settings=\"{&quot;jet_parallax_layout_list&quot;:[]}\">\n\t\t\t\t<div class=\"elementor-element elementor-element-892898d cust-img-75-75 elementor-widget elementor-widget-image\" data-id=\"892898d\" data-element_type=\"widget\" data-e-type=\"widget\" data-widget_type=\"image.default\">\n\t\t\t\t<div class=\"elementor-widget-container\">\n\t\t\t\t\t\t\t\t\t\t\t\t\t\t\t\t<a href=\"https:\/\/marinatextil.com\/textile-standard\/en-iso-20471\/\" target=\"_blank\">\n\t\t\t\t\t\t\t<img loading=\"lazy\" decoding=\"async\" width=\"150\" height=\"150\" src=\"https:\/\/marinatextil.com\/wp-content\/uploads\/2024\/01\/EN-20471-1-150x150-1.webp\" class=\"attachment-thumbnail size-thumbnail wp-image-54744\" alt=\"\" srcset=\"https:\/\/marinatextil.com\/wp-content\/uploads\/2024\/01\/EN-20471-1-150x150-1.webp 150w, https:\/\/marinatextil.com\/wp-content\/uploads\/2024\/01\/EN-20471-1-150x150-1-100x100.webp 100w, https:\/\/marinatextil.com\/wp-content\/uploads\/2024\/01\/EN-20471-1-150x150-1-140x140.webp 140w\" sizes=\"(max-width: 150px) 100vw, 150px\" \/>\t\t\t\t\t\t\t\t<\/a>\n\t\t\t\t\t\t\t\t\t\t\t\t\t\t\t<\/div>\n\t\t\t\t<\/div>\n\t\t\t\t<\/div>\n\t\t<div class=\"elementor-element elementor-element-edc12c1 e-con-full e-flex e-con e-child\" data-id=\"edc12c1\" data-element_type=\"container\" data-e-type=\"container\" data-settings=\"{&quot;jet_parallax_layout_list&quot;:[]}\">\n\t\t\t\t<div class=\"elementor-element elementor-element-1c094bf cust-img-75-75 elementor-widget elementor-widget-image\" data-id=\"1c094bf\" data-element_type=\"widget\" data-e-type=\"widget\" data-widget_type=\"image.default\">\n\t\t\t\t<div class=\"elementor-widget-container\">\n\t\t\t\t\t\t\t\t\t\t\t\t\t\t\t\t<a href=\"https:\/\/marinatextil.com\/textile-standard\/nfpa-2112\/\" target=\"_blank\">\n\t\t\t\t\t\t\t<img loading=\"lazy\" decoding=\"async\" width=\"150\" height=\"150\" src=\"https:\/\/marinatextil.com\/wp-content\/uploads\/2024\/01\/NFPA-2112-1-150x150-1.webp\" class=\"attachment-thumbnail size-thumbnail wp-image-54749\" alt=\"\" srcset=\"https:\/\/marinatextil.com\/wp-content\/uploads\/2024\/01\/NFPA-2112-1-150x150-1.webp 150w, https:\/\/marinatextil.com\/wp-content\/uploads\/2024\/01\/NFPA-2112-1-150x150-1-100x100.webp 100w, https:\/\/marinatextil.com\/wp-content\/uploads\/2024\/01\/NFPA-2112-1-150x150-1-140x140.webp 140w\" sizes=\"(max-width: 150px) 100vw, 150px\" \/>\t\t\t\t\t\t\t\t<\/a>\n\t\t\t\t\t\t\t\t\t\t\t\t\t\t\t<\/div>\n\t\t\t\t<\/div>\n\t\t\t\t<\/div>\n\t\t<div class=\"elementor-element elementor-element-c497374 e-con-full e-flex e-con e-child\" data-id=\"c497374\" data-element_type=\"container\" data-e-type=\"container\" data-settings=\"{&quot;jet_parallax_layout_list&quot;:[]}\">\n\t\t\t\t<\/div>\n\t\t<div class=\"elementor-element elementor-element-7d10ea4 e-con-full e-flex e-con e-child\" data-id=\"7d10ea4\" data-element_type=\"container\" data-e-type=\"container\" data-settings=\"{&quot;jet_parallax_layout_list&quot;:[]}\">\n\t\t\t\t<\/div>\n\t\t<div class=\"elementor-element elementor-element-3ee516b e-con-full e-flex e-con e-child\" data-id=\"3ee516b\" data-element_type=\"container\" data-e-type=\"container\" data-settings=\"{&quot;jet_parallax_layout_list&quot;:[]}\">\n\t\t\t\t<\/div>\n\t\t<div class=\"elementor-element elementor-element-5da576f e-con-full e-flex e-con e-child\" data-id=\"5da576f\" data-element_type=\"container\" data-e-type=\"container\" data-settings=\"{&quot;jet_parallax_layout_list&quot;:[]}\">\n\t\t\t\t<\/div>\n\t\t<div class=\"elementor-element elementor-element-e676790 e-con-full e-flex e-con e-child\" data-id=\"e676790\" data-element_type=\"container\" data-e-type=\"container\" data-settings=\"{&quot;jet_parallax_layout_list&quot;:[]}\">\n\t\t\t\t<\/div>\n\t\t<div class=\"elementor-element elementor-element-47ec86c e-con-full e-flex e-con e-child\" data-id=\"47ec86c\" data-element_type=\"container\" data-e-type=\"container\" data-settings=\"{&quot;jet_parallax_layout_list&quot;:[]}\">\n\t\t\t\t<\/div>\n\t\t\t\t<\/div>\n\t\t\t\t<\/div>\n\t\t\t\t\t<\/div>\n\t\t\t\t<\/div>\n\t\t<div class=\"elementor-element elementor-element-ca67eaf e-con-full e-flex e-con e-child\" data-id=\"ca67eaf\" data-element_type=\"container\" data-e-type=\"container\" data-settings=\"{&quot;jet_parallax_layout_list&quot;:[]}\">\n\t\t\t\t<div class=\"elementor-element elementor-element-0930231 elementor-align-center elementor-widget elementor-widget-button\" data-id=\"0930231\" data-element_type=\"widget\" data-e-type=\"widget\" data-widget_type=\"button.default\">\n\t\t\t\t<div class=\"elementor-widget-container\">\n\t\t\t\t\t\t\t\t\t<div class=\"elementor-button-wrapper\">\n\t\t\t\t\t<a class=\"elementor-button elementor-button-link elementor-size-sm\" href=\"#elementor-action%3Aaction%3Dpopup%3Aopen%26settings%3DeyJpZCI6NzA0NzIsInRvZ2dsZSI6ZmFsc2V9\">\n\t\t\t\t\t\t<span class=\"elementor-button-content-wrapper\">\n\t\t\t\t\t\t\t\t\t<span class=\"elementor-button-text\">Solicitar informaci\u00f3n<\/span>\n\t\t\t\t\t<\/span>\n\t\t\t\t\t<\/a>\n\t\t\t\t<\/div>\n\t\t\t\t\t\t\t\t<\/div>\n\t\t\t\t<\/div>\n\t\t\t\t<\/div>\n\t\t\t\t<\/div>\n\t\t","protected":false},"excerpt":{"rendered":"<p>Tejidos resistentes al fuego para fundiciones de vidrio Los tejidos deben evitar quemaduras por contacto o calor radiante. Este tipo de fundici\u00f3n es menos arriesgado. Sin embargo, la exposici\u00f3n individual a las zonas del horno, as\u00ed como la fabricaci\u00f3n del producto en s\u00ed, siguen siendo significativas.\u00a0Los riesgos suelen ser quemaduras por contacto y calor radiante. [&hellip;]<\/p>\n","protected":false},"author":11,"featured_media":0,"parent":67801,"menu_order":0,"comment_status":"closed","ping_status":"closed","template":"","meta":{"footnotes":""},"class_list":["post-67805","page","type-page","status-publish","hentry"],"_links":{"self":[{"href":"https:\/\/marinatextil.com\/es\/wp-json\/wp\/v2\/pages\/67805","targetHints":{"allow":["GET"]}}],"collection":[{"href":"https:\/\/marinatextil.com\/es\/wp-json\/wp\/v2\/pages"}],"about":[{"href":"https:\/\/marinatextil.com\/es\/wp-json\/wp\/v2\/types\/page"}],"author":[{"embeddable":true,"href":"https:\/\/marinatextil.com\/es\/wp-json\/wp\/v2\/users\/11"}],"replies":[{"embeddable":true,"href":"https:\/\/marinatextil.com\/es\/wp-json\/wp\/v2\/comments?post=67805"}],"version-history":[{"count":0,"href":"https:\/\/marinatextil.com\/es\/wp-json\/wp\/v2\/pages\/67805\/revisions"}],"up":[{"embeddable":true,"href":"https:\/\/marinatextil.com\/es\/wp-json\/wp\/v2\/pages\/67801"}],"wp:attachment":[{"href":"https:\/\/marinatextil.com\/es\/wp-json\/wp\/v2\/media?parent=67805"}],"curies":[{"name":"wp","href":"https:\/\/api.w.org\/{rel}","templated":true}]}}