{"id":67807,"date":"2025-04-30T16:54:12","date_gmt":"2025-04-30T14:54:12","guid":{"rendered":"https:\/\/marinatextil.com\/sectores\/fundiciones-de-tejidos-protectores\/fundiciones-de-zinc"},"modified":"2026-02-18T10:12:22","modified_gmt":"2026-02-18T09:12:22","slug":"fundiciones-de-zinc","status":"publish","type":"page","link":"https:\/\/marinatextil.com\/es\/sectores\/fundiciones-de-tejidos-protectores\/fundiciones-de-zinc\/","title":{"rendered":"Tejidos ign\u00edfugos para fundiciones de zinc"},"content":{"rendered":"\t\t<div data-elementor-type=\"wp-post\" data-elementor-id=\"67807\" class=\"elementor elementor-67807 elementor-2780\" data-elementor-post-type=\"page\">\n\t\t\t\t<div class=\"elementor-element elementor-element-794791b e-flex e-con-boxed e-con e-parent\" data-id=\"794791b\" data-element_type=\"container\" data-e-type=\"container\" data-settings=\"{&quot;background_background&quot;:&quot;classic&quot;,&quot;jet_parallax_layout_list&quot;:[]}\">\n\t\t\t\t\t<div class=\"e-con-inner\">\n\t\t\t\t<div class=\"elementor-element elementor-element-fb23622 elementor-widget elementor-widget-heading\" data-id=\"fb23622\" data-element_type=\"widget\" data-e-type=\"widget\" data-widget_type=\"heading.default\">\n\t\t\t\t<div class=\"elementor-widget-container\">\n\t\t\t\t\t<h1 class=\"elementor-heading-title elementor-size-default\">Tejido ign\u00edfugo para fundiciones de zinc <\/h1>\t\t\t\t<\/div>\n\t\t\t\t<\/div>\n\t\t\t\t\t<\/div>\n\t\t\t\t<\/div>\n\t\t<div class=\"elementor-element elementor-element-789b0fc cust-no-padding-bottom e-flex e-con-boxed e-con e-parent\" data-id=\"789b0fc\" data-element_type=\"container\" data-e-type=\"container\" data-settings=\"{&quot;jet_parallax_layout_list&quot;:[]}\">\n\t\t\t\t\t<div class=\"e-con-inner\">\n\t\t<div class=\"elementor-element elementor-element-f546087 e-con-full e-flex e-con e-child\" data-id=\"f546087\" data-element_type=\"container\" data-e-type=\"container\" data-settings=\"{&quot;jet_parallax_layout_list&quot;:[]}\">\n\t\t\t\t<div class=\"elementor-element elementor-element-30b5097 cust-img-100-100 elementor-widget elementor-widget-image\" data-id=\"30b5097\" data-element_type=\"widget\" data-e-type=\"widget\" data-widget_type=\"image.default\">\n\t\t\t\t<div class=\"elementor-widget-container\">\n\t\t\t\t\t\t\t\t\t\t\t\t\t\t\t<img decoding=\"async\" width=\"150\" height=\"150\" src=\"https:\/\/marinatextil.com\/wp-content\/uploads\/2024\/09\/picto_zinc-casting-150x150-1.webp\" class=\"attachment-thumbnail size-thumbnail wp-image-67808\" alt=\"\" \/>\t\t\t\t\t\t\t\t\t\t\t\t\t\t\t<\/div>\n\t\t\t\t<\/div>\n\t\t\t\t<div class=\"elementor-element elementor-element-d744762 elementor-widget elementor-widget-text-editor\" data-id=\"d744762\" data-element_type=\"widget\" data-e-type=\"widget\" data-widget_type=\"text-editor.default\">\n\t\t\t\t<div class=\"elementor-widget-container\">\n\t\t\t\t\t\t\t\t\t<p>La viscosidad del zinc en estado l\u00edquido hace que la protecci\u00f3n requerida sea m\u00e1s especifica.<\/p>\n\t\t\t\t\t\t\t\t<\/div>\n\t\t\t\t<\/div>\n\t\t\t\t<\/div>\n\t\t<div class=\"elementor-element elementor-element-709afb2 e-con-full e-flex e-con e-child\" data-id=\"709afb2\" data-element_type=\"container\" data-e-type=\"container\" data-settings=\"{&quot;jet_parallax_layout_list&quot;:[]}\">\n\t\t\t\t<div class=\"elementor-element elementor-element-47295dc elementor-widget elementor-widget-text-editor\" data-id=\"47295dc\" data-element_type=\"widget\" data-e-type=\"widget\" data-widget_type=\"text-editor.default\">\n\t\t\t\t<div class=\"elementor-widget-container\">\n\t\t\t\t\t\t\t\t\t<p data-start=\"143\" data-end=\"435\">El punto de fusi\u00f3n del zinc es de\u00a0<strong data-start=\"177\" data-end=\"187\">420 \u00b0C<\/strong>. Por ello, su viscosidad en estado l\u00edquido es muy elevada, incluso superior a la del aluminio. En consecuencia, cuando se producen salpicaduras, el zinc se convierte en uno de los metales m\u00e1s dif\u00edciles frente a los que proteger a los trabajadores.<\/p><br><p data-start=\"437\" data-end=\"777\">Este metal y sus aleaciones \u2014principalmente con n\u00edquel\u2014 presentan un\u00a0<strong data-start=\"506\" data-end=\"530\">alto nivel de riesgo<\/strong>, ya que tienden a adherirse a pr\u00e1cticamente cualquier tipo de tejido. Cuando una salpicadura se fija al tejido, la transferencia de calor hacia la piel del trabajador es menor que en el caso del aluminio, aunque sigue siendo igualmente peligrosa.<\/p><br><p data-start=\"779\" data-end=\"1138\">Los\u00a0<strong data-start=\"783\" data-end=\"829\">tejidos ign\u00edfugos para fundiciones de zinc<\/strong>\u00a0desarrollados por Marina Textil han sido dise\u00f1ados para ofrecer una protecci\u00f3n eficaz frente a este tipo de riesgos, as\u00ed como frente a otros menos frecuentes que pueden aparecer en estos entornos industriales, como el\u00a0<strong data-start=\"1048\" data-end=\"1137\">calor convectivo, el arco el\u00e9ctrico y las salpicaduras de productos qu\u00edmicos l\u00edquidos<\/strong>.<\/p><br><p data-start=\"1140\" data-end=\"1465\">El peso y la configuraci\u00f3n de la soluci\u00f3n textil depender\u00e1n del tipo de planta, fundici\u00f3n o galvanizador, as\u00ed como de su nivel de automatizaci\u00f3n. A continuaci\u00f3n se presentan los\u00a0<strong data-start=\"1318\" data-end=\"1396\">tejidos ign\u00edfugos desarrollados por Marina Textil para fundiciones de zinc<\/strong>. Haga clic en cualquiera de ellos para conocer sus especificaciones.<\/p>\t\t\t\t\t\t\t\t<\/div>\n\t\t\t\t<\/div>\n\t\t\t\t<\/div>\n\t\t\t\t\t<\/div>\n\t\t\t\t<\/div>\n\t\t<div class=\"elementor-element elementor-element-baea83a row-ctas-tejidos e-flex e-con-boxed e-con e-child\" data-id=\"baea83a\" data-element_type=\"container\" data-e-type=\"container\" data-settings=\"{&quot;jet_parallax_layout_list&quot;:[]}\">\n\t\t\t\t\t<div class=\"e-con-inner\">\n\t\t\t\t<div class=\"elementor-element elementor-element-f8c2aa8 elementor-cta--valign-top cust-tpl-cta-product elementor-widget__width-initial elementor-cta--skin-classic elementor-animated-content elementor-invisible elementor-widget elementor-widget-call-to-action\" data-id=\"f8c2aa8\" data-element_type=\"widget\" data-e-type=\"widget\" data-settings=\"{&quot;_animation&quot;:&quot;fadeIn&quot;,&quot;_animation_delay&quot;:500}\" data-widget_type=\"call-to-action.default\">\n\t\t\t\t<div class=\"elementor-widget-container\">\n\t\t\t\t\t\t\t<a class=\"elementor-cta\" href=\"https:\/\/marinatextil.com\/technical-fabric\/alma\/\" target=\"_blank\">\n\t\t\t\t\t\t\t<div class=\"elementor-cta__content\">\n\t\t\t\t\t\t\t\t\t<div class=\"elementor-content-item elementor-cta__content-item elementor-cta__image\">\n\t\t\t\t\t\t<img fetchpriority=\"high\" decoding=\"async\" width=\"674\" height=\"139\" src=\"https:\/\/marinatextil.com\/wp-content\/uploads\/2024\/01\/alma-marina-textil.webp\" class=\"attachment-full size-full wp-image-53551\" alt=\"\" srcset=\"https:\/\/marinatextil.com\/wp-content\/uploads\/2024\/01\/alma-marina-textil.webp 674w, https:\/\/marinatextil.com\/wp-content\/uploads\/2024\/01\/alma-marina-textil-600x124.webp 600w, https:\/\/marinatextil.com\/wp-content\/uploads\/2024\/01\/alma-marina-textil-300x62.webp 300w, https:\/\/marinatextil.com\/wp-content\/uploads\/2024\/01\/alma-marina-textil-670x139.webp 670w\" sizes=\"(max-width: 674px) 100vw, 674px\" \/>\t\t\t\t\t<\/div>\n\t\t\t\t\n\t\t\t\t\n\t\t\t\t\t\t\t\t\t<div class=\"elementor-cta__description elementor-cta__content-item elementor-content-item\">\n\t\t\t\t\t\t<p>Una colecci\u00f3n de tejidos aluminizados que ofrecen un excelente rendimiento frente al calor radiante y las salpicaduras de metal fundido.<\/p>\n\t\t\t\t\t<\/div>\n\t\t\t\t\n\t\t\t\t\t\t\t\t\t<div class=\"elementor-cta__button-wrapper elementor-cta__content-item elementor-content-item \">\n\t\t\t\t\t<span class=\"elementor-cta__button elementor-button elementor-size-xs\">\n\t\t\t\t\t\tinfo\t\t\t\t\t<\/span>\n\t\t\t\t\t<\/div>\n\t\t\t\t\t\t\t<\/div>\n\t\t\t\t\t\t<\/a>\n\t\t\t\t\t\t<\/div>\n\t\t\t\t<\/div>\n\t\t\t\t<div class=\"elementor-element elementor-element-3b8e2df elementor-cta--valign-top cust-tpl-cta-product elementor-widget__width-initial elementor-cta--skin-classic elementor-animated-content elementor-invisible elementor-widget elementor-widget-call-to-action\" data-id=\"3b8e2df\" data-element_type=\"widget\" data-e-type=\"widget\" data-settings=\"{&quot;_animation&quot;:&quot;fadeIn&quot;,&quot;_animation_delay&quot;:500}\" data-widget_type=\"call-to-action.default\">\n\t\t\t\t<div class=\"elementor-widget-container\">\n\t\t\t\t\t\t\t<a class=\"elementor-cta\" href=\"https:\/\/marinatextil.com\/technical-fabric\/marlan\/\" target=\"_blank\">\n\t\t\t\t\t\t\t<div class=\"elementor-cta__content\">\n\t\t\t\t\t\t\t\t\t<div class=\"elementor-content-item elementor-cta__content-item elementor-cta__image\">\n\t\t\t\t\t\t<img decoding=\"async\" width=\"674\" height=\"139\" src=\"https:\/\/marinatextil.com\/wp-content\/uploads\/2024\/01\/marlan-marina-textil.webp\" class=\"attachment-full size-full wp-image-53543\" alt=\"\" srcset=\"https:\/\/marinatextil.com\/wp-content\/uploads\/2024\/01\/marlan-marina-textil.webp 674w, https:\/\/marinatextil.com\/wp-content\/uploads\/2024\/01\/marlan-marina-textil-600x124.webp 600w, https:\/\/marinatextil.com\/wp-content\/uploads\/2024\/01\/marlan-marina-textil-300x62.webp 300w, https:\/\/marinatextil.com\/wp-content\/uploads\/2024\/01\/marlan-marina-textil-670x139.webp 670w\" sizes=\"(max-width: 674px) 100vw, 674px\" \/>\t\t\t\t\t<\/div>\n\t\t\t\t\n\t\t\t\t\n\t\t\t\t\t\t\t\t\t<div class=\"elementor-cta__description elementor-cta__content-item elementor-content-item\">\n\t\t\t\t\t\t<p>Tejido t\u00e9cnico ign\u00edfugo para protecci\u00f3n contra el calor radiante (aluminizado) y las llamas, capaz de repeler grandes salpicaduras de aluminio, hierro, acero, criolita, entre otros.<\/p>\n\t\t\t\t\t<\/div>\n\t\t\t\t\n\t\t\t\t\t\t\t\t\t<div class=\"elementor-cta__button-wrapper elementor-cta__content-item elementor-content-item \">\n\t\t\t\t\t<span class=\"elementor-cta__button elementor-button elementor-size-xs\">\n\t\t\t\t\t\tinfo\t\t\t\t\t<\/span>\n\t\t\t\t\t<\/div>\n\t\t\t\t\t\t\t<\/div>\n\t\t\t\t\t\t<\/a>\n\t\t\t\t\t\t<\/div>\n\t\t\t\t<\/div>\n\t\t\t\t\t<\/div>\n\t\t\t\t<\/div>\n\t\t<div class=\"elementor-element elementor-element-bb6b86c e-flex e-con-boxed e-con e-parent\" data-id=\"bb6b86c\" data-element_type=\"container\" data-e-type=\"container\" data-settings=\"{&quot;jet_parallax_layout_list&quot;:[]}\">\n\t\t\t\t\t<div class=\"e-con-inner\">\n\t\t<div class=\"elementor-element elementor-element-b1b77b0 e-con-full e-flex e-con e-child\" data-id=\"b1b77b0\" data-element_type=\"container\" data-e-type=\"container\" data-settings=\"{&quot;jet_parallax_layout_list&quot;:[]}\">\n\t\t\t\t<div class=\"elementor-element elementor-element-c943f38 elementor-widget-divider--view-line elementor-widget elementor-widget-divider\" data-id=\"c943f38\" data-element_type=\"widget\" data-e-type=\"widget\" data-widget_type=\"divider.default\">\n\t\t\t\t<div class=\"elementor-widget-container\">\n\t\t\t\t\t\t\t<div class=\"elementor-divider\">\n\t\t\t<span class=\"elementor-divider-separator\">\n\t\t\t\t\t\t<\/span>\n\t\t<\/div>\n\t\t\t\t\t\t<\/div>\n\t\t\t\t<\/div>\n\t\t\t\t<div class=\"elementor-element elementor-element-dc94df4 elementor-widget elementor-widget-heading\" data-id=\"dc94df4\" data-element_type=\"widget\" data-e-type=\"widget\" data-widget_type=\"heading.default\">\n\t\t\t\t<div class=\"elementor-widget-container\">\n\t\t\t\t\t<h3 class=\"elementor-heading-title elementor-size-default\">NORMAS QUE DEBEN CUMPLIR LAS TELAS DE PROTECCI\u00d3N PARA FUNDICIONES DE ZINC<\/h3>\t\t\t\t<\/div>\n\t\t\t\t<\/div>\n\t\t\t\t<div class=\"elementor-element elementor-element-c39c59a elementor-widget-divider--view-line elementor-widget elementor-widget-divider\" data-id=\"c39c59a\" data-element_type=\"widget\" data-e-type=\"widget\" data-widget_type=\"divider.default\">\n\t\t\t\t<div class=\"elementor-widget-container\">\n\t\t\t\t\t\t\t<div class=\"elementor-divider\">\n\t\t\t<span class=\"elementor-divider-separator\">\n\t\t\t\t\t\t<\/span>\n\t\t<\/div>\n\t\t\t\t\t\t<\/div>\n\t\t\t\t<\/div>\n\t\t<div class=\"elementor-element elementor-element-2fb5426 e-con-full e-flex e-con e-child\" data-id=\"2fb5426\" data-element_type=\"container\" data-e-type=\"container\" data-settings=\"{&quot;jet_parallax_layout_list&quot;:[]}\">\n\t\t<div class=\"elementor-element elementor-element-329785b e-con-full e-flex e-con e-child\" data-id=\"329785b\" data-element_type=\"container\" data-e-type=\"container\" data-settings=\"{&quot;jet_parallax_layout_list&quot;:[]}\">\n\t\t\t\t<div class=\"elementor-element elementor-element-71d4cad cust-img-75-75 elementor-widget elementor-widget-image\" data-id=\"71d4cad\" data-element_type=\"widget\" data-e-type=\"widget\" data-widget_type=\"image.default\">\n\t\t\t\t<div class=\"elementor-widget-container\">\n\t\t\t\t\t\t\t\t\t\t\t\t\t\t\t\t<a href=\"https:\/\/marinatextil.com\/textile-standard\/en-iso-11612\/\">\n\t\t\t\t\t\t\t<img loading=\"lazy\" decoding=\"async\" width=\"150\" height=\"150\" src=\"https:\/\/marinatextil.com\/wp-content\/uploads\/2024\/09\/EN-11612-1-150x150-1.webp\" class=\"attachment-thumbnail size-thumbnail wp-image-67814\" alt=\"\" \/>\t\t\t\t\t\t\t\t<\/a>\n\t\t\t\t\t\t\t\t\t\t\t\t\t\t\t<\/div>\n\t\t\t\t<\/div>\n\t\t\t\t<\/div>\n\t\t<div class=\"elementor-element elementor-element-53f56a2 e-con-full e-flex e-con e-child\" data-id=\"53f56a2\" data-element_type=\"container\" data-e-type=\"container\" data-settings=\"{&quot;jet_parallax_layout_list&quot;:[]}\">\n\t\t\t\t<div class=\"elementor-element elementor-element-5adaa4f cust-img-75-75 elementor-widget elementor-widget-image\" data-id=\"5adaa4f\" data-element_type=\"widget\" data-e-type=\"widget\" data-widget_type=\"image.default\">\n\t\t\t\t<div class=\"elementor-widget-container\">\n\t\t\t\t\t\t\t\t\t\t\t\t\t\t\t\t<a href=\"https:\/\/marinatextil.com\/textile-standard\/en-iso-14116\/\">\n\t\t\t\t\t\t\t<img loading=\"lazy\" decoding=\"async\" width=\"150\" height=\"150\" src=\"https:\/\/marinatextil.com\/wp-content\/uploads\/2024\/09\/EN-14116-1-150x150-1.webp\" class=\"attachment-thumbnail size-thumbnail wp-image-67813\" alt=\"\" \/>\t\t\t\t\t\t\t\t<\/a>\n\t\t\t\t\t\t\t\t\t\t\t\t\t\t\t<\/div>\n\t\t\t\t<\/div>\n\t\t\t\t<\/div>\n\t\t<div class=\"elementor-element elementor-element-ad561b4 e-con-full e-flex e-con e-child\" data-id=\"ad561b4\" data-element_type=\"container\" data-e-type=\"container\" data-settings=\"{&quot;jet_parallax_layout_list&quot;:[]}\">\n\t\t\t\t<div class=\"elementor-element elementor-element-54fac40 cust-img-75-75 elementor-widget elementor-widget-image\" data-id=\"54fac40\" data-element_type=\"widget\" data-e-type=\"widget\" data-widget_type=\"image.default\">\n\t\t\t\t<div class=\"elementor-widget-container\">\n\t\t\t\t\t\t\t\t\t\t\t\t\t\t\t\t<a href=\"https:\/\/marinatextil.com\/textile-standard\/en-iso-20471\/\">\n\t\t\t\t\t\t\t<img loading=\"lazy\" decoding=\"async\" width=\"150\" height=\"150\" src=\"https:\/\/marinatextil.com\/wp-content\/uploads\/2024\/09\/EN-20471-1-150x150-1.webp\" class=\"attachment-thumbnail size-thumbnail wp-image-67812\" alt=\"\" \/>\t\t\t\t\t\t\t\t<\/a>\n\t\t\t\t\t\t\t\t\t\t\t\t\t\t\t<\/div>\n\t\t\t\t<\/div>\n\t\t\t\t<\/div>\n\t\t<div class=\"elementor-element elementor-element-389d24f e-con-full e-flex e-con e-child\" data-id=\"389d24f\" data-element_type=\"container\" data-e-type=\"container\" data-settings=\"{&quot;jet_parallax_layout_list&quot;:[]}\">\n\t\t\t\t<div class=\"elementor-element elementor-element-d5ac317 cust-img-75-75 elementor-widget elementor-widget-image\" data-id=\"d5ac317\" data-element_type=\"widget\" data-e-type=\"widget\" data-widget_type=\"image.default\">\n\t\t\t\t<div class=\"elementor-widget-container\">\n\t\t\t\t\t\t\t\t\t\t\t\t\t\t\t\t<a href=\"https:\/\/marinatextil.com\/textile-standard\/iso-13034\/\">\n\t\t\t\t\t\t\t<img loading=\"lazy\" decoding=\"async\" width=\"150\" height=\"150\" src=\"https:\/\/marinatextil.com\/wp-content\/uploads\/2024\/09\/EN-13034-1-150x150-1.webp\" class=\"attachment-thumbnail size-thumbnail wp-image-67811\" alt=\"\" \/>\t\t\t\t\t\t\t\t<\/a>\n\t\t\t\t\t\t\t\t\t\t\t\t\t\t\t<\/div>\n\t\t\t\t<\/div>\n\t\t\t\t<\/div>\n\t\t<div class=\"elementor-element elementor-element-9edca8e e-con-full e-flex e-con e-child\" data-id=\"9edca8e\" data-element_type=\"container\" data-e-type=\"container\" data-settings=\"{&quot;jet_parallax_layout_list&quot;:[]}\">\n\t\t\t\t<div class=\"elementor-element elementor-element-8f24878 cust-img-75-75 elementor-widget elementor-widget-image\" data-id=\"8f24878\" data-element_type=\"widget\" data-e-type=\"widget\" data-widget_type=\"image.default\">\n\t\t\t\t<div class=\"elementor-widget-container\">\n\t\t\t\t\t\t\t\t\t\t\t\t\t\t\t\t<a href=\"https:\/\/marinatextil.com\/textile-standard\/iec-61482-2\/\">\n\t\t\t\t\t\t\t<img loading=\"lazy\" decoding=\"async\" width=\"150\" height=\"150\" src=\"https:\/\/marinatextil.com\/wp-content\/uploads\/2024\/09\/EN-61-482-1-2-1-150x150-1.webp\" class=\"attachment-thumbnail size-thumbnail wp-image-67810\" alt=\"\" \/>\t\t\t\t\t\t\t\t<\/a>\n\t\t\t\t\t\t\t\t\t\t\t\t\t\t\t<\/div>\n\t\t\t\t<\/div>\n\t\t\t\t<\/div>\n\t\t<div class=\"elementor-element elementor-element-866dab2 e-con-full e-flex e-con e-child\" data-id=\"866dab2\" data-element_type=\"container\" data-e-type=\"container\" data-settings=\"{&quot;jet_parallax_layout_list&quot;:[]}\">\n\t\t\t\t<div class=\"elementor-element elementor-element-7538a2f cust-img-75-75 elementor-widget elementor-widget-image\" data-id=\"7538a2f\" data-element_type=\"widget\" data-e-type=\"widget\" data-widget_type=\"image.default\">\n\t\t\t\t<div class=\"elementor-widget-container\">\n\t\t\t\t\t\t\t\t\t\t\t\t\t\t\t\t<a href=\"https:\/\/marinatextil.com\/textile-standard\/nfpa-2112\/\">\n\t\t\t\t\t\t\t<img loading=\"lazy\" decoding=\"async\" width=\"150\" height=\"150\" src=\"https:\/\/marinatextil.com\/wp-content\/uploads\/2024\/09\/NFPA-2112-1-150x150-1.webp\" class=\"attachment-thumbnail size-thumbnail wp-image-67809\" alt=\"\" \/>\t\t\t\t\t\t\t\t<\/a>\n\t\t\t\t\t\t\t\t\t\t\t\t\t\t\t<\/div>\n\t\t\t\t<\/div>\n\t\t\t\t<\/div>\n\t\t<div class=\"elementor-element elementor-element-c9f07a7 e-con-full e-flex e-con e-child\" data-id=\"c9f07a7\" data-element_type=\"container\" data-e-type=\"container\" data-settings=\"{&quot;jet_parallax_layout_list&quot;:[]}\">\n\t\t\t\t<\/div>\n\t\t<div class=\"elementor-element elementor-element-6314ffb e-con-full e-flex e-con e-child\" data-id=\"6314ffb\" data-element_type=\"container\" data-e-type=\"container\" data-settings=\"{&quot;jet_parallax_layout_list&quot;:[]}\">\n\t\t\t\t<\/div>\n\t\t<div class=\"elementor-element elementor-element-b26cd43 e-con-full e-flex e-con e-child\" data-id=\"b26cd43\" data-element_type=\"container\" data-e-type=\"container\" data-settings=\"{&quot;jet_parallax_layout_list&quot;:[]}\">\n\t\t\t\t<\/div>\n\t\t\t\t<\/div>\n\t\t\t\t<\/div>\n\t\t\t\t\t<\/div>\n\t\t\t\t<\/div>\n\t\t<div class=\"elementor-element elementor-element-fece0ed e-con-full e-flex e-con e-child\" data-id=\"fece0ed\" data-element_type=\"container\" data-e-type=\"container\" data-settings=\"{&quot;jet_parallax_layout_list&quot;:[]}\">\n\t\t\t\t<div class=\"elementor-element elementor-element-8e0bb8a elementor-align-center elementor-widget elementor-widget-button\" data-id=\"8e0bb8a\" data-element_type=\"widget\" data-e-type=\"widget\" data-widget_type=\"button.default\">\n\t\t\t\t<div class=\"elementor-widget-container\">\n\t\t\t\t\t\t\t\t\t<div class=\"elementor-button-wrapper\">\n\t\t\t\t\t<a class=\"elementor-button elementor-button-link elementor-size-sm\" href=\"#elementor-action%3Aaction%3Dpopup%3Aopen%26settings%3DeyJpZCI6NzA0NzIsInRvZ2dsZSI6ZmFsc2V9\">\n\t\t\t\t\t\t<span class=\"elementor-button-content-wrapper\">\n\t\t\t\t\t\t\t\t\t<span class=\"elementor-button-text\">Solicitar informaci\u00f3n<\/span>\n\t\t\t\t\t<\/span>\n\t\t\t\t\t<\/a>\n\t\t\t\t<\/div>\n\t\t\t\t\t\t\t\t<\/div>\n\t\t\t\t<\/div>\n\t\t\t\t<\/div>\n\t\t\t\t<\/div>\n\t\t","protected":false},"excerpt":{"rendered":"<p>Tejido ign\u00edfugo para fundiciones de zinc La viscosidad del zinc en estado l\u00edquido hace que la protecci\u00f3n requerida sea m\u00e1s especifica. El punto de fusi\u00f3n del zinc es de\u00a0420 \u00b0C. Por ello, su viscosidad en estado l\u00edquido es muy elevada, incluso superior a la del aluminio. En consecuencia, cuando se producen salpicaduras, el zinc se [&hellip;]<\/p>\n","protected":false},"author":11,"featured_media":0,"parent":67801,"menu_order":0,"comment_status":"closed","ping_status":"closed","template":"","meta":{"footnotes":""},"class_list":["post-67807","page","type-page","status-publish","hentry"],"_links":{"self":[{"href":"https:\/\/marinatextil.com\/es\/wp-json\/wp\/v2\/pages\/67807","targetHints":{"allow":["GET"]}}],"collection":[{"href":"https:\/\/marinatextil.com\/es\/wp-json\/wp\/v2\/pages"}],"about":[{"href":"https:\/\/marinatextil.com\/es\/wp-json\/wp\/v2\/types\/page"}],"author":[{"embeddable":true,"href":"https:\/\/marinatextil.com\/es\/wp-json\/wp\/v2\/users\/11"}],"replies":[{"embeddable":true,"href":"https:\/\/marinatextil.com\/es\/wp-json\/wp\/v2\/comments?post=67807"}],"version-history":[{"count":0,"href":"https:\/\/marinatextil.com\/es\/wp-json\/wp\/v2\/pages\/67807\/revisions"}],"up":[{"embeddable":true,"href":"https:\/\/marinatextil.com\/es\/wp-json\/wp\/v2\/pages\/67801"}],"wp:attachment":[{"href":"https:\/\/marinatextil.com\/es\/wp-json\/wp\/v2\/media?parent=67807"}],"curies":[{"name":"wp","href":"https:\/\/api.w.org\/{rel}","templated":true}]}}