{"id":67818,"date":"2025-08-01T16:17:51","date_gmt":"2025-08-01T14:17:51","guid":{"rendered":"https:\/\/marinatextil.com\/sectores\/fundiciones-de-tejidos-protectores\/hierro-acero"},"modified":"2025-12-19T16:27:18","modified_gmt":"2025-12-19T15:27:18","slug":"hierro-acero","status":"publish","type":"page","link":"https:\/\/marinatextil.com\/es\/sectores\/fundiciones-de-tejidos-protectores\/hierro-acero\/","title":{"rendered":"Tejidos de protecci\u00f3n para la industria sider\u00fargica"},"content":{"rendered":"\t\t<div data-elementor-type=\"wp-post\" data-elementor-id=\"67818\" class=\"elementor elementor-67818 elementor-2771\" data-elementor-post-type=\"page\">\n\t\t\t\t<div class=\"elementor-element elementor-element-3bc94b8 e-flex e-con-boxed e-con e-parent\" data-id=\"3bc94b8\" data-element_type=\"container\" data-e-type=\"container\" data-settings=\"{&quot;background_background&quot;:&quot;classic&quot;,&quot;jet_parallax_layout_list&quot;:[]}\">\n\t\t\t\t\t<div class=\"e-con-inner\">\n\t\t\t\t<div class=\"elementor-element elementor-element-4e3a53d elementor-widget elementor-widget-heading\" data-id=\"4e3a53d\" data-element_type=\"widget\" data-e-type=\"widget\" data-widget_type=\"heading.default\">\n\t\t\t\t<div class=\"elementor-widget-container\">\n\t\t\t\t\t<h1 class=\"elementor-heading-title elementor-size-default\">Tejidos de protecci\u00f3n para la industria sider\u00fargica<\/h1>\t\t\t\t<\/div>\n\t\t\t\t<\/div>\n\t\t\t\t\t<\/div>\n\t\t\t\t<\/div>\n\t\t<div class=\"elementor-element elementor-element-289a2a1 cust-no-padding-bottom e-flex e-con-boxed e-con e-parent\" data-id=\"289a2a1\" data-element_type=\"container\" data-e-type=\"container\" data-settings=\"{&quot;jet_parallax_layout_list&quot;:[]}\">\n\t\t\t\t\t<div class=\"e-con-inner\">\n\t\t<div class=\"elementor-element elementor-element-0dadcf7 e-con-full e-flex e-con e-child\" data-id=\"0dadcf7\" data-element_type=\"container\" data-e-type=\"container\" data-settings=\"{&quot;jet_parallax_layout_list&quot;:[]}\">\n\t\t\t\t<div class=\"elementor-element elementor-element-a4b7ef0 cust-img-100-100 elementor-widget elementor-widget-image\" data-id=\"a4b7ef0\" data-element_type=\"widget\" data-e-type=\"widget\" data-widget_type=\"image.default\">\n\t\t\t\t<div class=\"elementor-widget-container\">\n\t\t\t\t\t\t\t\t\t\t\t\t\t\t\t<img decoding=\"async\" width=\"100\" height=\"100\" src=\"https:\/\/marinatextil.com\/wp-content\/uploads\/2024\/01\/picto_iron-and-steel-industry-100x100-1.webp\" class=\"attachment-thumbnail size-thumbnail wp-image-54576\" alt=\"\" \/>\t\t\t\t\t\t\t\t\t\t\t\t\t\t\t<\/div>\n\t\t\t\t<\/div>\n\t\t\t\t<div class=\"elementor-element elementor-element-83b5325 elementor-widget elementor-widget-text-editor\" data-id=\"83b5325\" data-element_type=\"widget\" data-e-type=\"widget\" data-widget_type=\"text-editor.default\">\n\t\t\t\t<div class=\"elementor-widget-container\">\n\t\t\t\t\t\t\t\t\t<p>Las fundiciones de hierro y acero demandan tejidos resistentes al fuego capaces de repeler salpicaduras de metal a temperaturas muy altas.<\/p>\n\t\t\t\t\t\t\t\t<\/div>\n\t\t\t\t<\/div>\n\t\t\t\t<\/div>\n\t\t<div class=\"elementor-element elementor-element-be4d8b3 e-con-full e-flex e-con e-child\" data-id=\"be4d8b3\" data-element_type=\"container\" data-e-type=\"container\" data-settings=\"{&quot;jet_parallax_layout_list&quot;:[]}\">\n\t\t\t\t<div class=\"elementor-element elementor-element-7210f89 elementor-widget elementor-widget-text-editor\" data-id=\"7210f89\" data-element_type=\"widget\" data-e-type=\"widget\" data-widget_type=\"text-editor.default\">\n\t\t\t\t<div class=\"elementor-widget-container\">\n\t\t\t\t\t\t\t\t\t<p data-start=\"218\" data-end=\"490\">En las fundiciones de hierro y acero (acer\u00edas y ferrer\u00edas), donde se manipulan metales a temperaturas de fusi\u00f3n cercanas a los <strong data-start=\"345\" data-end=\"357\">1.400 \u00b0C<\/strong>, es imprescindible que los operarios dispongan de una <strong data-start=\"412\" data-end=\"433\">protecci\u00f3n eficaz<\/strong> capaz de resistir las <strong data-start=\"456\" data-end=\"489\">salpicaduras de metal fundido<\/strong>.<\/p>\n<p><\/p>\n<p data-start=\"492\" data-end=\"934\">A diferencia de las <a href=\"https:\/\/marinatextil.com\/es\/sectores\/fundiciones-de-tejidos-protectores\/fundiciones-de-aluminio\/\" target=\"_blank\" rel=\"noopener\">fundiciones de aluminio<\/a>, las <strong data-start=\"541\" data-end=\"589\">elevadas temperaturas del hierro y del acero<\/strong> favorecen la <strong data-start=\"603\" data-end=\"632\">repelencia de los tejidos<\/strong> frente a posibles salpicaduras de metal fundido. No obstante, la combinaci\u00f3n de <strong data-start=\"713\" data-end=\"738\">temperaturas extremas<\/strong> y el riesgo de <strong data-start=\"754\" data-end=\"778\">incendios repentinos<\/strong>, como los provocados por <strong data-start=\"804\" data-end=\"824\">arcos el\u00e9ctricos<\/strong>, convierte a la industria del hierro y del acero en un <strong data-start=\"880\" data-end=\"933\">entorno de trabajo altamente exigente y peligroso<\/strong>.<\/p>\n<p><\/p>\n<p data-start=\"936\" data-end=\"1358\">Marina Textil ofrece <strong data-start=\"957\" data-end=\"994\">soluciones innovadoras y pioneras<\/strong> para este sector, dise\u00f1adas para <strong data-start=\"1028\" data-end=\"1070\">garantizar la seguridad del trabajador<\/strong>. Sus tejidos proporcionan protecci\u00f3n frente a <strong data-start=\"1117\" data-end=\"1139\">altas temperaturas<\/strong>, <strong data-start=\"1141\" data-end=\"1174\">calor radiante y por contacto<\/strong>, <strong data-start=\"1176\" data-end=\"1217\">salpicaduras masivas de metal fundido<\/strong> y <strong data-start=\"1220\" data-end=\"1251\">productos qu\u00edmicos l\u00edquidos<\/strong>, adem\u00e1s de <strong data-start=\"1263\" data-end=\"1289\">mejorar la visibilidad<\/strong> en entornos monocrom\u00e1ticos mediante <strong data-start=\"1326\" data-end=\"1357\">tejidos de alta visibilidad<\/strong>.<\/p>\n\t\t\t\t\t\t\t\t<\/div>\n\t\t\t\t<\/div>\n\t\t\t\t<\/div>\n\t\t\t\t\t<\/div>\n\t\t\t\t<\/div>\n\t\t<div class=\"elementor-element elementor-element-c1a5017 row-ctas-tejidos e-flex e-con-boxed e-con e-child\" data-id=\"c1a5017\" data-element_type=\"container\" data-e-type=\"container\" data-settings=\"{&quot;jet_parallax_layout_list&quot;:[]}\">\n\t\t\t\t\t<div class=\"e-con-inner\">\n\t\t\t\t<div class=\"elementor-element elementor-element-dc08a3e elementor-cta--valign-top cust-tpl-cta-product elementor-widget__width-initial elementor-cta--skin-classic elementor-animated-content elementor-invisible elementor-widget elementor-widget-call-to-action\" data-id=\"dc08a3e\" data-element_type=\"widget\" data-e-type=\"widget\" data-settings=\"{&quot;_animation&quot;:&quot;fadeIn&quot;,&quot;_animation_delay&quot;:500}\" data-widget_type=\"call-to-action.default\">\n\t\t\t\t<div class=\"elementor-widget-container\">\n\t\t\t\t\t\t\t<a class=\"elementor-cta\" href=\"https:\/\/marinatextil.com\/technical-fabric\/alma\/\" target=\"_blank\">\n\t\t\t\t\t\t\t<div class=\"elementor-cta__content\">\n\t\t\t\t\t\t\t\t\t<div class=\"elementor-content-item elementor-cta__content-item elementor-cta__image\">\n\t\t\t\t\t\t<img fetchpriority=\"high\" decoding=\"async\" width=\"674\" height=\"139\" src=\"https:\/\/marinatextil.com\/wp-content\/uploads\/2024\/01\/alma-marina-textil.webp\" class=\"attachment-full size-full wp-image-53551\" alt=\"\" srcset=\"https:\/\/marinatextil.com\/wp-content\/uploads\/2024\/01\/alma-marina-textil.webp 674w, https:\/\/marinatextil.com\/wp-content\/uploads\/2024\/01\/alma-marina-textil-600x124.webp 600w, https:\/\/marinatextil.com\/wp-content\/uploads\/2024\/01\/alma-marina-textil-300x62.webp 300w, https:\/\/marinatextil.com\/wp-content\/uploads\/2024\/01\/alma-marina-textil-670x139.webp 670w\" sizes=\"(max-width: 674px) 100vw, 674px\" \/>\t\t\t\t\t<\/div>\n\t\t\t\t\n\t\t\t\t\n\t\t\t\t\t\t\t\t\t<div class=\"elementor-cta__description elementor-cta__content-item elementor-content-item\">\n\t\t\t\t\t\t<p>Una colecci\u00f3n de tejidos aluminizados que ofrecen un excelente rendimiento frente al calor radiante y las salpicaduras de metal fundido.<\/p>\n\t\t\t\t\t<\/div>\n\t\t\t\t\n\t\t\t\t\t\t\t\t\t<div class=\"elementor-cta__button-wrapper elementor-cta__content-item elementor-content-item \">\n\t\t\t\t\t<span class=\"elementor-cta__button elementor-button elementor-size-xs\">\n\t\t\t\t\t\tinfo\t\t\t\t\t<\/span>\n\t\t\t\t\t<\/div>\n\t\t\t\t\t\t\t<\/div>\n\t\t\t\t\t\t<\/a>\n\t\t\t\t\t\t<\/div>\n\t\t\t\t<\/div>\n\t\t\t\t<div class=\"elementor-element elementor-element-616b32e elementor-cta--valign-top cust-tpl-cta-product elementor-widget__width-initial elementor-cta--skin-classic elementor-animated-content elementor-invisible elementor-widget elementor-widget-call-to-action\" data-id=\"616b32e\" data-element_type=\"widget\" data-e-type=\"widget\" data-settings=\"{&quot;_animation&quot;:&quot;fadeIn&quot;,&quot;_animation_delay&quot;:500}\" data-widget_type=\"call-to-action.default\">\n\t\t\t\t<div class=\"elementor-widget-container\">\n\t\t\t\t\t\t\t<a class=\"elementor-cta\" href=\"https:\/\/marinatextil.com\/technical-fabric\/marko-steel\/\" target=\"_blank\">\n\t\t\t\t\t\t\t<div class=\"elementor-cta__content\">\n\t\t\t\t\t\t\t\t\t<div class=\"elementor-content-item elementor-cta__content-item elementor-cta__image\">\n\t\t\t\t\t\t<img decoding=\"async\" width=\"674\" height=\"139\" src=\"https:\/\/marinatextil.com\/wp-content\/uploads\/2024\/01\/markosteel-marina-textil.webp\" class=\"attachment-full size-full wp-image-53556\" alt=\"\" srcset=\"https:\/\/marinatextil.com\/wp-content\/uploads\/2024\/01\/markosteel-marina-textil.webp 674w, https:\/\/marinatextil.com\/wp-content\/uploads\/2024\/01\/markosteel-marina-textil-600x124.webp 600w, https:\/\/marinatextil.com\/wp-content\/uploads\/2024\/01\/markosteel-marina-textil-300x62.webp 300w, https:\/\/marinatextil.com\/wp-content\/uploads\/2024\/01\/markosteel-marina-textil-670x139.webp 670w\" sizes=\"(max-width: 674px) 100vw, 674px\" \/>\t\t\t\t\t<\/div>\n\t\t\t\t\n\t\t\t\t\n\t\t\t\t\t\t\t\t\t<div class=\"elementor-cta__description elementor-cta__content-item elementor-content-item\">\n\t\t\t\t\t\t<p>Tejido intr\u00ednsecamente resistente al fuego, especialmente desarrollado para proteger contra grandes salpicaduras de acero y hierro fundidos.<\/p>\n\t\t\t\t\t<\/div>\n\t\t\t\t\n\t\t\t\t\t\t\t\t\t<div class=\"elementor-cta__button-wrapper elementor-cta__content-item elementor-content-item \">\n\t\t\t\t\t<span class=\"elementor-cta__button elementor-button elementor-size-xs\">\n\t\t\t\t\t\tinfo\t\t\t\t\t<\/span>\n\t\t\t\t\t<\/div>\n\t\t\t\t\t\t\t<\/div>\n\t\t\t\t\t\t<\/a>\n\t\t\t\t\t\t<\/div>\n\t\t\t\t<\/div>\n\t\t\t\t<div class=\"elementor-element elementor-element-aa79188 elementor-cta--valign-top cust-tpl-cta-product elementor-widget__width-initial elementor-cta--skin-classic elementor-animated-content elementor-invisible elementor-widget elementor-widget-call-to-action\" data-id=\"aa79188\" data-element_type=\"widget\" data-e-type=\"widget\" data-settings=\"{&quot;_animation&quot;:&quot;fadeIn&quot;,&quot;_animation_delay&quot;:500}\" data-widget_type=\"call-to-action.default\">\n\t\t\t\t<div class=\"elementor-widget-container\">\n\t\t\t\t\t\t\t<a class=\"elementor-cta\" href=\"https:\/\/marinatextil.com\/technical-fabric\/marlan\/\" target=\"_blank\">\n\t\t\t\t\t\t\t<div class=\"elementor-cta__content\">\n\t\t\t\t\t\t\t\t\t<div class=\"elementor-content-item elementor-cta__content-item elementor-cta__image\">\n\t\t\t\t\t\t<img loading=\"lazy\" decoding=\"async\" width=\"674\" height=\"139\" src=\"https:\/\/marinatextil.com\/wp-content\/uploads\/2024\/01\/marlan-marina-textil.webp\" class=\"attachment-full size-full wp-image-53543\" alt=\"\" srcset=\"https:\/\/marinatextil.com\/wp-content\/uploads\/2024\/01\/marlan-marina-textil.webp 674w, https:\/\/marinatextil.com\/wp-content\/uploads\/2024\/01\/marlan-marina-textil-600x124.webp 600w, https:\/\/marinatextil.com\/wp-content\/uploads\/2024\/01\/marlan-marina-textil-300x62.webp 300w, https:\/\/marinatextil.com\/wp-content\/uploads\/2024\/01\/marlan-marina-textil-670x139.webp 670w\" sizes=\"(max-width: 674px) 100vw, 674px\" \/>\t\t\t\t\t<\/div>\n\t\t\t\t\n\t\t\t\t\n\t\t\t\t\t\t\t\t\t<div class=\"elementor-cta__description elementor-cta__content-item elementor-content-item\">\n\t\t\t\t\t\t<p>Tejido t\u00e9cnico ign\u00edfugo para la protecci\u00f3n contra el calor radiante (aluminizado) y las llamas, capaz de repeler grandes salpicaduras de aluminio fundido, hierro, acero, criolita, entre otros.<\/p>\n\t\t\t\t\t<\/div>\n\t\t\t\t\n\t\t\t\t\t\t\t\t\t<div class=\"elementor-cta__button-wrapper elementor-cta__content-item elementor-content-item \">\n\t\t\t\t\t<span class=\"elementor-cta__button elementor-button elementor-size-xs\">\n\t\t\t\t\t\tinfo\t\t\t\t\t<\/span>\n\t\t\t\t\t<\/div>\n\t\t\t\t\t\t\t<\/div>\n\t\t\t\t\t\t<\/a>\n\t\t\t\t\t\t<\/div>\n\t\t\t\t<\/div>\n\t\t\t\t<div class=\"elementor-element elementor-element-3acce43 elementor-cta--valign-top cust-tpl-cta-product elementor-widget__width-initial elementor-cta--skin-classic elementor-animated-content elementor-invisible elementor-widget elementor-widget-call-to-action\" data-id=\"3acce43\" data-element_type=\"widget\" data-e-type=\"widget\" data-settings=\"{&quot;_animation&quot;:&quot;fadeIn&quot;,&quot;_animation_delay&quot;:500}\" data-widget_type=\"call-to-action.default\">\n\t\t\t\t<div class=\"elementor-widget-container\">\n\t\t\t\t\t\t\t<a class=\"elementor-cta\" href=\"https:\/\/marinatextil.com\/technical-fabric\/marlan-plus\/\" target=\"_blank\">\n\t\t\t\t\t\t\t<div class=\"elementor-cta__content\">\n\t\t\t\t\t\t\t\t\t<div class=\"elementor-content-item elementor-cta__content-item elementor-cta__image\">\n\t\t\t\t\t\t<img loading=\"lazy\" decoding=\"async\" width=\"674\" height=\"139\" src=\"https:\/\/marinatextil.com\/wp-content\/uploads\/2024\/01\/marlanplus-marina-textil.webp\" class=\"attachment-full size-full wp-image-53548\" alt=\"\" srcset=\"https:\/\/marinatextil.com\/wp-content\/uploads\/2024\/01\/marlanplus-marina-textil.webp 674w, https:\/\/marinatextil.com\/wp-content\/uploads\/2024\/01\/marlanplus-marina-textil-600x124.webp 600w, https:\/\/marinatextil.com\/wp-content\/uploads\/2024\/01\/marlanplus-marina-textil-300x62.webp 300w, https:\/\/marinatextil.com\/wp-content\/uploads\/2024\/01\/marlanplus-marina-textil-670x139.webp 670w\" sizes=\"(max-width: 674px) 100vw, 674px\" \/>\t\t\t\t\t<\/div>\n\t\t\t\t\n\t\t\t\t\n\t\t\t\t\t\t\t\t\t<div class=\"elementor-cta__description elementor-cta__content-item elementor-content-item\">\n\t\t\t\t\t\t<p>Tejido ligero e intr\u00ednsecamente ign\u00edfugo para fundiciones, que ofrece una alta protecci\u00f3n contra salpicaduras de aluminio fundido o aceros especiales, y certificado para la protecci\u00f3n contra arcos el\u00e9ctricos.<\/p>\n\t\t\t\t\t<\/div>\n\t\t\t\t\n\t\t\t\t\t\t\t\t\t<div class=\"elementor-cta__button-wrapper elementor-cta__content-item elementor-content-item \">\n\t\t\t\t\t<span class=\"elementor-cta__button elementor-button elementor-size-xs\">\n\t\t\t\t\t\tinfo\t\t\t\t\t<\/span>\n\t\t\t\t\t<\/div>\n\t\t\t\t\t\t\t<\/div>\n\t\t\t\t\t\t<\/a>\n\t\t\t\t\t\t<\/div>\n\t\t\t\t<\/div>\n\t\t\t\t<div class=\"elementor-element elementor-element-6ef163f elementor-cta--valign-top cust-tpl-cta-product elementor-widget__width-initial elementor-cta--skin-classic elementor-animated-content elementor-invisible elementor-widget elementor-widget-call-to-action\" data-id=\"6ef163f\" data-element_type=\"widget\" data-e-type=\"widget\" data-settings=\"{&quot;_animation&quot;:&quot;fadeIn&quot;,&quot;_animation_delay&quot;:500}\" data-widget_type=\"call-to-action.default\">\n\t\t\t\t<div class=\"elementor-widget-container\">\n\t\t\t\t\t\t\t<a class=\"elementor-cta\" href=\"https:\/\/marinatextil.com\/technical-fabric\/marlan-v\/\" target=\"_blank\">\n\t\t\t\t\t\t\t<div class=\"elementor-cta__content\">\n\t\t\t\t\t\t\t\t\t<div class=\"elementor-content-item elementor-cta__content-item elementor-cta__image\">\n\t\t\t\t\t\t<img loading=\"lazy\" decoding=\"async\" width=\"674\" height=\"139\" src=\"https:\/\/marinatextil.com\/wp-content\/uploads\/2024\/01\/marlanv-marina-textil.webp\" class=\"attachment-full size-full wp-image-53544\" alt=\"\" srcset=\"https:\/\/marinatextil.com\/wp-content\/uploads\/2024\/01\/marlanv-marina-textil.webp 674w, https:\/\/marinatextil.com\/wp-content\/uploads\/2024\/01\/marlanv-marina-textil-600x124.webp 600w, https:\/\/marinatextil.com\/wp-content\/uploads\/2024\/01\/marlanv-marina-textil-300x62.webp 300w, https:\/\/marinatextil.com\/wp-content\/uploads\/2024\/01\/marlanv-marina-textil-670x139.webp 670w\" sizes=\"(max-width: 674px) 100vw, 674px\" \/>\t\t\t\t\t<\/div>\n\t\t\t\t\n\t\t\t\t\n\t\t\t\t\t\t\t\t\t<div class=\"elementor-cta__description elementor-cta__content-item elementor-content-item\">\n\t\t\t\t\t\t<p>Variaci\u00f3n de Marlan que supera las normas estadounidenses de inflamabilidad vertical ASTM D6413 y ASTM F955.<\/p>\n\t\t\t\t\t<\/div>\n\t\t\t\t\n\t\t\t\t\t\t\t\t\t<div class=\"elementor-cta__button-wrapper elementor-cta__content-item elementor-content-item \">\n\t\t\t\t\t<span class=\"elementor-cta__button elementor-button elementor-size-xs\">\n\t\t\t\t\t\tinfo\t\t\t\t\t<\/span>\n\t\t\t\t\t<\/div>\n\t\t\t\t\t\t\t<\/div>\n\t\t\t\t\t\t<\/a>\n\t\t\t\t\t\t<\/div>\n\t\t\t\t<\/div>\n\t\t\t\t\t<\/div>\n\t\t\t\t<\/div>\n\t\t<div class=\"elementor-element elementor-element-551dea7 e-flex e-con-boxed e-con e-parent\" data-id=\"551dea7\" data-element_type=\"container\" data-e-type=\"container\" data-settings=\"{&quot;jet_parallax_layout_list&quot;:[]}\">\n\t\t\t\t\t<div class=\"e-con-inner\">\n\t\t<div class=\"elementor-element elementor-element-43ec97f e-con-full e-flex e-con e-child\" data-id=\"43ec97f\" data-element_type=\"container\" data-e-type=\"container\" data-settings=\"{&quot;jet_parallax_layout_list&quot;:[]}\">\n\t\t\t\t<div class=\"elementor-element elementor-element-a0ff936 elementor-widget-divider--view-line elementor-widget elementor-widget-divider\" data-id=\"a0ff936\" data-element_type=\"widget\" data-e-type=\"widget\" data-widget_type=\"divider.default\">\n\t\t\t\t<div class=\"elementor-widget-container\">\n\t\t\t\t\t\t\t<div class=\"elementor-divider\">\n\t\t\t<span class=\"elementor-divider-separator\">\n\t\t\t\t\t\t<\/span>\n\t\t<\/div>\n\t\t\t\t\t\t<\/div>\n\t\t\t\t<\/div>\n\t\t\t\t<div class=\"elementor-element elementor-element-6504790 elementor-widget-divider--view-line elementor-widget elementor-widget-divider\" data-id=\"6504790\" data-element_type=\"widget\" data-e-type=\"widget\" data-widget_type=\"divider.default\">\n\t\t\t\t<div class=\"elementor-widget-container\">\n\t\t\t\t\t\t\t<div class=\"elementor-divider\">\n\t\t\t<span class=\"elementor-divider-separator\">\n\t\t\t\t\t\t<\/span>\n\t\t<\/div>\n\t\t\t\t\t\t<\/div>\n\t\t\t\t<\/div>\n\t\t\t\t<div class=\"elementor-element elementor-element-5dd34f3 elementor-widget elementor-widget-heading\" data-id=\"5dd34f3\" data-element_type=\"widget\" data-e-type=\"widget\" data-widget_type=\"heading.default\">\n\t\t\t\t<div class=\"elementor-widget-container\">\n\t\t\t\t\t<h3 class=\"elementor-heading-title elementor-size-default\">NORMAS QUE DEBEN CUMPLIR LAS SOLUCIONES DE PROTECCI\u00d3N PARA LA INDUSTRIA DEL HIERRO Y DEL ACERO<\/h3>\t\t\t\t<\/div>\n\t\t\t\t<\/div>\n\t\t<div class=\"elementor-element elementor-element-3e3c580 e-con-full e-flex e-con e-child\" data-id=\"3e3c580\" data-element_type=\"container\" data-e-type=\"container\" data-settings=\"{&quot;jet_parallax_layout_list&quot;:[]}\">\n\t\t<div class=\"elementor-element elementor-element-ce4be95 e-con-full e-flex e-con e-child\" data-id=\"ce4be95\" data-element_type=\"container\" data-e-type=\"container\" data-settings=\"{&quot;jet_parallax_layout_list&quot;:[]}\">\n\t\t\t\t<div class=\"elementor-element elementor-element-fe5f1e1 cust-img-75-75 elementor-widget elementor-widget-image\" data-id=\"fe5f1e1\" data-element_type=\"widget\" data-e-type=\"widget\" data-widget_type=\"image.default\">\n\t\t\t\t<div class=\"elementor-widget-container\">\n\t\t\t\t\t\t\t\t\t\t\t\t\t\t\t\t<a href=\"https:\/\/marinatextil.com\/textile-standard\/en-iso-11612\/\" target=\"_blank\">\n\t\t\t\t\t\t\t<img loading=\"lazy\" decoding=\"async\" width=\"150\" height=\"150\" src=\"https:\/\/marinatextil.com\/wp-content\/uploads\/2024\/01\/EN-11612-1-150x150-1.webp\" class=\"attachment-thumbnail size-thumbnail wp-image-54698\" alt=\"\" srcset=\"https:\/\/marinatextil.com\/wp-content\/uploads\/2024\/01\/EN-11612-1-150x150-1.webp 150w, https:\/\/marinatextil.com\/wp-content\/uploads\/2024\/01\/EN-11612-1-150x150-1-100x100.webp 100w, https:\/\/marinatextil.com\/wp-content\/uploads\/2024\/01\/EN-11612-1-150x150-1-140x140.webp 140w\" sizes=\"(max-width: 150px) 100vw, 150px\" \/>\t\t\t\t\t\t\t\t<\/a>\n\t\t\t\t\t\t\t\t\t\t\t\t\t\t\t<\/div>\n\t\t\t\t<\/div>\n\t\t\t\t<\/div>\n\t\t<div class=\"elementor-element elementor-element-599108d e-con-full e-flex e-con e-child\" data-id=\"599108d\" data-element_type=\"container\" data-e-type=\"container\" data-settings=\"{&quot;jet_parallax_layout_list&quot;:[]}\">\n\t\t\t\t<div class=\"elementor-element elementor-element-07c29b4 cust-img-75-75 elementor-widget elementor-widget-image\" data-id=\"07c29b4\" data-element_type=\"widget\" data-e-type=\"widget\" data-widget_type=\"image.default\">\n\t\t\t\t<div class=\"elementor-widget-container\">\n\t\t\t\t\t\t\t\t\t\t\t\t\t\t\t\t<a href=\"https:\/\/marinatextil.com\/textile-standard\/en-iso-11611\/\" target=\"_blank\">\n\t\t\t\t\t\t\t<img loading=\"lazy\" decoding=\"async\" width=\"150\" height=\"150\" src=\"https:\/\/marinatextil.com\/wp-content\/uploads\/2024\/01\/EN-11611-1-150x150-1.webp\" class=\"attachment-thumbnail size-thumbnail wp-image-54699\" alt=\"\" srcset=\"https:\/\/marinatextil.com\/wp-content\/uploads\/2024\/01\/EN-11611-1-150x150-1.webp 150w, https:\/\/marinatextil.com\/wp-content\/uploads\/2024\/01\/EN-11611-1-150x150-1-100x100.webp 100w, https:\/\/marinatextil.com\/wp-content\/uploads\/2024\/01\/EN-11611-1-150x150-1-140x140.webp 140w\" sizes=\"(max-width: 150px) 100vw, 150px\" \/>\t\t\t\t\t\t\t\t<\/a>\n\t\t\t\t\t\t\t\t\t\t\t\t\t\t\t<\/div>\n\t\t\t\t<\/div>\n\t\t\t\t<\/div>\n\t\t<div class=\"elementor-element elementor-element-3fa638c e-con-full e-flex e-con e-child\" data-id=\"3fa638c\" data-element_type=\"container\" data-e-type=\"container\" data-settings=\"{&quot;jet_parallax_layout_list&quot;:[]}\">\n\t\t\t\t<\/div>\n\t\t<div class=\"elementor-element elementor-element-a08d8d3 e-con-full e-flex e-con e-child\" data-id=\"a08d8d3\" data-element_type=\"container\" data-e-type=\"container\" data-settings=\"{&quot;jet_parallax_layout_list&quot;:[]}\">\n\t\t\t\t<\/div>\n\t\t<div class=\"elementor-element elementor-element-ec80eee e-con-full e-flex e-con e-child\" data-id=\"ec80eee\" data-element_type=\"container\" data-e-type=\"container\" data-settings=\"{&quot;jet_parallax_layout_list&quot;:[]}\">\n\t\t\t\t<\/div>\n\t\t<div class=\"elementor-element elementor-element-24b8c4d e-con-full e-flex e-con e-child\" data-id=\"24b8c4d\" data-element_type=\"container\" data-e-type=\"container\" data-settings=\"{&quot;jet_parallax_layout_list&quot;:[]}\">\n\t\t\t\t<\/div>\n\t\t<div class=\"elementor-element elementor-element-3b5bcbe e-con-full e-flex e-con e-child\" data-id=\"3b5bcbe\" data-element_type=\"container\" data-e-type=\"container\" data-settings=\"{&quot;jet_parallax_layout_list&quot;:[]}\">\n\t\t\t\t<\/div>\n\t\t<div class=\"elementor-element elementor-element-a56e8f7 e-con-full e-flex e-con e-child\" data-id=\"a56e8f7\" data-element_type=\"container\" data-e-type=\"container\" data-settings=\"{&quot;jet_parallax_layout_list&quot;:[]}\">\n\t\t\t\t<\/div>\n\t\t<div class=\"elementor-element elementor-element-8520383 e-con-full e-flex e-con e-child\" data-id=\"8520383\" data-element_type=\"container\" data-e-type=\"container\" data-settings=\"{&quot;jet_parallax_layout_list&quot;:[]}\">\n\t\t\t\t<\/div>\n\t\t\t\t<\/div>\n\t\t\t\t<\/div>\n\t\t\t\t\t<\/div>\n\t\t\t\t<\/div>\n\t\t<div class=\"elementor-element elementor-element-d160da5 e-con-full e-flex e-con e-child\" data-id=\"d160da5\" data-element_type=\"container\" data-e-type=\"container\" data-settings=\"{&quot;jet_parallax_layout_list&quot;:[]}\">\n\t\t\t\t<div class=\"elementor-element elementor-element-320bc8e elementor-align-center elementor-widget elementor-widget-button\" data-id=\"320bc8e\" data-element_type=\"widget\" data-e-type=\"widget\" data-widget_type=\"button.default\">\n\t\t\t\t<div class=\"elementor-widget-container\">\n\t\t\t\t\t\t\t\t\t<div class=\"elementor-button-wrapper\">\n\t\t\t\t\t<a class=\"elementor-button elementor-button-link elementor-size-sm\" href=\"#elementor-action%3Aaction%3Dpopup%3Aopen%26settings%3DeyJpZCI6NzA0NzIsInRvZ2dsZSI6ZmFsc2V9\">\n\t\t\t\t\t\t<span class=\"elementor-button-content-wrapper\">\n\t\t\t\t\t\t\t\t\t<span class=\"elementor-button-text\">Solicitar informaci\u00f3n<\/span>\n\t\t\t\t\t<\/span>\n\t\t\t\t\t<\/a>\n\t\t\t\t<\/div>\n\t\t\t\t\t\t\t\t<\/div>\n\t\t\t\t<\/div>\n\t\t\t\t<\/div>\n\t\t\t\t<\/div>\n\t\t","protected":false},"excerpt":{"rendered":"<p>Tejidos de protecci\u00f3n para la industria sider\u00fargica Las fundiciones de hierro y acero demandan tejidos resistentes al fuego capaces de repeler salpicaduras de metal a temperaturas muy altas. En las fundiciones de hierro y acero (acer\u00edas y ferrer\u00edas), donde se manipulan metales a temperaturas de fusi\u00f3n cercanas a los 1.400 \u00b0C, es imprescindible que los [&hellip;]<\/p>\n","protected":false},"author":11,"featured_media":0,"parent":67801,"menu_order":0,"comment_status":"closed","ping_status":"closed","template":"","meta":{"footnotes":""},"class_list":["post-67818","page","type-page","status-publish","hentry"],"_links":{"self":[{"href":"https:\/\/marinatextil.com\/es\/wp-json\/wp\/v2\/pages\/67818","targetHints":{"allow":["GET"]}}],"collection":[{"href":"https:\/\/marinatextil.com\/es\/wp-json\/wp\/v2\/pages"}],"about":[{"href":"https:\/\/marinatextil.com\/es\/wp-json\/wp\/v2\/types\/page"}],"author":[{"embeddable":true,"href":"https:\/\/marinatextil.com\/es\/wp-json\/wp\/v2\/users\/11"}],"replies":[{"embeddable":true,"href":"https:\/\/marinatextil.com\/es\/wp-json\/wp\/v2\/comments?post=67818"}],"version-history":[{"count":0,"href":"https:\/\/marinatextil.com\/es\/wp-json\/wp\/v2\/pages\/67818\/revisions"}],"up":[{"embeddable":true,"href":"https:\/\/marinatextil.com\/es\/wp-json\/wp\/v2\/pages\/67801"}],"wp:attachment":[{"href":"https:\/\/marinatextil.com\/es\/wp-json\/wp\/v2\/media?parent=67818"}],"curies":[{"name":"wp","href":"https:\/\/api.w.org\/{rel}","templated":true}]}}