{"id":67825,"date":"2025-05-04T11:45:07","date_gmt":"2025-05-04T09:45:07","guid":{"rendered":"https:\/\/marinatextil.com\/sectores\/tejidos-protectores-de-petroleo-y-gas"},"modified":"2026-02-24T16:49:57","modified_gmt":"2026-02-24T15:49:57","slug":"tejidos-de-proteccion-para-petroleo-y-gas","status":"publish","type":"page","link":"https:\/\/marinatextil.com\/es\/sectores\/tejidos-de-proteccion-para-petroleo-y-gas\/","title":{"rendered":"Tejidos de protecci\u00f3n para petr\u00f3leo y gas"},"content":{"rendered":"\t\t<div data-elementor-type=\"wp-post\" data-elementor-id=\"67825\" class=\"elementor elementor-67825 elementor-2786\" data-elementor-post-type=\"page\">\n\t\t\t\t<div class=\"elementor-element elementor-element-3a590d0 e-flex e-con-boxed e-con e-parent\" data-id=\"3a590d0\" data-element_type=\"container\" data-e-type=\"container\" data-settings=\"{&quot;background_background&quot;:&quot;classic&quot;,&quot;jet_parallax_layout_list&quot;:[]}\">\n\t\t\t\t\t<div class=\"e-con-inner\">\n\t\t\t\t<div class=\"elementor-element elementor-element-786b63f elementor-widget elementor-widget-heading\" data-id=\"786b63f\" data-element_type=\"widget\" data-e-type=\"widget\" data-widget_type=\"heading.default\">\n\t\t\t\t<div class=\"elementor-widget-container\">\n\t\t\t\t\t<h1 class=\"elementor-heading-title elementor-size-default\">Tejidos de protecci\u00f3n para petr\u00f3leo y gas<\/h1>\t\t\t\t<\/div>\n\t\t\t\t<\/div>\n\t\t\t\t\t<\/div>\n\t\t\t\t<\/div>\n\t\t<div class=\"elementor-element elementor-element-2d8d8a5 cust-no-padding-bottom e-flex e-con-boxed e-con e-parent\" data-id=\"2d8d8a5\" data-element_type=\"container\" data-e-type=\"container\" data-settings=\"{&quot;jet_parallax_layout_list&quot;:[]}\">\n\t\t\t\t\t<div class=\"e-con-inner\">\n\t\t<div class=\"elementor-element elementor-element-4bb2b8d e-con-full e-flex e-con e-child\" data-id=\"4bb2b8d\" data-element_type=\"container\" data-e-type=\"container\" data-settings=\"{&quot;jet_parallax_layout_list&quot;:[]}\">\n\t\t\t\t<div class=\"elementor-element elementor-element-1a8d54f elementor-widget elementor-widget-text-editor\" data-id=\"1a8d54f\" data-element_type=\"widget\" data-e-type=\"widget\" data-widget_type=\"text-editor.default\">\n\t\t\t\t<div class=\"elementor-widget-container\">\n\t\t\t\t\t\t\t\t\t<p>En industrias con gran variedad de riesgos es necesario utilizar tejidos multiest\u00e1ndar con altas prestaciones mec\u00e1nicas.<\/p>\n\t\t\t\t\t\t\t\t<\/div>\n\t\t\t\t<\/div>\n\t\t\t\t<\/div>\n\t\t<div class=\"elementor-element elementor-element-22fc00e e-con-full e-flex e-con e-child\" data-id=\"22fc00e\" data-element_type=\"container\" data-e-type=\"container\" data-settings=\"{&quot;jet_parallax_layout_list&quot;:[]}\">\n\t\t\t\t<div class=\"elementor-element elementor-element-69c092a elementor-widget elementor-widget-text-editor\" data-id=\"69c092a\" data-element_type=\"widget\" data-e-type=\"widget\" data-widget_type=\"text-editor.default\">\n\t\t\t\t<div class=\"elementor-widget-container\">\n\t\t\t\t\t\t\t\t\t<p>En industrias como la petroqu\u00edmica, la gas\u00edfera, las refiner\u00edas y las plantas qu\u00edmicas, pueden surgir numerosos riesgos que deben cubrirse con\u00a0<a href=\"https:\/\/marinatextil.com\/es\/normativa-textil\/\" target=\"_blank\" rel=\"noopener\">tejidos multiest\u00e1ndar<\/a><strong> de alto rendimiento mec\u00e1nico<\/strong>. Marina Textil examina las necesidades espec\u00edficas de estas industrias para ofrecer tejidos de protecci\u00f3n para los sectores del petr\u00f3leo y el gas que cumplan con los est\u00e1ndares requeridos y que\u00a0<strong>garanticen la protecci\u00f3n del usuario sin sacrificar la comodidad<\/strong>.<\/p>\n\t\t\t\t\t\t\t\t<\/div>\n\t\t\t\t<\/div>\n\t\t\t\t<\/div>\n\t\t\t\t\t<\/div>\n\t\t\t\t<\/div>\n\t\t<div class=\"elementor-element elementor-element-f02d0b7 e-con-full e-flex e-con e-parent\" data-id=\"f02d0b7\" data-element_type=\"container\" data-e-type=\"container\" data-settings=\"{&quot;background_background&quot;:&quot;classic&quot;,&quot;jet_parallax_layout_list&quot;:[]}\">\n\t\t<div class=\"elementor-element elementor-element-48c4d5a e-con-full e-flex e-con e-child\" data-id=\"48c4d5a\" data-element_type=\"container\" data-e-type=\"container\" data-settings=\"{&quot;jet_parallax_layout_list&quot;:[]}\">\n\t\t\t\t<div class=\"elementor-element elementor-element-ee2148a elementor-cta--skin-cover elementor-cta--valign-middle cta-content-image-75-75 cust-title-shadow-dark elementor-widget elementor-widget-call-to-action\" data-id=\"ee2148a\" data-element_type=\"widget\" data-e-type=\"widget\" data-widget_type=\"call-to-action.default\">\n\t\t\t\t<div class=\"elementor-widget-container\">\n\t\t\t\t\t\t\t<a class=\"elementor-cta\" href=\"https:\/\/marinatextil.com\/sectors\/protective-fabrics-oil-gas\/offshore-drilling\/\" target=\"_blank\">\n\t\t\t\t\t<div class=\"elementor-cta__bg-wrapper\">\n\t\t\t\t<div class=\"elementor-cta__bg elementor-bg\" style=\"background-image: url();\" role=\"img\" aria-label=\"\"><\/div>\n\t\t\t\t<div class=\"elementor-cta__bg-overlay\"><\/div>\n\t\t\t<\/div>\n\t\t\t\t\t\t\t<div class=\"elementor-cta__content\">\n\t\t\t\t\t\t\t\t\t<div class=\"elementor-content-item elementor-cta__content-item elementor-cta__image\">\n\t\t\t\t\t\t<img decoding=\"async\" width=\"150\" height=\"150\" src=\"https:\/\/marinatextil.com\/wp-content\/uploads\/2024\/04\/sectors-w_oil-rig-150x150.webp\" class=\"attachment-thumbnail size-thumbnail wp-image-57428\" alt=\"\" srcset=\"https:\/\/marinatextil.com\/wp-content\/uploads\/2024\/04\/sectors-w_oil-rig-150x150.webp 150w, https:\/\/marinatextil.com\/wp-content\/uploads\/2024\/04\/sectors-w_oil-rig-300x300.webp 300w, https:\/\/marinatextil.com\/wp-content\/uploads\/2024\/04\/sectors-w_oil-rig-600x600.webp 600w, https:\/\/marinatextil.com\/wp-content\/uploads\/2024\/04\/sectors-w_oil-rig-1024x1024.webp 1024w, https:\/\/marinatextil.com\/wp-content\/uploads\/2024\/04\/sectors-w_oil-rig-768x768.webp 768w, https:\/\/marinatextil.com\/wp-content\/uploads\/2024\/04\/sectors-w_oil-rig.webp 1188w\" sizes=\"(max-width: 150px) 100vw, 150px\" \/>\t\t\t\t\t<\/div>\n\t\t\t\t\n\t\t\t\t\t\t\t\t\t<h2 class=\"elementor-cta__title elementor-cta__content-item elementor-content-item\">\n\t\t\t\t\t\tPLATAFORMAS PETROLERAS\t\t\t\t\t<\/h2>\n\t\t\t\t\n\t\t\t\t\n\t\t\t\t\t\t\t\t\t<div class=\"elementor-cta__button-wrapper elementor-cta__content-item elementor-content-item \">\n\t\t\t\t\t<span class=\"elementor-cta__button elementor-button elementor-size-\">\n\t\t\t\t\t\tM\u00e1s informaci\u00f3n.\t\t\t\t\t<\/span>\n\t\t\t\t\t<\/div>\n\t\t\t\t\t\t\t<\/div>\n\t\t\t\t\t\t<\/a>\n\t\t\t\t\t\t<\/div>\n\t\t\t\t<\/div>\n\t\t\t\t<\/div>\n\t\t<div class=\"elementor-element elementor-element-7c2cc03 e-con-full e-flex e-con e-child\" data-id=\"7c2cc03\" data-element_type=\"container\" data-e-type=\"container\" data-settings=\"{&quot;jet_parallax_layout_list&quot;:[]}\">\n\t\t\t\t<div class=\"elementor-element elementor-element-5ee2835 elementor-cta--skin-cover elementor-cta--valign-middle cta-content-image-75-75 cust-title-shadow-dark elementor-widget elementor-widget-call-to-action\" data-id=\"5ee2835\" data-element_type=\"widget\" data-e-type=\"widget\" data-widget_type=\"call-to-action.default\">\n\t\t\t\t<div class=\"elementor-widget-container\">\n\t\t\t\t\t\t\t<a class=\"elementor-cta\" href=\"https:\/\/marinatextil.com\/sectors\/protective-fabrics-oil-gas\/gas-industry\/\" target=\"_blank\">\n\t\t\t\t\t<div class=\"elementor-cta__bg-wrapper\">\n\t\t\t\t<div class=\"elementor-cta__bg elementor-bg\" style=\"background-image: url();\" role=\"img\" aria-label=\"\"><\/div>\n\t\t\t\t<div class=\"elementor-cta__bg-overlay\"><\/div>\n\t\t\t<\/div>\n\t\t\t\t\t\t\t<div class=\"elementor-cta__content\">\n\t\t\t\t\t\t\t\t\t<div class=\"elementor-content-item elementor-cta__content-item elementor-cta__image\">\n\t\t\t\t\t\t<img decoding=\"async\" width=\"150\" height=\"150\" src=\"https:\/\/marinatextil.com\/wp-content\/uploads\/2024\/04\/sectors-w_oil-rig-150x150.webp\" class=\"attachment-thumbnail size-thumbnail wp-image-57428\" alt=\"\" srcset=\"https:\/\/marinatextil.com\/wp-content\/uploads\/2024\/04\/sectors-w_oil-rig-150x150.webp 150w, https:\/\/marinatextil.com\/wp-content\/uploads\/2024\/04\/sectors-w_oil-rig-300x300.webp 300w, https:\/\/marinatextil.com\/wp-content\/uploads\/2024\/04\/sectors-w_oil-rig-600x600.webp 600w, https:\/\/marinatextil.com\/wp-content\/uploads\/2024\/04\/sectors-w_oil-rig-1024x1024.webp 1024w, https:\/\/marinatextil.com\/wp-content\/uploads\/2024\/04\/sectors-w_oil-rig-768x768.webp 768w, https:\/\/marinatextil.com\/wp-content\/uploads\/2024\/04\/sectors-w_oil-rig.webp 1188w\" sizes=\"(max-width: 150px) 100vw, 150px\" \/>\t\t\t\t\t<\/div>\n\t\t\t\t\n\t\t\t\t\t\t\t\t\t<h2 class=\"elementor-cta__title elementor-cta__content-item elementor-content-item\">\n\t\t\t\t\t\tINDUSTRIA DEL GAS\t\t\t\t\t<\/h2>\n\t\t\t\t\n\t\t\t\t\n\t\t\t\t\t\t\t\t\t<div class=\"elementor-cta__button-wrapper elementor-cta__content-item elementor-content-item \">\n\t\t\t\t\t<span class=\"elementor-cta__button elementor-button elementor-size-\">\n\t\t\t\t\t\tM\u00e1s informaci\u00f3n.\t\t\t\t\t<\/span>\n\t\t\t\t\t<\/div>\n\t\t\t\t\t\t\t<\/div>\n\t\t\t\t\t\t<\/a>\n\t\t\t\t\t\t<\/div>\n\t\t\t\t<\/div>\n\t\t\t\t<\/div>\n\t\t<div class=\"elementor-element elementor-element-f983fcc e-con-full e-flex e-con e-child\" data-id=\"f983fcc\" data-element_type=\"container\" data-e-type=\"container\" data-settings=\"{&quot;jet_parallax_layout_list&quot;:[]}\">\n\t\t\t\t<div class=\"elementor-element elementor-element-779f4a5 elementor-cta--skin-cover elementor-cta--valign-middle cta-content-image-75-75 cust-title-shadow-dark elementor-widget elementor-widget-call-to-action\" data-id=\"779f4a5\" data-element_type=\"widget\" data-e-type=\"widget\" data-widget_type=\"call-to-action.default\">\n\t\t\t\t<div class=\"elementor-widget-container\">\n\t\t\t\t\t\t\t<a class=\"elementor-cta\" href=\"https:\/\/marinatextil.com\/sectors\/protective-fabrics-oil-gas\/chemical-industries\/\" target=\"_blank\">\n\t\t\t\t\t<div class=\"elementor-cta__bg-wrapper\">\n\t\t\t\t<div class=\"elementor-cta__bg elementor-bg\" style=\"background-image: url();\" role=\"img\" aria-label=\"\"><\/div>\n\t\t\t\t<div class=\"elementor-cta__bg-overlay\"><\/div>\n\t\t\t<\/div>\n\t\t\t\t\t\t\t<div class=\"elementor-cta__content\">\n\t\t\t\t\t\t\t\t\t<div class=\"elementor-content-item elementor-cta__content-item elementor-cta__image\">\n\t\t\t\t\t\t<img decoding=\"async\" width=\"150\" height=\"150\" src=\"https:\/\/marinatextil.com\/wp-content\/uploads\/2024\/04\/sectors-w_chemical-industry-150x150.webp\" class=\"attachment-thumbnail size-thumbnail wp-image-57430\" alt=\"\" srcset=\"https:\/\/marinatextil.com\/wp-content\/uploads\/2024\/04\/sectors-w_chemical-industry-150x150.webp 150w, https:\/\/marinatextil.com\/wp-content\/uploads\/2024\/04\/sectors-w_chemical-industry-300x300.webp 300w, https:\/\/marinatextil.com\/wp-content\/uploads\/2024\/04\/sectors-w_chemical-industry-600x600.webp 600w, https:\/\/marinatextil.com\/wp-content\/uploads\/2024\/04\/sectors-w_chemical-industry-1024x1024.webp 1024w, https:\/\/marinatextil.com\/wp-content\/uploads\/2024\/04\/sectors-w_chemical-industry-768x768.webp 768w, https:\/\/marinatextil.com\/wp-content\/uploads\/2024\/04\/sectors-w_chemical-industry.webp 1188w\" sizes=\"(max-width: 150px) 100vw, 150px\" \/>\t\t\t\t\t<\/div>\n\t\t\t\t\n\t\t\t\t\t\t\t\t\t<h2 class=\"elementor-cta__title elementor-cta__content-item elementor-content-item\">\n\t\t\t\t\t\tINDUSTRIA QU\u00cdMICA\t\t\t\t\t<\/h2>\n\t\t\t\t\n\t\t\t\t\n\t\t\t\t\t\t\t\t\t<div class=\"elementor-cta__button-wrapper elementor-cta__content-item elementor-content-item \">\n\t\t\t\t\t<span class=\"elementor-cta__button elementor-button elementor-size-\">\n\t\t\t\t\t\tM\u00e1s informaci\u00f3n.\t\t\t\t\t<\/span>\n\t\t\t\t\t<\/div>\n\t\t\t\t\t\t\t<\/div>\n\t\t\t\t\t\t<\/a>\n\t\t\t\t\t\t<\/div>\n\t\t\t\t<\/div>\n\t\t\t\t<\/div>\n\t\t\t\t<\/div>\n\t\t<div class=\"elementor-element elementor-element-1297024 e-con-full e-flex e-con e-child\" data-id=\"1297024\" data-element_type=\"container\" data-e-type=\"container\" data-settings=\"{&quot;jet_parallax_layout_list&quot;:[]}\">\n\t\t\t\t<div class=\"elementor-element elementor-element-9b23501 elementor-align-center elementor-widget elementor-widget-button\" data-id=\"9b23501\" data-element_type=\"widget\" data-e-type=\"widget\" data-widget_type=\"button.default\">\n\t\t\t\t<div class=\"elementor-widget-container\">\n\t\t\t\t\t\t\t\t\t<div class=\"elementor-button-wrapper\">\n\t\t\t\t\t<a class=\"elementor-button elementor-button-link elementor-size-sm\" href=\"#elementor-action%3Aaction%3Dpopup%3Aopen%26settings%3DeyJpZCI6NzA0NzIsInRvZ2dsZSI6ZmFsc2V9\">\n\t\t\t\t\t\t<span class=\"elementor-button-content-wrapper\">\n\t\t\t\t\t\t\t\t\t<span class=\"elementor-button-text\">Solicitar informaci\u00f3n<\/span>\n\t\t\t\t\t<\/span>\n\t\t\t\t\t<\/a>\n\t\t\t\t<\/div>\n\t\t\t\t\t\t\t\t<\/div>\n\t\t\t\t<\/div>\n\t\t\t\t<\/div>\n\t\t\t\t<\/div>\n\t\t","protected":false},"excerpt":{"rendered":"<p>Tejidos de protecci\u00f3n para petr\u00f3leo y gas En industrias con gran variedad de riesgos es necesario utilizar tejidos multiest\u00e1ndar con altas prestaciones mec\u00e1nicas. En industrias como la petroqu\u00edmica, la gas\u00edfera, las refiner\u00edas y las plantas qu\u00edmicas, pueden surgir numerosos riesgos que deben cubrirse con\u00a0tejidos multiest\u00e1ndar de alto rendimiento mec\u00e1nico. Marina Textil examina las necesidades espec\u00edficas [&hellip;]<\/p>\n","protected":false},"author":11,"featured_media":0,"parent":67771,"menu_order":0,"comment_status":"closed","ping_status":"closed","template":"","meta":{"footnotes":""},"class_list":["post-67825","page","type-page","status-publish","hentry"],"_links":{"self":[{"href":"https:\/\/marinatextil.com\/es\/wp-json\/wp\/v2\/pages\/67825","targetHints":{"allow":["GET"]}}],"collection":[{"href":"https:\/\/marinatextil.com\/es\/wp-json\/wp\/v2\/pages"}],"about":[{"href":"https:\/\/marinatextil.com\/es\/wp-json\/wp\/v2\/types\/page"}],"author":[{"embeddable":true,"href":"https:\/\/marinatextil.com\/es\/wp-json\/wp\/v2\/users\/11"}],"replies":[{"embeddable":true,"href":"https:\/\/marinatextil.com\/es\/wp-json\/wp\/v2\/comments?post=67825"}],"version-history":[{"count":0,"href":"https:\/\/marinatextil.com\/es\/wp-json\/wp\/v2\/pages\/67825\/revisions"}],"up":[{"embeddable":true,"href":"https:\/\/marinatextil.com\/es\/wp-json\/wp\/v2\/pages\/67771"}],"wp:attachment":[{"href":"https:\/\/marinatextil.com\/es\/wp-json\/wp\/v2\/media?parent=67825"}],"curies":[{"name":"wp","href":"https:\/\/api.w.org\/{rel}","templated":true}]}}