{"id":67835,"date":"2025-05-04T12:08:52","date_gmt":"2025-05-04T10:08:52","guid":{"rendered":"https:\/\/marinatextil.com\/sectores\/tejidos-protectores-soldadura"},"modified":"2026-02-12T17:07:17","modified_gmt":"2026-02-12T16:07:17","slug":"tejidos-protectores-soldadura","status":"publish","type":"page","link":"https:\/\/marinatextil.com\/es\/sectores\/tejidos-protectores-soldadura\/","title":{"rendered":"Tejidos de protecci\u00f3n para soldadura"},"content":{"rendered":"\t\t<div data-elementor-type=\"wp-post\" data-elementor-id=\"67835\" class=\"elementor elementor-67835 elementor-2809\" data-elementor-post-type=\"page\">\n\t\t\t\t<div class=\"elementor-element elementor-element-c08369a e-flex e-con-boxed e-con e-parent\" data-id=\"c08369a\" data-element_type=\"container\" data-e-type=\"container\" data-settings=\"{&quot;background_background&quot;:&quot;classic&quot;,&quot;jet_parallax_layout_list&quot;:[]}\">\n\t\t\t\t\t<div class=\"e-con-inner\">\n\t\t\t\t<div class=\"elementor-element elementor-element-5009ace elementor-widget elementor-widget-heading\" data-id=\"5009ace\" data-element_type=\"widget\" data-e-type=\"widget\" data-widget_type=\"heading.default\">\n\t\t\t\t<div class=\"elementor-widget-container\">\n\t\t\t\t\t<h1 class=\"elementor-heading-title elementor-size-default\">Tejidos de protecci\u00f3n para soldadura<\/h1>\t\t\t\t<\/div>\n\t\t\t\t<\/div>\n\t\t\t\t\t<\/div>\n\t\t\t\t<\/div>\n\t\t<div class=\"elementor-element elementor-element-910f7fd cust-no-padding-bottom e-flex e-con-boxed e-con e-parent\" data-id=\"910f7fd\" data-element_type=\"container\" data-e-type=\"container\" data-settings=\"{&quot;jet_parallax_layout_list&quot;:[]}\">\n\t\t\t\t\t<div class=\"e-con-inner\">\n\t\t<div class=\"elementor-element elementor-element-a855ed2 e-con-full e-flex e-con e-child\" data-id=\"a855ed2\" data-element_type=\"container\" data-e-type=\"container\" data-settings=\"{&quot;jet_parallax_layout_list&quot;:[]}\">\n\t\t\t\t<div class=\"elementor-element elementor-element-3428dc1 elementor-widget elementor-widget-text-editor\" data-id=\"3428dc1\" data-element_type=\"widget\" data-e-type=\"widget\" data-widget_type=\"text-editor.default\">\n\t\t\t\t<div class=\"elementor-widget-container\">\n\t\t\t\t\t\t\t\t\t<p>En este colectivo, el riesgo est\u00e1 m\u00e1s asociado a la t\u00e9cnica utilizada m\u00e1s que a la industria en la que se realiza.<\/p>\n\t\t\t\t\t\t\t\t<\/div>\n\t\t\t\t<\/div>\n\t\t\t\t<\/div>\n\t\t<div class=\"elementor-element elementor-element-10fbe31 e-con-full e-flex e-con e-child\" data-id=\"10fbe31\" data-element_type=\"container\" data-e-type=\"container\" data-settings=\"{&quot;jet_parallax_layout_list&quot;:[]}\">\n\t\t\t\t<div class=\"elementor-element elementor-element-55db84e elementor-widget elementor-widget-text-editor\" data-id=\"55db84e\" data-element_type=\"widget\" data-e-type=\"widget\" data-widget_type=\"text-editor.default\">\n\t\t\t\t<div class=\"elementor-widget-container\">\n\t\t\t\t\t\t\t\t\t<p>La soldadura no puede considerarse una industria, sin embargo, dada su complejidad en cuanto a la protecci\u00f3n textil, se le debe dar la misma importancia que a otras industrias mejor definidas. De hecho, es una actividad presente en m\u00faltiples industrias, y los\u00a0<a href=\"https:\/\/marinatextil.com\/es\/tejido-tecnico\/tejidos-segun-riesgo\/proyecciones-de-soldadura\/\" target=\"_blank\" rel=\"noopener\">riesgos asociados<\/a>\u00a0dependen m\u00e1s de la t\u00e9cnica utilizada que del sector donde se realiza.<\/p>\n<p>Garantizar la protecci\u00f3n durante la soldadura es dif\u00edcil, <strong>ya que existen diversas t\u00e9cnicas de soldadura, cada una con diferentes riesgos<\/strong>. Adem\u00e1s, la soldadura se realiza generalmente en zonas industriales donde pueden producirse desgarros o cortes.<\/p>\n<p>Por ello, Marina Textil ha desarrollado <strong>tejidos de protecci\u00f3n ign\u00edfugos para soldadura que resisten los impactos de las proyecciones con buenas resistencias mec\u00e1nicas<\/strong>.<\/p>\n\t\t\t\t\t\t\t\t<\/div>\n\t\t\t\t<\/div>\n\t\t\t\t<\/div>\n\t\t\t\t\t<\/div>\n\t\t\t\t<\/div>\n\t\t<div class=\"elementor-element elementor-element-b08b9fe e-con-full e-flex e-con e-parent\" data-id=\"b08b9fe\" data-element_type=\"container\" data-e-type=\"container\" data-settings=\"{&quot;background_background&quot;:&quot;classic&quot;,&quot;jet_parallax_layout_list&quot;:[]}\">\n\t\t<div class=\"elementor-element elementor-element-fbf20a3 e-con-full e-flex e-con e-child\" data-id=\"fbf20a3\" data-element_type=\"container\" data-e-type=\"container\" data-settings=\"{&quot;jet_parallax_layout_list&quot;:[]}\">\n\t\t\t\t<div class=\"elementor-element elementor-element-d6c89d3 elementor-cta--skin-cover elementor-cta--valign-middle cta-content-image-75-75 cust-title-shadow-dark elementor-widget elementor-widget-call-to-action\" data-id=\"d6c89d3\" data-element_type=\"widget\" data-e-type=\"widget\" data-widget_type=\"call-to-action.default\">\n\t\t\t\t<div class=\"elementor-widget-container\">\n\t\t\t\t\t\t\t<a class=\"elementor-cta\" href=\"https:\/\/marinatextil.com\/sectors\/protective-fabrics-welding\/fire-resistant-fabric-welding\/\" target=\"_blank\">\n\t\t\t\t\t<div class=\"elementor-cta__bg-wrapper\">\n\t\t\t\t<div class=\"elementor-cta__bg elementor-bg\" style=\"background-image: url();\" role=\"img\" aria-label=\"\"><\/div>\n\t\t\t\t<div class=\"elementor-cta__bg-overlay\"><\/div>\n\t\t\t<\/div>\n\t\t\t\t\t\t\t<div class=\"elementor-cta__content\">\n\t\t\t\t\t\t\t\t\t<div class=\"elementor-content-item elementor-cta__content-item elementor-cta__image\">\n\t\t\t\t\t\t<img decoding=\"async\" width=\"150\" height=\"150\" src=\"https:\/\/marinatextil.com\/wp-content\/uploads\/2024\/04\/sectors-w_welding-150x150.webp\" class=\"attachment-thumbnail size-thumbnail wp-image-57544\" alt=\"\" srcset=\"https:\/\/marinatextil.com\/wp-content\/uploads\/2024\/04\/sectors-w_welding-150x150.webp 150w, https:\/\/marinatextil.com\/wp-content\/uploads\/2024\/04\/sectors-w_welding-300x300.webp 300w, https:\/\/marinatextil.com\/wp-content\/uploads\/2024\/04\/sectors-w_welding-600x600.webp 600w, https:\/\/marinatextil.com\/wp-content\/uploads\/2024\/04\/sectors-w_welding-1024x1024.webp 1024w, https:\/\/marinatextil.com\/wp-content\/uploads\/2024\/04\/sectors-w_welding-768x768.webp 768w, https:\/\/marinatextil.com\/wp-content\/uploads\/2024\/04\/sectors-w_welding.webp 1188w\" sizes=\"(max-width: 150px) 100vw, 150px\" \/>\t\t\t\t\t<\/div>\n\t\t\t\t\n\t\t\t\t\t\t\t\t\t<h2 class=\"elementor-cta__title elementor-cta__content-item elementor-content-item\">\n\t\t\t\t\t\tSOLDADURA\t\t\t\t\t<\/h2>\n\t\t\t\t\n\t\t\t\t\n\t\t\t\t\t\t\t\t\t<div class=\"elementor-cta__button-wrapper elementor-cta__content-item elementor-content-item \">\n\t\t\t\t\t<span class=\"elementor-cta__button elementor-button elementor-size-\">\n\t\t\t\t\t\tM\u00e1s informaci\u00f3n.\t\t\t\t\t<\/span>\n\t\t\t\t\t<\/div>\n\t\t\t\t\t\t\t<\/div>\n\t\t\t\t\t\t<\/a>\n\t\t\t\t\t\t<\/div>\n\t\t\t\t<\/div>\n\t\t\t\t<\/div>\n\t\t<div class=\"elementor-element elementor-element-90b8b5b e-con-full e-flex e-con e-child\" data-id=\"90b8b5b\" data-element_type=\"container\" data-e-type=\"container\" data-settings=\"{&quot;jet_parallax_layout_list&quot;:[]}\">\n\t\t\t\t<div class=\"elementor-element elementor-element-52a8ecb elementor-cta--skin-cover elementor-cta--valign-middle cta-content-image-75-75 cust-title-shadow-dark elementor-widget elementor-widget-call-to-action\" data-id=\"52a8ecb\" data-element_type=\"widget\" data-e-type=\"widget\" data-widget_type=\"call-to-action.default\">\n\t\t\t\t<div class=\"elementor-widget-container\">\n\t\t\t\t\t\t\t<a class=\"elementor-cta\" href=\"https:\/\/marinatextil.com\/sectors\/protective-fabrics-welding\/shipyard\/\" target=\"_blank\">\n\t\t\t\t\t<div class=\"elementor-cta__bg-wrapper\">\n\t\t\t\t<div class=\"elementor-cta__bg elementor-bg\" style=\"background-image: url();\" role=\"img\" aria-label=\"\"><\/div>\n\t\t\t\t<div class=\"elementor-cta__bg-overlay\"><\/div>\n\t\t\t<\/div>\n\t\t\t\t\t\t\t<div class=\"elementor-cta__content\">\n\t\t\t\t\t\t\t\t\t<div class=\"elementor-content-item elementor-cta__content-item elementor-cta__image\">\n\t\t\t\t\t\t<img decoding=\"async\" width=\"150\" height=\"150\" src=\"https:\/\/marinatextil.com\/wp-content\/uploads\/2024\/04\/sectors-w_naval-building-150x150.webp\" class=\"attachment-thumbnail size-thumbnail wp-image-57545\" alt=\"\" srcset=\"https:\/\/marinatextil.com\/wp-content\/uploads\/2024\/04\/sectors-w_naval-building-150x150.webp 150w, https:\/\/marinatextil.com\/wp-content\/uploads\/2024\/04\/sectors-w_naval-building-300x300.webp 300w, https:\/\/marinatextil.com\/wp-content\/uploads\/2024\/04\/sectors-w_naval-building-600x600.webp 600w, https:\/\/marinatextil.com\/wp-content\/uploads\/2024\/04\/sectors-w_naval-building-1024x1024.webp 1024w, https:\/\/marinatextil.com\/wp-content\/uploads\/2024\/04\/sectors-w_naval-building-768x768.webp 768w, https:\/\/marinatextil.com\/wp-content\/uploads\/2024\/04\/sectors-w_naval-building.webp 1188w\" sizes=\"(max-width: 150px) 100vw, 150px\" \/>\t\t\t\t\t<\/div>\n\t\t\t\t\n\t\t\t\t\t\t\t\t\t<h2 class=\"elementor-cta__title elementor-cta__content-item elementor-content-item\">\n\t\t\t\t\t\tCONSTRUCCI\u00d3N NAVAL\t\t\t\t\t<\/h2>\n\t\t\t\t\n\t\t\t\t\n\t\t\t\t\t\t\t\t\t<div class=\"elementor-cta__button-wrapper elementor-cta__content-item elementor-content-item \">\n\t\t\t\t\t<span class=\"elementor-cta__button elementor-button elementor-size-\">\n\t\t\t\t\t\tM\u00e1s informaci\u00f3n.\t\t\t\t\t<\/span>\n\t\t\t\t\t<\/div>\n\t\t\t\t\t\t\t<\/div>\n\t\t\t\t\t\t<\/a>\n\t\t\t\t\t\t<\/div>\n\t\t\t\t<\/div>\n\t\t\t\t<\/div>\n\t\t<div class=\"elementor-element elementor-element-1192ad2 e-con-full e-flex e-con e-child\" data-id=\"1192ad2\" data-element_type=\"container\" data-e-type=\"container\" data-settings=\"{&quot;jet_parallax_layout_list&quot;:[]}\">\n\t\t\t\t<div class=\"elementor-element elementor-element-2256d9c elementor-cta--skin-cover elementor-cta--valign-middle cta-content-image-75-75 cust-title-shadow-dark elementor-widget elementor-widget-call-to-action\" data-id=\"2256d9c\" data-element_type=\"widget\" data-e-type=\"widget\" data-widget_type=\"call-to-action.default\">\n\t\t\t\t<div class=\"elementor-widget-container\">\n\t\t\t\t\t\t\t<a class=\"elementor-cta\" href=\"https:\/\/marinatextil.com\/sectors\/protective-fabrics-welding\/railway-works-protection-fabrics\/\" target=\"_blank\">\n\t\t\t\t\t<div class=\"elementor-cta__bg-wrapper\">\n\t\t\t\t<div class=\"elementor-cta__bg elementor-bg\" style=\"background-image: url();\" role=\"img\" aria-label=\"\"><\/div>\n\t\t\t\t<div class=\"elementor-cta__bg-overlay\"><\/div>\n\t\t\t<\/div>\n\t\t\t\t\t\t\t<div class=\"elementor-cta__content\">\n\t\t\t\t\t\t\t\t\t<div class=\"elementor-content-item elementor-cta__content-item elementor-cta__image\">\n\t\t\t\t\t\t<img decoding=\"async\" width=\"150\" height=\"150\" src=\"https:\/\/marinatextil.com\/wp-content\/uploads\/2024\/04\/sectors-w_catenary-150x150.webp\" class=\"attachment-thumbnail size-thumbnail wp-image-57546\" alt=\"\" srcset=\"https:\/\/marinatextil.com\/wp-content\/uploads\/2024\/04\/sectors-w_catenary-150x150.webp 150w, https:\/\/marinatextil.com\/wp-content\/uploads\/2024\/04\/sectors-w_catenary-300x300.webp 300w, https:\/\/marinatextil.com\/wp-content\/uploads\/2024\/04\/sectors-w_catenary-600x600.webp 600w, https:\/\/marinatextil.com\/wp-content\/uploads\/2024\/04\/sectors-w_catenary-1024x1024.webp 1024w, https:\/\/marinatextil.com\/wp-content\/uploads\/2024\/04\/sectors-w_catenary-768x768.webp 768w, https:\/\/marinatextil.com\/wp-content\/uploads\/2024\/04\/sectors-w_catenary.webp 1188w\" sizes=\"(max-width: 150px) 100vw, 150px\" \/>\t\t\t\t\t<\/div>\n\t\t\t\t\n\t\t\t\t\t\t\t\t\t<h2 class=\"elementor-cta__title elementor-cta__content-item elementor-content-item\">\n\t\t\t\t\t\tCATENARIAS\t\t\t\t\t<\/h2>\n\t\t\t\t\n\t\t\t\t\n\t\t\t\t\t\t\t\t\t<div class=\"elementor-cta__button-wrapper elementor-cta__content-item elementor-content-item \">\n\t\t\t\t\t<span class=\"elementor-cta__button elementor-button elementor-size-\">\n\t\t\t\t\t\tM\u00e1s informaci\u00f3n.\t\t\t\t\t<\/span>\n\t\t\t\t\t<\/div>\n\t\t\t\t\t\t\t<\/div>\n\t\t\t\t\t\t<\/a>\n\t\t\t\t\t\t<\/div>\n\t\t\t\t<\/div>\n\t\t\t\t<\/div>\n\t\t\t\t<\/div>\n\t\t<div class=\"elementor-element elementor-element-3e79fbf e-con-full e-flex e-con e-child\" data-id=\"3e79fbf\" data-element_type=\"container\" data-e-type=\"container\" data-settings=\"{&quot;jet_parallax_layout_list&quot;:[]}\">\n\t\t\t\t<div class=\"elementor-element elementor-element-6c66d08 elementor-align-center elementor-widget elementor-widget-button\" data-id=\"6c66d08\" data-element_type=\"widget\" data-e-type=\"widget\" data-widget_type=\"button.default\">\n\t\t\t\t<div class=\"elementor-widget-container\">\n\t\t\t\t\t\t\t\t\t<div class=\"elementor-button-wrapper\">\n\t\t\t\t\t<a class=\"elementor-button elementor-button-link elementor-size-sm\" href=\"#elementor-action%3Aaction%3Dpopup%3Aopen%26settings%3DeyJpZCI6NzA0NzIsInRvZ2dsZSI6ZmFsc2V9\">\n\t\t\t\t\t\t<span class=\"elementor-button-content-wrapper\">\n\t\t\t\t\t\t\t\t\t<span class=\"elementor-button-text\">Solicitar informaci\u00f3n<\/span>\n\t\t\t\t\t<\/span>\n\t\t\t\t\t<\/a>\n\t\t\t\t<\/div>\n\t\t\t\t\t\t\t\t<\/div>\n\t\t\t\t<\/div>\n\t\t\t\t<\/div>\n\t\t\t\t<\/div>\n\t\t","protected":false},"excerpt":{"rendered":"<p>Tejidos de protecci\u00f3n para soldadura En este colectivo, el riesgo est\u00e1 m\u00e1s asociado a la t\u00e9cnica utilizada m\u00e1s que a la industria en la que se realiza. La soldadura no puede considerarse una industria, sin embargo, dada su complejidad en cuanto a la protecci\u00f3n textil, se le debe dar la misma importancia que a otras [&hellip;]<\/p>\n","protected":false},"author":11,"featured_media":0,"parent":67771,"menu_order":0,"comment_status":"closed","ping_status":"closed","template":"","meta":{"footnotes":""},"class_list":["post-67835","page","type-page","status-publish","hentry"],"_links":{"self":[{"href":"https:\/\/marinatextil.com\/es\/wp-json\/wp\/v2\/pages\/67835","targetHints":{"allow":["GET"]}}],"collection":[{"href":"https:\/\/marinatextil.com\/es\/wp-json\/wp\/v2\/pages"}],"about":[{"href":"https:\/\/marinatextil.com\/es\/wp-json\/wp\/v2\/types\/page"}],"author":[{"embeddable":true,"href":"https:\/\/marinatextil.com\/es\/wp-json\/wp\/v2\/users\/11"}],"replies":[{"embeddable":true,"href":"https:\/\/marinatextil.com\/es\/wp-json\/wp\/v2\/comments?post=67835"}],"version-history":[{"count":0,"href":"https:\/\/marinatextil.com\/es\/wp-json\/wp\/v2\/pages\/67835\/revisions"}],"up":[{"embeddable":true,"href":"https:\/\/marinatextil.com\/es\/wp-json\/wp\/v2\/pages\/67771"}],"wp:attachment":[{"href":"https:\/\/marinatextil.com\/es\/wp-json\/wp\/v2\/media?parent=67835"}],"curies":[{"name":"wp","href":"https:\/\/api.w.org\/{rel}","templated":true}]}}