{"id":67841,"date":"2025-05-04T12:17:10","date_gmt":"2025-05-04T10:17:10","guid":{"rendered":"https:\/\/marinatextil.com\/sectores\/tejidos-protectores-soldadura\/astillero"},"modified":"2026-02-25T08:08:48","modified_gmt":"2026-02-25T07:08:48","slug":"astillero","status":"publish","type":"page","link":"https:\/\/marinatextil.com\/es\/sectores\/tejidos-protectores-soldadura\/astillero\/","title":{"rendered":"Tejido de protecci\u00f3n para astilleros"},"content":{"rendered":"\t\t<div data-elementor-type=\"wp-post\" data-elementor-id=\"67841\" class=\"elementor elementor-67841 elementor-2811\" data-elementor-post-type=\"page\">\n\t\t\t\t<div class=\"elementor-element elementor-element-a0008a9 e-flex e-con-boxed e-con e-parent\" data-id=\"a0008a9\" data-element_type=\"container\" data-e-type=\"container\" data-settings=\"{&quot;background_background&quot;:&quot;classic&quot;,&quot;jet_parallax_layout_list&quot;:[]}\">\n\t\t\t\t\t<div class=\"e-con-inner\">\n\t\t\t\t<div class=\"elementor-element elementor-element-6702675 elementor-widget elementor-widget-heading\" data-id=\"6702675\" data-element_type=\"widget\" data-e-type=\"widget\" data-widget_type=\"heading.default\">\n\t\t\t\t<div class=\"elementor-widget-container\">\n\t\t\t\t\t<h1 class=\"elementor-heading-title elementor-size-default\">Tejido de protecci\u00f3n para astilleros<\/h1>\t\t\t\t<\/div>\n\t\t\t\t<\/div>\n\t\t\t\t\t<\/div>\n\t\t\t\t<\/div>\n\t\t<div class=\"elementor-element elementor-element-d52a759 cust-no-padding-bottom e-flex e-con-boxed e-con e-parent\" data-id=\"d52a759\" data-element_type=\"container\" data-e-type=\"container\" data-settings=\"{&quot;jet_parallax_layout_list&quot;:[]}\">\n\t\t\t\t\t<div class=\"e-con-inner\">\n\t\t<div class=\"elementor-element elementor-element-a84d2ff e-con-full e-flex e-con e-child\" data-id=\"a84d2ff\" data-element_type=\"container\" data-e-type=\"container\" data-settings=\"{&quot;jet_parallax_layout_list&quot;:[]}\">\n\t\t\t\t<div class=\"elementor-element elementor-element-c8ce0f6 cust-img-100-100 elementor-widget elementor-widget-image\" data-id=\"c8ce0f6\" data-element_type=\"widget\" data-e-type=\"widget\" data-widget_type=\"image.default\">\n\t\t\t\t<div class=\"elementor-widget-container\">\n\t\t\t\t\t\t\t\t\t\t\t\t\t\t\t<img decoding=\"async\" width=\"150\" height=\"150\" src=\"https:\/\/marinatextil.com\/wp-content\/uploads\/2024\/04\/picto_naval-building-150x150.webp\" class=\"attachment-thumbnail size-thumbnail wp-image-57566\" alt=\"\" srcset=\"https:\/\/marinatextil.com\/wp-content\/uploads\/2024\/04\/picto_naval-building-150x150.webp 150w, https:\/\/marinatextil.com\/wp-content\/uploads\/2024\/04\/picto_naval-building-300x300.webp 300w, https:\/\/marinatextil.com\/wp-content\/uploads\/2024\/04\/picto_naval-building-600x600.webp 600w, https:\/\/marinatextil.com\/wp-content\/uploads\/2024\/04\/picto_naval-building-1024x1024.webp 1024w, https:\/\/marinatextil.com\/wp-content\/uploads\/2024\/04\/picto_naval-building-768x768.webp 768w, https:\/\/marinatextil.com\/wp-content\/uploads\/2024\/04\/picto_naval-building.webp 1188w\" sizes=\"(max-width: 150px) 100vw, 150px\" \/>\t\t\t\t\t\t\t\t\t\t\t\t\t\t\t<\/div>\n\t\t\t\t<\/div>\n\t\t\t\t<div class=\"elementor-element elementor-element-419b724 elementor-widget elementor-widget-text-editor\" data-id=\"419b724\" data-element_type=\"widget\" data-e-type=\"widget\" data-widget_type=\"text-editor.default\">\n\t\t\t\t<div class=\"elementor-widget-container\">\n\t\t\t\t\t\t\t\t\t<p>En este sector, muchos de los riesgos no solo se derivan de la tarea en s\u00ed, sino tambi\u00e9n del hecho de que varios operarios trabajan simult\u00e1neamente en espacios reducidos donde se llevan a cabo varias operaciones al mismo tiempo.<\/p>\n\t\t\t\t\t\t\t\t<\/div>\n\t\t\t\t<\/div>\n\t\t\t\t<\/div>\n\t\t<div class=\"elementor-element elementor-element-8dd9ba0 e-con-full e-flex e-con e-child\" data-id=\"8dd9ba0\" data-element_type=\"container\" data-e-type=\"container\" data-settings=\"{&quot;jet_parallax_layout_list&quot;:[]}\">\n\t\t\t\t<div class=\"elementor-element elementor-element-f46b2a7 elementor-widget elementor-widget-text-editor\" data-id=\"f46b2a7\" data-element_type=\"widget\" data-e-type=\"widget\" data-widget_type=\"text-editor.default\">\n\t\t\t\t<div class=\"elementor-widget-container\">\n\t\t\t\t\t\t\t\t\t<p>Los procesos de soldadura en espacios reducidos, como el sector de la construcci\u00f3n naval, son uno de los principales riesgos a los que se enfrenta un soldador en este sector. Varios trabajadores realizando estas tareas en un mismo espacio de trabajo lo hace a\u00fan m\u00e1s peligroso.<\/p>\n<p><strong>Un tejido de protecci\u00f3n de astillero destinado a este tipo de operaciones debe evitar que las salpicaduras<\/strong>\u00a0de los diferentes componentes utilizados para la uni\u00f3n se adhieran a las prendas. En estos lugares, un trabajador puede controlar una tarea, pero no puede controlar lo que hacen sus compa\u00f1eros.<\/p>\n<p>Estos son los <a href=\"https:\/\/marinatextil.com\/es\/tejido-tecnico\/tejidos-segun-riesgo\/salpicadura-de-metal-fundido\/\" target=\"_blank\" rel=\"noopener\">tejidos ign\u00edfugos<\/a> que Marina Textil ha desarrollado para la construcci\u00f3n naval. Haga clic en cualquiera de ellas para obtener m\u00e1s informaci\u00f3n sobre sus especificaciones.<\/p>\n\t\t\t\t\t\t\t\t<\/div>\n\t\t\t\t<\/div>\n\t\t\t\t<\/div>\n\t\t\t\t\t<\/div>\n\t\t\t\t<\/div>\n\t\t<div class=\"elementor-element elementor-element-f6a0888 row-ctas-tejidos e-flex e-con-boxed e-con e-child\" data-id=\"f6a0888\" data-element_type=\"container\" data-e-type=\"container\" data-settings=\"{&quot;jet_parallax_layout_list&quot;:[]}\">\n\t\t\t\t\t<div class=\"e-con-inner\">\n\t\t\t\t<div class=\"elementor-element elementor-element-e8e33e1 elementor-cta--valign-top cust-tpl-cta-product elementor-widget__width-initial elementor-cta--skin-classic elementor-animated-content elementor-invisible elementor-widget elementor-widget-call-to-action\" data-id=\"e8e33e1\" data-element_type=\"widget\" data-e-type=\"widget\" data-settings=\"{&quot;_animation&quot;:&quot;fadeIn&quot;,&quot;_animation_delay&quot;:500}\" data-widget_type=\"call-to-action.default\">\n\t\t\t\t<div class=\"elementor-widget-container\">\n\t\t\t\t\t\t\t<a class=\"elementor-cta\" href=\"https:\/\/marinatextil.com\/technical-fabric\/marko\/\" target=\"_blank\">\n\t\t\t\t\t\t\t<div class=\"elementor-cta__content\">\n\t\t\t\t\t\t\t\t\t<div class=\"elementor-content-item elementor-cta__content-item elementor-cta__image\">\n\t\t\t\t\t\t<img fetchpriority=\"high\" decoding=\"async\" width=\"674\" height=\"139\" src=\"https:\/\/marinatextil.com\/wp-content\/uploads\/2024\/01\/marko-marina-textil.webp\" class=\"attachment-full size-full wp-image-53554\" alt=\"\" srcset=\"https:\/\/marinatextil.com\/wp-content\/uploads\/2024\/01\/marko-marina-textil.webp 674w, https:\/\/marinatextil.com\/wp-content\/uploads\/2024\/01\/marko-marina-textil-600x124.webp 600w, https:\/\/marinatextil.com\/wp-content\/uploads\/2024\/01\/marko-marina-textil-300x62.webp 300w, https:\/\/marinatextil.com\/wp-content\/uploads\/2024\/01\/marko-marina-textil-670x139.webp 670w\" sizes=\"(max-width: 674px) 100vw, 674px\" \/>\t\t\t\t\t<\/div>\n\t\t\t\t\n\t\t\t\t\n\t\t\t\t\t\t\t\t\t<div class=\"elementor-cta__description elementor-cta__content-item elementor-content-item\">\n\t\t\t\t\t\t<p>Tejido multinorma, disponible en versiones tejida o de punto, con protecci\u00f3n inherente contra el fuego, el arco el\u00e9ctrico, la soldadura, la electricidad est\u00e1tica y las salpicaduras qu\u00edmicas.<\/p>\n\t\t\t\t\t<\/div>\n\t\t\t\t\n\t\t\t\t\t\t\t\t\t<div class=\"elementor-cta__button-wrapper elementor-cta__content-item elementor-content-item \">\n\t\t\t\t\t<span class=\"elementor-cta__button elementor-button elementor-size-xs\">\n\t\t\t\t\t\tinfo\t\t\t\t\t<\/span>\n\t\t\t\t\t<\/div>\n\t\t\t\t\t\t\t<\/div>\n\t\t\t\t\t\t<\/a>\n\t\t\t\t\t\t<\/div>\n\t\t\t\t<\/div>\n\t\t\t\t<div class=\"elementor-element elementor-element-372b9f6 elementor-cta--valign-top cust-tpl-cta-product elementor-widget__width-initial elementor-cta--skin-classic elementor-animated-content elementor-invisible elementor-widget elementor-widget-call-to-action\" data-id=\"372b9f6\" data-element_type=\"widget\" data-e-type=\"widget\" data-settings=\"{&quot;_animation&quot;:&quot;fadeIn&quot;,&quot;_animation_delay&quot;:500}\" data-widget_type=\"call-to-action.default\">\n\t\t\t\t<div class=\"elementor-widget-container\">\n\t\t\t\t\t\t\t<a class=\"elementor-cta\" href=\"https:\/\/marinatextil.com\/technical-fabric\/marko-astm\/\" target=\"_blank\">\n\t\t\t\t\t\t\t<div class=\"elementor-cta__content\">\n\t\t\t\t\t\t\t\t\t<div class=\"elementor-content-item elementor-cta__content-item elementor-cta__image\">\n\t\t\t\t\t\t<img decoding=\"async\" width=\"674\" height=\"139\" src=\"https:\/\/marinatextil.com\/wp-content\/uploads\/2024\/01\/markoastm-marina-textil.webp\" class=\"attachment-full size-full wp-image-53553\" alt=\"\" srcset=\"https:\/\/marinatextil.com\/wp-content\/uploads\/2024\/01\/markoastm-marina-textil.webp 674w, https:\/\/marinatextil.com\/wp-content\/uploads\/2024\/01\/markoastm-marina-textil-600x124.webp 600w, https:\/\/marinatextil.com\/wp-content\/uploads\/2024\/01\/markoastm-marina-textil-300x62.webp 300w, https:\/\/marinatextil.com\/wp-content\/uploads\/2024\/01\/markoastm-marina-textil-670x139.webp 670w\" sizes=\"(max-width: 674px) 100vw, 674px\" \/>\t\t\t\t\t<\/div>\n\t\t\t\t\n\t\t\t\t\n\t\t\t\t\t\t\t\t\t<div class=\"elementor-cta__description elementor-cta__content-item elementor-content-item\">\n\t\t\t\t\t\t<p>Tejido ign\u00edfugo dise\u00f1ado para el mercado estadounidense, con protecci\u00f3n frente al arco el\u00e9ctrico, el fuego repentino, los riesgos electrost\u00e1ticos y las salpicaduras qu\u00edmicas.<\/p>\n\t\t\t\t\t<\/div>\n\t\t\t\t\n\t\t\t\t\t\t\t\t\t<div class=\"elementor-cta__button-wrapper elementor-cta__content-item elementor-content-item \">\n\t\t\t\t\t<span class=\"elementor-cta__button elementor-button elementor-size-xs\">\n\t\t\t\t\t\tinfo\t\t\t\t\t<\/span>\n\t\t\t\t\t<\/div>\n\t\t\t\t\t\t\t<\/div>\n\t\t\t\t\t\t<\/a>\n\t\t\t\t\t\t<\/div>\n\t\t\t\t<\/div>\n\t\t\t\t<div class=\"elementor-element elementor-element-bd7e860 elementor-cta--valign-top cust-tpl-cta-product elementor-widget__width-initial elementor-cta--skin-classic elementor-animated-content elementor-invisible elementor-widget elementor-widget-call-to-action\" data-id=\"bd7e860\" data-element_type=\"widget\" data-e-type=\"widget\" data-settings=\"{&quot;_animation&quot;:&quot;fadeIn&quot;,&quot;_animation_delay&quot;:500}\" data-widget_type=\"call-to-action.default\">\n\t\t\t\t<div class=\"elementor-widget-container\">\n\t\t\t\t\t\t\t<a class=\"elementor-cta\" href=\"https:\/\/marinatextil.com\/technical-fabric\/marko-softshell\/\" target=\"_blank\">\n\t\t\t\t\t\t\t<div class=\"elementor-cta__content\">\n\t\t\t\t\t\t\t\t\t<div class=\"elementor-content-item elementor-cta__content-item elementor-cta__image\">\n\t\t\t\t\t\t<img loading=\"lazy\" decoding=\"async\" width=\"674\" height=\"139\" src=\"https:\/\/marinatextil.com\/wp-content\/uploads\/2024\/01\/markosoftshell-marina-textil.webp\" class=\"attachment-full size-full wp-image-53555\" alt=\"\" srcset=\"https:\/\/marinatextil.com\/wp-content\/uploads\/2024\/01\/markosoftshell-marina-textil.webp 674w, https:\/\/marinatextil.com\/wp-content\/uploads\/2024\/01\/markosoftshell-marina-textil-600x124.webp 600w, https:\/\/marinatextil.com\/wp-content\/uploads\/2024\/01\/markosoftshell-marina-textil-300x62.webp 300w, https:\/\/marinatextil.com\/wp-content\/uploads\/2024\/01\/markosoftshell-marina-textil-670x139.webp 670w\" sizes=\"(max-width: 674px) 100vw, 674px\" \/>\t\t\t\t\t<\/div>\n\t\t\t\t\n\t\t\t\t\n\t\t\t\t\t\t\t\t\t<div class=\"elementor-cta__description elementor-cta__content-item elementor-content-item\">\n\t\t\t\t\t\t<p>Ofrece una protecci\u00f3n excepcional contra el arco el\u00e9ctrico, adem\u00e1s de resistencia al fr\u00edo, al viento y a la lluvia, con un dise\u00f1o el\u00e1stico que mejora el confort.<\/p>\n\t\t\t\t\t<\/div>\n\t\t\t\t\n\t\t\t\t\t\t\t\t\t<div class=\"elementor-cta__button-wrapper elementor-cta__content-item elementor-content-item \">\n\t\t\t\t\t<span class=\"elementor-cta__button elementor-button elementor-size-xs\">\n\t\t\t\t\t\tinfo\t\t\t\t\t<\/span>\n\t\t\t\t\t<\/div>\n\t\t\t\t\t\t\t<\/div>\n\t\t\t\t\t\t<\/a>\n\t\t\t\t\t\t<\/div>\n\t\t\t\t<\/div>\n\t\t\t\t<div class=\"elementor-element elementor-element-eda93f4 elementor-cta--valign-top cust-tpl-cta-product elementor-widget__width-initial elementor-cta--skin-classic elementor-animated-content elementor-invisible elementor-widget elementor-widget-call-to-action\" data-id=\"eda93f4\" data-element_type=\"widget\" data-e-type=\"widget\" data-settings=\"{&quot;_animation&quot;:&quot;fadeIn&quot;,&quot;_animation_delay&quot;:500}\" data-widget_type=\"call-to-action.default\">\n\t\t\t\t<div class=\"elementor-widget-container\">\n\t\t\t\t\t\t\t<a class=\"elementor-cta\" href=\"https:\/\/marinatextil.com\/technical-fabric\/marko-steel\/\" target=\"_blank\">\n\t\t\t\t\t\t\t<div class=\"elementor-cta__content\">\n\t\t\t\t\t\t\t\t\t<div class=\"elementor-content-item elementor-cta__content-item elementor-cta__image\">\n\t\t\t\t\t\t<img loading=\"lazy\" decoding=\"async\" width=\"674\" height=\"139\" src=\"https:\/\/marinatextil.com\/wp-content\/uploads\/2024\/01\/markosteel-marina-textil.webp\" class=\"attachment-full size-full wp-image-53556\" alt=\"\" srcset=\"https:\/\/marinatextil.com\/wp-content\/uploads\/2024\/01\/markosteel-marina-textil.webp 674w, https:\/\/marinatextil.com\/wp-content\/uploads\/2024\/01\/markosteel-marina-textil-600x124.webp 600w, https:\/\/marinatextil.com\/wp-content\/uploads\/2024\/01\/markosteel-marina-textil-300x62.webp 300w, https:\/\/marinatextil.com\/wp-content\/uploads\/2024\/01\/markosteel-marina-textil-670x139.webp 670w\" sizes=\"(max-width: 674px) 100vw, 674px\" \/>\t\t\t\t\t<\/div>\n\t\t\t\t\n\t\t\t\t\n\t\t\t\t\t\t\t\t\t<div class=\"elementor-cta__description elementor-cta__content-item elementor-content-item\">\n\t\t\t\t\t\t<p>Tejido inherentemente resistente al fuego, desarrollado especialmente para la protecci\u00f3n frente a grandes salpicaduras de acero y hierro fundido.<\/p>\n\t\t\t\t\t<\/div>\n\t\t\t\t\n\t\t\t\t\t\t\t\t\t<div class=\"elementor-cta__button-wrapper elementor-cta__content-item elementor-content-item \">\n\t\t\t\t\t<span class=\"elementor-cta__button elementor-button elementor-size-xs\">\n\t\t\t\t\t\tinfo\t\t\t\t\t<\/span>\n\t\t\t\t\t<\/div>\n\t\t\t\t\t\t\t<\/div>\n\t\t\t\t\t\t<\/a>\n\t\t\t\t\t\t<\/div>\n\t\t\t\t<\/div>\n\t\t\t\t\t<\/div>\n\t\t\t\t<\/div>\n\t\t<div class=\"elementor-element elementor-element-7447db3 e-flex e-con-boxed e-con e-parent\" data-id=\"7447db3\" data-element_type=\"container\" data-e-type=\"container\" data-settings=\"{&quot;jet_parallax_layout_list&quot;:[]}\">\n\t\t\t\t\t<div class=\"e-con-inner\">\n\t\t<div class=\"elementor-element elementor-element-92af760 e-con-full e-flex e-con e-child\" data-id=\"92af760\" data-element_type=\"container\" data-e-type=\"container\" data-settings=\"{&quot;jet_parallax_layout_list&quot;:[]}\">\n\t\t\t\t<div class=\"elementor-element elementor-element-08fb8f0 elementor-widget-divider--view-line elementor-widget elementor-widget-divider\" data-id=\"08fb8f0\" data-element_type=\"widget\" data-e-type=\"widget\" data-widget_type=\"divider.default\">\n\t\t\t\t<div class=\"elementor-widget-container\">\n\t\t\t\t\t\t\t<div class=\"elementor-divider\">\n\t\t\t<span class=\"elementor-divider-separator\">\n\t\t\t\t\t\t<\/span>\n\t\t<\/div>\n\t\t\t\t\t\t<\/div>\n\t\t\t\t<\/div>\n\t\t\t\t<div class=\"elementor-element elementor-element-db24d28 elementor-widget elementor-widget-heading\" data-id=\"db24d28\" data-element_type=\"widget\" data-e-type=\"widget\" data-widget_type=\"heading.default\">\n\t\t\t\t<div class=\"elementor-widget-container\">\n\t\t\t\t\t<h3 class=\"elementor-heading-title elementor-size-default\">NORMAS QUE DEBE CUMPLIR UNA TELA DE PROTECCI\u00d3N DE ASTILLERO<\/h3>\t\t\t\t<\/div>\n\t\t\t\t<\/div>\n\t\t\t\t<div class=\"elementor-element elementor-element-f93cf25 elementor-widget-divider--view-line elementor-widget elementor-widget-divider\" data-id=\"f93cf25\" data-element_type=\"widget\" data-e-type=\"widget\" data-widget_type=\"divider.default\">\n\t\t\t\t<div class=\"elementor-widget-container\">\n\t\t\t\t\t\t\t<div class=\"elementor-divider\">\n\t\t\t<span class=\"elementor-divider-separator\">\n\t\t\t\t\t\t<\/span>\n\t\t<\/div>\n\t\t\t\t\t\t<\/div>\n\t\t\t\t<\/div>\n\t\t<div class=\"elementor-element elementor-element-0aaeb65 e-con-full e-flex e-con e-child\" data-id=\"0aaeb65\" data-element_type=\"container\" data-e-type=\"container\" data-settings=\"{&quot;jet_parallax_layout_list&quot;:[]}\">\n\t\t<div class=\"elementor-element elementor-element-4958597 e-con-full e-flex e-con e-child\" data-id=\"4958597\" data-element_type=\"container\" data-e-type=\"container\" data-settings=\"{&quot;jet_parallax_layout_list&quot;:[]}\">\n\t\t\t\t<div class=\"elementor-element elementor-element-8c16559 cust-img-75-75 elementor-widget elementor-widget-image\" data-id=\"8c16559\" data-element_type=\"widget\" data-e-type=\"widget\" data-widget_type=\"image.default\">\n\t\t\t\t<div class=\"elementor-widget-container\">\n\t\t\t\t\t\t\t\t\t\t\t\t\t\t\t\t<a href=\"https:\/\/marinatextil.com\/textile-standard\/en-iso-11612\/\" target=\"_blank\">\n\t\t\t\t\t\t\t<img loading=\"lazy\" decoding=\"async\" width=\"150\" height=\"150\" src=\"https:\/\/marinatextil.com\/wp-content\/uploads\/2024\/04\/EN-11612-1-150x150.webp\" class=\"attachment-thumbnail size-thumbnail wp-image-57397\" alt=\"\" srcset=\"https:\/\/marinatextil.com\/wp-content\/uploads\/2024\/04\/EN-11612-1-150x150.webp 150w, https:\/\/marinatextil.com\/wp-content\/uploads\/2024\/04\/EN-11612-1-300x300.webp 300w\" sizes=\"(max-width: 150px) 100vw, 150px\" \/>\t\t\t\t\t\t\t\t<\/a>\n\t\t\t\t\t\t\t\t\t\t\t\t\t\t\t<\/div>\n\t\t\t\t<\/div>\n\t\t\t\t<\/div>\n\t\t<div class=\"elementor-element elementor-element-932b00a e-con-full e-flex e-con e-child\" data-id=\"932b00a\" data-element_type=\"container\" data-e-type=\"container\" data-settings=\"{&quot;jet_parallax_layout_list&quot;:[]}\">\n\t\t\t\t<div class=\"elementor-element elementor-element-b4982d5 cust-img-75-75 elementor-widget elementor-widget-image\" data-id=\"b4982d5\" data-element_type=\"widget\" data-e-type=\"widget\" data-widget_type=\"image.default\">\n\t\t\t\t<div class=\"elementor-widget-container\">\n\t\t\t\t\t\t\t\t\t\t\t\t\t\t\t\t<a href=\"https:\/\/marinatextil.com\/textile-standard\/en-iso-11611\/\" target=\"_blank\">\n\t\t\t\t\t\t\t<img loading=\"lazy\" decoding=\"async\" width=\"150\" height=\"150\" src=\"https:\/\/marinatextil.com\/wp-content\/uploads\/2024\/04\/EN-11611-1-150x150.webp\" class=\"attachment-thumbnail size-thumbnail wp-image-57398\" alt=\"\" srcset=\"https:\/\/marinatextil.com\/wp-content\/uploads\/2024\/04\/EN-11611-1-150x150.webp 150w, https:\/\/marinatextil.com\/wp-content\/uploads\/2024\/04\/EN-11611-1-300x300.webp 300w\" sizes=\"(max-width: 150px) 100vw, 150px\" \/>\t\t\t\t\t\t\t\t<\/a>\n\t\t\t\t\t\t\t\t\t\t\t\t\t\t\t<\/div>\n\t\t\t\t<\/div>\n\t\t\t\t<\/div>\n\t\t<div class=\"elementor-element elementor-element-9c39617 e-con-full e-flex e-con e-child\" data-id=\"9c39617\" data-element_type=\"container\" data-e-type=\"container\" data-settings=\"{&quot;jet_parallax_layout_list&quot;:[]}\">\n\t\t\t\t<div class=\"elementor-element elementor-element-4769d44 cust-img-75-75 elementor-widget elementor-widget-image\" data-id=\"4769d44\" data-element_type=\"widget\" data-e-type=\"widget\" data-widget_type=\"image.default\">\n\t\t\t\t<div class=\"elementor-widget-container\">\n\t\t\t\t\t\t\t\t\t\t\t\t\t\t\t\t<a href=\"https:\/\/marinatextil.com\/textile-standard\/nfpa-2112\/\" target=\"_blank\">\n\t\t\t\t\t\t\t<img loading=\"lazy\" decoding=\"async\" width=\"150\" height=\"150\" src=\"https:\/\/marinatextil.com\/wp-content\/uploads\/2024\/04\/NFPA-2112-1-150x150.webp\" class=\"attachment-thumbnail size-thumbnail wp-image-57450\" alt=\"\" srcset=\"https:\/\/marinatextil.com\/wp-content\/uploads\/2024\/04\/NFPA-2112-1-150x150.webp 150w, https:\/\/marinatextil.com\/wp-content\/uploads\/2024\/04\/NFPA-2112-1-300x300.webp 300w\" sizes=\"(max-width: 150px) 100vw, 150px\" \/>\t\t\t\t\t\t\t\t<\/a>\n\t\t\t\t\t\t\t\t\t\t\t\t\t\t\t<\/div>\n\t\t\t\t<\/div>\n\t\t\t\t<\/div>\n\t\t<div class=\"elementor-element elementor-element-e7a0418 e-con-full e-flex e-con e-child\" data-id=\"e7a0418\" data-element_type=\"container\" data-e-type=\"container\" data-settings=\"{&quot;jet_parallax_layout_list&quot;:[]}\">\n\t\t\t\t<div class=\"elementor-element elementor-element-a3dc03f cust-img-75-75 elementor-widget elementor-widget-image\" data-id=\"a3dc03f\" data-element_type=\"widget\" data-e-type=\"widget\" data-widget_type=\"image.default\">\n\t\t\t\t<div class=\"elementor-widget-container\">\n\t\t\t\t\t\t\t\t\t\t\t\t\t\t\t\t<a href=\"https:\/\/marinatextil.com\/textile-standard\/en-iso-1149\/\" target=\"_blank\">\n\t\t\t\t\t\t\t<img loading=\"lazy\" decoding=\"async\" width=\"150\" height=\"150\" src=\"https:\/\/marinatextil.com\/wp-content\/uploads\/2024\/04\/EN-1149-1-150x150.webp\" class=\"attachment-thumbnail size-thumbnail wp-image-57383\" alt=\"\" srcset=\"https:\/\/marinatextil.com\/wp-content\/uploads\/2024\/04\/EN-1149-1-150x150.webp 150w, https:\/\/marinatextil.com\/wp-content\/uploads\/2024\/04\/EN-1149-1-300x300.webp 300w\" sizes=\"(max-width: 150px) 100vw, 150px\" \/>\t\t\t\t\t\t\t\t<\/a>\n\t\t\t\t\t\t\t\t\t\t\t\t\t\t\t<\/div>\n\t\t\t\t<\/div>\n\t\t\t\t<\/div>\n\t\t<div class=\"elementor-element elementor-element-c42ee50 e-con-full e-flex e-con e-child\" data-id=\"c42ee50\" data-element_type=\"container\" data-e-type=\"container\" data-settings=\"{&quot;jet_parallax_layout_list&quot;:[]}\">\n\t\t\t\t<div class=\"elementor-element elementor-element-4707244 cust-img-75-75 elementor-widget elementor-widget-image\" data-id=\"4707244\" data-element_type=\"widget\" data-e-type=\"widget\" data-widget_type=\"image.default\">\n\t\t\t\t<div class=\"elementor-widget-container\">\n\t\t\t\t\t\t\t\t\t\t\t\t\t\t\t\t<a href=\"https:\/\/marinatextil.com\/textile-standard\/en-iso-20471\/\" target=\"_blank\">\n\t\t\t\t\t\t\t<img loading=\"lazy\" decoding=\"async\" width=\"150\" height=\"150\" src=\"https:\/\/marinatextil.com\/wp-content\/uploads\/2024\/04\/EN-20471-1-150x150.webp\" class=\"attachment-thumbnail size-thumbnail wp-image-57400\" alt=\"\" srcset=\"https:\/\/marinatextil.com\/wp-content\/uploads\/2024\/04\/EN-20471-1-150x150.webp 150w, https:\/\/marinatextil.com\/wp-content\/uploads\/2024\/04\/EN-20471-1-300x300.webp 300w\" sizes=\"(max-width: 150px) 100vw, 150px\" \/>\t\t\t\t\t\t\t\t<\/a>\n\t\t\t\t\t\t\t\t\t\t\t\t\t\t\t<\/div>\n\t\t\t\t<\/div>\n\t\t\t\t<\/div>\n\t\t<div class=\"elementor-element elementor-element-2068e14 e-con-full e-flex e-con e-child\" data-id=\"2068e14\" data-element_type=\"container\" data-e-type=\"container\" data-settings=\"{&quot;jet_parallax_layout_list&quot;:[]}\">\n\t\t\t\t<\/div>\n\t\t<div class=\"elementor-element elementor-element-2f39da9 e-con-full e-flex e-con e-child\" data-id=\"2f39da9\" data-element_type=\"container\" data-e-type=\"container\" data-settings=\"{&quot;jet_parallax_layout_list&quot;:[]}\">\n\t\t\t\t<\/div>\n\t\t<div class=\"elementor-element elementor-element-b2cf03b e-con-full e-flex e-con e-child\" data-id=\"b2cf03b\" data-element_type=\"container\" data-e-type=\"container\" data-settings=\"{&quot;jet_parallax_layout_list&quot;:[]}\">\n\t\t\t\t<\/div>\n\t\t<div class=\"elementor-element elementor-element-a99bae6 e-con-full e-flex e-con e-child\" data-id=\"a99bae6\" data-element_type=\"container\" data-e-type=\"container\" data-settings=\"{&quot;jet_parallax_layout_list&quot;:[]}\">\n\t\t\t\t<\/div>\n\t\t\t\t<\/div>\n\t\t\t\t<\/div>\n\t\t\t\t\t<\/div>\n\t\t\t\t<\/div>\n\t\t<div class=\"elementor-element elementor-element-11ceed7 e-con-full e-flex e-con e-child\" data-id=\"11ceed7\" data-element_type=\"container\" data-e-type=\"container\" data-settings=\"{&quot;jet_parallax_layout_list&quot;:[]}\">\n\t\t\t\t<div class=\"elementor-element elementor-element-1432060 elementor-align-center elementor-widget elementor-widget-button\" data-id=\"1432060\" data-element_type=\"widget\" data-e-type=\"widget\" data-widget_type=\"button.default\">\n\t\t\t\t<div class=\"elementor-widget-container\">\n\t\t\t\t\t\t\t\t\t<div class=\"elementor-button-wrapper\">\n\t\t\t\t\t<a class=\"elementor-button elementor-button-link elementor-size-sm\" href=\"#elementor-action%3Aaction%3Dpopup%3Aopen%26settings%3DeyJpZCI6NzA0NzIsInRvZ2dsZSI6ZmFsc2V9\">\n\t\t\t\t\t\t<span class=\"elementor-button-content-wrapper\">\n\t\t\t\t\t\t\t\t\t<span class=\"elementor-button-text\">Solicitar informaci\u00f3n<\/span>\n\t\t\t\t\t<\/span>\n\t\t\t\t\t<\/a>\n\t\t\t\t<\/div>\n\t\t\t\t\t\t\t\t<\/div>\n\t\t\t\t<\/div>\n\t\t\t\t<\/div>\n\t\t\t\t<\/div>\n\t\t","protected":false},"excerpt":{"rendered":"<p>Tejido de protecci\u00f3n para astilleros En este sector, muchos de los riesgos no solo se derivan de la tarea en s\u00ed, sino tambi\u00e9n del hecho de que varios operarios trabajan simult\u00e1neamente en espacios reducidos donde se llevan a cabo varias operaciones al mismo tiempo. Los procesos de soldadura en espacios reducidos, como el sector de [&hellip;]<\/p>\n","protected":false},"author":11,"featured_media":0,"parent":67835,"menu_order":0,"comment_status":"closed","ping_status":"closed","template":"","meta":{"footnotes":""},"class_list":["post-67841","page","type-page","status-publish","hentry"],"_links":{"self":[{"href":"https:\/\/marinatextil.com\/es\/wp-json\/wp\/v2\/pages\/67841","targetHints":{"allow":["GET"]}}],"collection":[{"href":"https:\/\/marinatextil.com\/es\/wp-json\/wp\/v2\/pages"}],"about":[{"href":"https:\/\/marinatextil.com\/es\/wp-json\/wp\/v2\/types\/page"}],"author":[{"embeddable":true,"href":"https:\/\/marinatextil.com\/es\/wp-json\/wp\/v2\/users\/11"}],"replies":[{"embeddable":true,"href":"https:\/\/marinatextil.com\/es\/wp-json\/wp\/v2\/comments?post=67841"}],"version-history":[{"count":0,"href":"https:\/\/marinatextil.com\/es\/wp-json\/wp\/v2\/pages\/67841\/revisions"}],"up":[{"embeddable":true,"href":"https:\/\/marinatextil.com\/es\/wp-json\/wp\/v2\/pages\/67835"}],"wp:attachment":[{"href":"https:\/\/marinatextil.com\/es\/wp-json\/wp\/v2\/media?parent=67841"}],"curies":[{"name":"wp","href":"https:\/\/api.w.org\/{rel}","templated":true}]}}