{"id":67856,"date":"2025-05-05T08:08:03","date_gmt":"2025-05-05T06:08:03","guid":{"rendered":"https:\/\/marinatextil.com\/sostenibilidad\/nuestros-productos-reciclados"},"modified":"2025-11-05T13:13:31","modified_gmt":"2025-11-05T12:13:31","slug":"nuestros-productos-reciclados","status":"publish","type":"page","link":"https:\/\/marinatextil.com\/es\/sostenibilidad\/nuestros-productos-reciclados\/","title":{"rendered":"Nuestros productos reciclados"},"content":{"rendered":"\t\t<div data-elementor-type=\"wp-page\" data-elementor-id=\"67856\" class=\"elementor elementor-67856 elementor-49110\" data-elementor-post-type=\"page\">\n\t\t\t\t<div class=\"elementor-element elementor-element-beee9ca e-flex e-con-boxed e-con e-parent\" data-id=\"beee9ca\" data-element_type=\"container\" data-e-type=\"container\" data-settings=\"{&quot;background_background&quot;:&quot;classic&quot;,&quot;jet_parallax_layout_list&quot;:[]}\">\n\t\t\t\t\t<div class=\"e-con-inner\">\n\t\t\t\t<div class=\"elementor-element elementor-element-ee14dc3 elementor-widget elementor-widget-heading\" data-id=\"ee14dc3\" data-element_type=\"widget\" data-e-type=\"widget\" data-widget_type=\"heading.default\">\n\t\t\t\t<div class=\"elementor-widget-container\">\n\t\t\t\t\t<h1 class=\"elementor-heading-title elementor-size-default\">Nuestros productos reciclados<\/h1>\t\t\t\t<\/div>\n\t\t\t\t<\/div>\n\t\t\t\t\t<\/div>\n\t\t\t\t<\/div>\n\t\t<div class=\"elementor-element elementor-element-6cb06b0 e-flex e-con-boxed e-con e-parent\" data-id=\"6cb06b0\" data-element_type=\"container\" data-e-type=\"container\" data-settings=\"{&quot;jet_parallax_layout_list&quot;:[]}\">\n\t\t\t\t\t<div class=\"e-con-inner\">\n\t\t<div class=\"elementor-element elementor-element-444c11d e-con-full e-flex e-con e-child\" data-id=\"444c11d\" data-element_type=\"container\" data-e-type=\"container\" data-settings=\"{&quot;jet_parallax_layout_list&quot;:[]}\">\n\t\t\t\t<div class=\"elementor-element elementor-element-d32739f elementor-widget elementor-widget-text-editor\" data-id=\"d32739f\" data-element_type=\"widget\" data-e-type=\"widget\" data-widget_type=\"text-editor.default\">\n\t\t\t\t<div class=\"elementor-widget-container\">\n\t\t\t\t\t\t\t\t\tSiguiendo nuestro compromiso con el medio ambiente, en Marina Textil desarrollamos tejidos con menor impacto ambiental.<br><br>Creemos que este es el camino a seguir y esperamos que, en un futuro no muy lejano, todos nuestros productos puedan incluirse en esta categor\u00eda de tejidos sostenibles.\t\t\t\t\t\t\t\t<\/div>\n\t\t\t\t<\/div>\n\t\t\t\t<div class=\"elementor-element elementor-element-d29fd88 elementor-widget elementor-widget-spacer\" data-id=\"d29fd88\" data-element_type=\"widget\" data-e-type=\"widget\" data-widget_type=\"spacer.default\">\n\t\t\t\t<div class=\"elementor-widget-container\">\n\t\t\t\t\t\t\t<div class=\"elementor-spacer\">\n\t\t\t<div class=\"elementor-spacer-inner\"><\/div>\n\t\t<\/div>\n\t\t\t\t\t\t<\/div>\n\t\t\t\t<\/div>\n\t\t<div class=\"elementor-element elementor-element-e07193c row-ctas-tejidos e-con-full e-flex e-con e-child\" data-id=\"e07193c\" data-element_type=\"container\" data-e-type=\"container\" data-settings=\"{&quot;jet_parallax_layout_list&quot;:[]}\">\n\t\t<div class=\"elementor-element elementor-element-f679e1f row-ctas-tejidos e-con-full e-flex e-con e-child\" data-id=\"f679e1f\" data-element_type=\"container\" data-e-type=\"container\" data-settings=\"{&quot;jet_parallax_layout_list&quot;:[]}\">\n\t\t\t\t<div class=\"elementor-element elementor-element-e373cba elementor-cta--valign-top cust-tpl-cta-product elementor-widget__width-initial elementor-cta--skin-classic elementor-animated-content elementor-invisible elementor-widget elementor-widget-call-to-action\" data-id=\"e373cba\" data-element_type=\"widget\" data-e-type=\"widget\" data-settings=\"{&quot;_animation&quot;:&quot;fadeIn&quot;,&quot;_animation_delay&quot;:500}\" data-widget_type=\"call-to-action.default\">\n\t\t\t\t<div class=\"elementor-widget-container\">\n\t\t\t\t\t\t\t<a class=\"elementor-cta\" href=\"https:\/\/marinatextil.com\/technical-fabric\/rmarko\/\" target=\"_blank\">\n\t\t\t\t\t\t\t<div class=\"elementor-cta__content\">\n\t\t\t\t\t\t\t\t\t<div class=\"elementor-content-item elementor-cta__content-item elementor-cta__image\">\n\t\t\t\t\t\t<img fetchpriority=\"high\" decoding=\"async\" width=\"1680\" height=\"397\" src=\"https:\/\/marinatextil.com\/wp-content\/uploads\/2025\/04\/Rmarko-1.webp\" class=\"attachment-full size-full wp-image-66600\" alt=\"\" srcset=\"https:\/\/marinatextil.com\/wp-content\/uploads\/2025\/04\/Rmarko-1.webp 1680w, https:\/\/marinatextil.com\/wp-content\/uploads\/2025\/04\/Rmarko-1-600x142.webp 600w, https:\/\/marinatextil.com\/wp-content\/uploads\/2025\/04\/Rmarko-1-300x71.webp 300w, https:\/\/marinatextil.com\/wp-content\/uploads\/2025\/04\/Rmarko-1-1024x242.webp 1024w, https:\/\/marinatextil.com\/wp-content\/uploads\/2025\/04\/Rmarko-1-768x181.webp 768w, https:\/\/marinatextil.com\/wp-content\/uploads\/2025\/04\/Rmarko-1-1536x363.webp 1536w\" sizes=\"(max-width: 1680px) 100vw, 1680px\" \/>\t\t\t\t\t<\/div>\n\t\t\t\t\n\t\t\t\t\n\t\t\t\t\t\t\t\t\t<div class=\"elementor-cta__description elementor-cta__content-item elementor-content-item\">\n\t\t\t\t\t\t<p>Tejido reciclado que ofrece protecci\u00f3n contra el fuego, el arco el\u00e9ctrico, las descargas electrost\u00e1ticas y los \u00e1cidos, con certificaci\u00f3n GRS que garantiza la trazabilidad del material reciclado.<\/p>\n\t\t\t\t\t<\/div>\n\t\t\t\t\n\t\t\t\t\t\t\t\t\t<div class=\"elementor-cta__button-wrapper elementor-cta__content-item elementor-content-item \">\n\t\t\t\t\t<span class=\"elementor-cta__button elementor-button elementor-size-xs\">\n\t\t\t\t\t\tinfo\t\t\t\t\t<\/span>\n\t\t\t\t\t<\/div>\n\t\t\t\t\t\t\t<\/div>\n\t\t\t\t\t\t<\/a>\n\t\t\t\t\t\t<\/div>\n\t\t\t\t<\/div>\n\t\t\t\t<div class=\"elementor-element elementor-element-c882715 elementor-cta--valign-top cust-tpl-cta-product elementor-widget__width-initial elementor-cta--skin-classic elementor-animated-content elementor-invisible elementor-widget elementor-widget-call-to-action\" data-id=\"c882715\" data-element_type=\"widget\" data-e-type=\"widget\" data-settings=\"{&quot;_animation&quot;:&quot;fadeIn&quot;,&quot;_animation_delay&quot;:500}\" data-widget_type=\"call-to-action.default\">\n\t\t\t\t<div class=\"elementor-widget-container\">\n\t\t\t\t\t\t\t<a class=\"elementor-cta\" href=\"https:\/\/marinatextil.com\/technical-fabric\/smarko\/\" target=\"_blank\">\n\t\t\t\t\t\t\t<div class=\"elementor-cta__content\">\n\t\t\t\t\t\t\t\t\t<div class=\"elementor-content-item elementor-cta__content-item elementor-cta__image\">\n\t\t\t\t\t\t<img decoding=\"async\" width=\"1680\" height=\"396\" src=\"https:\/\/marinatextil.com\/wp-content\/uploads\/2025\/04\/Smarko-1.webp\" class=\"attachment-full size-full wp-image-66601\" alt=\"\" srcset=\"https:\/\/marinatextil.com\/wp-content\/uploads\/2025\/04\/Smarko-1.webp 1680w, https:\/\/marinatextil.com\/wp-content\/uploads\/2025\/04\/Smarko-1-600x141.webp 600w, https:\/\/marinatextil.com\/wp-content\/uploads\/2025\/04\/Smarko-1-300x71.webp 300w, https:\/\/marinatextil.com\/wp-content\/uploads\/2025\/04\/Smarko-1-1024x241.webp 1024w, https:\/\/marinatextil.com\/wp-content\/uploads\/2025\/04\/Smarko-1-768x181.webp 768w, https:\/\/marinatextil.com\/wp-content\/uploads\/2025\/04\/Smarko-1-1536x362.webp 1536w\" sizes=\"(max-width: 1680px) 100vw, 1680px\" \/>\t\t\t\t\t<\/div>\n\t\t\t\t\n\t\t\t\t\n\t\t\t\t\t\t\t\t\t<div class=\"elementor-cta__description elementor-cta__content-item elementor-content-item\">\n\t\t\t\t\t\t<p>Colecci\u00f3n multinorma fabricada con fibras sostenibles que ofrece protecci\u00f3n inherente contra el fuego.<\/p>\n\t\t\t\t\t<\/div>\n\t\t\t\t\n\t\t\t\t\t\t\t\t\t<div class=\"elementor-cta__button-wrapper elementor-cta__content-item elementor-content-item \">\n\t\t\t\t\t<span class=\"elementor-cta__button elementor-button elementor-size-xs\">\n\t\t\t\t\t\tinfo\t\t\t\t\t<\/span>\n\t\t\t\t\t<\/div>\n\t\t\t\t\t\t\t<\/div>\n\t\t\t\t\t\t<\/a>\n\t\t\t\t\t\t<\/div>\n\t\t\t\t<\/div>\n\t\t\t\t<\/div>\n\t\t\t\t<\/div>\n\t\t\t\t<\/div>\n\t\t<div class=\"elementor-element elementor-element-5a13a8d e-con-full e-flex e-con e-child\" data-id=\"5a13a8d\" data-element_type=\"container\" data-e-type=\"container\" data-settings=\"{&quot;jet_parallax_layout_list&quot;:[]}\">\n\t\t\t\t<div class=\"elementor-element elementor-element-d69916d elementor-widget elementor-widget-image\" data-id=\"d69916d\" data-element_type=\"widget\" data-e-type=\"widget\" data-widget_type=\"image.default\">\n\t\t\t\t<div class=\"elementor-widget-container\">\n\t\t\t\t\t\t\t\t\t\t\t\t\t\t\t<img decoding=\"async\" width=\"683\" height=\"1024\" src=\"https:\/\/marinatextil.com\/wp-content\/uploads\/2024\/01\/sostenibilitat-web-1-1-683x1024-1.webp\" class=\"attachment-large size-large wp-image-54245\" alt=\"\" srcset=\"https:\/\/marinatextil.com\/wp-content\/uploads\/2024\/01\/sostenibilitat-web-1-1-683x1024-1.webp 683w, https:\/\/marinatextil.com\/wp-content\/uploads\/2024\/01\/sostenibilitat-web-1-1-683x1024-1-600x900.webp 600w, https:\/\/marinatextil.com\/wp-content\/uploads\/2024\/01\/sostenibilitat-web-1-1-683x1024-1-200x300.webp 200w\" sizes=\"(max-width: 683px) 100vw, 683px\" \/>\t\t\t\t\t\t\t\t\t\t\t\t\t\t\t<\/div>\n\t\t\t\t<\/div>\n\t\t\t\t<\/div>\n\t\t\t\t\t<\/div>\n\t\t\t\t<\/div>\n\t\t<div class=\"elementor-element elementor-element-2b292a3 e-flex e-con-boxed e-con e-parent\" data-id=\"2b292a3\" data-element_type=\"container\" data-e-type=\"container\" data-settings=\"{&quot;background_background&quot;:&quot;classic&quot;,&quot;jet_parallax_layout_list&quot;:[]}\">\n\t\t\t\t\t<div class=\"e-con-inner\">\n\t\t<div class=\"elementor-element elementor-element-d623770 e-con-full e-flex e-con e-child\" data-id=\"d623770\" data-element_type=\"container\" data-e-type=\"container\" data-settings=\"{&quot;jet_parallax_layout_list&quot;:[]}\">\n\t\t\t\t<\/div>\n\t\t\t\t\t<\/div>\n\t\t\t\t<\/div>\n\t\t<div class=\"elementor-element elementor-element-ffd72ff e-con-full e-flex e-con e-child\" data-id=\"ffd72ff\" data-element_type=\"container\" data-e-type=\"container\" data-settings=\"{&quot;jet_parallax_layout_list&quot;:[]}\">\n\t\t\t\t<div class=\"elementor-element elementor-element-524138c elementor-align-center elementor-widget elementor-widget-button\" data-id=\"524138c\" data-element_type=\"widget\" data-e-type=\"widget\" data-widget_type=\"button.default\">\n\t\t\t\t<div class=\"elementor-widget-container\">\n\t\t\t\t\t\t\t\t\t<div class=\"elementor-button-wrapper\">\n\t\t\t\t\t<a class=\"elementor-button elementor-button-link elementor-size-sm\" href=\"#elementor-action%3Aaction%3Dpopup%3Aopen%26settings%3DeyJpZCI6NzA0NzIsInRvZ2dsZSI6ZmFsc2V9\">\n\t\t\t\t\t\t<span class=\"elementor-button-content-wrapper\">\n\t\t\t\t\t\t\t\t\t<span class=\"elementor-button-text\">Solicitar informaci\u00f3n<\/span>\n\t\t\t\t\t<\/span>\n\t\t\t\t\t<\/a>\n\t\t\t\t<\/div>\n\t\t\t\t\t\t\t\t<\/div>\n\t\t\t\t<\/div>\n\t\t\t\t<\/div>\n\t\t\t\t<\/div>\n\t\t","protected":false},"excerpt":{"rendered":"<p>Nuestros productos reciclados Siguiendo nuestro compromiso con el medio ambiente, en Marina Textil desarrollamos tejidos con menor impacto ambiental. Creemos que este es el camino a seguir y esperamos que, en un futuro no muy lejano, todos nuestros productos puedan incluirse en esta categor\u00eda de tejidos sostenibles. Tejido reciclado que ofrece protecci\u00f3n contra el fuego, [&hellip;]<\/p>\n","protected":false},"author":31,"featured_media":0,"parent":67849,"menu_order":0,"comment_status":"closed","ping_status":"closed","template":"","meta":{"footnotes":""},"class_list":["post-67856","page","type-page","status-publish","hentry"],"_links":{"self":[{"href":"https:\/\/marinatextil.com\/es\/wp-json\/wp\/v2\/pages\/67856","targetHints":{"allow":["GET"]}}],"collection":[{"href":"https:\/\/marinatextil.com\/es\/wp-json\/wp\/v2\/pages"}],"about":[{"href":"https:\/\/marinatextil.com\/es\/wp-json\/wp\/v2\/types\/page"}],"author":[{"embeddable":true,"href":"https:\/\/marinatextil.com\/es\/wp-json\/wp\/v2\/users\/31"}],"replies":[{"embeddable":true,"href":"https:\/\/marinatextil.com\/es\/wp-json\/wp\/v2\/comments?post=67856"}],"version-history":[{"count":0,"href":"https:\/\/marinatextil.com\/es\/wp-json\/wp\/v2\/pages\/67856\/revisions"}],"up":[{"embeddable":true,"href":"https:\/\/marinatextil.com\/es\/wp-json\/wp\/v2\/pages\/67849"}],"wp:attachment":[{"href":"https:\/\/marinatextil.com\/es\/wp-json\/wp\/v2\/media?parent=67856"}],"curies":[{"name":"wp","href":"https:\/\/api.w.org\/{rel}","templated":true}]}}