{"id":67882,"date":"2025-05-05T09:14:19","date_gmt":"2025-05-05T07:14:19","guid":{"rendered":"https:\/\/marinatextil.com\/tejido-tecnico\/tejidos-segun-producto\/tejido-de-punto"},"modified":"2025-12-23T15:35:51","modified_gmt":"2025-12-23T14:35:51","slug":"tejido-de-punto","status":"publish","type":"page","link":"https:\/\/marinatextil.com\/es\/tejido-tecnico\/tejidos-segun-producto\/tejido-de-punto\/","title":{"rendered":"Tejidos de punto y tejidos no tejidos"},"content":{"rendered":"\t\t<div data-elementor-type=\"wp-post\" data-elementor-id=\"67882\" class=\"elementor elementor-67882 elementor-4890\" data-elementor-post-type=\"page\">\n\t\t\t\t<div class=\"elementor-element elementor-element-ff6f6e9 e-flex e-con-boxed e-con e-parent\" data-id=\"ff6f6e9\" data-element_type=\"container\" data-e-type=\"container\" data-settings=\"{&quot;background_background&quot;:&quot;classic&quot;,&quot;jet_parallax_layout_list&quot;:[]}\">\n\t\t\t\t\t<div class=\"e-con-inner\">\n\t\t\t\t<div class=\"elementor-element elementor-element-16a4afa elementor-widget elementor-widget-heading\" data-id=\"16a4afa\" data-element_type=\"widget\" data-e-type=\"widget\" data-widget_type=\"heading.default\">\n\t\t\t\t<div class=\"elementor-widget-container\">\n\t\t\t\t\t<h1 class=\"elementor-heading-title elementor-size-default\">Tejido de punto y tela no tejida<\/h1>\t\t\t\t<\/div>\n\t\t\t\t<\/div>\n\t\t\t\t\t<\/div>\n\t\t\t\t<\/div>\n\t\t<div class=\"elementor-element elementor-element-e395dba cust-no-padding-bottom e-flex e-con-boxed e-con e-parent\" data-id=\"e395dba\" data-element_type=\"container\" data-e-type=\"container\" data-settings=\"{&quot;jet_parallax_layout_list&quot;:[]}\">\n\t\t\t\t\t<div class=\"e-con-inner\">\n\t\t<div class=\"elementor-element elementor-element-0f1cb2d e-con-full e-flex e-con e-child\" data-id=\"0f1cb2d\" data-element_type=\"container\" data-e-type=\"container\" data-settings=\"{&quot;jet_parallax_layout_list&quot;:[]}\">\n\t\t\t\t<div class=\"elementor-element elementor-element-1ffae5e cust-img-100-100 elementor-widget elementor-widget-image\" data-id=\"1ffae5e\" data-element_type=\"widget\" data-e-type=\"widget\" data-widget_type=\"image.default\">\n\t\t\t\t<div class=\"elementor-widget-container\">\n\t\t\t\t\t\t\t\t\t\t\t\t\t\t\t<img decoding=\"async\" width=\"150\" height=\"150\" src=\"https:\/\/marinatextil.com\/wp-content\/uploads\/2024\/01\/mtt-pictogrames-teixit_calada-150x150.webp\" class=\"attachment-thumbnail size-thumbnail wp-image-53835\" alt=\"\" srcset=\"https:\/\/marinatextil.com\/wp-content\/uploads\/2024\/01\/mtt-pictogrames-teixit_calada-150x150.webp 150w, https:\/\/marinatextil.com\/wp-content\/uploads\/2024\/01\/mtt-pictogrames-teixit_calada-100x100.webp 100w, https:\/\/marinatextil.com\/wp-content\/uploads\/2024\/01\/mtt-pictogrames-teixit_calada-140x140.webp 140w, https:\/\/marinatextil.com\/wp-content\/uploads\/2024\/01\/mtt-pictogrames-teixit_calada.webp 286w\" sizes=\"(max-width: 150px) 100vw, 150px\" \/>\t\t\t\t\t\t\t\t\t\t\t\t\t\t\t<\/div>\n\t\t\t\t<\/div>\n\t\t\t\t<div class=\"elementor-element elementor-element-ba8cbb5 elementor-widget elementor-widget-text-editor\" data-id=\"ba8cbb5\" data-element_type=\"widget\" data-e-type=\"widget\" data-widget_type=\"text-editor.default\">\n\t\t\t\t<div class=\"elementor-widget-container\">\n\t\t\t\t\t\t\t\t\t<p>El\u00a0<strong>tejido de punto<\/strong>\u00a0se compone de un solo hilo que forma bucles que se interconectan para crear una tela de malla. Estas mallas se pueden alargar y ensanchar para conseguir una de las caracter\u00edsticas m\u00e1s importantes de los tejidos de punto, la\u00a0<strong>elasticidad<\/strong>.<\/p>\n\t\t\t\t\t\t\t\t<\/div>\n\t\t\t\t<\/div>\n\t\t\t\t<\/div>\n\t\t<div class=\"elementor-element elementor-element-96870c6 e-con-full e-flex e-con e-child\" data-id=\"96870c6\" data-element_type=\"container\" data-e-type=\"container\" data-settings=\"{&quot;jet_parallax_layout_list&quot;:[]}\">\n\t\t\t\t<div class=\"elementor-element elementor-element-2611a01 elementor-widget elementor-widget-text-editor\" data-id=\"2611a01\" data-element_type=\"widget\" data-e-type=\"widget\" data-widget_type=\"text-editor.default\">\n\t\t\t\t<div class=\"elementor-widget-container\">\n\t\t\t\t\t\t\t\t\t<p>Para el\u00a0<strong>tejido de punto<\/strong>, dependiendo de la direcci\u00f3n de las puntadas, podemos diferenciar entre dos tipos de tejido de punto: tejido de trama (conexiones de puntadas horizontales) y tejido de urdimbre (conexiones de puntadas verticales y diagonales).<\/p>\n<p>Algunos tejidos de punto son sim\u00e9tricos en ambos lados o caras, pero la mayor\u00eda de los tejidos tienen un aspecto diferente en el anverso que en el reverso, dependiendo del m\u00e9todo utilizado para crearlos.<\/p>\n\t\t\t\t\t\t\t\t<\/div>\n\t\t\t\t<\/div>\n\t\t\t\t<div class=\"elementor-element elementor-element-2fcc0d3 elementor-widget-divider--view-line elementor-widget elementor-widget-divider\" data-id=\"2fcc0d3\" data-element_type=\"widget\" data-e-type=\"widget\" data-widget_type=\"divider.default\">\n\t\t\t\t<div class=\"elementor-widget-container\">\n\t\t\t\t\t\t\t<div class=\"elementor-divider\">\n\t\t\t<span class=\"elementor-divider-separator\">\n\t\t\t\t\t\t<\/span>\n\t\t<\/div>\n\t\t\t\t\t\t<\/div>\n\t\t\t\t<\/div>\n\t\t\t\t<div class=\"elementor-element elementor-element-cd50e38 elementor-widget elementor-widget-text-editor\" data-id=\"cd50e38\" data-element_type=\"widget\" data-e-type=\"widget\" data-widget_type=\"text-editor.default\">\n\t\t\t\t<div class=\"elementor-widget-container\">\n\t\t\t\t\t\t\t\t\t<p><strong>El tejido no tejido<\/strong>\u00a0es un tejido t\u00e9cnico en forma de laminado, con fibras flexibles y porosas, pero sin trama. Se fabrica uniendo fibras mediante procesos mec\u00e1nicos, qu\u00edmicos o t\u00e9rmicos, sin necesidad de tejerlas ni siquiera de convertirlas en hilo. Estos tejidos no suelen ser muy resistentes a menos que se aumente su densidad o se refuercen con otros materiales.<\/p>\n<p>Algunas caracter\u00edsticas de los tejidos no tejidos son: capacidad de absorci\u00f3n, impermeabilidad, elasticidad, resistencia al fuego, suavidad y posibilidad de lavado y esterilizaci\u00f3n. Adem\u00e1s, son antibacterianos y, dependiendo de su densidad, tambi\u00e9n ofrecen cierto nivel de absorci\u00f3n de impactos. En Marina Textil, combinamos las propiedades del no tejido con tejidos dise\u00f1ados para usos espec\u00edficos.<\/p>\n\t\t\t\t\t\t\t\t<\/div>\n\t\t\t\t<\/div>\n\t\t\t\t<\/div>\n\t\t\t\t\t<\/div>\n\t\t\t\t<\/div>\n\t\t<div class=\"elementor-element elementor-element-7e03040 e-flex e-con-boxed e-con e-parent\" data-id=\"7e03040\" data-element_type=\"container\" data-e-type=\"container\" data-settings=\"{&quot;jet_parallax_layout_list&quot;:[]}\">\n\t\t\t\t\t<div class=\"e-con-inner\">\n\t\t\t\t<div class=\"elementor-element elementor-element-4d8efcf elementor-cta--valign-top cust-tpl-cta-product elementor-widget__width-initial elementor-cta--skin-classic elementor-animated-content elementor-invisible elementor-widget elementor-widget-call-to-action\" data-id=\"4d8efcf\" data-element_type=\"widget\" data-e-type=\"widget\" data-settings=\"{&quot;_animation&quot;:&quot;fadeIn&quot;,&quot;_animation_delay&quot;:500}\" data-widget_type=\"call-to-action.default\">\n\t\t\t\t<div class=\"elementor-widget-container\">\n\t\t\t\t\t\t\t<a class=\"elementor-cta\" href=\"https:\/\/marinatextil.com\/technical-fabric\/marko\/\" target=\"_blank\">\n\t\t\t\t\t\t\t<div class=\"elementor-cta__content\">\n\t\t\t\t\t\t\t\t\t<div class=\"elementor-content-item elementor-cta__content-item elementor-cta__image\">\n\t\t\t\t\t\t<img fetchpriority=\"high\" decoding=\"async\" width=\"674\" height=\"139\" src=\"https:\/\/marinatextil.com\/wp-content\/uploads\/2024\/01\/marko-marina-textil.webp\" class=\"attachment-full size-full wp-image-53554\" alt=\"\" srcset=\"https:\/\/marinatextil.com\/wp-content\/uploads\/2024\/01\/marko-marina-textil.webp 674w, https:\/\/marinatextil.com\/wp-content\/uploads\/2024\/01\/marko-marina-textil-600x124.webp 600w, https:\/\/marinatextil.com\/wp-content\/uploads\/2024\/01\/marko-marina-textil-300x62.webp 300w, https:\/\/marinatextil.com\/wp-content\/uploads\/2024\/01\/marko-marina-textil-670x139.webp 670w\" sizes=\"(max-width: 674px) 100vw, 674px\" \/>\t\t\t\t\t<\/div>\n\t\t\t\t\n\t\t\t\t\n\t\t\t\t\t\t\t\t\t<div class=\"elementor-cta__description elementor-cta__content-item elementor-content-item\">\n\t\t\t\t\t\t<p>Tejido multinorma, disponible en versiones tejida o de punto, con protecci\u00f3n inherente contra el fuego, el arco el\u00e9ctrico, la soldadura, la electricidad est\u00e1tica y las salpicaduras qu\u00edmicas.<\/p>\n\t\t\t\t\t<\/div>\n\t\t\t\t\n\t\t\t\t\t\t\t\t\t<div class=\"elementor-cta__button-wrapper elementor-cta__content-item elementor-content-item \">\n\t\t\t\t\t<span class=\"elementor-cta__button elementor-button elementor-size-xs\">\n\t\t\t\t\t\tinfo\t\t\t\t\t<\/span>\n\t\t\t\t\t<\/div>\n\t\t\t\t\t\t\t<\/div>\n\t\t\t\t\t\t<\/a>\n\t\t\t\t\t\t<\/div>\n\t\t\t\t<\/div>\n\t\t\t\t\t<\/div>\n\t\t\t\t<\/div>\n\t\t<div class=\"elementor-element elementor-element-5858bea e-con-full e-flex e-con e-child\" data-id=\"5858bea\" data-element_type=\"container\" data-e-type=\"container\" data-settings=\"{&quot;jet_parallax_layout_list&quot;:[]}\">\n\t\t\t\t<div class=\"elementor-element elementor-element-c6c6317 elementor-align-center elementor-widget elementor-widget-button\" data-id=\"c6c6317\" data-element_type=\"widget\" data-e-type=\"widget\" data-widget_type=\"button.default\">\n\t\t\t\t<div class=\"elementor-widget-container\">\n\t\t\t\t\t\t\t\t\t<div class=\"elementor-button-wrapper\">\n\t\t\t\t\t<a class=\"elementor-button elementor-button-link elementor-size-sm\" href=\"#elementor-action%3Aaction%3Dpopup%3Aopen%26settings%3DeyJpZCI6NzA0NzIsInRvZ2dsZSI6ZmFsc2V9\">\n\t\t\t\t\t\t<span class=\"elementor-button-content-wrapper\">\n\t\t\t\t\t\t\t\t\t<span class=\"elementor-button-text\">Solicitar informaci\u00f3n<\/span>\n\t\t\t\t\t<\/span>\n\t\t\t\t\t<\/a>\n\t\t\t\t<\/div>\n\t\t\t\t\t\t\t\t<\/div>\n\t\t\t\t<\/div>\n\t\t\t\t<\/div>\n\t\t\t\t<\/div>\n\t\t","protected":false},"excerpt":{"rendered":"<p>Tejido de punto y tela no tejida El\u00a0tejido de punto\u00a0se compone de un solo hilo que forma bucles que se interconectan para crear una tela de malla. Estas mallas se pueden alargar y ensanchar para conseguir una de las caracter\u00edsticas m\u00e1s importantes de los tejidos de punto, la\u00a0elasticidad. Para el\u00a0tejido de punto, dependiendo de la [&hellip;]<\/p>\n","protected":false},"author":31,"featured_media":0,"parent":67879,"menu_order":0,"comment_status":"closed","ping_status":"closed","template":"","meta":{"footnotes":""},"class_list":["post-67882","page","type-page","status-publish","hentry"],"_links":{"self":[{"href":"https:\/\/marinatextil.com\/es\/wp-json\/wp\/v2\/pages\/67882","targetHints":{"allow":["GET"]}}],"collection":[{"href":"https:\/\/marinatextil.com\/es\/wp-json\/wp\/v2\/pages"}],"about":[{"href":"https:\/\/marinatextil.com\/es\/wp-json\/wp\/v2\/types\/page"}],"author":[{"embeddable":true,"href":"https:\/\/marinatextil.com\/es\/wp-json\/wp\/v2\/users\/31"}],"replies":[{"embeddable":true,"href":"https:\/\/marinatextil.com\/es\/wp-json\/wp\/v2\/comments?post=67882"}],"version-history":[{"count":0,"href":"https:\/\/marinatextil.com\/es\/wp-json\/wp\/v2\/pages\/67882\/revisions"}],"up":[{"embeddable":true,"href":"https:\/\/marinatextil.com\/es\/wp-json\/wp\/v2\/pages\/67879"}],"wp:attachment":[{"href":"https:\/\/marinatextil.com\/es\/wp-json\/wp\/v2\/media?parent=67882"}],"curies":[{"name":"wp","href":"https:\/\/api.w.org\/{rel}","templated":true}]}}