{"id":67886,"date":"2025-05-05T09:25:39","date_gmt":"2025-05-05T07:25:39","guid":{"rendered":"https:\/\/marinatextil.com\/tejido-tecnico\/tejidos-segun-producto\/tejido-laminado"},"modified":"2025-12-23T16:49:45","modified_gmt":"2025-12-23T15:49:45","slug":"tejido-laminado","status":"publish","type":"page","link":"https:\/\/marinatextil.com\/es\/tejido-tecnico\/tejidos-segun-producto\/tejido-laminado\/","title":{"rendered":"Tejido laminado o tejido recubierto"},"content":{"rendered":"\t\t<div data-elementor-type=\"wp-post\" data-elementor-id=\"67886\" class=\"elementor elementor-67886 elementor-4892\" data-elementor-post-type=\"page\">\n\t\t\t\t<div class=\"elementor-element elementor-element-0d820d7 e-flex e-con-boxed e-con e-parent\" data-id=\"0d820d7\" data-element_type=\"container\" data-e-type=\"container\" data-settings=\"{&quot;background_background&quot;:&quot;classic&quot;,&quot;jet_parallax_layout_list&quot;:[]}\">\n\t\t\t\t\t<div class=\"e-con-inner\">\n\t\t\t\t<div class=\"elementor-element elementor-element-eb38cd7 elementor-widget elementor-widget-heading\" data-id=\"eb38cd7\" data-element_type=\"widget\" data-e-type=\"widget\" data-widget_type=\"heading.default\">\n\t\t\t\t<div class=\"elementor-widget-container\">\n\t\t\t\t\t<h1 class=\"elementor-heading-title elementor-size-default\">Tejido laminado o tejido recubierto<\/h1>\t\t\t\t<\/div>\n\t\t\t\t<\/div>\n\t\t\t\t\t<\/div>\n\t\t\t\t<\/div>\n\t\t<div class=\"elementor-element elementor-element-bcedc46 cust-no-padding-bottom e-flex e-con-boxed e-con e-parent\" data-id=\"bcedc46\" data-element_type=\"container\" data-e-type=\"container\" data-settings=\"{&quot;jet_parallax_layout_list&quot;:[]}\">\n\t\t\t\t\t<div class=\"e-con-inner\">\n\t\t<div class=\"elementor-element elementor-element-ea70499 e-con-full e-flex e-con e-child\" data-id=\"ea70499\" data-element_type=\"container\" data-e-type=\"container\" data-settings=\"{&quot;jet_parallax_layout_list&quot;:[]}\">\n\t\t\t\t<div class=\"elementor-element elementor-element-cde1a13 cust-img-100-100 elementor-widget elementor-widget-image\" data-id=\"cde1a13\" data-element_type=\"widget\" data-e-type=\"widget\" data-widget_type=\"image.default\">\n\t\t\t\t<div class=\"elementor-widget-container\">\n\t\t\t\t\t\t\t\t\t\t\t\t\t\t\t<img decoding=\"async\" width=\"150\" height=\"150\" src=\"https:\/\/marinatextil.com\/wp-content\/uploads\/2024\/01\/mtt-pictogrames-teixit_rasqueta-1.webp\" class=\"attachment-thumbnail size-thumbnail wp-image-53852\" alt=\"\" srcset=\"https:\/\/marinatextil.com\/wp-content\/uploads\/2024\/01\/mtt-pictogrames-teixit_rasqueta-1.webp 150w, https:\/\/marinatextil.com\/wp-content\/uploads\/2024\/01\/mtt-pictogrames-teixit_rasqueta-1-100x100.webp 100w, https:\/\/marinatextil.com\/wp-content\/uploads\/2024\/01\/mtt-pictogrames-teixit_rasqueta-1-140x140.webp 140w\" sizes=\"(max-width: 150px) 100vw, 150px\" \/>\t\t\t\t\t\t\t\t\t\t\t\t\t\t\t<\/div>\n\t\t\t\t<\/div>\n\t\t\t\t<div class=\"elementor-element elementor-element-2a50101 elementor-widget elementor-widget-text-editor\" data-id=\"2a50101\" data-element_type=\"widget\" data-e-type=\"widget\" data-widget_type=\"text-editor.default\">\n\t\t\t\t<div class=\"elementor-widget-container\">\n\t\t\t\t\t\t\t\t\t<p>En la industria textil, los procesos de laminaci\u00f3n y capilarizaci\u00f3n se realizan para obtener tejidos cuyos acabados contribuyen a sus propiedades t\u00e9cnicas espec\u00edficas y funcionales.<\/p>\n\t\t\t\t\t\t\t\t<\/div>\n\t\t\t\t<\/div>\n\t\t\t\t<\/div>\n\t\t<div class=\"elementor-element elementor-element-014d93c e-con-full e-flex e-con e-child\" data-id=\"014d93c\" data-element_type=\"container\" data-e-type=\"container\" data-settings=\"{&quot;jet_parallax_layout_list&quot;:[]}\">\n\t\t\t\t<div class=\"elementor-element elementor-element-1bb7c86 elementor-widget elementor-widget-text-editor\" data-id=\"1bb7c86\" data-element_type=\"widget\" data-e-type=\"widget\" data-widget_type=\"text-editor.default\">\n\t\t\t\t<div class=\"elementor-widget-container\">\n\t\t\t\t\t\t\t\t\t<p>El <strong>proceso de laminaci\u00f3n<\/strong> consiste en unir dos capas aplicando pegamento o resina mediante calor o presi\u00f3n. Este proceso es \u00fatil para unir varios tejidos, <a href=\"https:\/\/marinatextil.com\/es\/tejido-tecnico\/tejidos-segun-producto\/equipo-de-proteccion-de-bomberos-forestales\/\" target=\"_blank\" rel=\"noopener\">creando un s\u00e1ndwich de tejidos t\u00e9cnicos<\/a>. Tambi\u00e9n es \u00fatil para unir un tejido con una membrana o laminado.<\/p>\n<p>El <strong>recubrimiento o revestimiento<\/strong> es un proceso que consiste en aplicar un producto en estado l\u00edquido sobre un tejido, ya sea directamente o mediante transferencia, en una o ambas caras.<\/p>\n<p>Existen varios tipos de recubrimiento y laminado que se llevan a cabo mediante diversas operaciones y t\u00e9cnicas, dependiendo de los materiales polim\u00e9ricos y la maquinaria utilizada.<\/p>\n<p>Tanto el proceso de recubrimiento como el de laminado se llevan a cabo para obtener tejidos con propiedades t\u00e9cnicas espec\u00edficas y funcionales, como impermeabilidad, resistencia al viento, resistencia al metal fundido y a altas temperaturas, etc.<\/p>\n\t\t\t\t\t\t\t\t<\/div>\n\t\t\t\t<\/div>\n\t\t\t\t<\/div>\n\t\t\t\t\t<\/div>\n\t\t\t\t<\/div>\n\t\t<div class=\"elementor-element elementor-element-14ce434 e-flex e-con-boxed e-con e-parent\" data-id=\"14ce434\" data-element_type=\"container\" data-e-type=\"container\" data-settings=\"{&quot;jet_parallax_layout_list&quot;:[]}\">\n\t\t\t\t\t<div class=\"e-con-inner\">\n\t\t<div class=\"elementor-element elementor-element-8a4f4d2 e-con-full e-flex e-con e-child\" data-id=\"8a4f4d2\" data-element_type=\"container\" data-e-type=\"container\" data-settings=\"{&quot;jet_parallax_layout_list&quot;:[]}\">\n\t\t\t\t<div class=\"elementor-element elementor-element-3cc4ab4 elementor-widget-divider--view-line elementor-widget elementor-widget-divider\" data-id=\"3cc4ab4\" data-element_type=\"widget\" data-e-type=\"widget\" data-widget_type=\"divider.default\">\n\t\t\t\t<div class=\"elementor-widget-container\">\n\t\t\t\t\t\t\t<div class=\"elementor-divider\">\n\t\t\t<span class=\"elementor-divider-separator\">\n\t\t\t\t\t\t<\/span>\n\t\t<\/div>\n\t\t\t\t\t\t<\/div>\n\t\t\t\t<\/div>\n\t\t\t\t<div class=\"elementor-element elementor-element-1724314 elementor-widget elementor-widget-heading\" data-id=\"1724314\" data-element_type=\"widget\" data-e-type=\"widget\" data-widget_type=\"heading.default\">\n\t\t\t\t<div class=\"elementor-widget-container\">\n\t\t\t\t\t<h2 class=\"elementor-heading-title elementor-size-default\">Gama de productos de tejido laminado o tejido absorbente<\/h2>\t\t\t\t<\/div>\n\t\t\t\t<\/div>\n\t\t\t\t<div class=\"elementor-element elementor-element-98fa536 elementor-widget-divider--view-line elementor-widget elementor-widget-divider\" data-id=\"98fa536\" data-element_type=\"widget\" data-e-type=\"widget\" data-widget_type=\"divider.default\">\n\t\t\t\t<div class=\"elementor-widget-container\">\n\t\t\t\t\t\t\t<div class=\"elementor-divider\">\n\t\t\t<span class=\"elementor-divider-separator\">\n\t\t\t\t\t\t<\/span>\n\t\t<\/div>\n\t\t\t\t\t\t<\/div>\n\t\t\t\t<\/div>\n\t\t\t\t<\/div>\n\t\t\t\t\t<\/div>\n\t\t\t\t<\/div>\n\t\t<div class=\"elementor-element elementor-element-1d94d7d row-ctas-tejidos e-flex e-con-boxed e-con e-parent\" data-id=\"1d94d7d\" data-element_type=\"container\" data-e-type=\"container\" data-settings=\"{&quot;jet_parallax_layout_list&quot;:[]}\">\n\t\t\t\t\t<div class=\"e-con-inner\">\n\t\t\t\t<div class=\"elementor-element elementor-element-04a54bc elementor-cta--valign-top cust-tpl-cta-product elementor-widget__width-initial elementor-cta--skin-classic elementor-animated-content elementor-invisible elementor-widget elementor-widget-call-to-action\" data-id=\"04a54bc\" data-element_type=\"widget\" data-e-type=\"widget\" data-settings=\"{&quot;_animation&quot;:&quot;fadeIn&quot;,&quot;_animation_delay&quot;:500}\" data-widget_type=\"call-to-action.default\">\n\t\t\t\t<div class=\"elementor-widget-container\">\n\t\t\t\t\t\t\t<a class=\"elementor-cta\" href=\"https:\/\/marinatextil.com\/technical-fabric\/alma\/\" target=\"_blank\">\n\t\t\t\t\t\t\t<div class=\"elementor-cta__content\">\n\t\t\t\t\t\t\t\t\t<div class=\"elementor-content-item elementor-cta__content-item elementor-cta__image\">\n\t\t\t\t\t\t<img fetchpriority=\"high\" decoding=\"async\" width=\"674\" height=\"139\" src=\"https:\/\/marinatextil.com\/wp-content\/uploads\/2024\/01\/alma-marina-textil.webp\" class=\"attachment-full size-full wp-image-53551\" alt=\"\" srcset=\"https:\/\/marinatextil.com\/wp-content\/uploads\/2024\/01\/alma-marina-textil.webp 674w, https:\/\/marinatextil.com\/wp-content\/uploads\/2024\/01\/alma-marina-textil-600x124.webp 600w, https:\/\/marinatextil.com\/wp-content\/uploads\/2024\/01\/alma-marina-textil-300x62.webp 300w, https:\/\/marinatextil.com\/wp-content\/uploads\/2024\/01\/alma-marina-textil-670x139.webp 670w\" sizes=\"(max-width: 674px) 100vw, 674px\" \/>\t\t\t\t\t<\/div>\n\t\t\t\t\n\t\t\t\t\n\t\t\t\t\t\t\t\t\t<div class=\"elementor-cta__description elementor-cta__content-item elementor-content-item\">\n\t\t\t\t\t\t<p>Una colecci\u00f3n de tejidos aluminizados que ofrecen un excelente rendimiento frente al calor radiante y las salpicaduras de metal fundido.<\/p>\n\t\t\t\t\t<\/div>\n\t\t\t\t\n\t\t\t\t\t\t\t\t\t<div class=\"elementor-cta__button-wrapper elementor-cta__content-item elementor-content-item \">\n\t\t\t\t\t<span class=\"elementor-cta__button elementor-button elementor-size-xs\">\n\t\t\t\t\t\tinfo\t\t\t\t\t<\/span>\n\t\t\t\t\t<\/div>\n\t\t\t\t\t\t\t<\/div>\n\t\t\t\t\t\t<\/a>\n\t\t\t\t\t\t<\/div>\n\t\t\t\t<\/div>\n\t\t\t\t<div class=\"elementor-element elementor-element-97dfafe elementor-cta--valign-top cust-tpl-cta-product elementor-widget__width-initial elementor-cta--skin-classic elementor-animated-content elementor-invisible elementor-widget elementor-widget-call-to-action\" data-id=\"97dfafe\" data-element_type=\"widget\" data-e-type=\"widget\" data-settings=\"{&quot;_animation&quot;:&quot;fadeIn&quot;,&quot;_animation_delay&quot;:500}\" data-widget_type=\"call-to-action.default\">\n\t\t\t\t<div class=\"elementor-widget-container\">\n\t\t\t\t\t\t\t<a class=\"elementor-cta\" href=\"https:\/\/marinatextil.com\/technical-fabric\/marko\/\" target=\"_blank\">\n\t\t\t\t\t\t\t<div class=\"elementor-cta__content\">\n\t\t\t\t\t\t\t\t\t<div class=\"elementor-content-item elementor-cta__content-item elementor-cta__image\">\n\t\t\t\t\t\t<img decoding=\"async\" width=\"674\" height=\"139\" src=\"https:\/\/marinatextil.com\/wp-content\/uploads\/2024\/01\/marko-marina-textil.webp\" class=\"attachment-full size-full wp-image-53554\" alt=\"\" srcset=\"https:\/\/marinatextil.com\/wp-content\/uploads\/2024\/01\/marko-marina-textil.webp 674w, https:\/\/marinatextil.com\/wp-content\/uploads\/2024\/01\/marko-marina-textil-600x124.webp 600w, https:\/\/marinatextil.com\/wp-content\/uploads\/2024\/01\/marko-marina-textil-300x62.webp 300w, https:\/\/marinatextil.com\/wp-content\/uploads\/2024\/01\/marko-marina-textil-670x139.webp 670w\" sizes=\"(max-width: 674px) 100vw, 674px\" \/>\t\t\t\t\t<\/div>\n\t\t\t\t\n\t\t\t\t\n\t\t\t\t\t\t\t\t\t<div class=\"elementor-cta__description elementor-cta__content-item elementor-content-item\">\n\t\t\t\t\t\t<p>Tejido multinorma, disponible en versiones tejida o de punto, con protecci\u00f3n inherente contra el fuego, el arco el\u00e9ctrico, la soldadura, la electricidad est\u00e1tica y las salpicaduras qu\u00edmicas.<\/p>\n\t\t\t\t\t<\/div>\n\t\t\t\t\n\t\t\t\t\t\t\t\t\t<div class=\"elementor-cta__button-wrapper elementor-cta__content-item elementor-content-item \">\n\t\t\t\t\t<span class=\"elementor-cta__button elementor-button elementor-size-xs\">\n\t\t\t\t\t\tinfo\t\t\t\t\t<\/span>\n\t\t\t\t\t<\/div>\n\t\t\t\t\t\t\t<\/div>\n\t\t\t\t\t\t<\/a>\n\t\t\t\t\t\t<\/div>\n\t\t\t\t<\/div>\n\t\t\t\t<div class=\"elementor-element elementor-element-f426681 elementor-cta--valign-top cust-tpl-cta-product elementor-widget__width-initial elementor-cta--skin-classic elementor-animated-content elementor-invisible elementor-widget elementor-widget-call-to-action\" data-id=\"f426681\" data-element_type=\"widget\" data-e-type=\"widget\" data-settings=\"{&quot;_animation&quot;:&quot;fadeIn&quot;,&quot;_animation_delay&quot;:500}\" data-widget_type=\"call-to-action.default\">\n\t\t\t\t<div class=\"elementor-widget-container\">\n\t\t\t\t\t\t\t<a class=\"elementor-cta\" href=\"https:\/\/marinatextil.com\/technical-fabric\/marko-astm\/\" target=\"_blank\">\n\t\t\t\t\t\t\t<div class=\"elementor-cta__content\">\n\t\t\t\t\t\t\t\t\t<div class=\"elementor-content-item elementor-cta__content-item elementor-cta__image\">\n\t\t\t\t\t\t<img loading=\"lazy\" decoding=\"async\" width=\"674\" height=\"139\" src=\"https:\/\/marinatextil.com\/wp-content\/uploads\/2024\/01\/markoastm-marina-textil.webp\" class=\"attachment-full size-full wp-image-53553\" alt=\"\" srcset=\"https:\/\/marinatextil.com\/wp-content\/uploads\/2024\/01\/markoastm-marina-textil.webp 674w, https:\/\/marinatextil.com\/wp-content\/uploads\/2024\/01\/markoastm-marina-textil-600x124.webp 600w, https:\/\/marinatextil.com\/wp-content\/uploads\/2024\/01\/markoastm-marina-textil-300x62.webp 300w, https:\/\/marinatextil.com\/wp-content\/uploads\/2024\/01\/markoastm-marina-textil-670x139.webp 670w\" sizes=\"(max-width: 674px) 100vw, 674px\" \/>\t\t\t\t\t<\/div>\n\t\t\t\t\n\t\t\t\t\n\t\t\t\t\t\t\t\t\t<div class=\"elementor-cta__description elementor-cta__content-item elementor-content-item\">\n\t\t\t\t\t\t<p>Tejido ign\u00edfugo dise\u00f1ado para el mercado estadounidense, con protecci\u00f3n frente al arco el\u00e9ctrico, el fuego repentino, los riesgos electrost\u00e1ticos y las salpicaduras qu\u00edmicas.<\/p>\n\t\t\t\t\t<\/div>\n\t\t\t\t\n\t\t\t\t\t\t\t\t\t<div class=\"elementor-cta__button-wrapper elementor-cta__content-item elementor-content-item \">\n\t\t\t\t\t<span class=\"elementor-cta__button elementor-button elementor-size-xs\">\n\t\t\t\t\t\tinfo\t\t\t\t\t<\/span>\n\t\t\t\t\t<\/div>\n\t\t\t\t\t\t\t<\/div>\n\t\t\t\t\t\t<\/a>\n\t\t\t\t\t\t<\/div>\n\t\t\t\t<\/div>\n\t\t\t\t<div class=\"elementor-element elementor-element-02e3e3e elementor-cta--valign-top cust-tpl-cta-product elementor-widget__width-initial elementor-cta--skin-classic elementor-animated-content elementor-invisible elementor-widget elementor-widget-call-to-action\" data-id=\"02e3e3e\" data-element_type=\"widget\" data-e-type=\"widget\" data-settings=\"{&quot;_animation&quot;:&quot;fadeIn&quot;,&quot;_animation_delay&quot;:500}\" data-widget_type=\"call-to-action.default\">\n\t\t\t\t<div class=\"elementor-widget-container\">\n\t\t\t\t\t\t\t<a class=\"elementor-cta\" href=\"https:\/\/marinatextil.com\/technical-fabric\/marko-cold\/\" target=\"_blank\">\n\t\t\t\t\t\t\t<div class=\"elementor-cta__content\">\n\t\t\t\t\t\t\t\t\t<div class=\"elementor-content-item elementor-cta__content-item elementor-cta__image\">\n\t\t\t\t\t\t<img loading=\"lazy\" decoding=\"async\" width=\"674\" height=\"139\" src=\"https:\/\/marinatextil.com\/wp-content\/uploads\/2024\/01\/markocold-marina-textil.webp\" class=\"attachment-full size-full wp-image-53547\" alt=\"\" srcset=\"https:\/\/marinatextil.com\/wp-content\/uploads\/2024\/01\/markocold-marina-textil.webp 674w, https:\/\/marinatextil.com\/wp-content\/uploads\/2024\/01\/markocold-marina-textil-600x124.webp 600w, https:\/\/marinatextil.com\/wp-content\/uploads\/2024\/01\/markocold-marina-textil-300x62.webp 300w, https:\/\/marinatextil.com\/wp-content\/uploads\/2024\/01\/markocold-marina-textil-670x139.webp 670w\" sizes=\"(max-width: 674px) 100vw, 674px\" \/>\t\t\t\t\t<\/div>\n\t\t\t\t\n\t\t\t\t\n\t\t\t\t\t\t\t\t\t<div class=\"elementor-cta__description elementor-cta__content-item elementor-content-item\">\n\t\t\t\t\t\t<p>Combinaci\u00f3n de tejidos ign\u00edfugos (multicapa) para protecci\u00f3n contra bajas temperaturas y la lluvia, que ofrece un alto nivel de confort.<\/p>\n\t\t\t\t\t<\/div>\n\t\t\t\t\n\t\t\t\t\t\t\t\t\t<div class=\"elementor-cta__button-wrapper elementor-cta__content-item elementor-content-item \">\n\t\t\t\t\t<span class=\"elementor-cta__button elementor-button elementor-size-xs\">\n\t\t\t\t\t\tinfo\t\t\t\t\t<\/span>\n\t\t\t\t\t<\/div>\n\t\t\t\t\t\t\t<\/div>\n\t\t\t\t\t\t<\/a>\n\t\t\t\t\t\t<\/div>\n\t\t\t\t<\/div>\n\t\t\t\t<div class=\"elementor-element elementor-element-ae4bd55 elementor-cta--valign-top cust-tpl-cta-product elementor-widget__width-initial elementor-cta--skin-classic elementor-animated-content elementor-invisible elementor-widget elementor-widget-call-to-action\" data-id=\"ae4bd55\" data-element_type=\"widget\" data-e-type=\"widget\" data-settings=\"{&quot;_animation&quot;:&quot;fadeIn&quot;,&quot;_animation_delay&quot;:500}\" data-widget_type=\"call-to-action.default\">\n\t\t\t\t<div class=\"elementor-widget-container\">\n\t\t\t\t\t\t\t<a class=\"elementor-cta\" href=\"https:\/\/marinatextil.com\/technical-fabric\/marko-softshell\/\" target=\"_blank\">\n\t\t\t\t\t\t\t<div class=\"elementor-cta__content\">\n\t\t\t\t\t\t\t\t\t<div class=\"elementor-content-item elementor-cta__content-item elementor-cta__image\">\n\t\t\t\t\t\t<img loading=\"lazy\" decoding=\"async\" width=\"674\" height=\"139\" src=\"https:\/\/marinatextil.com\/wp-content\/uploads\/2024\/01\/markosoftshell-marina-textil.webp\" class=\"attachment-full size-full wp-image-53555\" alt=\"\" srcset=\"https:\/\/marinatextil.com\/wp-content\/uploads\/2024\/01\/markosoftshell-marina-textil.webp 674w, https:\/\/marinatextil.com\/wp-content\/uploads\/2024\/01\/markosoftshell-marina-textil-600x124.webp 600w, https:\/\/marinatextil.com\/wp-content\/uploads\/2024\/01\/markosoftshell-marina-textil-300x62.webp 300w, https:\/\/marinatextil.com\/wp-content\/uploads\/2024\/01\/markosoftshell-marina-textil-670x139.webp 670w\" sizes=\"(max-width: 674px) 100vw, 674px\" \/>\t\t\t\t\t<\/div>\n\t\t\t\t\n\t\t\t\t\n\t\t\t\t\t\t\t\t\t<div class=\"elementor-cta__description elementor-cta__content-item elementor-content-item\">\n\t\t\t\t\t\t<p>Ofrece una protecci\u00f3n excepcional contra el arco el\u00e9ctrico, adem\u00e1s de resistencia al fr\u00edo, al viento y a la lluvia, con un dise\u00f1o el\u00e1stico que mejora el confort.<\/p>\n\t\t\t\t\t<\/div>\n\t\t\t\t\n\t\t\t\t\t\t\t\t\t<div class=\"elementor-cta__button-wrapper elementor-cta__content-item elementor-content-item \">\n\t\t\t\t\t<span class=\"elementor-cta__button elementor-button elementor-size-xs\">\n\t\t\t\t\t\tinfo\t\t\t\t\t<\/span>\n\t\t\t\t\t<\/div>\n\t\t\t\t\t\t\t<\/div>\n\t\t\t\t\t\t<\/a>\n\t\t\t\t\t\t<\/div>\n\t\t\t\t<\/div>\n\t\t\t\t<div class=\"elementor-element elementor-element-082abcc elementor-cta--valign-top cust-tpl-cta-product elementor-widget__width-initial elementor-cta--skin-classic elementor-animated-content elementor-invisible elementor-widget elementor-widget-call-to-action\" data-id=\"082abcc\" data-element_type=\"widget\" data-e-type=\"widget\" data-settings=\"{&quot;_animation&quot;:&quot;fadeIn&quot;,&quot;_animation_delay&quot;:500}\" data-widget_type=\"call-to-action.default\">\n\t\t\t\t<div class=\"elementor-widget-container\">\n\t\t\t\t\t\t\t<a class=\"elementor-cta\" href=\"https:\/\/marinatextil.com\/technical-fabric\/marlan\/\" target=\"_blank\">\n\t\t\t\t\t\t\t<div class=\"elementor-cta__content\">\n\t\t\t\t\t\t\t\t\t<div class=\"elementor-content-item elementor-cta__content-item elementor-cta__image\">\n\t\t\t\t\t\t<img loading=\"lazy\" decoding=\"async\" width=\"674\" height=\"139\" src=\"https:\/\/marinatextil.com\/wp-content\/uploads\/2024\/01\/marlan-marina-textil.webp\" class=\"attachment-full size-full wp-image-53543\" alt=\"\" srcset=\"https:\/\/marinatextil.com\/wp-content\/uploads\/2024\/01\/marlan-marina-textil.webp 674w, https:\/\/marinatextil.com\/wp-content\/uploads\/2024\/01\/marlan-marina-textil-600x124.webp 600w, https:\/\/marinatextil.com\/wp-content\/uploads\/2024\/01\/marlan-marina-textil-300x62.webp 300w, https:\/\/marinatextil.com\/wp-content\/uploads\/2024\/01\/marlan-marina-textil-670x139.webp 670w\" sizes=\"(max-width: 674px) 100vw, 674px\" \/>\t\t\t\t\t<\/div>\n\t\t\t\t\n\t\t\t\t\n\t\t\t\t\t\t\t\t\t<div class=\"elementor-cta__description elementor-cta__content-item elementor-content-item\">\n\t\t\t\t\t\t<p>Tejido t\u00e9cnico ign\u00edfugo para protecci\u00f3n contra el calor radiante (aluminizado) y las llamas, capaz de repeler grandes salpicaduras de aluminio, hierro, acero, criolita, entre otros.<\/p>\n\t\t\t\t\t<\/div>\n\t\t\t\t\n\t\t\t\t\t\t\t\t\t<div class=\"elementor-cta__button-wrapper elementor-cta__content-item elementor-content-item \">\n\t\t\t\t\t<span class=\"elementor-cta__button elementor-button elementor-size-xs\">\n\t\t\t\t\t\tinfo\t\t\t\t\t<\/span>\n\t\t\t\t\t<\/div>\n\t\t\t\t\t\t\t<\/div>\n\t\t\t\t\t\t<\/a>\n\t\t\t\t\t\t<\/div>\n\t\t\t\t<\/div>\n\t\t\t\t\t<\/div>\n\t\t\t\t<\/div>\n\t\t<div class=\"elementor-element elementor-element-341aa5e e-con-full e-flex e-con e-child\" data-id=\"341aa5e\" data-element_type=\"container\" data-e-type=\"container\" data-settings=\"{&quot;jet_parallax_layout_list&quot;:[]}\">\n\t\t\t\t<div class=\"elementor-element elementor-element-264a7ed elementor-align-center elementor-widget elementor-widget-button\" data-id=\"264a7ed\" data-element_type=\"widget\" data-e-type=\"widget\" data-widget_type=\"button.default\">\n\t\t\t\t<div class=\"elementor-widget-container\">\n\t\t\t\t\t\t\t\t\t<div class=\"elementor-button-wrapper\">\n\t\t\t\t\t<a class=\"elementor-button elementor-button-link elementor-size-sm\" href=\"#elementor-action%3Aaction%3Dpopup%3Aopen%26settings%3DeyJpZCI6NzA0NzIsInRvZ2dsZSI6ZmFsc2V9\">\n\t\t\t\t\t\t<span class=\"elementor-button-content-wrapper\">\n\t\t\t\t\t\t\t\t\t<span class=\"elementor-button-text\">Solicitar informaci\u00f3n<\/span>\n\t\t\t\t\t<\/span>\n\t\t\t\t\t<\/a>\n\t\t\t\t<\/div>\n\t\t\t\t\t\t\t\t<\/div>\n\t\t\t\t<\/div>\n\t\t\t\t<\/div>\n\t\t\t\t<\/div>\n\t\t","protected":false},"excerpt":{"rendered":"<p>Tejido laminado o tejido recubierto En la industria textil, los procesos de laminaci\u00f3n y capilarizaci\u00f3n se realizan para obtener tejidos cuyos acabados contribuyen a sus propiedades t\u00e9cnicas espec\u00edficas y funcionales. El proceso de laminaci\u00f3n consiste en unir dos capas aplicando pegamento o resina mediante calor o presi\u00f3n. Este proceso es \u00fatil para unir varios tejidos, [&hellip;]<\/p>\n","protected":false},"author":31,"featured_media":0,"parent":67879,"menu_order":0,"comment_status":"closed","ping_status":"closed","template":"","meta":{"footnotes":""},"class_list":["post-67886","page","type-page","status-publish","hentry"],"_links":{"self":[{"href":"https:\/\/marinatextil.com\/es\/wp-json\/wp\/v2\/pages\/67886","targetHints":{"allow":["GET"]}}],"collection":[{"href":"https:\/\/marinatextil.com\/es\/wp-json\/wp\/v2\/pages"}],"about":[{"href":"https:\/\/marinatextil.com\/es\/wp-json\/wp\/v2\/types\/page"}],"author":[{"embeddable":true,"href":"https:\/\/marinatextil.com\/es\/wp-json\/wp\/v2\/users\/31"}],"replies":[{"embeddable":true,"href":"https:\/\/marinatextil.com\/es\/wp-json\/wp\/v2\/comments?post=67886"}],"version-history":[{"count":0,"href":"https:\/\/marinatextil.com\/es\/wp-json\/wp\/v2\/pages\/67886\/revisions"}],"up":[{"embeddable":true,"href":"https:\/\/marinatextil.com\/es\/wp-json\/wp\/v2\/pages\/67879"}],"wp:attachment":[{"href":"https:\/\/marinatextil.com\/es\/wp-json\/wp\/v2\/media?parent=67886"}],"curies":[{"name":"wp","href":"https:\/\/api.w.org\/{rel}","templated":true}]}}