{"id":67922,"date":"2025-05-05T11:37:38","date_gmt":"2025-05-05T09:37:38","guid":{"rendered":"https:\/\/marinatextil.com\/tejido-tecnico\/acabados-especiales-para-tejidos"},"modified":"2026-02-24T12:44:52","modified_gmt":"2026-02-24T11:44:52","slug":"acabados-especiales-para-tejidos","status":"publish","type":"page","link":"https:\/\/marinatextil.com\/es\/tejido-tecnico\/acabados-especiales-para-tejidos\/","title":{"rendered":"Acabados especiales para tejidos"},"content":{"rendered":"\t\t<div data-elementor-type=\"wp-post\" data-elementor-id=\"67922\" class=\"elementor elementor-67922 elementor-8097\" data-elementor-post-type=\"page\">\n\t\t\t\t<div class=\"elementor-element elementor-element-a9a9d78 e-flex e-con-boxed e-con e-parent\" data-id=\"a9a9d78\" data-element_type=\"container\" data-e-type=\"container\" data-settings=\"{&quot;jet_parallax_layout_list&quot;:[]}\">\n\t\t\t\t\t<div class=\"e-con-inner\">\n\t\t<div class=\"elementor-element elementor-element-0c72b8f e-con-full e-flex e-con e-child\" data-id=\"0c72b8f\" data-element_type=\"container\" data-e-type=\"container\" data-settings=\"{&quot;jet_parallax_layout_list&quot;:[]}\">\n\t\t\t\t<div class=\"elementor-element elementor-element-0991495 elementor-widget-divider--view-line elementor-widget elementor-widget-divider\" data-id=\"0991495\" data-element_type=\"widget\" data-e-type=\"widget\" data-widget_type=\"divider.default\">\n\t\t\t\t<div class=\"elementor-widget-container\">\n\t\t\t\t\t\t\t<div class=\"elementor-divider\">\n\t\t\t<span class=\"elementor-divider-separator\">\n\t\t\t\t\t\t<\/span>\n\t\t<\/div>\n\t\t\t\t\t\t<\/div>\n\t\t\t\t<\/div>\n\t\t\t\t<div class=\"elementor-element elementor-element-2a4d465 cust-h2-format elementor-headline--style-highlight elementor-widget elementor-widget-animated-headline\" data-id=\"2a4d465\" data-element_type=\"widget\" data-e-type=\"widget\" data-settings=\"{&quot;marker&quot;:&quot;underline&quot;,&quot;highlighted_text&quot;:&quot;acabados&quot;,&quot;headline_style&quot;:&quot;highlight&quot;,&quot;loop&quot;:&quot;yes&quot;,&quot;highlight_animation_duration&quot;:1200,&quot;highlight_iteration_delay&quot;:8000}\" data-widget_type=\"animated-headline.default\">\n\t\t\t\t<div class=\"elementor-widget-container\">\n\t\t\t\t\t\t\t<h1 class=\"elementor-headline\">\n\t\t\t\t\t<span class=\"elementor-headline-plain-text elementor-headline-text-wrapper\">Especial <\/span>\n\t\t\t\t<span class=\"elementor-headline-dynamic-wrapper elementor-headline-text-wrapper\">\n\t\t\t\t\t<span class=\"elementor-headline-dynamic-text elementor-headline-text-active\">acabados<\/span>\n\t\t\t\t<\/span>\n\t\t\t\t\t<span class=\"elementor-headline-plain-text elementor-headline-text-wrapper\">para tejidos resistentes al fuego<\/span>\n\t\t\t\t\t<\/h1>\n\t\t\t\t\t\t<\/div>\n\t\t\t\t<\/div>\n\t\t\t\t<div class=\"elementor-element elementor-element-befacf3 elementor-widget-divider--view-line elementor-widget elementor-widget-divider\" data-id=\"befacf3\" data-element_type=\"widget\" data-e-type=\"widget\" data-widget_type=\"divider.default\">\n\t\t\t\t<div class=\"elementor-widget-container\">\n\t\t\t\t\t\t\t<div class=\"elementor-divider\">\n\t\t\t<span class=\"elementor-divider-separator\">\n\t\t\t\t\t\t<\/span>\n\t\t<\/div>\n\t\t\t\t\t\t<\/div>\n\t\t\t\t<\/div>\n\t\t\t\t<div class=\"elementor-element elementor-element-ac8cfa7 elementor-widget elementor-widget-text-editor\" data-id=\"ac8cfa7\" data-element_type=\"widget\" data-e-type=\"widget\" data-widget_type=\"text-editor.default\">\n\t\t\t\t<div class=\"elementor-widget-container\">\n\t\t\t\t\t\t\t\t\t<p>En Marina Textil utilizamos internamente varias abreviaturas para nombrar nuestros acabados especiales para tejidos e identificar f\u00e1cilmente qu\u00e9 tipo de acabado tienen.<br \/>La siguiente tabla explica qu\u00e9 tipo de acabado corresponde a cada abreviatura:<\/p>\n\t\t\t\t\t\t\t\t<\/div>\n\t\t\t\t<\/div>\n\t\t\t\t<div class=\"elementor-element elementor-element-84ba9d2 elementor-widget elementor-widget-text-editor\" data-id=\"84ba9d2\" data-element_type=\"widget\" data-e-type=\"widget\" data-widget_type=\"text-editor.default\">\n\t\t\t\t<div class=\"elementor-widget-container\">\n\t\t\t\t\t\t\t\t\t<table class=\"subtable\">\n<thead>\n<tr>\n<th style=\"text-align: center;\">\n<h4><span style=\"font-weight: 400;\">ABREVIATURA<\/span><\/h4>\n<\/th>\n<th style=\"text-align: center; width: 145px;\">\n<h4><span style=\"font-weight: 400;\">CARACTER\u00cdSTICA<\/span><\/h4>\n<\/th>\n<th style=\"text-align: center;\">\n<h4><span style=\"font-weight: 400;\">DESCRIPCI\u00d3N<\/span><\/h4>\n<\/th>\n<\/tr>\n<\/thead>\n<tbody>\n<tr>\n<td style=\"text-align: center;\">AL<\/td>\n<td style=\"text-align: center;\">Aluminizado<\/td>\n<td style=\"text-align: left;\">Los tejidos aluminizados se utilizan para fabricar prendas que ofrecen aislamiento t\u00e9rmico y protegen a los usuarios que est\u00e1n sometidos a un calor radiante constante. Adem\u00e1s, el laminado de aluminio proporciona una protecci\u00f3n mec\u00e1nica adicional contra la abrasi\u00f3n, los desgarros, los cortes y las perforaciones.<\/td>\n<\/tr>\n<tr>\n<td style=\"text-align: center;\">AT<\/td>\n<td style=\"text-align: center;\">Antiest\u00e1tico<\/td>\n<td style=\"text-align: left;\">Los tejidos antiest\u00e1ticos ayudan a disipar la electricidad est\u00e1tica para la protecci\u00f3n personal o la protecci\u00f3n de dispositivos, evitando as\u00ed da\u00f1os por descargas electrost\u00e1ticas.<\/td>\n<\/tr>\n<tr>\n<td style=\"text-align: center;\">FC<\/td>\n<td style=\"text-align: center;\">Fluorocarbono F6<\/td>\n<td style=\"text-align: left;\">El fluorocarbono en los tejidos ayuda a que estos repelan los \u00e1cidos y los aceites.<\/td>\n<td><\/td>\n<\/tr>\n<tr>\n<td style=\"text-align: center;\">FLP<\/td>\n<td style=\"text-align: center;\">Felpa para sudadera, aislamiento t\u00e9rmico<\/td>\n<td style=\"text-align: left;\">Los tejidos de felpa para sudadera proporcionan aislamiento t\u00e9rmico.<\/td>\n<\/tr>\n<tr>\n<td style=\"text-align: center;\">FP<\/td>\n<td style=\"text-align: center;\">Forro polar, aislante t\u00e9rmico.<\/td>\n<td style=\"text-align: left;\">Los tejidos de forro polar proporcionan aislamiento t\u00e9rmico.<\/td>\n<\/tr>\n<tr>\n<td style=\"text-align: center;\">HV<\/td>\n<td style=\"text-align: center;\">Alta visibilidad<\/td>\n<td style=\"text-align: left;\">El objetivo principal de los tejidos de alta visibilidad es satisfacer la necesidad de ser visto. Las prendas fabricadas con tejidos de alta visibilidad se utilizan en zonas monocrom\u00e1ticas y de mucho tr\u00e1fico, donde es importante poder ver f\u00e1cilmente al personal que se encuentra de pie con luz diurna.<\/td>\n<\/tr>\n<tr>\n<td style=\"text-align: center;\">IR<\/td>\n<td style=\"text-align: center;\">Membrana impermeable transpirable<\/td>\n<td style=\"text-align: left;\">Este tipo de tejidos se utilizan para trabajos donde se requiera una protecci\u00f3n adicional contra la lluvio o el frio as\u00ed c\u00f3m para a\u00f1adir m\u00e1s valor de protecci\u00f3n al conjunto de prendas. Sobre todo a nivel de protecci\u00f3n el\u00e9ctrica.<\/td>\n<\/tr>\n<tr>\n<td style=\"text-align: center;\">PX<\/td>\n<td style=\"text-align: center;\">Barrera t\u00e9rmica no tejida<\/td>\n<td style=\"text-align: left;\">El tejido no tejido PX se utiliza como barrera t\u00e9rmica en la producci\u00f3n de prendas multicapa.<\/td>\n<\/tr>\n<tr>\n<td style=\"text-align: center;\">RS<\/td>\n<td style=\"text-align: center;\">Ripstop<\/td>\n<td style=\"text-align: left;\">El tejido ripstop mejora sustancialmente la resistencia mec\u00e1nica de las prendas. Se utiliza para grupos como bomberos, trabajadores forestales y militares, donde estas propiedades son muy importantes.<\/td>\n<\/tr>\n<tr>\n<td style=\"text-align: center;\">SW<\/td>\n<td style=\"text-align: center;\">Super Welding<\/td>\n<td style=\"text-align: left;\">Los tejidos con propiedades SW proporcionan una mejor protecci\u00f3n contra los riesgos de los soldadores. Tambi\u00e9n se pueden utilizar para reforzar las zonas de la prenda m\u00e1s expuestas al desgaste (rodillas, antebrazos, etc.).<\/td>\n<\/tr>\n<tr>\n<td style=\"text-align: center;\">SX<\/td>\n<td style=\"text-align: center;\">Tratamiento especial con nanopart\u00edculas cer\u00e1micas<\/td>\n<td style=\"text-align: left;\">Los tejidos con la propiedad SX proporcionan una protecci\u00f3n adicional contra las salpicaduras de determinados metales, al tiempo que impiden la filtraci\u00f3n de polvo y gases derivados de altas temperaturas. Tambi\u00e9n se pueden utilizar como refuerzo en las zonas de la prenda m\u00e1s expuestas al desgaste (rodillas, antebrazos, etc.).<\/td>\n<\/tr>\n<\/tbody>\n<\/table>\n\t\t\t\t\t\t\t\t<\/div>\n\t\t\t\t<\/div>\n\t\t\t\t<\/div>\n\t\t\t\t\t<\/div>\n\t\t\t\t<\/div>\n\t\t<div class=\"elementor-element elementor-element-bd44612 e-con-full cust-section-contact-cta e-flex e-con e-parent\" data-id=\"bd44612\" data-element_type=\"container\" data-e-type=\"container\" data-settings=\"{&quot;jet_parallax_layout_list&quot;:[]}\">\n\t\t<div class=\"elementor-element elementor-element-363dea1 e-con-full e-flex e-con e-child\" data-id=\"363dea1\" data-element_type=\"container\" data-e-type=\"container\" data-settings=\"{&quot;jet_parallax_layout_list&quot;:[]}\">\n\t\t\t\t<div class=\"elementor-element elementor-element-ab268a4 elementor-cta--layout-image-right elementor-cta--valign-bottom elementor-bg-transform elementor-bg-transform-move-right template-contact-cta event-contact_footer-cta elementor-cta--skin-classic elementor-animated-content elementor-widget elementor-widget-call-to-action\" data-id=\"ab268a4\" data-element_type=\"widget\" data-e-type=\"widget\" data-widget_type=\"call-to-action.default\">\n\t\t\t\t<div class=\"elementor-widget-container\">\n\t\t\t\t\t\t\t<a class=\"elementor-cta\" href=\"https:\/\/marinatextil.com\/contact\/\">\n\t\t\t\t\t\t\t<div class=\"elementor-cta__content\">\n\t\t\t\t\n\t\t\t\t\n\t\t\t\t\t\t\t\t\t<div class=\"elementor-cta__description elementor-cta__content-item elementor-content-item\">\n\t\t\t\t\t\t<p>Si tiene alguna pregunta, p\u00f3ngase en contacto con los expertos de nuestro departamento t\u00e9cnico.<\/p>\n\t\t\t\t\t<\/div>\n\t\t\t\t\n\t\t\t\t\t\t\t\t\t<div class=\"elementor-cta__button-wrapper elementor-cta__content-item elementor-content-item \">\n\t\t\t\t\t<span class=\"elementor-cta__button elementor-button elementor-size-md\">\n\t\t\t\t\t\tCONTACTO\t\t\t\t\t<\/span>\n\t\t\t\t\t<\/div>\n\t\t\t\t\t\t\t<\/div>\n\t\t\t\t\t\t<\/a>\n\t\t\t\t\t\t<\/div>\n\t\t\t\t<\/div>\n\t\t\t\t<\/div>\n\t\t\t\t<\/div>\n\t\t\t\t<\/div>\n\t\t","protected":false},"excerpt":{"rendered":"<p>Especial acabados para tejidos resistentes al fuego En Marina Textil utilizamos internamente varias abreviaturas para nombrar nuestros acabados especiales para tejidos e identificar f\u00e1cilmente qu\u00e9 tipo de acabado tienen.La siguiente tabla explica qu\u00e9 tipo de acabado corresponde a cada abreviatura: ABREVIATURA CARACTER\u00cdSTICA DESCRIPCI\u00d3N AL Aluminizado Los tejidos aluminizados se utilizan para fabricar prendas que ofrecen [&hellip;]<\/p>\n","protected":false},"author":11,"featured_media":0,"parent":67865,"menu_order":0,"comment_status":"closed","ping_status":"closed","template":"","meta":{"footnotes":""},"class_list":["post-67922","page","type-page","status-publish","hentry"],"_links":{"self":[{"href":"https:\/\/marinatextil.com\/es\/wp-json\/wp\/v2\/pages\/67922","targetHints":{"allow":["GET"]}}],"collection":[{"href":"https:\/\/marinatextil.com\/es\/wp-json\/wp\/v2\/pages"}],"about":[{"href":"https:\/\/marinatextil.com\/es\/wp-json\/wp\/v2\/types\/page"}],"author":[{"embeddable":true,"href":"https:\/\/marinatextil.com\/es\/wp-json\/wp\/v2\/users\/11"}],"replies":[{"embeddable":true,"href":"https:\/\/marinatextil.com\/es\/wp-json\/wp\/v2\/comments?post=67922"}],"version-history":[{"count":0,"href":"https:\/\/marinatextil.com\/es\/wp-json\/wp\/v2\/pages\/67922\/revisions"}],"up":[{"embeddable":true,"href":"https:\/\/marinatextil.com\/es\/wp-json\/wp\/v2\/pages\/67865"}],"wp:attachment":[{"href":"https:\/\/marinatextil.com\/es\/wp-json\/wp\/v2\/media?parent=67922"}],"curies":[{"name":"wp","href":"https:\/\/api.w.org\/{rel}","templated":true}]}}