{"id":68020,"date":"2025-05-05T16:06:40","date_gmt":"2025-05-05T14:06:40","guid":{"rendered":"https:\/\/marinatextil.com\/politica-privacidad"},"modified":"2026-01-20T12:07:19","modified_gmt":"2026-01-20T11:07:19","slug":"politica-privacidad","status":"publish","type":"page","link":"https:\/\/marinatextil.com\/es\/together\/politica-privacidad\/","title":{"rendered":"Pol\u00edtica de privacidad"},"content":{"rendered":"\t\t<div data-elementor-type=\"wp-post\" data-elementor-id=\"68020\" class=\"elementor elementor-68020 elementor-5614\" data-elementor-post-type=\"page\">\n\t\t\t\t<div class=\"elementor-element elementor-element-9837ec0 e-con-full cust-no-padding-bottom e-flex e-con e-parent\" data-id=\"9837ec0\" data-element_type=\"container\" data-e-type=\"container\" data-settings=\"{&quot;background_background&quot;:&quot;classic&quot;,&quot;jet_parallax_layout_list&quot;:[]}\">\n\t\t<div class=\"elementor-element elementor-element-505dc0d e-con-full e-flex e-con e-child\" data-id=\"505dc0d\" data-element_type=\"container\" data-e-type=\"container\" data-settings=\"{&quot;background_background&quot;:&quot;classic&quot;,&quot;jet_parallax_layout_list&quot;:[]}\">\n\t\t\t\t<div class=\"elementor-element elementor-element-170eebb cust-h2-format elementor-widget elementor-widget-heading\" data-id=\"170eebb\" data-element_type=\"widget\" data-e-type=\"widget\" data-widget_type=\"heading.default\">\n\t\t\t\t<div class=\"elementor-widget-container\">\n\t\t\t\t\t<h1 class=\"elementor-heading-title elementor-size-default\">POL\u00cdTICA DE COOKIES<\/h1>\t\t\t\t<\/div>\n\t\t\t\t<\/div>\n\t\t\t\t<\/div>\n\t\t<div class=\"elementor-element elementor-element-39703af e-con-full e-flex e-con e-child\" data-id=\"39703af\" data-element_type=\"container\" data-e-type=\"container\" data-settings=\"{&quot;background_background&quot;:&quot;classic&quot;,&quot;jet_parallax_layout_list&quot;:[]}\">\n\t\t\t\t<\/div>\n\t\t\t\t<\/div>\n\t\t<div class=\"elementor-element elementor-element-2b7f8a3 e-flex e-con-boxed e-con e-parent\" data-id=\"2b7f8a3\" data-element_type=\"container\" data-e-type=\"container\" data-settings=\"{&quot;jet_parallax_layout_list&quot;:[]}\">\n\t\t\t\t\t<div class=\"e-con-inner\">\n\t\t<div class=\"elementor-element elementor-element-f3600fd e-con-full e-flex e-con e-child\" data-id=\"f3600fd\" data-element_type=\"container\" data-e-type=\"container\" data-settings=\"{&quot;jet_parallax_layout_list&quot;:[]}\">\n\t\t\t\t<div class=\"elementor-element elementor-element-50abcb1 elementor-widget elementor-widget-spacer\" data-id=\"50abcb1\" data-element_type=\"widget\" data-e-type=\"widget\" data-widget_type=\"spacer.default\">\n\t\t\t\t<div class=\"elementor-widget-container\">\n\t\t\t\t\t\t\t<div class=\"elementor-spacer\">\n\t\t\t<div class=\"elementor-spacer-inner\"><\/div>\n\t\t<\/div>\n\t\t\t\t\t\t<\/div>\n\t\t\t\t<\/div>\n\t\t\t\t<\/div>\n\t\t\t\t\t<\/div>\n\t\t\t\t<\/div>\n\t\t<div class=\"elementor-element elementor-element-ffa2a0b cust-no-padding-bottom e-flex e-con-boxed e-con e-parent\" data-id=\"ffa2a0b\" data-element_type=\"container\" data-e-type=\"container\" data-settings=\"{&quot;jet_parallax_layout_list&quot;:[]}\">\n\t\t\t\t\t<div class=\"e-con-inner\">\n\t\t<div class=\"elementor-element elementor-element-5546bbf e-con-full e-flex e-con e-child\" data-id=\"5546bbf\" data-element_type=\"container\" data-e-type=\"container\" data-settings=\"{&quot;jet_parallax_layout_list&quot;:[]}\">\n\t\t\t\t<div class=\"elementor-element elementor-element-540821f elementor-widget-divider--view-line elementor-widget elementor-widget-divider\" data-id=\"540821f\" data-element_type=\"widget\" data-e-type=\"widget\" data-widget_type=\"divider.default\">\n\t\t\t\t<div class=\"elementor-widget-container\">\n\t\t\t\t\t\t\t<div class=\"elementor-divider\">\n\t\t\t<span class=\"elementor-divider-separator\">\n\t\t\t\t\t\t<\/span>\n\t\t<\/div>\n\t\t\t\t\t\t<\/div>\n\t\t\t\t<\/div>\n\t\t\t\t<div class=\"elementor-element elementor-element-3a5f987 elementor-widget elementor-widget-heading\" data-id=\"3a5f987\" data-element_type=\"widget\" data-e-type=\"widget\" data-widget_type=\"heading.default\">\n\t\t\t\t<div class=\"elementor-widget-container\">\n\t\t\t\t\t<h2 class=\"elementor-heading-title elementor-size-default\">POL\u00cdTICA DE COOKIES<\/h2>\t\t\t\t<\/div>\n\t\t\t\t<\/div>\n\t\t\t\t<div class=\"elementor-element elementor-element-e6c93b1 elementor-widget-divider--view-line elementor-widget elementor-widget-divider\" data-id=\"e6c93b1\" data-element_type=\"widget\" data-e-type=\"widget\" data-widget_type=\"divider.default\">\n\t\t\t\t<div class=\"elementor-widget-container\">\n\t\t\t\t\t\t\t<div class=\"elementor-divider\">\n\t\t\t<span class=\"elementor-divider-separator\">\n\t\t\t\t\t\t<\/span>\n\t\t<\/div>\n\t\t\t\t\t\t<\/div>\n\t\t\t\t<\/div>\n\t\t\t\t<div class=\"elementor-element elementor-element-e74b587 elementor-widget elementor-widget-text-editor\" data-id=\"e74b587\" data-element_type=\"widget\" data-e-type=\"widget\" data-widget_type=\"text-editor.default\">\n\t\t\t\t<div class=\"elementor-widget-container\">\n\t\t\t\t\t\t\t\t\t<p>Esta Pol\u00edtica de Cookies complementa la Pol\u00edtica de Privacidad de las p\u00e1ginas web propiedad de MARINA TEXTIL, S.L. El acceso y navegaci\u00f3n en el Sitio Web, o la utilizaci\u00f3n de sus servicios, implica la aceptaci\u00f3n de lo dispuesto en el Aviso Legal del Sitio Web y en su Pol\u00edtica de Privacidad.<\/p>\n<p>En MARINA TEXTIL, S.L. utilizamos cookies u otros archivos de funcionalidad similar (en adelante, \u201ccookies\u201d) para comprender c\u00f3mo utiliza nuestros servicios y mejorarlos. MARINA TEXTIL, S.L. es el responsable de las cookies y del tratamiento de los datos obtenidos a trav\u00e9s de ellas, ya sean propias o de terceros, decidiendo sobre la finalidad, contenido y uso del tratamiento de la informaci\u00f3n recogida.<\/p>\n<p>La finalidad de esta pol\u00edtica es informarle de forma clara y detallada sobre qu\u00e9 es una cookie, su finalidad, qu\u00e9 tipo de cookies utilizamos y c\u00f3mo configurarlas o, en su caso, deshabilitarlas.<\/p>\n<p>Una cookie es un peque\u00f1o archivo de texto que se almacena en su navegador cuando visita nuestra p\u00e1gina web y guarda informaci\u00f3n sobre la navegaci\u00f3n realizas. Algunas cookies son esenciales para el correcto funcionamiento de las p\u00e1ginas web, como las cookies t\u00e9cnicas o las de personalizaci\u00f3n de la interfaz de usuario, mientras que otras, como las cookies de an\u00e1lisis o las cookies de publicidad comportamental, requieren que le informemos y obtengamos su consentimiento para ser utilizadas por nosotros.<\/p>\n<p>A continuaci\u00f3n, y con el objetivo de que pueda dar su consentimiento plenamente informado, le detallamos la informaci\u00f3n sobre en qu\u00e9 consiste cada tipo de cookie y su finalidad:<\/p>\n<p>Las cookies t\u00e9cnicas son aquellas que permiten al usuario la navegaci\u00f3n a trav\u00e9s de un sitio web, plataforma o aplicaci\u00f3n y el uso de las mismas. diferentes opciones o servicios que existen en el mismo, incluida la gesti\u00f3n y operativa del sitio web y la habilitaci\u00f3n de sus funciones y servicios, como identificar la sesi\u00f3n, acceder a partes de acceso restringido, recordar los elementos que componen un pedido, realizar el proceso de compra de un pedido, gestionar el pago, etc. El sitio web no puede funcionar correctamente sin estas cookies, por lo que se consideran necesarias y no requieren su consentimiento.<\/p>\n<p>Las cookies de preferencias o personalizaci\u00f3n permiten al sitio web recordar informaci\u00f3n que cambia el comportamiento o apariencia del sitio web, de modo que el usuario accede al servicio con ciertas caracter\u00edsticas que pueden diferenciar sus Las opciones de uso del sitio web se diferencian de las de otros usuarios, como el idioma, el n\u00famero de resultados que se muestran al realizar una b\u00fasqueda o la regi\u00f3n en la que se encuentra. Si el usuario elige estas caracter\u00edsticas, por ejemplo, marcando el idioma, se considera un servicio solicitado expresamente, siempre que las cookies se ajusten exclusivamente a la finalidad de personalizaci\u00f3n seleccionada. Al igual que en el caso anterior, estas cookies no requieren su consentimiento. Las cookies de an\u00e1lisis o medici\u00f3n permiten comprender c\u00f3mo interact\u00faan los visitantes con las p\u00e1ginas web y, por lo tanto, realizar un an\u00e1lisis estad\u00edstico del uso que hacen los usuarios de la web de los servicios prestados. La informaci\u00f3n recopilada se utiliza en la medici\u00f3n de la actividad de los sitios web o aplicaciones con el fin de introducir mejoras en los productos y servicios ofrecidos por el responsable.<\/p>\n<p>Las cookies de marketing o publicidad comportamental almacenan informaci\u00f3n del comportamiento de los usuarios obtenida a trav\u00e9s de la observaci\u00f3n continua de sus h\u00e1bitos de navegaci\u00f3n, lo que permite desarrollar un perfil espec\u00edfico para mostrar anuncios relevantes y atractivos para el usuario individual, y por lo tanto, m\u00e1s valiosos para terceros anunciantes.<\/p>\n<p>MARINA TEXTIL, S.L., utiliza cookies propias y de terceros de tipo t\u00e9cnico, de personalizaci\u00f3n, de an\u00e1lisis y publicitarias, para las finalidades establecidas en la siguiente declaraci\u00f3n de cookies:<\/p>\n\t\t\t\t\t\t\t\t<\/div>\n\t\t\t\t<\/div>\n\t\t\t\t<\/div>\n\t\t\t\t\t<\/div>\n\t\t\t\t<\/div>\n\t\t<div class=\"elementor-element elementor-element-eb938fd e-flex e-con-boxed e-con e-parent\" data-id=\"eb938fd\" data-element_type=\"container\" data-e-type=\"container\" data-settings=\"{&quot;jet_parallax_layout_list&quot;:[]}\">\n\t\t\t\t\t<div class=\"e-con-inner\">\n\t\t<div class=\"elementor-element elementor-element-3d96e46 e-con-full e-flex e-con e-child\" data-id=\"3d96e46\" data-element_type=\"container\" data-e-type=\"container\" data-settings=\"{&quot;jet_parallax_layout_list&quot;:[]}\">\n\t\t\t\t<div class=\"elementor-element elementor-element-482c2b3 elementor-widget elementor-widget-spacer\" data-id=\"482c2b3\" data-element_type=\"widget\" data-e-type=\"widget\" data-widget_type=\"spacer.default\">\n\t\t\t\t<div class=\"elementor-widget-container\">\n\t\t\t\t\t\t\t<div class=\"elementor-spacer\">\n\t\t\t<div class=\"elementor-spacer-inner\"><\/div>\n\t\t<\/div>\n\t\t\t\t\t\t<\/div>\n\t\t\t\t<\/div>\n\t\t\t\t<\/div>\n\t\t\t\t\t<\/div>\n\t\t\t\t<\/div>\n\t\t<div class=\"elementor-element elementor-element-311f8a8 e-flex e-con-boxed e-con e-parent\" data-id=\"311f8a8\" data-element_type=\"container\" data-e-type=\"container\" data-settings=\"{&quot;jet_parallax_layout_list&quot;:[]}\">\n\t\t\t\t\t<div class=\"e-con-inner\">\n\t\t<div class=\"elementor-element elementor-element-1c2a30c e-con-full e-flex e-con e-child\" data-id=\"1c2a30c\" data-element_type=\"container\" data-e-type=\"container\" data-settings=\"{&quot;jet_parallax_layout_list&quot;:[]}\">\n\t\t\t\t<div class=\"elementor-element elementor-element-e3470f9 elementor-widget elementor-widget-text-editor\" data-id=\"e3470f9\" data-element_type=\"widget\" data-e-type=\"widget\" data-widget_type=\"text-editor.default\">\n\t\t\t\t<div class=\"elementor-widget-container\">\n\t\t\t\t\t\t\t\t\t<div class=\"w-full text-token-text-primary\" data-testid=\"conversation-turn-9\">\n<div class=\"px-4 py-2 justify-center text-base md:gap-6 m-auto\">\n<div class=\"flex flex-1 text-base mx-auto gap-3 md:px-5 lg:px-1 xl:px-5 md:max-w-3xl lg:max-w-[40rem] xl:max-w-[48rem] group\">\n<div class=\"relative flex w-full flex-col agent-turn\">\n<div class=\"flex-col gap-1 md:gap-3\">\n<div class=\"flex flex-grow flex-col max-w-full\">\n<div class=\"min-h-[20px] text-message flex flex-col items-start gap-3 whitespace-pre-wrap break-words [.text-message+&amp;]:mt-5 overflow-x-auto\" data-message-author-role=\"assistant\" data-message-id=\"d35649f1-54c7-4999-8ab1-cef10a1ca647\">\n<div class=\"markdown prose w-full break-words dark:prose-invert light\">\n<p>Para las cookies de an\u00e1lisis y publicidad, necesitamos su consentimiento, que podemos obtener si hace clic en el bot\u00f3n \u00abAceptar\u00bb en el mensaje informativo que se muestra al acceder a nuestro sitio web.<\/p>\n<p>Si desactiva las cookies, podr\u00e1 seguir accediendo al sitio web, pero su experiencia de navegaci\u00f3n podr\u00eda no ser \u00f3ptima y algunos de los servicios ofrecidos podr\u00edan no funcionar correctamente.<\/p>\n<p>Si en el futuro MARINA TEXTIL, S.L., utilizara tipos de cookies diferentes a las consideradas en esta Pol\u00edtica de Cookies para prestar nuevos servicios o fuera necesario adaptarla a nuevas exigencias legislativas, se lo notificaremos. Usted.<\/p>\n<p>Puede permitir, bloquear o eliminar las cookies instaladas en su dispositivo a trav\u00e9s del men\u00fa de configuraci\u00f3n de su navegador de internet, pudiendo configurarlo para que bloquee las cookies o alerte al usuario cuando un servidor quiera guardar una. Los siguientes enlaces proporcionan informaci\u00f3n sobre c\u00f3mo configurar y\/o deshabilitar las cookies en cada uno de los principales navegadores del mercado para que el usuario pueda decidir si acepta o no el uso de cookies.<\/p>\n<p>Microsoft Internet Explorer: Men\u00fa Herramientas &gt; Opciones de Internet &gt; Privacidad &gt; Configuraci\u00f3n. Firefox: Men\u00fa Herramientas &gt; Opciones &gt; Privacidad &gt; Cookies. Chrome: Men\u00fa Opciones &gt; Opciones avanzadas &gt; Privacidad. Safari: Men\u00fa Preferencias\/Privacidad. Safari para iOS (iPhone y iPad): Opci\u00f3n de Configuraci\u00f3n &gt; Safari Chrome para Android: Configuraci\u00f3n &gt; Configuraci\u00f3n del sitio web &gt; Cookies.<\/p>\n<p>Si tiene alguna pregunta sobre esta pol\u00edtica de cookies, puede contactar con MARINA TEXTIL, S.L. en\u00a0<a href=\"mailto:gdpr@marinatextil.net\" target=\"_new\">gdpr@marinatextil.net<\/a><\/p>\n<\/div>\n<p><\/div>\n<p><\/div>\n<p><\/div>\n<p><\/div>\n<p><\/div>\n<p><\/div>\n<p><\/div>\n\t\t\t\t\t\t\t\t<\/div>\n\t\t\t\t<\/div>\n\t\t\t\t<\/div>\n\t\t\t\t\t<\/div>\n\t\t\t\t<\/div>\n\t\t\t\t<\/div>\n\t\t","protected":false},"excerpt":{"rendered":"<p>POL\u00cdTICA DE COOKIES POL\u00cdTICA DE COOKIES Esta Pol\u00edtica de Cookies complementa la Pol\u00edtica de Privacidad de las p\u00e1ginas web propiedad de MARINA TEXTIL, S.L. El acceso y navegaci\u00f3n en el Sitio Web, o la utilizaci\u00f3n de sus servicios, implica la aceptaci\u00f3n de lo dispuesto en el Aviso Legal del Sitio Web y en su Pol\u00edtica [&hellip;]<\/p>\n","protected":false},"author":11,"featured_media":0,"parent":68037,"menu_order":0,"comment_status":"closed","ping_status":"closed","template":"","meta":{"footnotes":""},"class_list":["post-68020","page","type-page","status-publish","hentry"],"_links":{"self":[{"href":"https:\/\/marinatextil.com\/es\/wp-json\/wp\/v2\/pages\/68020","targetHints":{"allow":["GET"]}}],"collection":[{"href":"https:\/\/marinatextil.com\/es\/wp-json\/wp\/v2\/pages"}],"about":[{"href":"https:\/\/marinatextil.com\/es\/wp-json\/wp\/v2\/types\/page"}],"author":[{"embeddable":true,"href":"https:\/\/marinatextil.com\/es\/wp-json\/wp\/v2\/users\/11"}],"replies":[{"embeddable":true,"href":"https:\/\/marinatextil.com\/es\/wp-json\/wp\/v2\/comments?post=68020"}],"version-history":[{"count":0,"href":"https:\/\/marinatextil.com\/es\/wp-json\/wp\/v2\/pages\/68020\/revisions"}],"up":[{"embeddable":true,"href":"https:\/\/marinatextil.com\/es\/wp-json\/wp\/v2\/pages\/68037"}],"wp:attachment":[{"href":"https:\/\/marinatextil.com\/es\/wp-json\/wp\/v2\/media?parent=68020"}],"curies":[{"name":"wp","href":"https:\/\/api.w.org\/{rel}","templated":true}]}}