{"id":68022,"date":"2025-05-05T16:08:43","date_gmt":"2025-05-05T14:08:43","guid":{"rendered":"https:\/\/marinatextil.com\/aviso-legal"},"modified":"2025-12-18T13:37:25","modified_gmt":"2025-12-18T12:37:25","slug":"aviso-legal","status":"publish","type":"page","link":"https:\/\/marinatextil.com\/es\/together\/aviso-legal\/","title":{"rendered":"Aviso legal"},"content":{"rendered":"\t\t<div data-elementor-type=\"wp-post\" data-elementor-id=\"68022\" class=\"elementor elementor-68022 elementor-10272\" data-elementor-post-type=\"page\">\n\t\t\t\t<div class=\"elementor-element elementor-element-5c10f65 e-con-full cust-no-padding-bottom e-flex e-con e-parent\" data-id=\"5c10f65\" data-element_type=\"container\" data-e-type=\"container\" data-settings=\"{&quot;background_background&quot;:&quot;classic&quot;,&quot;jet_parallax_layout_list&quot;:[]}\">\n\t\t<div class=\"elementor-element elementor-element-392a118 e-con-full e-flex e-con e-child\" data-id=\"392a118\" data-element_type=\"container\" data-e-type=\"container\" data-settings=\"{&quot;background_background&quot;:&quot;classic&quot;,&quot;jet_parallax_layout_list&quot;:[]}\">\n\t\t\t\t<div class=\"elementor-element elementor-element-16005ae cust-h2-format elementor-widget elementor-widget-heading\" data-id=\"16005ae\" data-element_type=\"widget\" data-e-type=\"widget\" data-widget_type=\"heading.default\">\n\t\t\t\t<div class=\"elementor-widget-container\">\n\t\t\t\t\t<h1 class=\"elementor-heading-title elementor-size-default\">AVISO LEGAL<\/h1>\t\t\t\t<\/div>\n\t\t\t\t<\/div>\n\t\t\t\t<\/div>\n\t\t<div class=\"elementor-element elementor-element-4767a6d e-con-full e-flex e-con e-child\" data-id=\"4767a6d\" data-element_type=\"container\" data-e-type=\"container\" data-settings=\"{&quot;background_background&quot;:&quot;classic&quot;,&quot;jet_parallax_layout_list&quot;:[]}\">\n\t\t\t\t<div class=\"elementor-element elementor-element-2c3bf0f elementor-widget elementor-widget-spacer\" data-id=\"2c3bf0f\" data-element_type=\"widget\" data-e-type=\"widget\" data-widget_type=\"spacer.default\">\n\t\t\t\t<div class=\"elementor-widget-container\">\n\t\t\t\t\t\t\t<div class=\"elementor-spacer\">\n\t\t\t<div class=\"elementor-spacer-inner\"><\/div>\n\t\t<\/div>\n\t\t\t\t\t\t<\/div>\n\t\t\t\t<\/div>\n\t\t\t\t<\/div>\n\t\t\t\t<\/div>\n\t\t<div class=\"elementor-element elementor-element-678da01 e-flex e-con-boxed e-con e-parent\" data-id=\"678da01\" data-element_type=\"container\" data-e-type=\"container\" data-settings=\"{&quot;jet_parallax_layout_list&quot;:[]}\">\n\t\t\t\t\t<div class=\"e-con-inner\">\n\t\t<div class=\"elementor-element elementor-element-1ee6aea e-con-full e-flex e-con e-child\" data-id=\"1ee6aea\" data-element_type=\"container\" data-e-type=\"container\" data-settings=\"{&quot;jet_parallax_layout_list&quot;:[]}\">\n\t\t\t\t<div class=\"elementor-element elementor-element-b9ed7f8 elementor-widget elementor-widget-spacer\" data-id=\"b9ed7f8\" data-element_type=\"widget\" data-e-type=\"widget\" data-widget_type=\"spacer.default\">\n\t\t\t\t<div class=\"elementor-widget-container\">\n\t\t\t\t\t\t\t<div class=\"elementor-spacer\">\n\t\t\t<div class=\"elementor-spacer-inner\"><\/div>\n\t\t<\/div>\n\t\t\t\t\t\t<\/div>\n\t\t\t\t<\/div>\n\t\t\t\t<\/div>\n\t\t\t\t\t<\/div>\n\t\t\t\t<\/div>\n\t\t<div class=\"elementor-element elementor-element-3585cd8 cust-no-padding-bottom e-flex e-con-boxed e-con e-parent\" data-id=\"3585cd8\" data-element_type=\"container\" data-e-type=\"container\" data-settings=\"{&quot;jet_parallax_layout_list&quot;:[]}\">\n\t\t\t\t\t<div class=\"e-con-inner\">\n\t\t<div class=\"elementor-element elementor-element-1104aa1 e-con-full e-flex e-con e-child\" data-id=\"1104aa1\" data-element_type=\"container\" data-e-type=\"container\" data-settings=\"{&quot;jet_parallax_layout_list&quot;:[]}\">\n\t\t\t\t<div class=\"elementor-element elementor-element-a1d3ab0 elementor-widget-divider--view-line elementor-widget elementor-widget-divider\" data-id=\"a1d3ab0\" data-element_type=\"widget\" data-e-type=\"widget\" data-widget_type=\"divider.default\">\n\t\t\t\t<div class=\"elementor-widget-container\">\n\t\t\t\t\t\t\t<div class=\"elementor-divider\">\n\t\t\t<span class=\"elementor-divider-separator\">\n\t\t\t\t\t\t<\/span>\n\t\t<\/div>\n\t\t\t\t\t\t<\/div>\n\t\t\t\t<\/div>\n\t\t\t\t<div class=\"elementor-element elementor-element-8f26f67 elementor-widget elementor-widget-heading\" data-id=\"8f26f67\" data-element_type=\"widget\" data-e-type=\"widget\" data-widget_type=\"heading.default\">\n\t\t\t\t<div class=\"elementor-widget-container\">\n\t\t\t\t\t<h2 class=\"elementor-heading-title elementor-size-default\">Informaci\u00f3n legal<\/h2>\t\t\t\t<\/div>\n\t\t\t\t<\/div>\n\t\t\t\t<div class=\"elementor-element elementor-element-259a6e1 elementor-widget-divider--view-line elementor-widget elementor-widget-divider\" data-id=\"259a6e1\" data-element_type=\"widget\" data-e-type=\"widget\" data-widget_type=\"divider.default\">\n\t\t\t\t<div class=\"elementor-widget-container\">\n\t\t\t\t\t\t\t<div class=\"elementor-divider\">\n\t\t\t<span class=\"elementor-divider-separator\">\n\t\t\t\t\t\t<\/span>\n\t\t<\/div>\n\t\t\t\t\t\t<\/div>\n\t\t\t\t<\/div>\n\t\t\t\t<div class=\"elementor-element elementor-element-9fcf446 elementor-widget elementor-widget-text-editor\" data-id=\"9fcf446\" data-element_type=\"widget\" data-e-type=\"widget\" data-widget_type=\"text-editor.default\">\n\t\t\t\t<div class=\"elementor-widget-container\">\n\t\t\t\t\t\t\t\t\t<p>Los clientes se comprometen a navegar por el sitio web y hacer un buen uso del contenido. De acuerdo con lo establecido en el Reglamento General de Protecci\u00f3n de Datos (RGPD), le informamos que los datos depositados:<\/p>\n<p>(I) Ser\u00e1n tratados con la m\u00e1xima confidencialidad y formar\u00e1n parte de los ficheros titularidad de Marina Textil, S.L.- C\/ Llobateres, 27, P.I. Santiga 08210, Barber\u00e0 del Vall\u00e8s (Barcelona \u2013 Espa\u00f1a) CIF: NIF: B60864337, inscrita en del Registro Mercantil de Barcelona, Tomo 28221 Folio 137 Hoja B129897 \u2013 para la gesti\u00f3n comercial vinculada con nosotros, el env\u00edo por correo electr\u00f3nico de las compras que Marina Textil pueda realizar para el env\u00edo de las compras.<\/p>\n<p>(II) Implica la aceptaci\u00f3n expl\u00edcita de esta pol\u00edtica de privacidad, as\u00ed como la autorizaci\u00f3n a Marina Textil para tratar los datos personales que nos proporcione. Al visitar el sitio web, los usuarios no proporcionan informaci\u00f3n personal ni est\u00e1n obligados a proporcionarla. Marina Textil asume que los datos son introducidos por su titular o una persona autorizada por el propio titular, as\u00ed como que dichos datos son correctos y exactos.<\/p>\n\t\t\t\t\t\t\t\t<\/div>\n\t\t\t\t<\/div>\n\t\t\t\t<div class=\"elementor-element elementor-element-dd72eec elementor-widget-divider--view-line elementor-widget elementor-widget-divider\" data-id=\"dd72eec\" data-element_type=\"widget\" data-e-type=\"widget\" data-widget_type=\"divider.default\">\n\t\t\t\t<div class=\"elementor-widget-container\">\n\t\t\t\t\t\t\t<div class=\"elementor-divider\">\n\t\t\t<span class=\"elementor-divider-separator\">\n\t\t\t\t\t\t<\/span>\n\t\t<\/div>\n\t\t\t\t\t\t<\/div>\n\t\t\t\t<\/div>\n\t\t\t\t<div class=\"elementor-element elementor-element-9b1c75b elementor-widget elementor-widget-heading\" data-id=\"9b1c75b\" data-element_type=\"widget\" data-e-type=\"widget\" data-widget_type=\"heading.default\">\n\t\t\t\t<div class=\"elementor-widget-container\">\n\t\t\t\t\t<h2 class=\"elementor-heading-title elementor-size-default\">USO DE NUESTRO SITIO WEB<\/h2>\t\t\t\t<\/div>\n\t\t\t\t<\/div>\n\t\t\t\t<div class=\"elementor-element elementor-element-594b8a3 elementor-widget-divider--view-line elementor-widget elementor-widget-divider\" data-id=\"594b8a3\" data-element_type=\"widget\" data-e-type=\"widget\" data-widget_type=\"divider.default\">\n\t\t\t\t<div class=\"elementor-widget-container\">\n\t\t\t\t\t\t\t<div class=\"elementor-divider\">\n\t\t\t<span class=\"elementor-divider-separator\">\n\t\t\t\t\t\t<\/span>\n\t\t<\/div>\n\t\t\t\t\t\t<\/div>\n\t\t\t\t<\/div>\n\t\t\t\t<div class=\"elementor-element elementor-element-3d2acff elementor-widget elementor-widget-text-editor\" data-id=\"3d2acff\" data-element_type=\"widget\" data-e-type=\"widget\" data-widget_type=\"text-editor.default\">\n\t\t\t\t<div class=\"elementor-widget-container\">\n\t\t\t\t\t\t\t\t\t<p>Los usuarios se comprometen a hacer un buen uso de los contenidos del Sitio Web, oblig\u00e1ndose a:<\/p>\n<p>(I) facilitar informaci\u00f3n veraz y precisa sobre los datos solicitados en los formularios de registro o realizaci\u00f3n de pedidos, y a mantenerlos actualizados, cada vez que utilice el Sitio Web;<\/p>\n<p>(II) a no incurrir en actividades con medios il\u00edcitos, ilegales o contrarios a la buena fe y al orden p\u00fablico;<\/p>\n<p>(III) a no difundir comentarios o propaganda de car\u00e1cter racista, xen\u00f3fobo, discriminatoria por raz\u00f3n de raza, sexo, ideolog\u00eda, religi\u00f3n o que atente contra la moral, el orden p\u00fablico, los derechos fundamentales, las libertades p\u00fablicas, el honor, la intimidad o la imagen de terceros y en general la normativa vigente.<\/p>\n<p>(IV) no provocar da\u00f1os en los sistemas f\u00edsicos y l\u00f3gicos del Sitio Web, de los proveedores de Marina Textil o de terceros, ni introducir o difundir en el sitio web virus inform\u00e1ticos o cualesquiera otros sistemas f\u00edsicos o l\u00f3gicos que sean susceptibles de provocar lo anterior da\u00f1os y perjuicios;<\/p>\n<p>(V) no utilizar el (VI) no intentar acceder y, en su caso, utilizar las cuentas de correo electr\u00f3nico de otros usuarios y modificar o manipular sus mensajes.<\/p>\n<p>Marina Textil se reserva el derecho de efectuar sin previo aviso las modificaciones pertinentes en su sitio web, pudiendo cambiar, suprimir o a\u00f1adir tanto los contenidos y servicios que se presten a trav\u00e9s del mismo como la forma en la que estos aparezcan presentados o localizados en su portal.<\/p>\n\t\t\t\t\t\t\t\t<\/div>\n\t\t\t\t<\/div>\n\t\t\t\t<\/div>\n\t\t<div class=\"elementor-element elementor-element-08632dd e-con-full e-flex e-con e-child\" data-id=\"08632dd\" data-element_type=\"container\" data-e-type=\"container\" data-settings=\"{&quot;jet_parallax_layout_list&quot;:[]}\">\n\t\t\t\t<div class=\"elementor-element elementor-element-9c603cd elementor-widget-divider--view-line elementor-widget elementor-widget-divider\" data-id=\"9c603cd\" data-element_type=\"widget\" data-e-type=\"widget\" data-widget_type=\"divider.default\">\n\t\t\t\t<div class=\"elementor-widget-container\">\n\t\t\t\t\t\t\t<div class=\"elementor-divider\">\n\t\t\t<span class=\"elementor-divider-separator\">\n\t\t\t\t\t\t<\/span>\n\t\t<\/div>\n\t\t\t\t\t\t<\/div>\n\t\t\t\t<\/div>\n\t\t\t\t<div class=\"elementor-element elementor-element-a9b2a67 elementor-widget elementor-widget-heading\" data-id=\"a9b2a67\" data-element_type=\"widget\" data-e-type=\"widget\" data-widget_type=\"heading.default\">\n\t\t\t\t<div class=\"elementor-widget-container\">\n\t\t\t\t\t<h2 class=\"elementor-heading-title elementor-size-default\">RESPONSABILIDAD DERIVADA DEL USO DEL SITIO WEB<\/h2>\t\t\t\t<\/div>\n\t\t\t\t<\/div>\n\t\t\t\t<div class=\"elementor-element elementor-element-f2e3558 elementor-widget-divider--view-line elementor-widget elementor-widget-divider\" data-id=\"f2e3558\" data-element_type=\"widget\" data-e-type=\"widget\" data-widget_type=\"divider.default\">\n\t\t\t\t<div class=\"elementor-widget-container\">\n\t\t\t\t\t\t\t<div class=\"elementor-divider\">\n\t\t\t<span class=\"elementor-divider-separator\">\n\t\t\t\t\t\t<\/span>\n\t\t<\/div>\n\t\t\t\t\t\t<\/div>\n\t\t\t\t<\/div>\n\t\t\t\t<div class=\"elementor-element elementor-element-44d9043 elementor-widget elementor-widget-text-editor\" data-id=\"44d9043\" data-element_type=\"widget\" data-e-type=\"widget\" data-widget_type=\"text-editor.default\">\n\t\t\t\t<div class=\"elementor-widget-container\">\n\t\t\t\t\t\t\t\t\t<p>Marina Textil no se hace responsable, en ning\u00fan caso, de los da\u00f1os y perjuicios de cualquier naturaleza que pudieran provocar, a t\u00edtulo enunciativo: errores o fallos en los contenidos, falta de disponibilidad del sitio o la transmisi\u00f3n de virus o programas maliciosos o lesivos en los contenidos, a pesar de adoptar todas las medidas tecnol\u00f3gicas necesarias para evitarlo.<\/p>\n<p>Desde el sitio web del cliente es posible ser redirigido a contenidos de sitios web de terceros. Dado que el prestador no siempre puede controlar el contenido introducido por terceros en sus sitios web, no asume ning\u00fan tipo de responsabilidad respecto a dicho contenido. En todo caso, el prestador manifiesta que proceder\u00e1 a la retirada inmediata de cualquier contenido que pueda contravenir la legislaci\u00f3n nacional o internacional, procediendo a la retirada inmediata del enlace a dicho sitio web, comunicando a las autoridades competentes el contenido de que se trate.<\/p>\n<p>Marina Textil no se hace responsable de la informaci\u00f3n y contenidos almacenados, esto incluye, a t\u00edtulo enunciativo, pero no limitativo, en foros, chats, generadores de blogs, comentarios, redes sociales o cualquier otro medio que permita a terceros publicar contenidos de forma independiente en la Web. Sin embargo, Marina Textil se pone a disposici\u00f3n de todos los usuarios, autoridades y fuerzas de seguridad, y colabora activamente en la retirada o, en su caso, el bloqueo de todos aquellos contenidos que puedan afectar o contravenir la legislaci\u00f3n nacional o internacional, los derechos de terceros o la moral y el orden p\u00fablico. En el caso de que un usuario considere que existe alg\u00fan contenido en el Sitio Web que podr\u00eda ser susceptible de esa clasificaci\u00f3n, se ruega notificarlo inmediatamente al administrador del Sitio Web.<\/p>\n<p>Este Sitio Web ha sido revisado y probado para su buen uso. En principio, se puede garantizar su correcto funcionamiento las 24 horas del d\u00eda, los 7 d\u00edas de la semana, durante todo el a\u00f1o. Sin embargo, Marina Textil no excluye que se trate de errores de programaci\u00f3n, o de fuerza mayor, cat\u00e1strofes naturales, huelgas o situaciones similares que hagan imposible el acceso al Sitio Web.<\/p>\n<p>Queda prohibido introducir hiperv\u00ednculos con medios comerciales en sitios web ajenos a Marina Textil que permitan el acceso al Sitio Web, sin el previo consentimiento de Marina Textil. Marina Textil no se hace responsable del uso ni del contenido de sitios web de terceros que puedan enlazar con Marinatextil.com<\/p>\n\t\t\t\t\t\t\t\t<\/div>\n\t\t\t\t<\/div>\n\t\t\t\t<div class=\"elementor-element elementor-element-da0fcad elementor-widget-divider--view-line elementor-widget elementor-widget-divider\" data-id=\"da0fcad\" data-element_type=\"widget\" data-e-type=\"widget\" data-widget_type=\"divider.default\">\n\t\t\t\t<div class=\"elementor-widget-container\">\n\t\t\t\t\t\t\t<div class=\"elementor-divider\">\n\t\t\t<span class=\"elementor-divider-separator\">\n\t\t\t\t\t\t<\/span>\n\t\t<\/div>\n\t\t\t\t\t\t<\/div>\n\t\t\t\t<\/div>\n\t\t\t\t<div class=\"elementor-element elementor-element-a4998c7 elementor-widget elementor-widget-heading\" data-id=\"a4998c7\" data-element_type=\"widget\" data-e-type=\"widget\" data-widget_type=\"heading.default\">\n\t\t\t\t<div class=\"elementor-widget-container\">\n\t\t\t\t\t<h2 class=\"elementor-heading-title elementor-size-default\">PROPIEDAD INTELECTUAL E INDUSTRIAL<\/h2>\t\t\t\t<\/div>\n\t\t\t\t<\/div>\n\t\t\t\t<div class=\"elementor-element elementor-element-56cd365 elementor-widget-divider--view-line elementor-widget elementor-widget-divider\" data-id=\"56cd365\" data-element_type=\"widget\" data-e-type=\"widget\" data-widget_type=\"divider.default\">\n\t\t\t\t<div class=\"elementor-widget-container\">\n\t\t\t\t\t\t\t<div class=\"elementor-divider\">\n\t\t\t<span class=\"elementor-divider-separator\">\n\t\t\t\t\t\t<\/span>\n\t\t<\/div>\n\t\t\t\t\t\t<\/div>\n\t\t\t\t<\/div>\n\t\t\t\t<div class=\"elementor-element elementor-element-4dd5617 elementor-widget elementor-widget-text-editor\" data-id=\"4dd5617\" data-element_type=\"widget\" data-e-type=\"widget\" data-widget_type=\"text-editor.default\">\n\t\t\t\t<div class=\"elementor-widget-container\">\n\t\t\t\t\t\t\t\t\t<p>Todos los derechos intelectuales e industriales del Sitio Web y su contenido, incluyendo im\u00e1genes, sonido, audio, v\u00eddeo, dise\u00f1os, textos, gr\u00e1ficos, logotipos, iconos, combinaciones de colores, estructura, botones, as\u00ed como software, nombres comerciales, marcas, obras de arte, ilustraciones, fotograf\u00edas o dibujos industriales y cualesquiera otros signos susceptibles de uso industrial y comercial son propiedad y t\u00edtulo de Marina Textil o de terceros titulares de quienes han autorizado debidamente su inclusi\u00f3n en el Sitio Web.<\/p>\n<p>La reproducci\u00f3n, distribuci\u00f3n y comunicaci\u00f3n p\u00fablica, incluida la modalidad de prestaci\u00f3n, de la totalidad o parte de los contenidos del Sitio Web, con medios comerciales, en cualquier soporte o cualquier soporte t\u00e9cnico, quedan estrictamente prohibidos sin la autorizaci\u00f3n de Marina Textil.<\/p>\n<p>Los usuarios se comprometen a respetar los derechos de propiedad intelectual e industrial titularidad de Marina Textil. Los usuarios podr\u00e1n utilizar el Sitio Web y sus contenidos para su uso personal y privado. Cualquier otro uso queda prohibido y requerir\u00e1 la previa autorizaci\u00f3n expresa y por escrito de Marina Textil. El Usuario deber\u00e1 abstenerse de suprimir, alterar, eludir o manipular cualquier dispositivo de protecci\u00f3n o sistema de seguridad previamente instalado en el Sitio Web.<\/p>\n\t\t\t\t\t\t\t\t<\/div>\n\t\t\t\t<\/div>\n\t\t\t\t<\/div>\n\t\t\t\t\t<\/div>\n\t\t\t\t<\/div>\n\t\t<div class=\"elementor-element elementor-element-18505b7 e-flex e-con-boxed e-con e-parent\" data-id=\"18505b7\" data-element_type=\"container\" data-e-type=\"container\" data-settings=\"{&quot;jet_parallax_layout_list&quot;:[]}\">\n\t\t\t\t\t<div class=\"e-con-inner\">\n\t\t<div class=\"elementor-element elementor-element-d83e62f e-con-full e-flex e-con e-child\" data-id=\"d83e62f\" data-element_type=\"container\" data-e-type=\"container\" data-settings=\"{&quot;jet_parallax_layout_list&quot;:[]}\">\n\t\t\t\t<div class=\"elementor-element elementor-element-2e16b9d elementor-widget elementor-widget-spacer\" data-id=\"2e16b9d\" data-element_type=\"widget\" data-e-type=\"widget\" data-widget_type=\"spacer.default\">\n\t\t\t\t<div class=\"elementor-widget-container\">\n\t\t\t\t\t\t\t<div class=\"elementor-spacer\">\n\t\t\t<div class=\"elementor-spacer-inner\"><\/div>\n\t\t<\/div>\n\t\t\t\t\t\t<\/div>\n\t\t\t\t<\/div>\n\t\t\t\t<\/div>\n\t\t\t\t\t<\/div>\n\t\t\t\t<\/div>\n\t\t\t\t<\/div>\n\t\t","protected":false},"excerpt":{"rendered":"<p>AVISO LEGAL Informaci\u00f3n legal Los clientes se comprometen a navegar por el sitio web y hacer un buen uso del contenido. De acuerdo con lo establecido en el Reglamento General de Protecci\u00f3n de Datos (RGPD), le informamos que los datos depositados: (I) Ser\u00e1n tratados con la m\u00e1xima confidencialidad y formar\u00e1n parte de los ficheros titularidad [&hellip;]<\/p>\n","protected":false},"author":11,"featured_media":0,"parent":68037,"menu_order":0,"comment_status":"closed","ping_status":"closed","template":"","meta":{"footnotes":""},"class_list":["post-68022","page","type-page","status-publish","hentry"],"_links":{"self":[{"href":"https:\/\/marinatextil.com\/es\/wp-json\/wp\/v2\/pages\/68022","targetHints":{"allow":["GET"]}}],"collection":[{"href":"https:\/\/marinatextil.com\/es\/wp-json\/wp\/v2\/pages"}],"about":[{"href":"https:\/\/marinatextil.com\/es\/wp-json\/wp\/v2\/types\/page"}],"author":[{"embeddable":true,"href":"https:\/\/marinatextil.com\/es\/wp-json\/wp\/v2\/users\/11"}],"replies":[{"embeddable":true,"href":"https:\/\/marinatextil.com\/es\/wp-json\/wp\/v2\/comments?post=68022"}],"version-history":[{"count":0,"href":"https:\/\/marinatextil.com\/es\/wp-json\/wp\/v2\/pages\/68022\/revisions"}],"up":[{"embeddable":true,"href":"https:\/\/marinatextil.com\/es\/wp-json\/wp\/v2\/pages\/68037"}],"wp:attachment":[{"href":"https:\/\/marinatextil.com\/es\/wp-json\/wp\/v2\/media?parent=68022"}],"curies":[{"name":"wp","href":"https:\/\/api.w.org\/{rel}","templated":true}]}}