{"id":68034,"date":"2025-05-05T16:28:08","date_gmt":"2025-05-05T14:28:08","guid":{"rendered":"https:\/\/marinatextil.com\/codigo-de-conducta-de-politica-de-csr"},"modified":"2025-12-18T10:57:11","modified_gmt":"2025-12-18T09:57:11","slug":"codigo-de-conducta-de-politica-de-csr","status":"publish","type":"page","link":"https:\/\/marinatextil.com\/es\/together\/codigo-de-conducta-de-politica-de-csr\/","title":{"rendered":"Pol\u00edtica de RSE y c\u00f3digo de conducta"},"content":{"rendered":"\t\t<div data-elementor-type=\"wp-post\" data-elementor-id=\"68034\" class=\"elementor elementor-68034 elementor-10980\" data-elementor-post-type=\"page\">\n\t\t\t\t<div class=\"elementor-element elementor-element-72d0a7a e-flex e-con-boxed e-con e-parent\" data-id=\"72d0a7a\" data-element_type=\"container\" data-e-type=\"container\" data-settings=\"{&quot;background_background&quot;:&quot;classic&quot;,&quot;jet_parallax_layout_list&quot;:[]}\">\n\t\t\t\t\t<div class=\"e-con-inner\">\n\t\t\t\t<div class=\"elementor-element elementor-element-b4da31f elementor-widget elementor-widget-heading\" data-id=\"b4da31f\" data-element_type=\"widget\" data-e-type=\"widget\" data-widget_type=\"heading.default\">\n\t\t\t\t<div class=\"elementor-widget-container\">\n\t\t\t\t\t<h1 class=\"elementor-heading-title elementor-size-default\">Pol\u00edtica de RSE y c\u00f3digo de conducta<\/h1>\t\t\t\t<\/div>\n\t\t\t\t<\/div>\n\t\t\t\t\t<\/div>\n\t\t\t\t<\/div>\n\t\t<div class=\"elementor-element elementor-element-a743f70 e-flex e-con-boxed e-con e-parent\" data-id=\"a743f70\" data-element_type=\"container\" data-e-type=\"container\" data-settings=\"{&quot;jet_parallax_layout_list&quot;:[]}\">\n\t\t\t\t\t<div class=\"e-con-inner\">\n\t\t<div class=\"elementor-element elementor-element-e1d6b92 e-con-full e-flex e-con e-child\" data-id=\"e1d6b92\" data-element_type=\"container\" data-e-type=\"container\" data-settings=\"{&quot;jet_parallax_layout_list&quot;:[]}\">\n\t\t\t\t<div class=\"elementor-element elementor-element-e086eb4 elementor-widget-divider--view-line elementor-widget elementor-widget-divider\" data-id=\"e086eb4\" data-element_type=\"widget\" data-e-type=\"widget\" data-widget_type=\"divider.default\">\n\t\t\t\t<div class=\"elementor-widget-container\">\n\t\t\t\t\t\t\t<div class=\"elementor-divider\">\n\t\t\t<span class=\"elementor-divider-separator\">\n\t\t\t\t\t\t<\/span>\n\t\t<\/div>\n\t\t\t\t\t\t<\/div>\n\t\t\t\t<\/div>\n\t\t\t\t<div class=\"elementor-element elementor-element-aa748b5 elementor-widget elementor-widget-heading\" data-id=\"aa748b5\" data-element_type=\"widget\" data-e-type=\"widget\" data-widget_type=\"heading.default\">\n\t\t\t\t<div class=\"elementor-widget-container\">\n\t\t\t\t\t<h2 class=\"elementor-heading-title elementor-size-default\">RESPONSABILIDAD SOCIAL CORPORATIVA Y C\u00d3DIGO DE CONDUCTA<\/h2>\t\t\t\t<\/div>\n\t\t\t\t<\/div>\n\t\t\t\t<div class=\"elementor-element elementor-element-be8299e elementor-widget-divider--view-line elementor-widget elementor-widget-divider\" data-id=\"be8299e\" data-element_type=\"widget\" data-e-type=\"widget\" data-widget_type=\"divider.default\">\n\t\t\t\t<div class=\"elementor-widget-container\">\n\t\t\t\t\t\t\t<div class=\"elementor-divider\">\n\t\t\t<span class=\"elementor-divider-separator\">\n\t\t\t\t\t\t<\/span>\n\t\t<\/div>\n\t\t\t\t\t\t<\/div>\n\t\t\t\t<\/div>\n\t\t\t\t<div class=\"elementor-element elementor-element-3b25745 cust-no-padding-bottom elementor-widget elementor-widget-text-editor\" data-id=\"3b25745\" data-element_type=\"widget\" data-e-type=\"widget\" data-widget_type=\"text-editor.default\">\n\t\t\t\t<div class=\"elementor-widget-container\">\n\t\t\t\t\t\t\t\t\t<p>En Marina Textil, creemos que tenemos la responsabilidad de ayudar a nuestra sociedad colaborando para mejorar las condiciones laborales e individuales. Este enfoque se expresa en las principales misiones de Marina Textil:<\/p>\n<ul>\n<li>El crecimiento profesional, financiero y personal de todos los miembros de Marina Textil, con el deber de servir a la sociedad y el compromiso de mejorar.<\/li>\n<li>Destinar parte de nuestros beneficios a ayudar a personas desfavorecidas.<\/li>\n<li>Garantizar la continuidad de la empresa.<\/li>\n<\/ul>\n<p>Creemos que las capacidades y atributos de nuestros empleados son nuestro mayor activo. Por eso, apoyamos la formaci\u00f3n continua y proporcionamos a nuestro equipo las herramientas para realizar su trabajo con precisi\u00f3n. Nuestro entorno es saludable y cuenta con las medidas de seguridad adecuadas.<\/p>\n<p>Las instalaciones de Marina Textil respetan a las personas y al medio ambiente. En nuestras \u00e1reas de producci\u00f3n, trabajamos conforme a principios \u00e9ticos y atendemos a nuestros clientes con la mayor honestidad posible.<\/p>\n\t\t\t\t\t\t\t\t<\/div>\n\t\t\t\t<\/div>\n\t\t\t\t<div class=\"elementor-element elementor-element-34096b6 elementor-widget elementor-widget-image\" data-id=\"34096b6\" data-element_type=\"widget\" data-e-type=\"widget\" data-widget_type=\"image.default\">\n\t\t\t\t<div class=\"elementor-widget-container\">\n\t\t\t\t\t\t\t\t\t\t\t\t\t\t\t<img fetchpriority=\"high\" decoding=\"async\" width=\"800\" height=\"425\" src=\"https:\/\/marinatextil.com\/wp-content\/uploads\/2024\/01\/Marina-Textil-Equipo-1024x544-1.webp\" class=\"attachment-large size-large wp-image-54414\" alt=\"\" srcset=\"https:\/\/marinatextil.com\/wp-content\/uploads\/2024\/01\/Marina-Textil-Equipo-1024x544-1.webp 1024w, https:\/\/marinatextil.com\/wp-content\/uploads\/2024\/01\/Marina-Textil-Equipo-1024x544-1-600x319.webp 600w, https:\/\/marinatextil.com\/wp-content\/uploads\/2024\/01\/Marina-Textil-Equipo-1024x544-1-300x159.webp 300w, https:\/\/marinatextil.com\/wp-content\/uploads\/2024\/01\/Marina-Textil-Equipo-1024x544-1-768x408.webp 768w\" sizes=\"(max-width: 800px) 100vw, 800px\" \/>\t\t\t\t\t\t\t\t\t\t\t\t\t\t\t<\/div>\n\t\t\t\t<\/div>\n\t\t\t\t<div class=\"elementor-element elementor-element-4a1b748 elementor-widget-divider--view-line elementor-widget elementor-widget-divider\" data-id=\"4a1b748\" data-element_type=\"widget\" data-e-type=\"widget\" data-widget_type=\"divider.default\">\n\t\t\t\t<div class=\"elementor-widget-container\">\n\t\t\t\t\t\t\t<div class=\"elementor-divider\">\n\t\t\t<span class=\"elementor-divider-separator\">\n\t\t\t\t\t\t<\/span>\n\t\t<\/div>\n\t\t\t\t\t\t<\/div>\n\t\t\t\t<\/div>\n\t\t\t\t<div class=\"elementor-element elementor-element-09175ae elementor-widget elementor-widget-heading\" data-id=\"09175ae\" data-element_type=\"widget\" data-e-type=\"widget\" data-widget_type=\"heading.default\">\n\t\t\t\t<div class=\"elementor-widget-container\">\n\t\t\t\t\t<h2 class=\"elementor-heading-title elementor-size-default\">Pol\u00edtica de Cumplimiento Social<\/h2>\t\t\t\t<\/div>\n\t\t\t\t<\/div>\n\t\t\t\t<div class=\"elementor-element elementor-element-01a48a8 elementor-widget-divider--view-line elementor-widget elementor-widget-divider\" data-id=\"01a48a8\" data-element_type=\"widget\" data-e-type=\"widget\" data-widget_type=\"divider.default\">\n\t\t\t\t<div class=\"elementor-widget-container\">\n\t\t\t\t\t\t\t<div class=\"elementor-divider\">\n\t\t\t<span class=\"elementor-divider-separator\">\n\t\t\t\t\t\t<\/span>\n\t\t<\/div>\n\t\t\t\t\t\t<\/div>\n\t\t\t\t<\/div>\n\t\t\t\t<div class=\"elementor-element elementor-element-5e7e36a elementor-widget elementor-widget-text-editor\" data-id=\"5e7e36a\" data-element_type=\"widget\" data-e-type=\"widget\" data-widget_type=\"text-editor.default\">\n\t\t\t\t<div class=\"elementor-widget-container\">\n\t\t\t\t\t\t\t\t\t<ul>\n<li>Marina Textil cumple con todas las leyes y regulaciones de la Uni\u00f3n Europea.<\/li>\n<li>Nuestro entorno de trabajo es auditado para mejorar la Prevenci\u00f3n de Riesgos Laborales y se imparten cursos de capacitaci\u00f3n sobre el tema.<\/li>\n<li>Protegemos el medio ambiente mediante pr\u00e1cticas laborales m\u00e1s limpias y seguras, proporcionando el equipo de protecci\u00f3n individual (EPI) m\u00e1s adecuado en cada caso.<\/li>\n<li>No contratamos ni\u00f1os en nuestros lugares de trabajo.<\/li>\n<li>Apoyamos pr\u00e1cticas comerciales ambientales sostenibles.<\/li>\n<li>Marina Textil no implementa ning\u00fan tipo de pr\u00e1ctica discriminatoria con respecto a la contrataci\u00f3n, pago, ascenso o terminaci\u00f3n del contrato laboral por motivos de raza, casta, etnia, origen social, estado civil, orientaci\u00f3n sexual, discapacidad, religi\u00f3n, nacionalidad, edad, sexo y\/o afiliaci\u00f3n sindical o pol\u00edtica.<\/li>\n<li>La UE reconoce la importancia de la comunicaci\u00f3n abierta y una relaci\u00f3n directa entre empleados y gerencia, y nuestros proveedores deben respetar los derechos de los trabajadores a asociarse libremente y comunicarse abiertamente con la administraci\u00f3n con respecto a las condiciones del lugar de trabajo sin temor a acoso, intimidaci\u00f3n o interferencia.<\/li>\n<\/ul>\n\t\t\t\t\t\t\t\t<\/div>\n\t\t\t\t<\/div>\n\t\t\t\t<div class=\"elementor-element elementor-element-6282067 elementor-widget-divider--view-line elementor-widget elementor-widget-divider\" data-id=\"6282067\" data-element_type=\"widget\" data-e-type=\"widget\" data-widget_type=\"divider.default\">\n\t\t\t\t<div class=\"elementor-widget-container\">\n\t\t\t\t\t\t\t<div class=\"elementor-divider\">\n\t\t\t<span class=\"elementor-divider-separator\">\n\t\t\t\t\t\t<\/span>\n\t\t<\/div>\n\t\t\t\t\t\t<\/div>\n\t\t\t\t<\/div>\n\t\t\t\t<div class=\"elementor-element elementor-element-abc8352 elementor-widget elementor-widget-heading\" data-id=\"abc8352\" data-element_type=\"widget\" data-e-type=\"widget\" data-widget_type=\"heading.default\">\n\t\t\t\t<div class=\"elementor-widget-container\">\n\t\t\t\t\t<h2 class=\"elementor-heading-title elementor-size-default\">POL\u00cdTICA INTEGRADA<\/h2>\t\t\t\t<\/div>\n\t\t\t\t<\/div>\n\t\t\t\t<div class=\"elementor-element elementor-element-0d9f698 elementor-widget-divider--view-line elementor-widget elementor-widget-divider\" data-id=\"0d9f698\" data-element_type=\"widget\" data-e-type=\"widget\" data-widget_type=\"divider.default\">\n\t\t\t\t<div class=\"elementor-widget-container\">\n\t\t\t\t\t\t\t<div class=\"elementor-divider\">\n\t\t\t<span class=\"elementor-divider-separator\">\n\t\t\t\t\t\t<\/span>\n\t\t<\/div>\n\t\t\t\t\t\t<\/div>\n\t\t\t\t<\/div>\n\t\t\t\t<div class=\"elementor-element elementor-element-fbb9a4b elementor-widget elementor-widget-text-editor\" data-id=\"fbb9a4b\" data-element_type=\"widget\" data-e-type=\"widget\" data-widget_type=\"text-editor.default\">\n\t\t\t\t<div class=\"elementor-widget-container\">\n\t\t\t\t\t\t\t\t\tMarina Textil busca ofrecer productos y servicios de calidad que cumplan o mejoren los requisitos de nuestros clientes y sean respetuosos con el medio ambiente. Para ello, Marina Textil utiliza m\u00e9todos de trabajo que garantizan y confirman la satisfacci\u00f3n del cliente y la protecci\u00f3n del medio ambiente.<br><br>Marina Textil se dedica a la mejora continua de todos sus productos y servicios, mediante la participaci\u00f3n activa de todos sus miembros, sin excepci\u00f3n. Cada miembro de la organizaci\u00f3n se compromete a desarrollar y fortalecer las relaciones de colaboraci\u00f3n con nuestros clientes y proveedores externos.<br><br>Nos esforzamos por ofrecer productos y servicios innovadores, impulsando el crecimiento continuo y el beneficio a largo plazo de nuestros clientes, comprendiendo y superando sus necesidades y anticip\u00e1ndonos a sus expectativas futuras.\t\t\t\t\t\t\t\t<\/div>\n\t\t\t\t<\/div>\n\t\t\t\t<div class=\"elementor-element elementor-element-f919101 elementor-widget elementor-widget-text-editor\" data-id=\"f919101\" data-element_type=\"widget\" data-e-type=\"widget\" data-widget_type=\"text-editor.default\">\n\t\t\t\t<div class=\"elementor-widget-container\">\n\t\t\t\t\t\t\t\t\t<p>Para ello, despliega y asume las siguientes acciones y compromisos:<\/p>\n<ul>\n<li>Dise\u00f1ar, documentar e implementar un Sistema de Gesti\u00f3n de la Calidad y de Gesti\u00f3n Ambiental, de acuerdo con las normas internacionales ISO 9001 e ISO 14001 respectivamente.<\/li>\n<li>Dinamizar la participaci\u00f3n de todas las personas implicadas mediante mecanismos de comunicaci\u00f3n y formaci\u00f3n.<\/li>\n<li>Promoci\u00f3n interna del personal.<\/li>\n<li>Garantizar la adecuaci\u00f3n y el cumplimiento de todos los requisitos legales, de mercado y otros.<\/li>\n<li>Participar en el desarrollo de las tecnolog\u00edas de dise\u00f1o m\u00e1s avanzadas del sector.<\/li>\n<li>Comercializar productos fabricados con dichas tecnolog\u00edas.<\/li>\n<li>Medir y controlar la evoluci\u00f3n de los indicadores del Sistema para garantizar el cumplimiento de los objetivos establecidos.<\/li>\n<li>Documentar y difundir esta Pol\u00edtica.<\/li>\n<li>Revisar peri\u00f3dicamente el Sistema para garantizar la adaptaci\u00f3n a los posibles cambios y la mejora continua del mismo para responder a las necesidades de los clientes, la protecci\u00f3n de los Medio ambiente y prevenci\u00f3n de la contaminaci\u00f3n.<\/li>\n<li>Disponemos de un entorno de trabajo seguro y saludable, tomando las medidas adecuadas para prevenir accidentes y da\u00f1os que puedan perjudicar la salud f\u00edsica y mental de nuestros trabajadores.<\/li>\n<li>Comunicamos a todos los trabajadores los objetivos de la empresa en materia preventiva y las medidas a adoptar para alcanzarlos.<\/li>\n<li>Mantenemos unas condiciones higi\u00e9nicas y sanitarias \u00f3ptimas, de modo que cubran las necesidades b\u00e1sicas de los trabajadores en el lugar de trabajo.<\/li>\n<li>Nos comprometemos a cumplir con los principales convenios internacionales de la Organizaci\u00f3n Internacional del Trabajo (OIT) y la legislaci\u00f3n nacional en materia de:\n<ul>\n<li>Protecci\u00f3n y respeto de los Derechos Humanos fundamentales.<\/li>\n<li>Libertad de asociaci\u00f3n y negociaci\u00f3n colectiva.<\/li>\n<li>No se permite el uso ni el apoyo del trabajo infantil en ninguna forma.<\/li>\n<li>Prevenci\u00f3n de la discriminaci\u00f3n y el abuso.<\/li>\n<li>Remuneraci\u00f3n y horario laboral. y condiciones laborales dignas.<\/li>\n<li>Llevamos un registro para investigar las quejas de empleados o terceros relacionadas con el incumplimiento de los criterios sociales.<\/li>\n<\/ul>\n<p><\/li>\n<p> \t<\/p>\n<li>Utilizamos la inform\u00e1tica y las nuevas tecnolog\u00edas para mejorar los procedimientos y evitar posibles errores.<\/li>\n<p> \t<\/p>\n<li>Promovemos la mentalidad sostenible, para fomentar el uso sostenible de los recursos y la prevenci\u00f3n de la generaci\u00f3n de residuos, integrando el concepto de Econom\u00eda Circular en la empresa.<\/li>\n<p><\/ul>\n\t\t\t\t\t\t\t\t<\/div>\n\t\t\t\t<\/div>\n\t\t\t\t<\/div>\n\t\t\t\t\t<\/div>\n\t\t\t\t<\/div>\n\t\t<div class=\"elementor-element elementor-element-cc30244 e-con-full e-flex e-con e-child\" data-id=\"cc30244\" data-element_type=\"container\" data-e-type=\"container\" data-settings=\"{&quot;jet_parallax_layout_list&quot;:[]}\">\n\t\t\t\t<div class=\"elementor-element elementor-element-59b303e elementor-align-center elementor-widget elementor-widget-button\" data-id=\"59b303e\" data-element_type=\"widget\" data-e-type=\"widget\" data-widget_type=\"button.default\">\n\t\t\t\t<div class=\"elementor-widget-container\">\n\t\t\t\t\t\t\t\t\t<div class=\"elementor-button-wrapper\">\n\t\t\t\t\t<a class=\"elementor-button elementor-button-link elementor-size-sm\" href=\"#elementor-action%3Aaction%3Dpopup%3Aopen%26settings%3DeyJpZCI6NzA0NzIsInRvZ2dsZSI6ZmFsc2V9\">\n\t\t\t\t\t\t<span class=\"elementor-button-content-wrapper\">\n\t\t\t\t\t\t\t\t\t<span class=\"elementor-button-text\">Solicitar informaci\u00f3n<\/span>\n\t\t\t\t\t<\/span>\n\t\t\t\t\t<\/a>\n\t\t\t\t<\/div>\n\t\t\t\t\t\t\t\t<\/div>\n\t\t\t\t<\/div>\n\t\t\t\t<\/div>\n\t\t\t\t<\/div>\n\t\t","protected":false},"excerpt":{"rendered":"<p>Pol\u00edtica de RSE y c\u00f3digo de conducta RESPONSABILIDAD SOCIAL CORPORATIVA Y C\u00d3DIGO DE CONDUCTA En Marina Textil, creemos que tenemos la responsabilidad de ayudar a nuestra sociedad colaborando para mejorar las condiciones laborales e individuales. Este enfoque se expresa en las principales misiones de Marina Textil: El crecimiento profesional, financiero y personal de todos los [&hellip;]<\/p>\n","protected":false},"author":31,"featured_media":0,"parent":68037,"menu_order":0,"comment_status":"closed","ping_status":"closed","template":"","meta":{"footnotes":""},"class_list":["post-68034","page","type-page","status-publish","hentry"],"_links":{"self":[{"href":"https:\/\/marinatextil.com\/es\/wp-json\/wp\/v2\/pages\/68034","targetHints":{"allow":["GET"]}}],"collection":[{"href":"https:\/\/marinatextil.com\/es\/wp-json\/wp\/v2\/pages"}],"about":[{"href":"https:\/\/marinatextil.com\/es\/wp-json\/wp\/v2\/types\/page"}],"author":[{"embeddable":true,"href":"https:\/\/marinatextil.com\/es\/wp-json\/wp\/v2\/users\/31"}],"replies":[{"embeddable":true,"href":"https:\/\/marinatextil.com\/es\/wp-json\/wp\/v2\/comments?post=68034"}],"version-history":[{"count":0,"href":"https:\/\/marinatextil.com\/es\/wp-json\/wp\/v2\/pages\/68034\/revisions"}],"up":[{"embeddable":true,"href":"https:\/\/marinatextil.com\/es\/wp-json\/wp\/v2\/pages\/68037"}],"wp:attachment":[{"href":"https:\/\/marinatextil.com\/es\/wp-json\/wp\/v2\/media?parent=68034"}],"curies":[{"name":"wp","href":"https:\/\/api.w.org\/{rel}","templated":true}]}}